{"id":7588,"date":"2017-10-12T15:43:26","date_gmt":"2017-10-12T13:43:26","guid":{"rendered":"https:\/\/www.weitzer-parkett.com\/parkett-veredelungen\/"},"modified":"2023-07-13T17:03:25","modified_gmt":"2023-07-13T15:03:25","slug":"parquet-traitements","status":"publish","type":"page","link":"https:\/\/www.weitzer-parkett.com\/fr\/pourquoi-weitzer-parkett-2\/parquet-traitements\/","title":{"rendered":"Traitements"},"content":{"rendered":"<div id=\"ep-block-page-header-block_34f938a8ccdb6d04c2667fb36f141a1f\" class=\"ep-block-page-header ep-block  chosen-bg-theme-beige type-2\">\n            <div class=\"show-frontend\">\n\n            \n                <div class=\"inner\">\n                    <div class=\"container mx-auto\">\n                        <div class=\"text-container\">\n\n                                                            <div class=\"breadcrumbs-wrapper\">\n                                    <span><span><a href=\"https:\/\/www.weitzer-parkett.com\/fr\/\">Home<\/a><\/span><\/span>\n                                <\/div>\n                            \n                                                            <h1>Traitements<\/h1>\n                            \n                                                            <div class=\"text-wrapper\"><p>Nous suivons avec attention l\u2019histoire de votre parquet et nous lui ajoutons le dosage parfait d\u2019huiles naturelles afin de bien le prot\u00e9ger.<\/p>\n<\/div>\n                            \n                                                            <div class=\"btn-wrapper\">\n                                                                            <div class=\"link\">\n                                            <a href=\"https:\/\/www.weitzer-parkett.com\/fr\/parquet\/\" title=\"Decouvrir Parquet\" target=\"\" class=\"btn arrow-right\">\n                                                Decouvrir Parquet\n                                            <\/a>\n                                        <\/div>\n                                    \n                                                                            <div class=\"link\">\n                                            <a href=\"https:\/\/www.weitzer-parkett.com\/fr\/parquet\/escalier-en-bois\/\" title=\"Escalier\/Escalier en bois\" target=\"\" class=\"btn link arrow-right\">\n                                                Escalier\/Escalier en bois\n                                            <\/a>\n                                        <\/div>\n                                                                    <\/div>\n                            \n                        <\/div>\n                    <\/div>\n                <\/div>\n\n                                                        <div class=\"image-wrapper\">\n                        \n                        \n                        \n                                                                                                        \n                        \n                                                                        \n                        <picture class=\"image\">\n                            <source srcset=\"https:\/\/www.weitzer-parkett.com\/wp-content\/uploads\/2022\/04\/veredelung-reliefgehobelt-Dielen-Optik_WP_Charisma_EB_Eiche_wild_gefast_reliefgehobelt_PVf_49410-49436-header-910x666-c-center.jpg 1x\" media=\"(min-resolution: 120dpi)\"\/>\n                            <source srcset=\"https:\/\/www.weitzer-parkett.com\/wp-content\/uploads\/2022\/04\/veredelung-reliefgehobelt-Dielen-Optik_WP_Charisma_EB_Eiche_wild_gefast_reliefgehobelt_PVf_49410-49436-header-910x666-c-center.jpg 1x\" media=\"(min-width: 1024px)\"\/>\n                            <source srcset=\"https:\/\/www.weitzer-parkett.com\/wp-content\/uploads\/2022\/04\/veredelung-reliefgehobelt-Dielen-Optik_WP_Charisma_EB_Eiche_wild_gefast_reliefgehobelt_PVf_49410-49436-header-684x496-c-center.jpg 1x\" media=\"(min-width: 768px)\"\/>\n                            <source srcset=\"https:\/\/www.weitzer-parkett.com\/wp-content\/uploads\/2022\/04\/veredelung-reliefgehobelt-Dielen-Optik_WP_Charisma_EB_Eiche_wild_gefast_reliefgehobelt_PVf_49410-49436-header-356x258-c-center.jpg 1x\" media=\"(max-width: 767px)\"\/>\n                            <img decoding=\"async\" src=\"https:\/\/www.weitzer-parkett.com\/wp-content\/uploads\/2022\/04\/veredelung-reliefgehobelt-Dielen-Optik_WP_Charisma_EB_Eiche_wild_gefast_reliefgehobelt_PVf_49410-49436-header-356x258-c-center.jpg\" alt=\"\" title=\"veredelung-reliefgehobelt-Dielen-Optik_WP_Charisma_EB_Eiche_wild_gefast_reliefgehobelt_PVf_49410-49436-header\"\/>\n                        <\/picture>\n                    <\/div>\n\n                                    \n                    <\/div>\n    <\/div>\n\n\n<div id=\"ep-block-wysiwyg-block_2ec1f7f9158c0b827cd4049f81316703\" class=\"ep-block-wysiwyg ep-block  chosen-\">\n                        <div class=\"show-frontend\">\n                <div class=\"inner\">\n                    <div class=\"holder\"><h2>Montrez-vous diff\u00e9rent!<\/h2>\n<p>Un parquet tr\u00e8s travaill\u00e9 a besoin de plus d\u2019huile pour que celle-ci p\u00e9n\u00e8tre bien dans toutes ses pores. C\u2019est ce qui rend la <a href=\"https:\/\/www.weitzer-parkett.com\/fr\/pourquoi-weitzer-parkett\/collections\/\">couleur<\/a> plus intense.<br \/>\n<strong>Vous obtenez ainsi un produit naturel r\u00e9ellement unique.<\/strong><\/p>\n<\/div>\n                <\/div>\n            <\/div>\n            <\/div>\n\n<div id=\"ep-block-vertical-accordion-block_78f9eb56fe625a3b9bcb29993fcdd851\" class=\"ep-block-vertical-accordion ep-block  chosen-\">\n                        <div class=\"show-frontend\">\n                <div class=\"vertical-accordion-wrapper\">\n                    \n                                                                                                        \n                        <div class=\"item\" style=\"background-image: url(https:\/\/www.weitzer-parkett.com\/wp-content\/uploads\/2022\/04\/veredelung-gebuerstet-Dielen-Optik_WP_Charisma_EB_Eiche_ruhig_gefast_gebuerstet_PA_2-950x570-c-center.jpg)\">\n                                                            <div class=\"text-wrapper\">\n                                                                            <h3>Bross\u00e9<\/h3>\n                                                                                                                <div class=\"text\"><p>Une variante de traitement raffin\u00e9e d\u2019un effet discret: la structure naturelle de la fibre du bois est mise en valeur. Le charme inn\u00e9 du parquet s\u2019\u00e9veille et se met \u00e0 vivre.<\/p>\n<\/div>\n                                                                    <\/div>\n                                                    <\/div>\n                    \n                                                                                                        \n                        <div class=\"item\" style=\"background-image: url(https:\/\/www.weitzer-parkett.com\/wp-content\/uploads\/2022\/04\/veredelung-stark-gebuerstet-Dielen-Optik_WP_Charisma_EB_Eiche_Kaschmir_ruhig_gefast_stark-gebuerstet_Essen_25058_43861-950x570-c-center.jpg)\">\n                                                            <div class=\"text-wrapper\">\n                                                                            <h3>Bross\u00e9 fort<\/h3>\n                                                                                                                <div class=\"text\"><p>Un effet incroyable au remarquable rayonnement: les accents cach\u00e9s s\u2019\u00e9panouissent, le v\u00e9ritable caract\u00e8re du bois remonte \u00e0 la surface et fait une entr\u00e9e en sc\u00e8ne pleine de chaleur.<\/p>\n<\/div>\n                                                                    <\/div>\n                                                    <\/div>\n                    \n                                                                                                        \n                        <div class=\"item\" style=\"background-image: url(https:\/\/www.weitzer-parkett.com\/wp-content\/uploads\/2022\/04\/veredelung-wild-gebuerstet-Dielen-Optik_WP_Charisma_EB_Eiche_wild_gef_wildgebuerstet_PVf-950x570-c-center.jpg)\">\n                                                            <div class=\"text-wrapper\">\n                                                                            <h3>Vieux bois<\/h3>\n                                                                                                                <div class=\"text\"><p>Une \u0153uvre de ma\u00eetre travaill\u00e9e \u00e0 la main dont le r\u00e9sultat impressionne: ainsi un parquet peut devenir une \u00ab pi\u00e8ce d\u2019exposition \u00bb artistique qui, avec une indomptable vigueur, met en lumi\u00e8re les qualit\u00e9s individuelles de l\u2019arbre.<\/p>\n<\/div>\n                                                                    <\/div>\n                                                    <\/div>\n                    \n                                                                                                        \n                        <div class=\"item\" style=\"background-image: url(https:\/\/www.weitzer-parkett.com\/wp-content\/uploads\/2022\/04\/veredelung-reliefgehobelt-Dielen-Optik_WP_Charisma_EB_Eiche_wild_gefast_reliefgehobelt_PVf_49410-49436-950x570-c-center.jpg)\">\n                                                            <div class=\"text-wrapper\">\n                                                                            <h3>Textur\u00e9<\/h3>\n                                                                                                                <div class=\"text\"><p>Des \u00e9bauches de sciage conf\u00e8rent au produit son authenticit\u00e9. Un rabotage doux et diversifi\u00e9 ainsi que le brossage sp\u00e9cial procure une sensation particuli\u00e8re \u00e0 la marche.<\/p>\n<\/div>\n                                                                    <\/div>\n                                                    <\/div>\n                                    <\/div>\n            <\/div>\n            <\/div>\n\n<div id=\"ep-block-spacer-block_fd185bdbde64b1b7e59b47146e30b527\" class=\"ep-block-spacer ep-block  chosen-\">\n            <div class=\"show-frontend\">\n                        <style>\n                #ep-spacer-LIU0S {\n                    height: 100px;\n                }\n                @media (max-width: 767px) {\n                    #ep-spacer-LIU0S {\n                        height: 40px;\n                    }\n                }\n                @media (min-width: 768px) and (max-width: 1023px) {\n                    #ep-spacer-LIU0S {\n                        height: 60px;\n                    }\n                }\n            <\/style>\n            <div id=\"ep-spacer-LIU0S\"><\/div>\n        <\/div>\n    <\/div>\n\n<div id=\"ep-block-image-title-text-link-block_806d073418bdb8aab34c09123ca362c7\" class=\"ep-block-image-title-text-link ep-block  chosen-\">\n            <div class=\"show-frontend\">\n            <div class=\"inner\">\n                <div class=\"holder\">\n                    <div class=\"text-wrapper\">\n                                                    <h2>Vous serons ravis de vous aider \u00e0 choisir le parquet qu\u2019il vous faut.<\/h2>\n                        \n                                                    <div class=\"text\"><p>Nous ou l\u2019un des repr\u00e9sentants comp\u00e9tents de Weitzer Parkett pr\u00e8s de chez<\/p>\n<\/div>\n                        \n                                                    <div class=\"btn-wrapper\">\n                                <a href=\"https:\/\/www.weitzer-parkett.com\/fr\/showrooms\/\" target=\"\" class=\"btn ghost\">Visitez Showrooms<\/a>\n                            <\/div>\n                                            <\/div>\n                                            <div class=\"image-wrapper\">\n                                                                                    \n                                                                                                                <picture class=\"post-image\">\n                                <source srcset=\"https:\/\/www.weitzer-parkett.com\/wp-content\/uploads\/2022\/04\/ParkettWelten-06_LowRes-582x388-c-center.jpg 1x\" media=\"(min-width: 1024px)\"\/>\n                                <source srcset=\"https:\/\/www.weitzer-parkett.com\/wp-content\/uploads\/2022\/04\/ParkettWelten-06_LowRes-582x388-c-center.jpg 1x\" media=\"(min-width: 768px)\"\/>\n                                <source srcset=\"https:\/\/www.weitzer-parkett.com\/wp-content\/uploads\/2022\/04\/ParkettWelten-06_LowRes-684x456-c-center.jpg 1x\" media=\"(max-width: 767px)\"\/>\n                                <img decoding=\"async\" src=\"https:\/\/www.weitzer-parkett.com\/wp-content\/uploads\/2022\/04\/ParkettWelten-06_LowRes-684x456-c-center.jpg\" alt=\"\" title=\"ParkettWelten 06_LowRes\"\/>\n                            <\/picture>\n                        <\/div>\n                                    <\/div>\n            <\/div>\n        <\/div>\n    <\/div>","protected":false},"excerpt":{"rendered":"","protected":false},"author":1,"featured_media":0,"parent":16401,"menu_order":0,"comment_status":"closed","ping_status":"closed","template":"","meta":{"_acf_changed":false,"footnotes":""},"class_list":["post-7588","page","type-page","status-publish","hentry"],"acf":[],"yoast_head":"<!-- This site is optimized with the Yoast SEO plugin v27.1.1 - https:\/\/yoast.com\/product\/yoast-seo-wordpress\/ -->\n<title>Traitements | Weitzer Parkett<\/title>\n<meta name=\"description\" content=\"Nous suivons avec attention l\u2019histoire de votre parquet et nous lui ajoutons le dosage parfait d\u2019huiles naturelles afin de bien le prot\u00e9ger.\" \/>\n<meta name=\"robots\" content=\"index, follow, max-snippet:-1, max-image-preview:large, max-video-preview:-1\" \/>\n<link rel=\"canonical\" href=\"https:\/\/www.weitzer-parkett.com\/fr\/pourquoi-weitzer-parkett-2\/parquet-traitements\/\" \/>\n<meta property=\"og:locale\" content=\"fr_FR\" \/>\n<meta property=\"og:type\" content=\"article\" \/>\n<meta property=\"og:title\" content=\"Traitements | Weitzer Parkett\" \/>\n<meta property=\"og:description\" content=\"Nous suivons avec attention l\u2019histoire de votre parquet et nous lui ajoutons le dosage parfait d\u2019huiles naturelles afin de bien le prot\u00e9ger.\" \/>\n<meta property=\"og:url\" content=\"https:\/\/www.weitzer-parkett.com\/fr\/pourquoi-weitzer-parkett-2\/parquet-traitements\/\" \/>\n<meta property=\"og:site_name\" content=\"Weitzer Parkett\" \/>\n<meta property=\"article:publisher\" content=\"http:\/\/www.facebook.com\/weitzerparkett\" \/>\n<meta property=\"article:modified_time\" content=\"2023-07-13T15:03:25+00:00\" \/>\n<meta property=\"og:image\" content=\"https:\/\/www.weitzer-parkett.com\/wp-content\/uploads\/2017\/08\/Weiz-Header-1.jpg\" \/>\n\t<meta property=\"og:image:width\" content=\"1200\" \/>\n\t<meta property=\"og:image:height\" content=\"450\" \/>\n\t<meta property=\"og:image:type\" content=\"image\/jpeg\" \/>\n<meta name=\"twitter:card\" content=\"summary_large_image\" \/>\n<meta name=\"twitter:site\" content=\"@weitzerparkett\" \/>\n<script type=\"application\/ld+json\" class=\"yoast-schema-graph\">{\"@context\":\"https:\/\/schema.org\",\"@graph\":[{\"@type\":\"WebPage\",\"@id\":\"https:\/\/www.weitzer-parkett.com\/fr\/pourquoi-weitzer-parkett-2\/parquet-traitements\/\",\"url\":\"https:\/\/www.weitzer-parkett.com\/fr\/pourquoi-weitzer-parkett-2\/parquet-traitements\/\",\"name\":\"Traitements | Weitzer Parkett\",\"isPartOf\":{\"@id\":\"https:\/\/www.weitzer-parkett.com\/fr\/#website\"},\"datePublished\":\"2017-10-12T13:43:26+00:00\",\"dateModified\":\"2023-07-13T15:03:25+00:00\",\"description\":\"Nous suivons avec attention l\u2019histoire de votre parquet et nous lui ajoutons le dosage parfait d\u2019huiles naturelles afin de bien le prot\u00e9ger.\",\"breadcrumb\":{\"@id\":\"https:\/\/www.weitzer-parkett.com\/fr\/pourquoi-weitzer-parkett-2\/parquet-traitements\/#breadcrumb\"},\"inLanguage\":\"fr-FR\",\"potentialAction\":[{\"@type\":\"ReadAction\",\"target\":[\"https:\/\/www.weitzer-parkett.com\/fr\/pourquoi-weitzer-parkett-2\/parquet-traitements\/\"]}]},{\"@type\":\"BreadcrumbList\",\"@id\":\"https:\/\/www.weitzer-parkett.com\/fr\/pourquoi-weitzer-parkett-2\/parquet-traitements\/#breadcrumb\",\"itemListElement\":[{\"@type\":\"ListItem\",\"position\":1,\"name\":\"Home\",\"item\":\"https:\/\/www.weitzer-parkett.com\/fr\/\"},{\"@type\":\"ListItem\",\"position\":2,\"name\":\"Pourquoi Weitzer Parkett\",\"item\":\"https:\/\/www.weitzer-parkett.com\/fr\/pourquoi-weitzer-parkett-2\/\"},{\"@type\":\"ListItem\",\"position\":3,\"name\":\"Traitements\"}]},{\"@type\":\"WebSite\",\"@id\":\"https:\/\/www.weitzer-parkett.com\/fr\/#website\",\"url\":\"https:\/\/www.weitzer-parkett.com\/fr\/\",\"name\":\"Weitzer Parkett\",\"description\":\"Intelligente Parkett- und Stiegenl\u00f6sungen\",\"publisher\":{\"@id\":\"https:\/\/www.weitzer-parkett.com\/fr\/#organization\"},\"potentialAction\":[{\"@type\":\"SearchAction\",\"target\":{\"@type\":\"EntryPoint\",\"urlTemplate\":\"https:\/\/www.weitzer-parkett.com\/fr\/?s={search_term_string}\"},\"query-input\":{\"@type\":\"PropertyValueSpecification\",\"valueRequired\":true,\"valueName\":\"search_term_string\"}}],\"inLanguage\":\"fr-FR\"},{\"@type\":\"Organization\",\"@id\":\"https:\/\/www.weitzer-parkett.com\/fr\/#organization\",\"name\":\"Weitzer Parkett\",\"url\":\"https:\/\/www.weitzer-parkett.com\/fr\/\",\"logo\":{\"@type\":\"ImageObject\",\"inLanguage\":\"fr-FR\",\"@id\":\"https:\/\/www.weitzer-parkett.com\/fr\/#\/schema\/logo\/image\/\",\"url\":\"https:\/\/www.weitzer-parkett.com\/wp-content\/uploads\/2018\/01\/weitzer-parkett-logo.png\",\"contentUrl\":\"https:\/\/www.weitzer-parkett.com\/wp-content\/uploads\/2018\/01\/weitzer-parkett-logo.png\",\"width\":253,\"height\":81,\"caption\":\"Weitzer Parkett\"},\"image\":{\"@id\":\"https:\/\/www.weitzer-parkett.com\/fr\/#\/schema\/logo\/image\/\"},\"sameAs\":[\"http:\/\/www.facebook.com\/weitzerparkett\",\"https:\/\/x.com\/weitzerparkett\",\"http:\/\/www.linkedin.com\/company\/weitzer-parkett\",\"https:\/\/www.pinterest.com\/weitzerparkett\/\",\"https:\/\/www.youtube.com\/user\/weitzerparkett\/\"]}]}<\/script>\n<!-- \/ Yoast SEO plugin. -->","yoast_head_json":{"title":"Traitements | Weitzer Parkett","description":"Nous suivons avec attention l\u2019histoire de votre parquet et nous lui ajoutons le dosage parfait d\u2019huiles naturelles afin de bien le prot\u00e9ger.","robots":{"index":"index","follow":"follow","max-snippet":"max-snippet:-1","max-image-preview":"max-image-preview:large","max-video-preview":"max-video-preview:-1"},"canonical":"https:\/\/www.weitzer-parkett.com\/fr\/pourquoi-weitzer-parkett-2\/parquet-traitements\/","og_locale":"fr_FR","og_type":"article","og_title":"Traitements | Weitzer Parkett","og_description":"Nous suivons avec attention l\u2019histoire de votre parquet et nous lui ajoutons le dosage parfait d\u2019huiles naturelles afin de bien le prot\u00e9ger.","og_url":"https:\/\/www.weitzer-parkett.com\/fr\/pourquoi-weitzer-parkett-2\/parquet-traitements\/","og_site_name":"Weitzer Parkett","article_publisher":"http:\/\/www.facebook.com\/weitzerparkett","article_modified_time":"2023-07-13T15:03:25+00:00","og_image":[{"width":1200,"height":450,"url":"https:\/\/www.weitzer-parkett.com\/wp-content\/uploads\/2017\/08\/Weiz-Header-1.jpg","type":"image\/jpeg"}],"twitter_card":"summary_large_image","twitter_site":"@weitzerparkett","schema":{"@context":"https:\/\/schema.org","@graph":[{"@type":"WebPage","@id":"https:\/\/www.weitzer-parkett.com\/fr\/pourquoi-weitzer-parkett-2\/parquet-traitements\/","url":"https:\/\/www.weitzer-parkett.com\/fr\/pourquoi-weitzer-parkett-2\/parquet-traitements\/","name":"Traitements | Weitzer Parkett","isPartOf":{"@id":"https:\/\/www.weitzer-parkett.com\/fr\/#website"},"datePublished":"2017-10-12T13:43:26+00:00","dateModified":"2023-07-13T15:03:25+00:00","description":"Nous suivons avec attention l\u2019histoire de votre parquet et nous lui ajoutons le dosage parfait d\u2019huiles naturelles afin de bien le prot\u00e9ger.","breadcrumb":{"@id":"https:\/\/www.weitzer-parkett.com\/fr\/pourquoi-weitzer-parkett-2\/parquet-traitements\/#breadcrumb"},"inLanguage":"fr-FR","potentialAction":[{"@type":"ReadAction","target":["https:\/\/www.weitzer-parkett.com\/fr\/pourquoi-weitzer-parkett-2\/parquet-traitements\/"]}]},{"@type":"BreadcrumbList","@id":"https:\/\/www.weitzer-parkett.com\/fr\/pourquoi-weitzer-parkett-2\/parquet-traitements\/#breadcrumb","itemListElement":[{"@type":"ListItem","position":1,"name":"Home","item":"https:\/\/www.weitzer-parkett.com\/fr\/"},{"@type":"ListItem","position":2,"name":"Pourquoi Weitzer Parkett","item":"https:\/\/www.weitzer-parkett.com\/fr\/pourquoi-weitzer-parkett-2\/"},{"@type":"ListItem","position":3,"name":"Traitements"}]},{"@type":"WebSite","@id":"https:\/\/www.weitzer-parkett.com\/fr\/#website","url":"https:\/\/www.weitzer-parkett.com\/fr\/","name":"Weitzer Parkett","description":"Intelligente Parkett- und Stiegenl\u00f6sungen","publisher":{"@id":"https:\/\/www.weitzer-parkett.com\/fr\/#organization"},"potentialAction":[{"@type":"SearchAction","target":{"@type":"EntryPoint","urlTemplate":"https:\/\/www.weitzer-parkett.com\/fr\/?s={search_term_string}"},"query-input":{"@type":"PropertyValueSpecification","valueRequired":true,"valueName":"search_term_string"}}],"inLanguage":"fr-FR"},{"@type":"Organization","@id":"https:\/\/www.weitzer-parkett.com\/fr\/#organization","name":"Weitzer Parkett","url":"https:\/\/www.weitzer-parkett.com\/fr\/","logo":{"@type":"ImageObject","inLanguage":"fr-FR","@id":"https:\/\/www.weitzer-parkett.com\/fr\/#\/schema\/logo\/image\/","url":"https:\/\/www.weitzer-parkett.com\/wp-content\/uploads\/2018\/01\/weitzer-parkett-logo.png","contentUrl":"https:\/\/www.weitzer-parkett.com\/wp-content\/uploads\/2018\/01\/weitzer-parkett-logo.png","width":253,"height":81,"caption":"Weitzer Parkett"},"image":{"@id":"https:\/\/www.weitzer-parkett.com\/fr\/#\/schema\/logo\/image\/"},"sameAs":["http:\/\/www.facebook.com\/weitzerparkett","https:\/\/x.com\/weitzerparkett","http:\/\/www.linkedin.com\/company\/weitzer-parkett","https:\/\/www.pinterest.com\/weitzerparkett\/","https:\/\/www.youtube.com\/user\/weitzerparkett\/"]}]}},"_links":{"self":[{"href":"https:\/\/www.weitzer-parkett.com\/fr\/wp-json\/wp\/v2\/pages\/7588","targetHints":{"allow":["GET"]}}],"collection":[{"href":"https:\/\/www.weitzer-parkett.com\/fr\/wp-json\/wp\/v2\/pages"}],"about":[{"href":"https:\/\/www.weitzer-parkett.com\/fr\/wp-json\/wp\/v2\/types\/page"}],"author":[{"embeddable":true,"href":"https:\/\/www.weitzer-parkett.com\/fr\/wp-json\/wp\/v2\/users\/1"}],"replies":[{"embeddable":true,"href":"https:\/\/www.weitzer-parkett.com\/fr\/wp-json\/wp\/v2\/comments?post=7588"}],"version-history":[{"count":5,"href":"https:\/\/www.weitzer-parkett.com\/fr\/wp-json\/wp\/v2\/pages\/7588\/revisions"}],"predecessor-version":[{"id":55979,"href":"https:\/\/www.weitzer-parkett.com\/fr\/wp-json\/wp\/v2\/pages\/7588\/revisions\/55979"}],"up":[{"embeddable":true,"href":"https:\/\/www.weitzer-parkett.com\/fr\/wp-json\/wp\/v2\/pages\/16401"}],"wp:attachment":[{"href":"https:\/\/www.weitzer-parkett.com\/fr\/wp-json\/wp\/v2\/media?parent=7588"}],"curies":[{"name":"wp","href":"https:\/\/api.w.org\/{rel}","templated":true}]}}