{"id":7561,"date":"2017-10-12T15:00:15","date_gmt":"2017-10-12T13:00:15","guid":{"rendered":"https:\/\/www.weitzer-parkett.com\/parkett-holzarten\/"},"modified":"2023-10-12T11:56:01","modified_gmt":"2023-10-12T09:56:01","slug":"essence-de-bois-weitzer-parkett","status":"publish","type":"page","link":"https:\/\/www.weitzer-parkett.com\/fr\/pourquoi-weitzer-parkett-2\/essence-de-bois-weitzer-parkett\/","title":{"rendered":"Essence de bois"},"content":{"rendered":"<div id=\"ep-block-page-header-block_412c481216416016a5f45604d5d4b593\" class=\"ep-block-page-header ep-block  chosen- type-2\">\n            <div class=\"show-frontend\">\n\n            \n                <div class=\"inner\">\n                    <div class=\"container mx-auto\">\n                        <div class=\"text-container\">\n\n                                                            <div class=\"breadcrumbs-wrapper\">\n                                    <span><span><a href=\"https:\/\/www.weitzer-parkett.com\/fr\/\">Home<\/a><\/span><\/span>\n                                <\/div>\n                            \n                                                            <h1>Essence de bois<\/h1>\n                            \n                                                            <div class=\"text-wrapper\"><p>Du ch\u00eane au Fr\u00eane en passant par le pin cembro \u2013 notre gamme d\u2019essences de bois refl\u00eate la diversit\u00e9 de la nature.<\/p>\n<\/div>\n                            \n                                                            <div class=\"btn-wrapper\">\n                                                                            <div class=\"link\">\n                                            <a href=\"https:\/\/www.weitzer-parkett.com\/fr\/parquet\/\" title=\"Trouvez du parquet maintenant\" target=\"\" class=\"btn arrow-right\">\n                                                Trouvez du parquet maintenant\n                                            <\/a>\n                                        <\/div>\n                                    \n                                                                            <div class=\"link\">\n                                            <a href=\"https:\/\/www.weitzer-parkett.com\/fr\/pourquoi-weitzer-parkett-2\/parquet-responsabilite-ecologique\/\" title=\"Notre responsabilit\u00e9 \u00e9cologique\" target=\"\" class=\"btn link arrow-right\">\n                                                Notre responsabilit\u00e9 \u00e9cologique\n                                            <\/a>\n                                        <\/div>\n                                                                    <\/div>\n                            \n                        <\/div>\n                    <\/div>\n                <\/div>\n\n                                                        <div class=\"image-wrapper\">\n                        \n                        \n                        \n                                                                                                        \n                        \n                                                                        \n                        <picture class=\"image\">\n                            <source srcset=\"https:\/\/www.weitzer-parkett.com\/wp-content\/uploads\/2022\/04\/parkett-holzarten-910x666-c-center.jpg 1x\" media=\"(min-resolution: 120dpi)\"\/>\n                            <source srcset=\"https:\/\/www.weitzer-parkett.com\/wp-content\/uploads\/2022\/04\/parkett-holzarten-910x666-c-center.jpg 1x\" media=\"(min-width: 1024px)\"\/>\n                            <source srcset=\"https:\/\/www.weitzer-parkett.com\/wp-content\/uploads\/2022\/04\/parkett-holzarten-684x496-c-center.jpg 1x\" media=\"(min-width: 768px)\"\/>\n                            <source srcset=\"https:\/\/www.weitzer-parkett.com\/wp-content\/uploads\/2022\/04\/parkett-holzarten-356x258-c-center.jpg 1x\" media=\"(max-width: 767px)\"\/>\n                            <img decoding=\"async\" src=\"https:\/\/www.weitzer-parkett.com\/wp-content\/uploads\/2022\/04\/parkett-holzarten-356x258-c-center.jpg\" alt=\"\" title=\"parkett-holzarten\"\/>\n                        <\/picture>\n                    <\/div>\n\n                                    \n                    <\/div>\n    <\/div>\n\n\n<div id=\"ep-block-wysiwyg-block_63e3ed303160d545ae1fc647c8e507fd\" class=\"ep-block-wysiwyg ep-block  chosen-\">\n                        <div class=\"show-frontend\">\n                <div class=\"inner\">\n                    <div class=\"holder\"><h3>Gestion des for\u00eats durable et pas d\u2019utilisation de bois exotiques<\/h3>\n<p>Nous nous approvisionnons en bois, notre mati\u00e8re premi\u00e8re, exclusivement aupr\u00e8s de sources assurant une gestion durable des for\u00eats. Environ 50 % de notre bois provient d\u2019un <a href=\"https:\/\/www.weitzer-parkett.com\/fr\/pourquoi-weitzer-parkett\/parquet-qualite\/qualite-autrichienne\/\">approvisionnement r\u00e9gional (250 km)<\/a>, et seulement 10 \u00e0 13 % du bois utilis\u00e9 par Weitzer Parkett parcourt plus de 750 km de distance. Weitzer Parkett a par ailleurs cess\u00e9 totalement d\u2019utiliser des bois exotiques depuis 2009.<\/p>\n<\/div>\n                <\/div>\n            <\/div>\n            <\/div>\n\n<div id=\"ep-block-image-title-text-link-block_216c4335e3eebb1b02f41730fc6c4eca\" class=\"ep-block-image-title-text-link ep-block  chosen-\">\n            <div class=\"show-frontend\">\n            <div class=\"inner\">\n                <div class=\"holder\">\n                    <div class=\"text-wrapper\">\n                                                    <h2>LE CH\u00caNE<\/h2>\n                        \n                                                    <div class=\"text\"><p><strong>La durabilit\u00e9 \u2013 Quercus (nom botanique)<\/strong><\/p>\n<p>Empreint de caract\u00e8re et d\u2019une grande long\u00e9vit\u00e9, le ch\u00eane compte parmi les bois d\u2019ouvrage les plus pr\u00e9cieux de nos r\u00e9gions. Ce classique intemporel est synonyme de robustesse (le bois de cet arbre fiable est r\u00e9sistant, dur, solide et \u00e9lastique). Ce qui offre une base optimale pour les diff\u00e9rentes finitions de couleurs. S\u2019int\u00e9grant dans tous les styles d\u2019int\u00e9rieurs et parfaitement adapt\u00e9 aux planchers chauffants, le ch\u00eane est le plus souvent le premier choix en parquet.<\/p>\n<p><em>Origine: principalement l\u2019Autriche, la Hongrie et la Croatie <\/em><\/p>\n<\/div>\n                        \n                                                    <div class=\"btn-wrapper\">\n                                <a href=\"https:\/\/www.weitzer-parkett.com\/fr\/parquet-en-chene\/\" target=\"\" class=\"btn ghost\">Parquet en ch\u00eane<\/a>\n                            <\/div>\n                                            <\/div>\n                                            <div class=\"image-wrapper\">\n                                                                                    \n                                                                                                                <picture class=\"post-image\">\n                                <source srcset=\"https:\/\/www.weitzer-parkett.com\/wp-content\/uploads\/2022\/04\/holzart-eiche-quercus-fr-582x388-c-center.png 1x\" media=\"(min-width: 1024px)\"\/>\n                                <source srcset=\"https:\/\/www.weitzer-parkett.com\/wp-content\/uploads\/2022\/04\/holzart-eiche-quercus-fr-582x388-c-center.png 1x\" media=\"(min-width: 768px)\"\/>\n                                <source srcset=\"https:\/\/www.weitzer-parkett.com\/wp-content\/uploads\/2022\/04\/holzart-eiche-quercus-fr-684x456-c-center.png 1x\" media=\"(max-width: 767px)\"\/>\n                                <img decoding=\"async\" src=\"https:\/\/www.weitzer-parkett.com\/wp-content\/uploads\/2022\/04\/holzart-eiche-quercus-fr-684x456-c-center.png\" alt=\"\" title=\"holzart-eiche-quercus-fr\"\/>\n                            <\/picture>\n                        <\/div>\n                                    <\/div>\n            <\/div>\n        <\/div>\n    <\/div>\n\n<div id=\"ep-block-image-title-text-link-block_d56b6a466979da3d2b09eeeed38a3e50\" class=\"ep-block-image-title-text-link ep-block  chosen-\">\n            <div class=\"show-frontend\">\n            <div class=\"inner\">\n                <div class=\"holder\">\n                    <div class=\"text-wrapper\">\n                                                    <h2>LE FR\u00caNE<\/h2>\n                        \n                                                    <div class=\"text\"><p><strong>La vitalit\u00e9 \u2014 Fraxinus excelsior (nom botanique)<\/strong><\/p>\n<p>Du fait de la qualit\u00e9 de son bois, le fr\u00eane fait partie des feuillus nobles et compte, apr\u00e8s le ch\u00eane et le h\u00eatre, parmi les bois d\u2019ouvrage les plus utilis\u00e9s d\u2019Europe centrale. Ce bois tr\u00e8s expressif, d\u2019une texture marqu\u00e9e avec des cernes annuels prononc\u00e9s, est plus dur, plus r\u00e9sistant et plus \u00e9lastique que celui de nombreux autres arbres. C\u2019est pourquoi, le fr\u00eane est sp\u00e9cialement employ\u00e9 d\u00e8s que de hautes exigences en mati\u00e8re de solidit\u00e9 et d\u2019\u00e9lasticit\u00e9 sont pos\u00e9es. Gr\u00e2ce \u00e0 sa texture particuli\u00e8re \u00e0 c\u0153ur brun, le fr\u00eane est souvent appel\u00e9 fr\u00eane vein\u00e9 ou fr\u00eane olivier.<\/p>\n<p><em>Origine: Autriche, Hongrie, Croatie et Ukraine <\/em><\/p>\n<\/div>\n                        \n                                                    <div class=\"btn-wrapper\">\n                                <a href=\"https:\/\/www.weitzer-parkett.com\/fr\/parquet\/\" target=\"\" class=\"btn ghost\">Trouvez votre parquet<\/a>\n                            <\/div>\n                                            <\/div>\n                                            <div class=\"image-wrapper\">\n                                                                                    \n                                                                                                                <picture class=\"post-image\">\n                                <source srcset=\"https:\/\/www.weitzer-parkett.com\/wp-content\/uploads\/2022\/04\/holzart-esche-fraxinus-excelsior-fr-582x388-c-center.png 1x\" media=\"(min-width: 1024px)\"\/>\n                                <source srcset=\"https:\/\/www.weitzer-parkett.com\/wp-content\/uploads\/2022\/04\/holzart-esche-fraxinus-excelsior-fr-582x388-c-center.png 1x\" media=\"(min-width: 768px)\"\/>\n                                <source srcset=\"https:\/\/www.weitzer-parkett.com\/wp-content\/uploads\/2022\/04\/holzart-esche-fraxinus-excelsior-fr-684x456-c-center.png 1x\" media=\"(max-width: 767px)\"\/>\n                                <img decoding=\"async\" src=\"https:\/\/www.weitzer-parkett.com\/wp-content\/uploads\/2022\/04\/holzart-esche-fraxinus-excelsior-fr-684x456-c-center.png\" alt=\"\" title=\"holzart-esche-fraxinus-excelsior-fr\"\/>\n                            <\/picture>\n                        <\/div>\n                                    <\/div>\n            <\/div>\n        <\/div>\n    <\/div>\n\n<div id=\"ep-block-image-title-text-link-block_c1aa85eccbac181400fe40e190a64890\" class=\"ep-block-image-title-text-link ep-block  chosen-\">\n            <div class=\"show-frontend\">\n            <div class=\"inner\">\n                <div class=\"holder\">\n                    <div class=\"text-wrapper\">\n                                                    <h2>LE NOYER<\/h2>\n                        \n                                                    <div class=\"text\"><p><strong>La noblesse \u2014 Juglans nigra (nom botanique)<\/strong><\/p>\n<p>Le noyer, bois particuli\u00e8rement pr\u00e9cieux et convoit\u00e9, compte depuis des si\u00e8cles au nombre des essences les plus nobles pour la fabrication de parquets, de meubles, mais aussi d\u2019instruments de musique. Gr\u00e2ce \u00e0 sa coloration, allant du brun mat au brun noir, et \u00e0 sa texture, ce bois plein d\u2019attraits conf\u00e8re \u00e0 chaque pi\u00e8ce une ambiance grand luxe. Son apparence volumineuse en fait un choix id\u00e9al pour la mise en sc\u00e8ne de contrastes marquants.<\/p>\n<p><em>Origine: Europe centrale et Europe de l\u2019Est, \u00c9tats-Unis <\/em><\/p>\n<\/div>\n                        \n                                                    <div class=\"btn-wrapper\">\n                                <a href=\"https:\/\/www.weitzer-parkett.com\/fr\/parquet\/parquets\/\" target=\"\" class=\"btn ghost\">Trouvez votre parquets<\/a>\n                            <\/div>\n                                            <\/div>\n                                            <div class=\"image-wrapper\">\n                                                                                    \n                                                                                                                <picture class=\"post-image\">\n                                <source srcset=\"https:\/\/www.weitzer-parkett.com\/wp-content\/uploads\/2022\/04\/holzart-nussbaum-juglans-nigra-fr-582x388-c-center.png 1x\" media=\"(min-width: 1024px)\"\/>\n                                <source srcset=\"https:\/\/www.weitzer-parkett.com\/wp-content\/uploads\/2022\/04\/holzart-nussbaum-juglans-nigra-fr-582x388-c-center.png 1x\" media=\"(min-width: 768px)\"\/>\n                                <source srcset=\"https:\/\/www.weitzer-parkett.com\/wp-content\/uploads\/2022\/04\/holzart-nussbaum-juglans-nigra-fr-684x456-c-center.png 1x\" media=\"(max-width: 767px)\"\/>\n                                <img decoding=\"async\" src=\"https:\/\/www.weitzer-parkett.com\/wp-content\/uploads\/2022\/04\/holzart-nussbaum-juglans-nigra-fr-684x456-c-center.png\" alt=\"\" title=\"holzart-nussbaum-juglans-nigra-fr\"\/>\n                            <\/picture>\n                        <\/div>\n                                    <\/div>\n            <\/div>\n        <\/div>\n    <\/div>\n\n<div id=\"ep-block-spacer-block_45ac963242b55da75d59f3d220b10b2c\" class=\"ep-block-spacer ep-block  chosen-\">\n            <div class=\"show-frontend\">\n                        <style>\n                #ep-spacer-1W6xT {\n                    height: 100px;\n                }\n                @media (max-width: 767px) {\n                    #ep-spacer-1W6xT {\n                        height: 40px;\n                    }\n                }\n                @media (min-width: 768px) and (max-width: 1023px) {\n                    #ep-spacer-1W6xT {\n                        height: 60px;\n                    }\n                }\n            <\/style>\n            <div id=\"ep-spacer-1W6xT\"><\/div>\n        <\/div>\n    <\/div>\n\n<div id=\"ep-block-image-title-text-link-block_fc0db0b4858254bbe0ae3e156b3dceea\" class=\"ep-block-image-title-text-link ep-block  chosen-\">\n            <div class=\"show-frontend\">\n            <div class=\"inner\">\n                <div class=\"holder\">\n                    <div class=\"text-wrapper\">\n                                                    <h2>Vous savez d\u00e9j\u00e0 de quel bois sera compos\u00e9 le parquet de vos r\u00eaves?<\/h2>\n                        \n                                                    <div class=\"text\"><p>Dans ce cas, il ne vous reste plus qu\u2019\u00e0 vous rendre chez le partenaire Weitzer Parkett le plus proche de chez vous!<\/p>\n<\/div>\n                        \n                                                    <div class=\"btn-wrapper\">\n                                <a href=\"https:\/\/www.weitzer-parkett.com\/fr\/showrooms\/\" target=\"\" class=\"btn ghost\">Visitez Showrooms<\/a>\n                            <\/div>\n                                            <\/div>\n                                            <div class=\"image-wrapper\">\n                                                                                    \n                                                                                                                <picture class=\"post-image\">\n                                <source srcset=\"https:\/\/www.weitzer-parkett.com\/wp-content\/uploads\/2022\/04\/ParkettWelten-06_LowRes-582x388-c-center.jpg 1x\" media=\"(min-width: 1024px)\"\/>\n                                <source srcset=\"https:\/\/www.weitzer-parkett.com\/wp-content\/uploads\/2022\/04\/ParkettWelten-06_LowRes-582x388-c-center.jpg 1x\" media=\"(min-width: 768px)\"\/>\n                                <source srcset=\"https:\/\/www.weitzer-parkett.com\/wp-content\/uploads\/2022\/04\/ParkettWelten-06_LowRes-684x456-c-center.jpg 1x\" media=\"(max-width: 767px)\"\/>\n                                <img decoding=\"async\" src=\"https:\/\/www.weitzer-parkett.com\/wp-content\/uploads\/2022\/04\/ParkettWelten-06_LowRes-684x456-c-center.jpg\" alt=\"\" title=\"ParkettWelten 06_LowRes\"\/>\n                            <\/picture>\n                        <\/div>\n                                    <\/div>\n            <\/div>\n        <\/div>\n    <\/div>","protected":false},"excerpt":{"rendered":"","protected":false},"author":1,"featured_media":0,"parent":16401,"menu_order":0,"comment_status":"closed","ping_status":"closed","template":"","meta":{"_acf_changed":false,"footnotes":""},"class_list":["post-7561","page","type-page","status-publish","hentry"],"acf":[],"yoast_head":"<!-- This site is optimized with the Yoast SEO plugin v27.1.1 - https:\/\/yoast.com\/product\/yoast-seo-wordpress\/ -->\n<title>Essence de bois | Weitzer Parkett<\/title>\n<meta name=\"description\" content=\"Du ch\u00eane au Fr\u00eane en passant par le pin cembro \u2013 notre gamme d\u2019essences de bois refl\u00eate la diversit\u00e9 de la nature.\" \/>\n<meta name=\"robots\" content=\"index, follow, max-snippet:-1, max-image-preview:large, max-video-preview:-1\" \/>\n<link rel=\"canonical\" href=\"https:\/\/www.weitzer-parkett.com\/fr\/pourquoi-weitzer-parkett-2\/essence-de-bois-weitzer-parkett\/\" \/>\n<meta property=\"og:locale\" content=\"fr_FR\" \/>\n<meta property=\"og:type\" content=\"article\" \/>\n<meta property=\"og:title\" content=\"Essence de bois | Weitzer Parkett\" \/>\n<meta property=\"og:description\" content=\"Du ch\u00eane au Fr\u00eane en passant par le pin cembro \u2013 notre gamme d\u2019essences de bois refl\u00eate la diversit\u00e9 de la nature.\" \/>\n<meta property=\"og:url\" content=\"https:\/\/www.weitzer-parkett.com\/fr\/pourquoi-weitzer-parkett-2\/essence-de-bois-weitzer-parkett\/\" \/>\n<meta property=\"og:site_name\" content=\"Weitzer Parkett\" \/>\n<meta property=\"article:publisher\" content=\"http:\/\/www.facebook.com\/weitzerparkett\" \/>\n<meta property=\"article:modified_time\" content=\"2023-10-12T09:56:01+00:00\" \/>\n<meta property=\"og:image\" content=\"https:\/\/www.weitzer-parkett.com\/wp-content\/uploads\/2017\/08\/Weiz-Header-1.jpg\" \/>\n\t<meta property=\"og:image:width\" content=\"1200\" \/>\n\t<meta property=\"og:image:height\" content=\"450\" \/>\n\t<meta property=\"og:image:type\" content=\"image\/jpeg\" \/>\n<meta name=\"twitter:card\" content=\"summary_large_image\" \/>\n<meta name=\"twitter:site\" content=\"@weitzerparkett\" \/>\n<script type=\"application\/ld+json\" class=\"yoast-schema-graph\">{\"@context\":\"https:\/\/schema.org\",\"@graph\":[{\"@type\":\"WebPage\",\"@id\":\"https:\/\/www.weitzer-parkett.com\/fr\/pourquoi-weitzer-parkett-2\/essence-de-bois-weitzer-parkett\/\",\"url\":\"https:\/\/www.weitzer-parkett.com\/fr\/pourquoi-weitzer-parkett-2\/essence-de-bois-weitzer-parkett\/\",\"name\":\"Essence de bois | Weitzer Parkett\",\"isPartOf\":{\"@id\":\"https:\/\/www.weitzer-parkett.com\/fr\/#website\"},\"datePublished\":\"2017-10-12T13:00:15+00:00\",\"dateModified\":\"2023-10-12T09:56:01+00:00\",\"description\":\"Du ch\u00eane au Fr\u00eane en passant par le pin cembro \u2013 notre gamme d\u2019essences de bois refl\u00eate la diversit\u00e9 de la nature.\",\"breadcrumb\":{\"@id\":\"https:\/\/www.weitzer-parkett.com\/fr\/pourquoi-weitzer-parkett-2\/essence-de-bois-weitzer-parkett\/#breadcrumb\"},\"inLanguage\":\"fr-FR\",\"potentialAction\":[{\"@type\":\"ReadAction\",\"target\":[\"https:\/\/www.weitzer-parkett.com\/fr\/pourquoi-weitzer-parkett-2\/essence-de-bois-weitzer-parkett\/\"]}]},{\"@type\":\"BreadcrumbList\",\"@id\":\"https:\/\/www.weitzer-parkett.com\/fr\/pourquoi-weitzer-parkett-2\/essence-de-bois-weitzer-parkett\/#breadcrumb\",\"itemListElement\":[{\"@type\":\"ListItem\",\"position\":1,\"name\":\"Home\",\"item\":\"https:\/\/www.weitzer-parkett.com\/fr\/\"},{\"@type\":\"ListItem\",\"position\":2,\"name\":\"Pourquoi Weitzer Parkett\",\"item\":\"https:\/\/www.weitzer-parkett.com\/fr\/pourquoi-weitzer-parkett-2\/\"},{\"@type\":\"ListItem\",\"position\":3,\"name\":\"Essence de bois\"}]},{\"@type\":\"WebSite\",\"@id\":\"https:\/\/www.weitzer-parkett.com\/fr\/#website\",\"url\":\"https:\/\/www.weitzer-parkett.com\/fr\/\",\"name\":\"Weitzer Parkett\",\"description\":\"Intelligente Parkett- und Stiegenl\u00f6sungen\",\"publisher\":{\"@id\":\"https:\/\/www.weitzer-parkett.com\/fr\/#organization\"},\"potentialAction\":[{\"@type\":\"SearchAction\",\"target\":{\"@type\":\"EntryPoint\",\"urlTemplate\":\"https:\/\/www.weitzer-parkett.com\/fr\/?s={search_term_string}\"},\"query-input\":{\"@type\":\"PropertyValueSpecification\",\"valueRequired\":true,\"valueName\":\"search_term_string\"}}],\"inLanguage\":\"fr-FR\"},{\"@type\":\"Organization\",\"@id\":\"https:\/\/www.weitzer-parkett.com\/fr\/#organization\",\"name\":\"Weitzer Parkett\",\"url\":\"https:\/\/www.weitzer-parkett.com\/fr\/\",\"logo\":{\"@type\":\"ImageObject\",\"inLanguage\":\"fr-FR\",\"@id\":\"https:\/\/www.weitzer-parkett.com\/fr\/#\/schema\/logo\/image\/\",\"url\":\"https:\/\/www.weitzer-parkett.com\/wp-content\/uploads\/2018\/01\/weitzer-parkett-logo.png\",\"contentUrl\":\"https:\/\/www.weitzer-parkett.com\/wp-content\/uploads\/2018\/01\/weitzer-parkett-logo.png\",\"width\":253,\"height\":81,\"caption\":\"Weitzer Parkett\"},\"image\":{\"@id\":\"https:\/\/www.weitzer-parkett.com\/fr\/#\/schema\/logo\/image\/\"},\"sameAs\":[\"http:\/\/www.facebook.com\/weitzerparkett\",\"https:\/\/x.com\/weitzerparkett\",\"http:\/\/www.linkedin.com\/company\/weitzer-parkett\",\"https:\/\/www.pinterest.com\/weitzerparkett\/\",\"https:\/\/www.youtube.com\/user\/weitzerparkett\/\"]}]}<\/script>\n<!-- \/ Yoast SEO plugin. -->","yoast_head_json":{"title":"Essence de bois | Weitzer Parkett","description":"Du ch\u00eane au Fr\u00eane en passant par le pin cembro \u2013 notre gamme d\u2019essences de bois refl\u00eate la diversit\u00e9 de la nature.","robots":{"index":"index","follow":"follow","max-snippet":"max-snippet:-1","max-image-preview":"max-image-preview:large","max-video-preview":"max-video-preview:-1"},"canonical":"https:\/\/www.weitzer-parkett.com\/fr\/pourquoi-weitzer-parkett-2\/essence-de-bois-weitzer-parkett\/","og_locale":"fr_FR","og_type":"article","og_title":"Essence de bois | Weitzer Parkett","og_description":"Du ch\u00eane au Fr\u00eane en passant par le pin cembro \u2013 notre gamme d\u2019essences de bois refl\u00eate la diversit\u00e9 de la nature.","og_url":"https:\/\/www.weitzer-parkett.com\/fr\/pourquoi-weitzer-parkett-2\/essence-de-bois-weitzer-parkett\/","og_site_name":"Weitzer Parkett","article_publisher":"http:\/\/www.facebook.com\/weitzerparkett","article_modified_time":"2023-10-12T09:56:01+00:00","og_image":[{"width":1200,"height":450,"url":"https:\/\/www.weitzer-parkett.com\/wp-content\/uploads\/2017\/08\/Weiz-Header-1.jpg","type":"image\/jpeg"}],"twitter_card":"summary_large_image","twitter_site":"@weitzerparkett","schema":{"@context":"https:\/\/schema.org","@graph":[{"@type":"WebPage","@id":"https:\/\/www.weitzer-parkett.com\/fr\/pourquoi-weitzer-parkett-2\/essence-de-bois-weitzer-parkett\/","url":"https:\/\/www.weitzer-parkett.com\/fr\/pourquoi-weitzer-parkett-2\/essence-de-bois-weitzer-parkett\/","name":"Essence de bois | Weitzer Parkett","isPartOf":{"@id":"https:\/\/www.weitzer-parkett.com\/fr\/#website"},"datePublished":"2017-10-12T13:00:15+00:00","dateModified":"2023-10-12T09:56:01+00:00","description":"Du ch\u00eane au Fr\u00eane en passant par le pin cembro \u2013 notre gamme d\u2019essences de bois refl\u00eate la diversit\u00e9 de la nature.","breadcrumb":{"@id":"https:\/\/www.weitzer-parkett.com\/fr\/pourquoi-weitzer-parkett-2\/essence-de-bois-weitzer-parkett\/#breadcrumb"},"inLanguage":"fr-FR","potentialAction":[{"@type":"ReadAction","target":["https:\/\/www.weitzer-parkett.com\/fr\/pourquoi-weitzer-parkett-2\/essence-de-bois-weitzer-parkett\/"]}]},{"@type":"BreadcrumbList","@id":"https:\/\/www.weitzer-parkett.com\/fr\/pourquoi-weitzer-parkett-2\/essence-de-bois-weitzer-parkett\/#breadcrumb","itemListElement":[{"@type":"ListItem","position":1,"name":"Home","item":"https:\/\/www.weitzer-parkett.com\/fr\/"},{"@type":"ListItem","position":2,"name":"Pourquoi Weitzer Parkett","item":"https:\/\/www.weitzer-parkett.com\/fr\/pourquoi-weitzer-parkett-2\/"},{"@type":"ListItem","position":3,"name":"Essence de bois"}]},{"@type":"WebSite","@id":"https:\/\/www.weitzer-parkett.com\/fr\/#website","url":"https:\/\/www.weitzer-parkett.com\/fr\/","name":"Weitzer Parkett","description":"Intelligente Parkett- und Stiegenl\u00f6sungen","publisher":{"@id":"https:\/\/www.weitzer-parkett.com\/fr\/#organization"},"potentialAction":[{"@type":"SearchAction","target":{"@type":"EntryPoint","urlTemplate":"https:\/\/www.weitzer-parkett.com\/fr\/?s={search_term_string}"},"query-input":{"@type":"PropertyValueSpecification","valueRequired":true,"valueName":"search_term_string"}}],"inLanguage":"fr-FR"},{"@type":"Organization","@id":"https:\/\/www.weitzer-parkett.com\/fr\/#organization","name":"Weitzer Parkett","url":"https:\/\/www.weitzer-parkett.com\/fr\/","logo":{"@type":"ImageObject","inLanguage":"fr-FR","@id":"https:\/\/www.weitzer-parkett.com\/fr\/#\/schema\/logo\/image\/","url":"https:\/\/www.weitzer-parkett.com\/wp-content\/uploads\/2018\/01\/weitzer-parkett-logo.png","contentUrl":"https:\/\/www.weitzer-parkett.com\/wp-content\/uploads\/2018\/01\/weitzer-parkett-logo.png","width":253,"height":81,"caption":"Weitzer Parkett"},"image":{"@id":"https:\/\/www.weitzer-parkett.com\/fr\/#\/schema\/logo\/image\/"},"sameAs":["http:\/\/www.facebook.com\/weitzerparkett","https:\/\/x.com\/weitzerparkett","http:\/\/www.linkedin.com\/company\/weitzer-parkett","https:\/\/www.pinterest.com\/weitzerparkett\/","https:\/\/www.youtube.com\/user\/weitzerparkett\/"]}]}},"_links":{"self":[{"href":"https:\/\/www.weitzer-parkett.com\/fr\/wp-json\/wp\/v2\/pages\/7561","targetHints":{"allow":["GET"]}}],"collection":[{"href":"https:\/\/www.weitzer-parkett.com\/fr\/wp-json\/wp\/v2\/pages"}],"about":[{"href":"https:\/\/www.weitzer-parkett.com\/fr\/wp-json\/wp\/v2\/types\/page"}],"author":[{"embeddable":true,"href":"https:\/\/www.weitzer-parkett.com\/fr\/wp-json\/wp\/v2\/users\/1"}],"replies":[{"embeddable":true,"href":"https:\/\/www.weitzer-parkett.com\/fr\/wp-json\/wp\/v2\/comments?post=7561"}],"version-history":[{"count":5,"href":"https:\/\/www.weitzer-parkett.com\/fr\/wp-json\/wp\/v2\/pages\/7561\/revisions"}],"predecessor-version":[{"id":57058,"href":"https:\/\/www.weitzer-parkett.com\/fr\/wp-json\/wp\/v2\/pages\/7561\/revisions\/57058"}],"up":[{"embeddable":true,"href":"https:\/\/www.weitzer-parkett.com\/fr\/wp-json\/wp\/v2\/pages\/16401"}],"wp:attachment":[{"href":"https:\/\/www.weitzer-parkett.com\/fr\/wp-json\/wp\/v2\/media?parent=7561"}],"curies":[{"name":"wp","href":"https:\/\/api.w.org\/{rel}","templated":true}]}}