{"id":7321,"date":"2017-10-10T16:03:40","date_gmt":"2017-10-10T14:03:40","guid":{"rendered":"https:\/\/www.weitzer-parkett.com\/?page_id=7321"},"modified":"2022-04-06T10:53:12","modified_gmt":"2022-04-06T08:53:12","slug":"utilisation","status":"publish","type":"page","link":"https:\/\/www.weitzer-parkett.com\/fr\/pourquoi-weitzer-parkett-2\/utilisation\/","title":{"rendered":"Utilisation"},"content":{"rendered":"<div id=\"ep-block-page-header-block_624aa000521e1\" class=\"ep-block-page-header ep-block  chosen-bg-theme-beige type-2\">\n            <div class=\"show-frontend\">\n\n            \n                <div class=\"inner\">\n                    <div class=\"container mx-auto\">\n                        <div class=\"text-container\">\n\n                                                            <div class=\"breadcrumbs-wrapper\">\n                                    <span><span><a href=\"https:\/\/www.weitzer-parkett.com\/fr\/\">Home<\/a><\/span><\/span>\n                                <\/div>\n                            \n                                                            <h1>Utilisation<\/h1>\n                            \n                                                            <div class=\"text-wrapper\"><p>Pourquoi Weitzer Parkett montre-t-elle encore, m\u00eame sur place chez vous, son sens de la responsabilit\u00e9 \u00e9cologique? Parce que nos parquets permettent tout simplement et naturellement d\u2019\u00e9conomiser de l\u2019\u00e9nergie au quotidien, parce qu\u2019ils contribuent \u00e0 assurer une atmosph\u00e8re ambiante saine et parce qu\u2019on peut les poncer plusieurs fois pour les r\u00e9nover.<\/p>\n<\/div>\n                            \n                                                            <div class=\"btn-wrapper\">\n                                                                            <div class=\"link\">\n                                            <a href=\"https:\/\/www.weitzer-parkett.com\/fr\/pourquoi-weitzer-parkett\/parquet-responsabilite-ecologique\/\" title=\"Responsabilit\u00e9 \u00e9cologique\" target=\"\" class=\"btn arrow-right\">\n                                                Responsabilit\u00e9 \u00e9cologique\n                                            <\/a>\n                                        <\/div>\n                                    \n                                                                            <div class=\"link\">\n                                            <a href=\"https:\/\/www.weitzer-parkett.com\/fr\/pourquoi-weitzer-parkett\/approvisionnement\/\" title=\"Approvisionnement\" target=\"\" class=\"btn link arrow-right\">\n                                                Approvisionnement\n                                            <\/a>\n                                        <\/div>\n                                                                    <\/div>\n                            \n                        <\/div>\n                    <\/div>\n                <\/div>\n\n                                                        <div class=\"image-wrapper\">\n                        \n                        \n                        \n                                                                                                        \n                        \n                                                                        \n                        <picture class=\"image\">\n                            <source srcset=\"https:\/\/www.weitzer-parkett.com\/wp-content\/uploads\/2022\/04\/Strip-Optik_WP_Strip_45_Eiche_ruhig_PA-header-910x666-c-center.png 1x\" media=\"(min-resolution: 120dpi)\"\/>\n                            <source srcset=\"https:\/\/www.weitzer-parkett.com\/wp-content\/uploads\/2022\/04\/Strip-Optik_WP_Strip_45_Eiche_ruhig_PA-header-910x666-c-center.png 1x\" media=\"(min-width: 1024px)\"\/>\n                            <source srcset=\"https:\/\/www.weitzer-parkett.com\/wp-content\/uploads\/2022\/04\/Strip-Optik_WP_Strip_45_Eiche_ruhig_PA-header-684x496-c-center.png 1x\" media=\"(min-width: 768px)\"\/>\n                            <source srcset=\"https:\/\/www.weitzer-parkett.com\/wp-content\/uploads\/2022\/04\/Strip-Optik_WP_Strip_45_Eiche_ruhig_PA-header-356x258-c-center.png 1x\" media=\"(max-width: 767px)\"\/>\n                            <img decoding=\"async\" src=\"https:\/\/www.weitzer-parkett.com\/wp-content\/uploads\/2022\/04\/Strip-Optik_WP_Strip_45_Eiche_ruhig_PA-header-356x258-c-center.png\" alt=\"\" title=\"Strip-Optik_WP_Strip_45_Eiche_ruhig_PA-header\"\/>\n                        <\/picture>\n                    <\/div>\n\n                                    \n                    <\/div>\n    <\/div>\n\n\n<div id=\"ep-block-wysiwyg-block_624aa074521e2\" class=\"ep-block-wysiwyg ep-block  chosen-\">\n                        <div class=\"show-frontend\">\n                <div class=\"inner\">\n                    <div class=\"holder\"><h2>D\u00e9veloppement durable au meilleur de sa forme<\/h2>\n<\/div>\n                <\/div>\n            <\/div>\n            <\/div>\n\n<div id=\"ep-block-wysiwyg-block_624aa3a9521e5\" class=\"ep-block-wysiwyg ep-block  chosen-\">\n                        <div class=\"show-frontend\">\n                <div class=\"inner\">\n                    <div class=\"holder\"><h3>Le parquet comme facteur naturel d\u2019\u00e9conomie \u00e9nerg\u00e9tique<\/h3>\n<p>Plus des \u00be de l\u2019\u00e9nergie utilis\u00e9e par les m\u00e9nages est destin\u00e9e au chauffage. Des \u00e9tudes r\u00e9centes montrent que le parquet est plus chaud aux pieds de 2,2 \u00b0C que d\u2019autres rev\u00eatements comme le carrelage ou le stratifi\u00e9. Cela signifie que nos parquets r\u00e9duisent votre consommation quotidienne d\u2019\u00e9nergie d\u2019une mani\u00e8re toute naturelle. Et ils la r\u00e9duisent consid\u00e9rablement, car il faut savoir qu\u20191 \u00b0C de moins r\u00e9duit de 6 % les frais de chauffage.<\/p>\n<\/div>\n                <\/div>\n            <\/div>\n            <\/div>\n\n<div id=\"ep-block-teaser-block_624aa0bc521e3\" class=\"ep-block-teaser ep-block  chosen-bg-white\">\n            <div class=\"show-frontend style-1\">\n            <div class=\"rectangle rectangle-1\"><\/div>\n            <div class=\"rectangle rectangle-2\"><\/div>\n            <div class=\"holder\">\n\n                                                \n                <div class=\"position-wrapper\">\n                                                                                                                                                                    <div class=\"image-wrapper\">                             <picture>\n                                <source srcset=\"https:\/\/www.weitzer-parkett.com\/wp-content\/uploads\/2022\/04\/nutzung-fr-582x388-c-center.jpg 1x\" media=\"(min-width: 1024px)\"\/>\n                                                                \n                                <img decoding=\"async\" src=\"https:\/\/www.weitzer-parkett.com\/wp-content\/uploads\/2022\/04\/nutzung-fr-582x388-c-center.jpg\" alt=\"\" title=\"nutzung-fr\"\/>\n                                \n                            <\/picture>\n                        <\/div>\n                    \n                    <div class=\"text-wrapper\">\n                                                    <h2>\n                                \n                                Solution compl\u00e8te sans plastifiant pour parquet et colle\n                                \n                            <\/h2>\n                        \n                                                    <div class=\"text\"><p>Weitzer Parkett est le premier et le seul fabricant sur le march\u00e9 \u00e0 proposer une solution compl\u00e8te sans plastifiant, allant du <a href=\"https:\/\/www.weitzer-parkett.com\/fr\/parquet\/parquets\/\">parquet<\/a> \u00e0 la colle. Nous renon\u00e7ons aux composants plastifiants classiques et, m\u00eame apr\u00e8s durcissement, nos parquets ne contiennent aucun \u00e9l\u00e9ment potentiellement migrant. De plus, tous nos produits connexes sont exempts d\u2019eau et de solvants.<\/p>\n<\/div>\n                        \n                        \n                    <\/div>\n                <\/div>\n            <\/div>\n        <\/div>\n    <\/div>\n\n<div id=\"ep-block-wysiwyg-block_624aa35c521e4\" class=\"ep-block-wysiwyg ep-block  chosen-\">\n                        <div class=\"show-frontend\">\n                <div class=\"inner\">\n                    <div class=\"holder\"><h3>Surfaces r\u00e9novables de grande qualit\u00e9<\/h3>\n<p>Gr\u00e2ce \u00e0 ses surfaces de grande qualit\u00e9, le parquet Weitzer est particuli\u00e8rement durable et r\u00e9sistant. C\u2019est pourquoi nos parquets ont 30 ans de garantie. En cas d\u2019usure, toutes nos <a href=\"https:\/\/www.weitzer-parkett.com\/fr\/pourquoi-weitzer-parkett\/parquet-traitements\/\">surfaces<\/a> de grande qualit\u00e9, qu\u2019elles soient vitrifi\u00e9es ou huil\u00e9es, peuvent \u00eatre, en fonction de l\u2019\u00e9paisseur de leur couche d\u2019usure, plusieurs fois ponc\u00e9es et r\u00e9nov\u00e9es. Cela rend le parquet Weitzer \u00ab\u00a0r\u00e9utilisable\u00a0\u00bb.<\/p>\n<\/div>\n                <\/div>\n            <\/div>\n            <\/div>","protected":false},"excerpt":{"rendered":"","protected":false},"author":1,"featured_media":0,"parent":16401,"menu_order":0,"comment_status":"closed","ping_status":"closed","template":"","meta":{"_acf_changed":false,"footnotes":""},"class_list":["post-7321","page","type-page","status-publish","hentry"],"acf":[],"yoast_head":"<!-- This site is optimized with the Yoast SEO plugin v27.1.1 - https:\/\/yoast.com\/product\/yoast-seo-wordpress\/ -->\n<title>Utilisation | Weitzer Parkett<\/title>\n<meta name=\"description\" content=\"Weitzer Parkett parquets permettent tout simplement et naturellement d\u2019\u00e9conomiser de l\u2019\u00e9nergie au quotidien.\" \/>\n<meta name=\"robots\" content=\"index, follow, max-snippet:-1, max-image-preview:large, max-video-preview:-1\" \/>\n<link rel=\"canonical\" href=\"https:\/\/www.weitzer-parkett.com\/fr\/pourquoi-weitzer-parkett-2\/utilisation\/\" \/>\n<meta property=\"og:locale\" content=\"fr_FR\" \/>\n<meta property=\"og:type\" content=\"article\" \/>\n<meta property=\"og:title\" content=\"Utilisation | Weitzer Parkett\" \/>\n<meta property=\"og:description\" content=\"Weitzer Parkett parquets permettent tout simplement et naturellement d\u2019\u00e9conomiser de l\u2019\u00e9nergie au quotidien.\" \/>\n<meta property=\"og:url\" content=\"https:\/\/www.weitzer-parkett.com\/fr\/pourquoi-weitzer-parkett-2\/utilisation\/\" \/>\n<meta property=\"og:site_name\" content=\"Weitzer Parkett\" \/>\n<meta property=\"article:publisher\" content=\"http:\/\/www.facebook.com\/weitzerparkett\" \/>\n<meta property=\"article:modified_time\" content=\"2022-04-06T08:53:12+00:00\" \/>\n<meta property=\"og:image\" content=\"https:\/\/www.weitzer-parkett.com\/wp-content\/uploads\/2017\/08\/Weiz-Header-1.jpg\" \/>\n\t<meta property=\"og:image:width\" content=\"1200\" \/>\n\t<meta property=\"og:image:height\" content=\"450\" \/>\n\t<meta property=\"og:image:type\" content=\"image\/jpeg\" \/>\n<meta name=\"twitter:card\" content=\"summary_large_image\" \/>\n<meta name=\"twitter:site\" content=\"@weitzerparkett\" \/>\n<script type=\"application\/ld+json\" class=\"yoast-schema-graph\">{\"@context\":\"https:\/\/schema.org\",\"@graph\":[{\"@type\":\"WebPage\",\"@id\":\"https:\/\/www.weitzer-parkett.com\/fr\/pourquoi-weitzer-parkett-2\/utilisation\/\",\"url\":\"https:\/\/www.weitzer-parkett.com\/fr\/pourquoi-weitzer-parkett-2\/utilisation\/\",\"name\":\"Utilisation | Weitzer Parkett\",\"isPartOf\":{\"@id\":\"https:\/\/www.weitzer-parkett.com\/fr\/#website\"},\"datePublished\":\"2017-10-10T14:03:40+00:00\",\"dateModified\":\"2022-04-06T08:53:12+00:00\",\"description\":\"Weitzer Parkett parquets permettent tout simplement et naturellement d\u2019\u00e9conomiser de l\u2019\u00e9nergie au quotidien.\",\"breadcrumb\":{\"@id\":\"https:\/\/www.weitzer-parkett.com\/fr\/pourquoi-weitzer-parkett-2\/utilisation\/#breadcrumb\"},\"inLanguage\":\"fr-FR\",\"potentialAction\":[{\"@type\":\"ReadAction\",\"target\":[\"https:\/\/www.weitzer-parkett.com\/fr\/pourquoi-weitzer-parkett-2\/utilisation\/\"]}]},{\"@type\":\"BreadcrumbList\",\"@id\":\"https:\/\/www.weitzer-parkett.com\/fr\/pourquoi-weitzer-parkett-2\/utilisation\/#breadcrumb\",\"itemListElement\":[{\"@type\":\"ListItem\",\"position\":1,\"name\":\"Home\",\"item\":\"https:\/\/www.weitzer-parkett.com\/fr\/\"},{\"@type\":\"ListItem\",\"position\":2,\"name\":\"Pourquoi Weitzer Parkett\",\"item\":\"https:\/\/www.weitzer-parkett.com\/fr\/pourquoi-weitzer-parkett-2\/\"},{\"@type\":\"ListItem\",\"position\":3,\"name\":\"Utilisation\"}]},{\"@type\":\"WebSite\",\"@id\":\"https:\/\/www.weitzer-parkett.com\/fr\/#website\",\"url\":\"https:\/\/www.weitzer-parkett.com\/fr\/\",\"name\":\"Weitzer Parkett\",\"description\":\"Intelligente Parkett- und Stiegenl\u00f6sungen\",\"publisher\":{\"@id\":\"https:\/\/www.weitzer-parkett.com\/fr\/#organization\"},\"potentialAction\":[{\"@type\":\"SearchAction\",\"target\":{\"@type\":\"EntryPoint\",\"urlTemplate\":\"https:\/\/www.weitzer-parkett.com\/fr\/?s={search_term_string}\"},\"query-input\":{\"@type\":\"PropertyValueSpecification\",\"valueRequired\":true,\"valueName\":\"search_term_string\"}}],\"inLanguage\":\"fr-FR\"},{\"@type\":\"Organization\",\"@id\":\"https:\/\/www.weitzer-parkett.com\/fr\/#organization\",\"name\":\"Weitzer Parkett\",\"url\":\"https:\/\/www.weitzer-parkett.com\/fr\/\",\"logo\":{\"@type\":\"ImageObject\",\"inLanguage\":\"fr-FR\",\"@id\":\"https:\/\/www.weitzer-parkett.com\/fr\/#\/schema\/logo\/image\/\",\"url\":\"https:\/\/www.weitzer-parkett.com\/wp-content\/uploads\/2018\/01\/weitzer-parkett-logo.png\",\"contentUrl\":\"https:\/\/www.weitzer-parkett.com\/wp-content\/uploads\/2018\/01\/weitzer-parkett-logo.png\",\"width\":253,\"height\":81,\"caption\":\"Weitzer Parkett\"},\"image\":{\"@id\":\"https:\/\/www.weitzer-parkett.com\/fr\/#\/schema\/logo\/image\/\"},\"sameAs\":[\"http:\/\/www.facebook.com\/weitzerparkett\",\"https:\/\/x.com\/weitzerparkett\",\"http:\/\/www.linkedin.com\/company\/weitzer-parkett\",\"https:\/\/www.pinterest.com\/weitzerparkett\/\",\"https:\/\/www.youtube.com\/user\/weitzerparkett\/\"]}]}<\/script>\n<!-- \/ Yoast SEO plugin. -->","yoast_head_json":{"title":"Utilisation | Weitzer Parkett","description":"Weitzer Parkett parquets permettent tout simplement et naturellement d\u2019\u00e9conomiser de l\u2019\u00e9nergie au quotidien.","robots":{"index":"index","follow":"follow","max-snippet":"max-snippet:-1","max-image-preview":"max-image-preview:large","max-video-preview":"max-video-preview:-1"},"canonical":"https:\/\/www.weitzer-parkett.com\/fr\/pourquoi-weitzer-parkett-2\/utilisation\/","og_locale":"fr_FR","og_type":"article","og_title":"Utilisation | Weitzer Parkett","og_description":"Weitzer Parkett parquets permettent tout simplement et naturellement d\u2019\u00e9conomiser de l\u2019\u00e9nergie au quotidien.","og_url":"https:\/\/www.weitzer-parkett.com\/fr\/pourquoi-weitzer-parkett-2\/utilisation\/","og_site_name":"Weitzer Parkett","article_publisher":"http:\/\/www.facebook.com\/weitzerparkett","article_modified_time":"2022-04-06T08:53:12+00:00","og_image":[{"width":1200,"height":450,"url":"https:\/\/www.weitzer-parkett.com\/wp-content\/uploads\/2017\/08\/Weiz-Header-1.jpg","type":"image\/jpeg"}],"twitter_card":"summary_large_image","twitter_site":"@weitzerparkett","schema":{"@context":"https:\/\/schema.org","@graph":[{"@type":"WebPage","@id":"https:\/\/www.weitzer-parkett.com\/fr\/pourquoi-weitzer-parkett-2\/utilisation\/","url":"https:\/\/www.weitzer-parkett.com\/fr\/pourquoi-weitzer-parkett-2\/utilisation\/","name":"Utilisation | Weitzer Parkett","isPartOf":{"@id":"https:\/\/www.weitzer-parkett.com\/fr\/#website"},"datePublished":"2017-10-10T14:03:40+00:00","dateModified":"2022-04-06T08:53:12+00:00","description":"Weitzer Parkett parquets permettent tout simplement et naturellement d\u2019\u00e9conomiser de l\u2019\u00e9nergie au quotidien.","breadcrumb":{"@id":"https:\/\/www.weitzer-parkett.com\/fr\/pourquoi-weitzer-parkett-2\/utilisation\/#breadcrumb"},"inLanguage":"fr-FR","potentialAction":[{"@type":"ReadAction","target":["https:\/\/www.weitzer-parkett.com\/fr\/pourquoi-weitzer-parkett-2\/utilisation\/"]}]},{"@type":"BreadcrumbList","@id":"https:\/\/www.weitzer-parkett.com\/fr\/pourquoi-weitzer-parkett-2\/utilisation\/#breadcrumb","itemListElement":[{"@type":"ListItem","position":1,"name":"Home","item":"https:\/\/www.weitzer-parkett.com\/fr\/"},{"@type":"ListItem","position":2,"name":"Pourquoi Weitzer Parkett","item":"https:\/\/www.weitzer-parkett.com\/fr\/pourquoi-weitzer-parkett-2\/"},{"@type":"ListItem","position":3,"name":"Utilisation"}]},{"@type":"WebSite","@id":"https:\/\/www.weitzer-parkett.com\/fr\/#website","url":"https:\/\/www.weitzer-parkett.com\/fr\/","name":"Weitzer Parkett","description":"Intelligente Parkett- und Stiegenl\u00f6sungen","publisher":{"@id":"https:\/\/www.weitzer-parkett.com\/fr\/#organization"},"potentialAction":[{"@type":"SearchAction","target":{"@type":"EntryPoint","urlTemplate":"https:\/\/www.weitzer-parkett.com\/fr\/?s={search_term_string}"},"query-input":{"@type":"PropertyValueSpecification","valueRequired":true,"valueName":"search_term_string"}}],"inLanguage":"fr-FR"},{"@type":"Organization","@id":"https:\/\/www.weitzer-parkett.com\/fr\/#organization","name":"Weitzer Parkett","url":"https:\/\/www.weitzer-parkett.com\/fr\/","logo":{"@type":"ImageObject","inLanguage":"fr-FR","@id":"https:\/\/www.weitzer-parkett.com\/fr\/#\/schema\/logo\/image\/","url":"https:\/\/www.weitzer-parkett.com\/wp-content\/uploads\/2018\/01\/weitzer-parkett-logo.png","contentUrl":"https:\/\/www.weitzer-parkett.com\/wp-content\/uploads\/2018\/01\/weitzer-parkett-logo.png","width":253,"height":81,"caption":"Weitzer Parkett"},"image":{"@id":"https:\/\/www.weitzer-parkett.com\/fr\/#\/schema\/logo\/image\/"},"sameAs":["http:\/\/www.facebook.com\/weitzerparkett","https:\/\/x.com\/weitzerparkett","http:\/\/www.linkedin.com\/company\/weitzer-parkett","https:\/\/www.pinterest.com\/weitzerparkett\/","https:\/\/www.youtube.com\/user\/weitzerparkett\/"]}]}},"_links":{"self":[{"href":"https:\/\/www.weitzer-parkett.com\/fr\/wp-json\/wp\/v2\/pages\/7321","targetHints":{"allow":["GET"]}}],"collection":[{"href":"https:\/\/www.weitzer-parkett.com\/fr\/wp-json\/wp\/v2\/pages"}],"about":[{"href":"https:\/\/www.weitzer-parkett.com\/fr\/wp-json\/wp\/v2\/types\/page"}],"author":[{"embeddable":true,"href":"https:\/\/www.weitzer-parkett.com\/fr\/wp-json\/wp\/v2\/users\/1"}],"replies":[{"embeddable":true,"href":"https:\/\/www.weitzer-parkett.com\/fr\/wp-json\/wp\/v2\/comments?post=7321"}],"version-history":[{"count":2,"href":"https:\/\/www.weitzer-parkett.com\/fr\/wp-json\/wp\/v2\/pages\/7321\/revisions"}],"predecessor-version":[{"id":43154,"href":"https:\/\/www.weitzer-parkett.com\/fr\/wp-json\/wp\/v2\/pages\/7321\/revisions\/43154"}],"up":[{"embeddable":true,"href":"https:\/\/www.weitzer-parkett.com\/fr\/wp-json\/wp\/v2\/pages\/16401"}],"wp:attachment":[{"href":"https:\/\/www.weitzer-parkett.com\/fr\/wp-json\/wp\/v2\/media?parent=7321"}],"curies":[{"name":"wp","href":"https:\/\/api.w.org\/{rel}","templated":true}]}}