{"id":68326,"date":"2021-08-25T16:02:13","date_gmt":"2021-08-25T14:02:13","guid":{"rendered":"https:\/\/www.weitzer-parkett.com\/karriere\/"},"modified":"2026-03-24T15:04:36","modified_gmt":"2026-03-24T14:04:36","slug":"carriere","status":"publish","type":"page","link":"https:\/\/www.weitzer-parkett.com\/fr\/carriere\/","title":{"rendered":"Carri\u00e8re"},"content":{"rendered":"<div id=\"ep-block-page-header-block_d61d94978816e9b608b948725c78c0bc\" class=\"ep-block-page-header ep-block  chosen-bg-theme-beige type-2\">\n            <div class=\"show-frontend\">\n\n            \n                <div class=\"inner\">\n                    <div class=\"container mx-auto\">\n                        <div class=\"text-container\">\n\n                                                            <div class=\"breadcrumbs-wrapper\">\n                                    <span><span><a href=\"https:\/\/www.weitzer-parkett.com\/fr\/\">Home<\/a><\/span><\/span>\n                                <\/div>\n                            \n                                                            <h1>Travailler avec nous<\/h1>\n                            \n                                                            <div class=\"text-wrapper\"><p>Weitzer Parkett recherche des collaborateurs et collaboratrices d\u00e9sireux de mettre leurs comp\u00e9tences au service de solutions produits intelligentes et durables. C&#8217;est l\u00e0 le fondement d&#8217;une satisfaction client durable, qui, \u00e0 son tour, garantit la p\u00e9rennit\u00e9 de nos emplois.<\/p>\n<\/div>\n                            \n                            \n                        <\/div>\n                    <\/div>\n                <\/div>\n\n                                                        <div class=\"image-wrapper\">\n                        \n                        \n                        \n                                                                                                        \n                        \n                                                                        \n                        <picture class=\"image\">\n                            <source srcset=\"https:\/\/www.weitzer-parkett.com\/wp-content\/uploads\/2022\/04\/unternehmensgeschichte-weitzerparkett-header-910x666-c-center.jpg 1x\" media=\"(min-resolution: 120dpi)\"\/>\n                            <source srcset=\"https:\/\/www.weitzer-parkett.com\/wp-content\/uploads\/2022\/04\/unternehmensgeschichte-weitzerparkett-header-910x666-c-center.jpg 1x\" media=\"(min-width: 1024px)\"\/>\n                            <source srcset=\"https:\/\/www.weitzer-parkett.com\/wp-content\/uploads\/2022\/04\/unternehmensgeschichte-weitzerparkett-header-684x496-c-center.jpg 1x\" media=\"(min-width: 768px)\"\/>\n                            <source srcset=\"https:\/\/www.weitzer-parkett.com\/wp-content\/uploads\/2022\/04\/unternehmensgeschichte-weitzerparkett-header-356x258-c-center.jpg 1x\" media=\"(max-width: 767px)\"\/>\n                            <img decoding=\"async\" src=\"https:\/\/www.weitzer-parkett.com\/wp-content\/uploads\/2022\/04\/unternehmensgeschichte-weitzerparkett-header-356x258-c-center.jpg\" alt=\"\" title=\"unternehmensgeschichte-weitzerparkett-header\"\/>\n                        <\/picture>\n                    <\/div>\n\n                                    \n                    <\/div>\n    <\/div>\n\n\n<div id=\"ep-block-wysiwyg-block_42dca8c4752e5a65f73feda9c521667b\" class=\"ep-block-wysiwyg ep-block  chosen-\">\n                        <div class=\"show-frontend\">\n                <div class=\"inner\">\n                    <div class=\"holder\"><h2>Carri\u00e8res chez Weitzer Parkett<\/h2>\n<p>Vous poss\u00e9dez des comp\u00e9tences, des centres d&#8217;int\u00e9r\u00eat et une exp\u00e9rience particuliers : nous recherchons des personnes d\u00e9sireuses de les mettre \u00e0 profit pour mener une carri\u00e8re int\u00e9ressante, vari\u00e9e et durable chez Weitzer Parkett. Vous souhaitez mettre en \u0153uvre et d\u00e9velopper vos atouts personnels en lien avec notre volont\u00e9 de cr\u00e9er des produits innovants ? Notre entreprise familiale et le bois, mat\u00e9riau naturel, offrent pour cela les conditions id\u00e9ales.<\/p>\n<\/div>\n                <\/div>\n            <\/div>\n            <\/div>\n\n<div id=\"ep-block-jobs-block_942f4c58a6bb87f825ada50c70b4f8a8\" class=\"ep-block-jobs ep-block  chosen-\">\n            <div class=\"show-frontend\">\n            <div class=\"position-wrapper\">\n                <div class=\"job_listings\" data-location=\"\" data-keywords=\"\" data-show_filters=\"true\" data-show_pagination=\"false\" data-per_page=\"10\" data-orderby=\"featured\" data-order=\"DESC\" data-categories=\"\" data-disable-form-state-storage=\"\" data-featured_first=\"false\" data-post_id=\"68326\" >\n<form class=\"job_filters\">\n\t\n\t\n    <h3 class=\"h3-jobs-filter\"><i class=\"fa fa-filter\"><\/i> Jobs Filtern<\/h3>\n\t<div class=\"job_types\">\n\t\t                        <div class=\"job-type\">\n                <input type=\"checkbox\" name=\"filter_job_type[]\" value=\"ile-de-france\"  checked='checked' id=\"job_type_ile-de-france\" \/>\n                <label for=\"job_type_ile-de-france\" class=\"ile-de-france\"><span class=\"check\"><\/span>\u00cele-de-France<\/label>\n            <\/div>\n\t\t                                    \t<\/div>\n\t<input type=\"hidden\" name=\"filter_job_type[]\" value=\"\" \/>\n\n<div class=\"showing_jobs\"><\/div><\/form>\n\n\n<noscript>Votre navigateur ne supporte pas JavaScript, ou bien JavaScript est d\u00e9sactiv\u00e9. JavaScript doit \u00eatre activ\u00e9 pour pouvoir visualiser des postes.<\/noscript>\n<div class=\"job_listings tiles\">\n    <\/div>\n<a class=\"load_more_jobs\" href=\"#\" style=\"display:none;\"><strong>Afficher plus d\u2019offres<\/strong><\/a><\/div>\n            <\/div>\n        <\/div>\n    <\/div>\n\n<div id=\"ep-block-2-cols-text-block_37dcddf22661cb86acfc39694461abd8\" class=\"ep-block-2-cols-text ep-block  chosen-bg-theme-gray-middle\">\n            <div class=\"show-frontend\">\n            <div class=\"inner\">\n                                    <h2>Kontakt<\/h2>\n                                <div class=\"col-wrapper\">\n                    <div class=\"col-left col\"><p>Veuillez envoyer votre candidature par courrier postal ou par e-mail \u00e0<\/p>\n<h4>Weitzer Parkett Vertriebs GmbH<\/h4>\n<p>Human Resources<br \/>\nKlammstra\u00dfe 24<br \/>\n8160 Weiz<br \/>\n+43 (0) 3172 \/ 2372 \u2013 0<br \/>\n<a href=\"mailto:jobs@weitzer-parkett.com\">jobs@weitzer-parkett.com<\/a><\/p>\n<\/div>\n                    <div class=\"col-right col\"><p><img decoding=\"async\" width=\"800\" height=\"533\" class=\"alignnone size-full wp-image-65842\" src=\"https:\/\/www.weitzer-parkett.com\/wp-content\/uploads\/2025\/05\/Scheibl-Bianca_MidRes_8677.jpg\" alt=\"\" srcset=\"\/\/www.weitzer-parkett.com\/wp-content\/uploads\/2025\/05\/Scheibl-Bianca_MidRes_8677.jpg 800w, \/\/www.weitzer-parkett.com\/wp-content\/uploads\/2025\/05\/Scheibl-Bianca_MidRes_8677-250x167.jpg 250w, \/\/www.weitzer-parkett.com\/wp-content\/uploads\/2025\/05\/Scheibl-Bianca_MidRes_8677-700x466.jpg 700w, \/\/www.weitzer-parkett.com\/wp-content\/uploads\/2025\/05\/Scheibl-Bianca_MidRes_8677-768x512.jpg 768w, \/\/www.weitzer-parkett.com\/wp-content\/uploads\/2025\/05\/Scheibl-Bianca_MidRes_8677-120x80.jpg 120w\" sizes=\"(max-width: 800px) 100vw, 800px\" \/><\/p>\n<p>Responsable du service des ressources humaines :<br \/>\nBianca Scheibl<\/p>\n<\/div>\n                <\/div>\n            <\/div>\n        <\/div>\n    <\/div>","protected":false},"excerpt":{"rendered":"","protected":false},"author":1,"featured_media":0,"parent":0,"menu_order":0,"comment_status":"closed","ping_status":"closed","template":"","meta":{"_acf_changed":false,"footnotes":""},"class_list":["post-68326","page","type-page","status-publish","hentry"],"acf":[],"yoast_head":"<!-- This site is optimized with the Yoast SEO plugin v27.1.1 - https:\/\/yoast.com\/product\/yoast-seo-wordpress\/ -->\n<title>Vous cherchez un emploi ? Faites carri\u00e8re chez Weitzer Parkett<\/title>\n<meta name=\"description\" content=\"Nous recherchons des personnes d\u00e9sireuses de mettre leurs comp\u00e9tences au service de solutions produits intelligentes et durables. D\u00e9couvrez les offres d&#039;emploi chez Weitzer Parkett.\" \/>\n<meta name=\"robots\" content=\"index, follow, max-snippet:-1, max-image-preview:large, max-video-preview:-1\" \/>\n<link rel=\"canonical\" href=\"https:\/\/www.weitzer-parkett.com\/fr\/carriere\/\" \/>\n<meta property=\"og:locale\" content=\"fr_FR\" \/>\n<meta property=\"og:type\" content=\"article\" \/>\n<meta property=\"og:title\" content=\"Vous cherchez un emploi ? Faites carri\u00e8re chez Weitzer Parkett\" \/>\n<meta property=\"og:description\" content=\"Nous recherchons des personnes d\u00e9sireuses de mettre leurs comp\u00e9tences au service de solutions produits intelligentes et durables. D\u00e9couvrez les offres d&#039;emploi chez Weitzer Parkett.\" \/>\n<meta property=\"og:url\" content=\"https:\/\/www.weitzer-parkett.com\/fr\/carriere\/\" \/>\n<meta property=\"og:site_name\" content=\"Weitzer Parkett\" \/>\n<meta property=\"article:publisher\" content=\"http:\/\/www.facebook.com\/weitzerparkett\" \/>\n<meta property=\"article:modified_time\" content=\"2026-03-24T14:04:36+00:00\" \/>\n<meta property=\"og:image\" content=\"https:\/\/www.weitzer-parkett.com\/wp-content\/uploads\/2017\/08\/Weiz-Header-1.jpg\" \/>\n\t<meta property=\"og:image:width\" content=\"1200\" \/>\n\t<meta property=\"og:image:height\" content=\"450\" \/>\n\t<meta property=\"og:image:type\" content=\"image\/jpeg\" \/>\n<meta name=\"twitter:card\" content=\"summary_large_image\" \/>\n<meta name=\"twitter:site\" content=\"@weitzerparkett\" \/>\n<script type=\"application\/ld+json\" class=\"yoast-schema-graph\">{\"@context\":\"https:\/\/schema.org\",\"@graph\":[{\"@type\":\"WebPage\",\"@id\":\"https:\/\/www.weitzer-parkett.com\/fr\/carriere\/\",\"url\":\"https:\/\/www.weitzer-parkett.com\/fr\/carriere\/\",\"name\":\"Vous cherchez un emploi ? Faites carri\u00e8re chez Weitzer Parkett\",\"isPartOf\":{\"@id\":\"https:\/\/www.weitzer-parkett.com\/fr\/#website\"},\"datePublished\":\"2021-08-25T14:02:13+00:00\",\"dateModified\":\"2026-03-24T14:04:36+00:00\",\"description\":\"Nous recherchons des personnes d\u00e9sireuses de mettre leurs comp\u00e9tences au service de solutions produits intelligentes et durables. D\u00e9couvrez les offres d'emploi chez Weitzer Parkett.\",\"breadcrumb\":{\"@id\":\"https:\/\/www.weitzer-parkett.com\/fr\/carriere\/#breadcrumb\"},\"inLanguage\":\"fr-FR\",\"potentialAction\":[{\"@type\":\"ReadAction\",\"target\":[\"https:\/\/www.weitzer-parkett.com\/fr\/carriere\/\"]}]},{\"@type\":\"BreadcrumbList\",\"@id\":\"https:\/\/www.weitzer-parkett.com\/fr\/carriere\/#breadcrumb\",\"itemListElement\":[{\"@type\":\"ListItem\",\"position\":1,\"name\":\"Home\",\"item\":\"https:\/\/www.weitzer-parkett.com\/fr\/\"},{\"@type\":\"ListItem\",\"position\":2,\"name\":\"Carri\u00e8re\"}]},{\"@type\":\"WebSite\",\"@id\":\"https:\/\/www.weitzer-parkett.com\/fr\/#website\",\"url\":\"https:\/\/www.weitzer-parkett.com\/fr\/\",\"name\":\"Weitzer Parkett\",\"description\":\"Intelligente Parkett- und Stiegenl\u00f6sungen\",\"publisher\":{\"@id\":\"https:\/\/www.weitzer-parkett.com\/fr\/#organization\"},\"potentialAction\":[{\"@type\":\"SearchAction\",\"target\":{\"@type\":\"EntryPoint\",\"urlTemplate\":\"https:\/\/www.weitzer-parkett.com\/fr\/?s={search_term_string}\"},\"query-input\":{\"@type\":\"PropertyValueSpecification\",\"valueRequired\":true,\"valueName\":\"search_term_string\"}}],\"inLanguage\":\"fr-FR\"},{\"@type\":\"Organization\",\"@id\":\"https:\/\/www.weitzer-parkett.com\/fr\/#organization\",\"name\":\"Weitzer Parkett\",\"url\":\"https:\/\/www.weitzer-parkett.com\/fr\/\",\"logo\":{\"@type\":\"ImageObject\",\"inLanguage\":\"fr-FR\",\"@id\":\"https:\/\/www.weitzer-parkett.com\/fr\/#\/schema\/logo\/image\/\",\"url\":\"https:\/\/www.weitzer-parkett.com\/wp-content\/uploads\/2018\/01\/weitzer-parkett-logo.png\",\"contentUrl\":\"https:\/\/www.weitzer-parkett.com\/wp-content\/uploads\/2018\/01\/weitzer-parkett-logo.png\",\"width\":253,\"height\":81,\"caption\":\"Weitzer Parkett\"},\"image\":{\"@id\":\"https:\/\/www.weitzer-parkett.com\/fr\/#\/schema\/logo\/image\/\"},\"sameAs\":[\"http:\/\/www.facebook.com\/weitzerparkett\",\"https:\/\/x.com\/weitzerparkett\",\"http:\/\/www.linkedin.com\/company\/weitzer-parkett\",\"https:\/\/www.pinterest.com\/weitzerparkett\/\",\"https:\/\/www.youtube.com\/user\/weitzerparkett\/\"]}]}<\/script>\n<!-- \/ Yoast SEO plugin. -->","yoast_head_json":{"title":"Vous cherchez un emploi ? Faites carri\u00e8re chez Weitzer Parkett","description":"Nous recherchons des personnes d\u00e9sireuses de mettre leurs comp\u00e9tences au service de solutions produits intelligentes et durables. D\u00e9couvrez les offres d'emploi chez Weitzer Parkett.","robots":{"index":"index","follow":"follow","max-snippet":"max-snippet:-1","max-image-preview":"max-image-preview:large","max-video-preview":"max-video-preview:-1"},"canonical":"https:\/\/www.weitzer-parkett.com\/fr\/carriere\/","og_locale":"fr_FR","og_type":"article","og_title":"Vous cherchez un emploi ? Faites carri\u00e8re chez Weitzer Parkett","og_description":"Nous recherchons des personnes d\u00e9sireuses de mettre leurs comp\u00e9tences au service de solutions produits intelligentes et durables. D\u00e9couvrez les offres d'emploi chez Weitzer Parkett.","og_url":"https:\/\/www.weitzer-parkett.com\/fr\/carriere\/","og_site_name":"Weitzer Parkett","article_publisher":"http:\/\/www.facebook.com\/weitzerparkett","article_modified_time":"2026-03-24T14:04:36+00:00","og_image":[{"width":1200,"height":450,"url":"https:\/\/www.weitzer-parkett.com\/wp-content\/uploads\/2017\/08\/Weiz-Header-1.jpg","type":"image\/jpeg"}],"twitter_card":"summary_large_image","twitter_site":"@weitzerparkett","schema":{"@context":"https:\/\/schema.org","@graph":[{"@type":"WebPage","@id":"https:\/\/www.weitzer-parkett.com\/fr\/carriere\/","url":"https:\/\/www.weitzer-parkett.com\/fr\/carriere\/","name":"Vous cherchez un emploi ? Faites carri\u00e8re chez Weitzer Parkett","isPartOf":{"@id":"https:\/\/www.weitzer-parkett.com\/fr\/#website"},"datePublished":"2021-08-25T14:02:13+00:00","dateModified":"2026-03-24T14:04:36+00:00","description":"Nous recherchons des personnes d\u00e9sireuses de mettre leurs comp\u00e9tences au service de solutions produits intelligentes et durables. D\u00e9couvrez les offres d'emploi chez Weitzer Parkett.","breadcrumb":{"@id":"https:\/\/www.weitzer-parkett.com\/fr\/carriere\/#breadcrumb"},"inLanguage":"fr-FR","potentialAction":[{"@type":"ReadAction","target":["https:\/\/www.weitzer-parkett.com\/fr\/carriere\/"]}]},{"@type":"BreadcrumbList","@id":"https:\/\/www.weitzer-parkett.com\/fr\/carriere\/#breadcrumb","itemListElement":[{"@type":"ListItem","position":1,"name":"Home","item":"https:\/\/www.weitzer-parkett.com\/fr\/"},{"@type":"ListItem","position":2,"name":"Carri\u00e8re"}]},{"@type":"WebSite","@id":"https:\/\/www.weitzer-parkett.com\/fr\/#website","url":"https:\/\/www.weitzer-parkett.com\/fr\/","name":"Weitzer Parkett","description":"Intelligente Parkett- und Stiegenl\u00f6sungen","publisher":{"@id":"https:\/\/www.weitzer-parkett.com\/fr\/#organization"},"potentialAction":[{"@type":"SearchAction","target":{"@type":"EntryPoint","urlTemplate":"https:\/\/www.weitzer-parkett.com\/fr\/?s={search_term_string}"},"query-input":{"@type":"PropertyValueSpecification","valueRequired":true,"valueName":"search_term_string"}}],"inLanguage":"fr-FR"},{"@type":"Organization","@id":"https:\/\/www.weitzer-parkett.com\/fr\/#organization","name":"Weitzer Parkett","url":"https:\/\/www.weitzer-parkett.com\/fr\/","logo":{"@type":"ImageObject","inLanguage":"fr-FR","@id":"https:\/\/www.weitzer-parkett.com\/fr\/#\/schema\/logo\/image\/","url":"https:\/\/www.weitzer-parkett.com\/wp-content\/uploads\/2018\/01\/weitzer-parkett-logo.png","contentUrl":"https:\/\/www.weitzer-parkett.com\/wp-content\/uploads\/2018\/01\/weitzer-parkett-logo.png","width":253,"height":81,"caption":"Weitzer Parkett"},"image":{"@id":"https:\/\/www.weitzer-parkett.com\/fr\/#\/schema\/logo\/image\/"},"sameAs":["http:\/\/www.facebook.com\/weitzerparkett","https:\/\/x.com\/weitzerparkett","http:\/\/www.linkedin.com\/company\/weitzer-parkett","https:\/\/www.pinterest.com\/weitzerparkett\/","https:\/\/www.youtube.com\/user\/weitzerparkett\/"]}]}},"_links":{"self":[{"href":"https:\/\/www.weitzer-parkett.com\/fr\/wp-json\/wp\/v2\/pages\/68326","targetHints":{"allow":["GET"]}}],"collection":[{"href":"https:\/\/www.weitzer-parkett.com\/fr\/wp-json\/wp\/v2\/pages"}],"about":[{"href":"https:\/\/www.weitzer-parkett.com\/fr\/wp-json\/wp\/v2\/types\/page"}],"author":[{"embeddable":true,"href":"https:\/\/www.weitzer-parkett.com\/fr\/wp-json\/wp\/v2\/users\/1"}],"replies":[{"embeddable":true,"href":"https:\/\/www.weitzer-parkett.com\/fr\/wp-json\/wp\/v2\/comments?post=68326"}],"version-history":[{"count":2,"href":"https:\/\/www.weitzer-parkett.com\/fr\/wp-json\/wp\/v2\/pages\/68326\/revisions"}],"predecessor-version":[{"id":68330,"href":"https:\/\/www.weitzer-parkett.com\/fr\/wp-json\/wp\/v2\/pages\/68326\/revisions\/68330"}],"wp:attachment":[{"href":"https:\/\/www.weitzer-parkett.com\/fr\/wp-json\/wp\/v2\/media?parent=68326"}],"curies":[{"name":"wp","href":"https:\/\/api.w.org\/{rel}","templated":true}]}}