{"id":48569,"date":"2022-04-22T22:07:13","date_gmt":"2022-04-22T20:07:13","guid":{"rendered":"http:\/\/stage.weitzer-parkett.com\/?page_id=48569"},"modified":"2022-04-26T12:14:26","modified_gmt":"2022-04-26T10:14:26","slug":"bois-regional-deurope","status":"publish","type":"page","link":"https:\/\/www.weitzer-parkett.com\/fr\/bois-regional-deurope\/","title":{"rendered":"Bois r\u00e9gional d&#8217;Europe"},"content":{"rendered":"<div id=\"ep-block-page-header-block_6262833b33f60\" class=\"ep-block-page-header ep-block  chosen-bg-theme-beige type-3\">\n            <div class=\"show-frontend\">\n\n            \n                <div class=\"inner\">\n                    <div class=\"container mx-auto\">\n                        <div class=\"text-container\">\n\n                                                            <div class=\"breadcrumbs-wrapper\">\n                                    <span><span><a href=\"https:\/\/www.weitzer-parkett.com\/fr\/\">Home<\/a><\/span><\/span>\n                                <\/div>\n                            \n                                                            <h1>Bois r\u00e9gional d&#8217;Europe<\/h1>\n                            \n                            \n                            \n                        <\/div>\n                    <\/div>\n                <\/div>\n\n                                                        <div class=\"image-wrapper\">\n                        \n                        \n                        \n                        \n                                                                                                        \n                                                                        \n                        <picture class=\"image\">\n                            <source srcset=\"https:\/\/www.weitzer-parkett.com\/wp-content\/uploads\/2022\/04\/oekologische-verantwortung-Tropenholz-heimische-hoelzer-blog-960x530-c-center.jpg 1x\" media=\"(min-resolution: 120dpi)\"\/>\n                            <source srcset=\"https:\/\/www.weitzer-parkett.com\/wp-content\/uploads\/2022\/04\/oekologische-verantwortung-Tropenholz-heimische-hoelzer-blog-960x530-c-center.jpg 1x\" media=\"(min-width: 1024px)\"\/>\n                            <source srcset=\"https:\/\/www.weitzer-parkett.com\/wp-content\/uploads\/2022\/04\/oekologische-verantwortung-Tropenholz-heimische-hoelzer-blog-960x530-c-center.jpg 1x\" media=\"(min-width: 768px)\"\/>\n                            <source srcset=\"https:\/\/www.weitzer-parkett.com\/wp-content\/uploads\/2022\/04\/oekologische-verantwortung-Tropenholz-heimische-hoelzer-blog-340x375-c-center.jpg 1x\" media=\"(max-width: 767px)\"\/>\n                            <img decoding=\"async\" src=\"https:\/\/www.weitzer-parkett.com\/wp-content\/uploads\/2022\/04\/oekologische-verantwortung-Tropenholz-heimische-hoelzer-blog-340x375-c-center.jpg\" alt=\"\" title=\"oekologische-verantwortung-Tropenholz-heimische-hoelzer-blog\"\/>\n                        <\/picture>\n                    <\/div>\n\n                                            <div class=\"white-space-wrapper\"><\/div>\n                                    \n                    <\/div>\n    <\/div>\n\n\n<div id=\"ep-block-wysiwyg-block_6262835c33f61\" class=\"ep-block-wysiwyg ep-block  chosen-\">\n                        <div class=\"show-frontend\">\n                <div class=\"inner\">\n                    <div class=\"holder\"><h2>Le bois tropical a sa place sous les tropiques.<\/h2>\n<p>Difficile \u00e0 imaginer, mais pourtant malheureusement toujours r\u00e9alit\u00e9 : le bois tropical est transport\u00e9 \u00e0 travers la moiti\u00e9 du continent vers l&#8217;Europe &#8211; bien qu&#8217;il y ait ici suffisamment de bois d&#8217;excellente qualit\u00e9. Et en sachant que le d\u00e9boisement de la for\u00eat tropicale a des cons\u00e9quences \u00e9cologiques importantes sur le climat mondial. C&#8217;est pourquoi nous sommes l&#8217;un des premiers grands fabricants de parquets \u00e0 renoncer totalement au bois tropical depuis des ann\u00e9es. Car dire non \u00e0 cela, c&#8217;est dire clairement oui \u00e0 la durabilit\u00e9.<\/p>\n<\/div>\n                <\/div>\n            <\/div>\n            <\/div>\n\n<div id=\"ep-block-wysiwyg-block_626284d933f65\" class=\"ep-block-wysiwyg ep-block  chosen-\">\n                        <div class=\"show-frontend\">\n                <div class=\"inner\">\n                    <div class=\"holder\"><h2>De la nature. Pour la nature.<\/h2>\n<p>Le bois est une mati\u00e8re premi\u00e8re exceptionnelle qui n&#8217;am\u00e9liore pas seulement le climat \u00e0 la maison. C&#8217;est le rev\u00eatement de sol le plus respectueux de l&#8217;environnement, car il repousse et est neutre en termes de CO2. Mais : il est \u00e9galement important de savoir d&#8217;o\u00f9 vient le bois. S&#8217;il parcourt des distances de transport inutiles pour arriver chez vous, cela se r\u00e9percute quand m\u00eame sur le bilan climatique. C&#8217;est pourquoi nous utilisons les meilleurs bois locaux. Et nous approvisionnons plus de la moiti\u00e9 de la ville de Weiz en \u00e9nergie renouvelable issue de la transformation de nos sous-produits du bois !<\/p>\n<\/div>\n                <\/div>\n            <\/div>\n            <\/div>\n\n<div id=\"ep-block-gallery-block_6262850a33f66\" class=\"ep-block-gallery ep-block  chosen-\">\n                        <div class=\"show-frontend\">\n                <a href=\"#\" class=\"slick-prev-next slick-prev\">\n                    <svg id=\"f98cebba-e5ca-4a5b-a9d2-8a8f4b718c48\" data-name=\"Ebene 1\" xmlns=\"http:\/\/www.w3.org\/2000\/svg\" viewBox=\"0 0 66.5 66.5\">\n  <defs>\n    <style>\n      .ab78e223-9e67-4f7d-821d-36fa53b307a7 {\n        fill: #281212;\n      }\n    <\/style>\n  <\/defs>\n  <path class=\"ab78e223-9e67-4f7d-821d-36fa53b307a7\" d=\"M.25,33.5A33.25,33.25,0,1,1,33.5,66.75,33.29,33.29,0,0,1,.25,33.5Zm1.5,0A31.75,31.75,0,1,0,33.5,1.75,31.78,31.78,0,0,0,1.75,33.5Z\" transform=\"translate(-0.25 -0.25)\"\/>\n  <polygon class=\"ab78e223-9e67-4f7d-821d-36fa53b307a7\" points=\"38.81 50.27 39.88 49.23 24.14 33.1 39.88 16.97 38.81 15.92 22.05 33.1 38.81 50.27\"\/>\n<\/svg>\n                <\/a>\n\n                <div class=\"gallery-wrapper\">\n                    <div class=\"slider\">\n                                                    <div class=\"slide-item\">\n                                                                                                                                                                                                                                                        \n\n                                                                        \n                                                                        \n                                    <picture class=\"image is-landscape\">\n                                        <source srcset=\"https:\/\/www.weitzer-parkett.com\/wp-content\/uploads\/2022\/04\/Weitzer_Diele_1800_Eiche_Savanne_ruhig_PA_1640x1080-820x540-c-center.jpg 1x\" media=\"(min-width: 1024px)\"\/>\n                                        <source srcset=\"https:\/\/www.weitzer-parkett.com\/wp-content\/uploads\/2022\/04\/Weitzer_Diele_1800_Eiche_Savanne_ruhig_PA_1640x1080-820x540-c-center.jpg 1x\" media=\"(min-width: 768px)\"\/>\n                                        <source srcset=\"https:\/\/www.weitzer-parkett.com\/wp-content\/uploads\/2022\/04\/Weitzer_Diele_1800_Eiche_Savanne_ruhig_PA_1640x1080-430x288-c-center.jpg 1x\" media=\"(max-width: 767px)\"\/>\n                                        <img decoding=\"async\" src=\"https:\/\/www.weitzer-parkett.com\/wp-content\/uploads\/2022\/04\/Weitzer_Diele_1800_Eiche_Savanne_ruhig_PA_1640x1080-430x288-c-center.jpg\" class=\"no-lazy\" alt=\"\" title=\"Weitzer_Diele_1800_Eiche_Savanne_ruhig_PA_1640x1080\"\/>\n                                                                            <\/picture>\n                                                            <\/div>\n                                            <\/div>\n                <\/div>\n\n                <a href=\"#\" class=\"slick-prev-next slick-next\">\n                    <svg id=\"ff25ce8b-1672-443b-9964-b93df5f1a4ba\" data-name=\"Ebene 1\" xmlns=\"http:\/\/www.w3.org\/2000\/svg\" viewBox=\"0 0 66.5 66.5\">\n  <defs>\n    <style>\n      .eecbd091-678c-45b8-a12a-4b24f9fcaf43 {\n        fill: #281212;\n      }\n    <\/style>\n  <\/defs>\n  <path class=\"eecbd091-678c-45b8-a12a-4b24f9fcaf43\" d=\"M33.5,66.75A33.25,33.25,0,1,1,66.75,33.5,33.29,33.29,0,0,1,33.5,66.75Zm0-65A31.75,31.75,0,1,0,65.25,33.5,31.78,31.78,0,0,0,33.5,1.75Z\" transform=\"translate(-0.25 -0.25)\"\/>\n  <polygon class=\"eecbd091-678c-45b8-a12a-4b24f9fcaf43\" points=\"27.69 50.27 26.62 49.23 42.36 33.1 26.62 16.97 27.69 15.92 44.45 33.1 27.69 50.27\"\/>\n<\/svg>\n                <\/a>\n            <\/div>\n            <\/div>\n\n<div id=\"ep-block-wysiwyg-block_6262854533f67\" class=\"ep-block-wysiwyg ep-block  chosen-\">\n                        <div class=\"show-frontend\">\n                <div class=\"inner\">\n                    <div class=\"holder\"><h3>Du bois local en provenance d&#8217;Europe.<\/h3>\n<p>En tant que fabricant de parquet de premier plan, nous sommes conscients de notre <a href=\"https:\/\/www.weitzer-parkett.com\/fr\/pourquoi-weitzer-parkett\/parquet-responsabilite-ecologique\/\">responsabilit\u00e9<\/a> de contribuer de mani\u00e8re importante \u00e0 la protection de la nature. C&#8217;est pourquoi nous nous approvisionnons exclusivement en bois issu de la sylviculture durable. Et nous proposons, outre le ch\u00eane classique, des essences de bois tendance particuli\u00e8res comme le fr\u00eane, le h\u00eatre et le noyer. Nous veillons \u00e0 ce que plus de 50 % de notre bois provienne d&#8217;Autriche, de Croatie et de Hongrie, dans un rayon r\u00e9gional de 250 kilom\u00e8tres. Ainsi, nous vivons chaque jour un peu de changement.<\/p>\n<\/div>\n                <\/div>\n            <\/div>\n            <\/div>\n\n<div id=\"ep-block-teaser-block_6262848e33f64\" class=\"ep-block-teaser ep-block  chosen-\">\n            <div class=\"show-frontend style-1\">\n            <div class=\"rectangle rectangle-1\"><\/div>\n            <div class=\"rectangle rectangle-2\"><\/div>\n            <div class=\"holder\">\n\n                                                                                                        \n                <div class=\"position-wrapper\">\n                                                                                                                                                                    <div class=\"image-wrapper\">                             <picture>\n                                <source srcset=\"https:\/\/www.weitzer-parkett.com\/wp-content\/uploads\/2022\/04\/beschaffungherstellung-nutzung-entsorgung-holz-parkett-582x388-c-center.jpg 1x\" media=\"(min-width: 1024px)\"\/>\n                                                                 <a href=\"https:\/\/www.weitzer-parkett.com\/fr\/parquet\/\" target=\"\">\n                                <img decoding=\"async\" src=\"https:\/\/www.weitzer-parkett.com\/wp-content\/uploads\/2022\/04\/beschaffungherstellung-nutzung-entsorgung-holz-parkett-582x388-c-center.jpg\" alt=\"\" title=\"beschaffung,herstellung-nutzung-entsorgung-holz-parkett\"\/>\n                                <\/a>\n                            <\/picture>\n                        <\/div>\n                    \n                    <div class=\"text-wrapper\">\n                                                    <h2>\n                                 <a href=\"https:\/\/www.weitzer-parkett.com\/fr\/parquet\/\" target=\"\">\n                                Le d\u00e9veloppement durable. Mais bien s\u00fbr !\n                                <\/a>\n                            <\/h2>\n                        \n                                                    <div class=\"text\"><p>Weitzer Parkett est une d\u00e9cision en faveur de l&#8217;environnement. Nous ne sommes pas les seuls \u00e0 nous en porter garants, nos fournisseurs le sont aussi. En effet, nos fabricants de l&#8217;UE r\u00e9pondent \u00e9galement aux crit\u00e8res \u00e9lev\u00e9s &#8211; exig\u00e9s par Weitzer Parkett &#8211; en mati\u00e8re de protection de l&#8217;environnement et du travail. M\u00eame les fournisseurs d&#8217;autres pays d&#8217;origine sont soumis \u00e0 des obligations strictes.<\/p>\n<\/div>\n                        \n                                                    <div class=\"link-wrapper\">\n                                <a href=\"https:\/\/www.weitzer-parkett.com\/fr\/parquet\/\" target=\"\" class=\"btn ghost\">\n                                    Trouvez votre parquet\n                                <\/a>\n                            <\/div>\n                        \n                    <\/div>\n                <\/div>\n            <\/div>\n        <\/div>\n    <\/div>","protected":false},"excerpt":{"rendered":"","protected":false},"author":1,"featured_media":0,"parent":0,"menu_order":0,"comment_status":"closed","ping_status":"closed","template":"","meta":{"_acf_changed":false,"footnotes":""},"class_list":["post-48569","page","type-page","status-publish","hentry"],"acf":[],"yoast_head":"<!-- This site is optimized with the Yoast SEO plugin v27.1.1 - https:\/\/yoast.com\/product\/yoast-seo-wordpress\/ -->\n<title>Bois r\u00e9gional d&#039;Europe | Weitzer Parkett<\/title>\n<meta name=\"description\" content=\"Nous sommes l&#039;un des premiers grands fabricants de parquets \u00e0 renoncer totalement au bois tropical depuis des ann\u00e9es. Car dire non \u00e0 cela, c&#039;est dire clairement oui \u00e0 la durabilit\u00e9.\" \/>\n<meta name=\"robots\" content=\"index, follow, max-snippet:-1, max-image-preview:large, max-video-preview:-1\" \/>\n<link rel=\"canonical\" href=\"https:\/\/www.weitzer-parkett.com\/fr\/bois-regional-deurope\/\" \/>\n<meta property=\"og:locale\" content=\"fr_FR\" \/>\n<meta property=\"og:type\" content=\"article\" \/>\n<meta property=\"og:title\" content=\"Bois r\u00e9gional d&#039;Europe | Weitzer Parkett\" \/>\n<meta property=\"og:description\" content=\"Nous sommes l&#039;un des premiers grands fabricants de parquets \u00e0 renoncer totalement au bois tropical depuis des ann\u00e9es. Car dire non \u00e0 cela, c&#039;est dire clairement oui \u00e0 la durabilit\u00e9.\" \/>\n<meta property=\"og:url\" content=\"https:\/\/www.weitzer-parkett.com\/fr\/bois-regional-deurope\/\" \/>\n<meta property=\"og:site_name\" content=\"Weitzer Parkett\" \/>\n<meta property=\"article:publisher\" content=\"http:\/\/www.facebook.com\/weitzerparkett\" \/>\n<meta property=\"article:modified_time\" content=\"2022-04-26T10:14:26+00:00\" \/>\n<meta property=\"og:image\" content=\"https:\/\/www.weitzer-parkett.com\/wp-content\/uploads\/2017\/08\/Weiz-Header-1.jpg\" \/>\n\t<meta property=\"og:image:width\" content=\"1200\" \/>\n\t<meta property=\"og:image:height\" content=\"450\" \/>\n\t<meta property=\"og:image:type\" content=\"image\/jpeg\" \/>\n<meta name=\"twitter:card\" content=\"summary_large_image\" \/>\n<meta name=\"twitter:site\" content=\"@weitzerparkett\" \/>\n<script type=\"application\/ld+json\" class=\"yoast-schema-graph\">{\"@context\":\"https:\/\/schema.org\",\"@graph\":[{\"@type\":\"WebPage\",\"@id\":\"https:\/\/www.weitzer-parkett.com\/fr\/bois-regional-deurope\/\",\"url\":\"https:\/\/www.weitzer-parkett.com\/fr\/bois-regional-deurope\/\",\"name\":\"Bois r\u00e9gional d'Europe | Weitzer Parkett\",\"isPartOf\":{\"@id\":\"https:\/\/www.weitzer-parkett.com\/fr\/#website\"},\"datePublished\":\"2022-04-22T20:07:13+00:00\",\"dateModified\":\"2022-04-26T10:14:26+00:00\",\"description\":\"Nous sommes l'un des premiers grands fabricants de parquets \u00e0 renoncer totalement au bois tropical depuis des ann\u00e9es. Car dire non \u00e0 cela, c'est dire clairement oui \u00e0 la durabilit\u00e9.\",\"breadcrumb\":{\"@id\":\"https:\/\/www.weitzer-parkett.com\/fr\/bois-regional-deurope\/#breadcrumb\"},\"inLanguage\":\"fr-FR\",\"potentialAction\":[{\"@type\":\"ReadAction\",\"target\":[\"https:\/\/www.weitzer-parkett.com\/fr\/bois-regional-deurope\/\"]}]},{\"@type\":\"BreadcrumbList\",\"@id\":\"https:\/\/www.weitzer-parkett.com\/fr\/bois-regional-deurope\/#breadcrumb\",\"itemListElement\":[{\"@type\":\"ListItem\",\"position\":1,\"name\":\"Home\",\"item\":\"https:\/\/www.weitzer-parkett.com\/fr\/\"},{\"@type\":\"ListItem\",\"position\":2,\"name\":\"Bois r\u00e9gional d&#8217;Europe\"}]},{\"@type\":\"WebSite\",\"@id\":\"https:\/\/www.weitzer-parkett.com\/fr\/#website\",\"url\":\"https:\/\/www.weitzer-parkett.com\/fr\/\",\"name\":\"Weitzer Parkett\",\"description\":\"Intelligente Parkett- und Stiegenl\u00f6sungen\",\"publisher\":{\"@id\":\"https:\/\/www.weitzer-parkett.com\/fr\/#organization\"},\"potentialAction\":[{\"@type\":\"SearchAction\",\"target\":{\"@type\":\"EntryPoint\",\"urlTemplate\":\"https:\/\/www.weitzer-parkett.com\/fr\/?s={search_term_string}\"},\"query-input\":{\"@type\":\"PropertyValueSpecification\",\"valueRequired\":true,\"valueName\":\"search_term_string\"}}],\"inLanguage\":\"fr-FR\"},{\"@type\":\"Organization\",\"@id\":\"https:\/\/www.weitzer-parkett.com\/fr\/#organization\",\"name\":\"Weitzer Parkett\",\"url\":\"https:\/\/www.weitzer-parkett.com\/fr\/\",\"logo\":{\"@type\":\"ImageObject\",\"inLanguage\":\"fr-FR\",\"@id\":\"https:\/\/www.weitzer-parkett.com\/fr\/#\/schema\/logo\/image\/\",\"url\":\"https:\/\/www.weitzer-parkett.com\/wp-content\/uploads\/2018\/01\/weitzer-parkett-logo.png\",\"contentUrl\":\"https:\/\/www.weitzer-parkett.com\/wp-content\/uploads\/2018\/01\/weitzer-parkett-logo.png\",\"width\":253,\"height\":81,\"caption\":\"Weitzer Parkett\"},\"image\":{\"@id\":\"https:\/\/www.weitzer-parkett.com\/fr\/#\/schema\/logo\/image\/\"},\"sameAs\":[\"http:\/\/www.facebook.com\/weitzerparkett\",\"https:\/\/x.com\/weitzerparkett\",\"http:\/\/www.linkedin.com\/company\/weitzer-parkett\",\"https:\/\/www.pinterest.com\/weitzerparkett\/\",\"https:\/\/www.youtube.com\/user\/weitzerparkett\/\"]}]}<\/script>\n<!-- \/ Yoast SEO plugin. -->","yoast_head_json":{"title":"Bois r\u00e9gional d'Europe | Weitzer Parkett","description":"Nous sommes l'un des premiers grands fabricants de parquets \u00e0 renoncer totalement au bois tropical depuis des ann\u00e9es. Car dire non \u00e0 cela, c'est dire clairement oui \u00e0 la durabilit\u00e9.","robots":{"index":"index","follow":"follow","max-snippet":"max-snippet:-1","max-image-preview":"max-image-preview:large","max-video-preview":"max-video-preview:-1"},"canonical":"https:\/\/www.weitzer-parkett.com\/fr\/bois-regional-deurope\/","og_locale":"fr_FR","og_type":"article","og_title":"Bois r\u00e9gional d'Europe | Weitzer Parkett","og_description":"Nous sommes l'un des premiers grands fabricants de parquets \u00e0 renoncer totalement au bois tropical depuis des ann\u00e9es. Car dire non \u00e0 cela, c'est dire clairement oui \u00e0 la durabilit\u00e9.","og_url":"https:\/\/www.weitzer-parkett.com\/fr\/bois-regional-deurope\/","og_site_name":"Weitzer Parkett","article_publisher":"http:\/\/www.facebook.com\/weitzerparkett","article_modified_time":"2022-04-26T10:14:26+00:00","og_image":[{"width":1200,"height":450,"url":"https:\/\/www.weitzer-parkett.com\/wp-content\/uploads\/2017\/08\/Weiz-Header-1.jpg","type":"image\/jpeg"}],"twitter_card":"summary_large_image","twitter_site":"@weitzerparkett","schema":{"@context":"https:\/\/schema.org","@graph":[{"@type":"WebPage","@id":"https:\/\/www.weitzer-parkett.com\/fr\/bois-regional-deurope\/","url":"https:\/\/www.weitzer-parkett.com\/fr\/bois-regional-deurope\/","name":"Bois r\u00e9gional d'Europe | Weitzer Parkett","isPartOf":{"@id":"https:\/\/www.weitzer-parkett.com\/fr\/#website"},"datePublished":"2022-04-22T20:07:13+00:00","dateModified":"2022-04-26T10:14:26+00:00","description":"Nous sommes l'un des premiers grands fabricants de parquets \u00e0 renoncer totalement au bois tropical depuis des ann\u00e9es. Car dire non \u00e0 cela, c'est dire clairement oui \u00e0 la durabilit\u00e9.","breadcrumb":{"@id":"https:\/\/www.weitzer-parkett.com\/fr\/bois-regional-deurope\/#breadcrumb"},"inLanguage":"fr-FR","potentialAction":[{"@type":"ReadAction","target":["https:\/\/www.weitzer-parkett.com\/fr\/bois-regional-deurope\/"]}]},{"@type":"BreadcrumbList","@id":"https:\/\/www.weitzer-parkett.com\/fr\/bois-regional-deurope\/#breadcrumb","itemListElement":[{"@type":"ListItem","position":1,"name":"Home","item":"https:\/\/www.weitzer-parkett.com\/fr\/"},{"@type":"ListItem","position":2,"name":"Bois r\u00e9gional d&#8217;Europe"}]},{"@type":"WebSite","@id":"https:\/\/www.weitzer-parkett.com\/fr\/#website","url":"https:\/\/www.weitzer-parkett.com\/fr\/","name":"Weitzer Parkett","description":"Intelligente Parkett- und Stiegenl\u00f6sungen","publisher":{"@id":"https:\/\/www.weitzer-parkett.com\/fr\/#organization"},"potentialAction":[{"@type":"SearchAction","target":{"@type":"EntryPoint","urlTemplate":"https:\/\/www.weitzer-parkett.com\/fr\/?s={search_term_string}"},"query-input":{"@type":"PropertyValueSpecification","valueRequired":true,"valueName":"search_term_string"}}],"inLanguage":"fr-FR"},{"@type":"Organization","@id":"https:\/\/www.weitzer-parkett.com\/fr\/#organization","name":"Weitzer Parkett","url":"https:\/\/www.weitzer-parkett.com\/fr\/","logo":{"@type":"ImageObject","inLanguage":"fr-FR","@id":"https:\/\/www.weitzer-parkett.com\/fr\/#\/schema\/logo\/image\/","url":"https:\/\/www.weitzer-parkett.com\/wp-content\/uploads\/2018\/01\/weitzer-parkett-logo.png","contentUrl":"https:\/\/www.weitzer-parkett.com\/wp-content\/uploads\/2018\/01\/weitzer-parkett-logo.png","width":253,"height":81,"caption":"Weitzer Parkett"},"image":{"@id":"https:\/\/www.weitzer-parkett.com\/fr\/#\/schema\/logo\/image\/"},"sameAs":["http:\/\/www.facebook.com\/weitzerparkett","https:\/\/x.com\/weitzerparkett","http:\/\/www.linkedin.com\/company\/weitzer-parkett","https:\/\/www.pinterest.com\/weitzerparkett\/","https:\/\/www.youtube.com\/user\/weitzerparkett\/"]}]}},"_links":{"self":[{"href":"https:\/\/www.weitzer-parkett.com\/fr\/wp-json\/wp\/v2\/pages\/48569","targetHints":{"allow":["GET"]}}],"collection":[{"href":"https:\/\/www.weitzer-parkett.com\/fr\/wp-json\/wp\/v2\/pages"}],"about":[{"href":"https:\/\/www.weitzer-parkett.com\/fr\/wp-json\/wp\/v2\/types\/page"}],"author":[{"embeddable":true,"href":"https:\/\/www.weitzer-parkett.com\/fr\/wp-json\/wp\/v2\/users\/1"}],"replies":[{"embeddable":true,"href":"https:\/\/www.weitzer-parkett.com\/fr\/wp-json\/wp\/v2\/comments?post=48569"}],"version-history":[{"count":4,"href":"https:\/\/www.weitzer-parkett.com\/fr\/wp-json\/wp\/v2\/pages\/48569\/revisions"}],"predecessor-version":[{"id":49503,"href":"https:\/\/www.weitzer-parkett.com\/fr\/wp-json\/wp\/v2\/pages\/48569\/revisions\/49503"}],"wp:attachment":[{"href":"https:\/\/www.weitzer-parkett.com\/fr\/wp-json\/wp\/v2\/media?parent=48569"}],"curies":[{"name":"wp","href":"https:\/\/api.w.org\/{rel}","templated":true}]}}