{"id":48558,"date":"2022-04-22T21:41:00","date_gmt":"2022-04-22T19:41:00","guid":{"rendered":"http:\/\/stage.weitzer-parkett.com\/?page_id=48558"},"modified":"2022-04-25T09:08:04","modified_gmt":"2022-04-25T07:08:04","slug":"bon-pour-lenvironnement","status":"publish","type":"page","link":"https:\/\/www.weitzer-parkett.com\/fr\/bon-pour-lenvironnement\/","title":{"rendered":"Bon pour l&#8217;environnement"},"content":{"rendered":"<div id=\"ep-block-page-header-block_626289b18d796\" class=\"ep-block-page-header ep-block  chosen-bg-theme-beige type-3\">\n            <div class=\"show-frontend\">\n\n            \n                <div class=\"inner\">\n                    <div class=\"container mx-auto\">\n                        <div class=\"text-container\">\n\n                                                            <div class=\"breadcrumbs-wrapper\">\n                                    <span><span><a href=\"https:\/\/www.weitzer-parkett.com\/fr\/\">Home<\/a><\/span><\/span>\n                                <\/div>\n                            \n                                                            <h1>Bon pour l&#8217;environnement.<\/h1>\n                            \n                            \n                            \n                        <\/div>\n                    <\/div>\n                <\/div>\n\n                                                        <div class=\"image-wrapper\">\n                        \n                        \n                        \n                        \n                                                                                                        \n                                                                        \n                        <picture class=\"image\">\n                            <source srcset=\"https:\/\/www.weitzer-parkett.com\/wp-content\/uploads\/2022\/04\/gut-fuer-die-umwelt-oekologische-verantwortung-header-960x530-c-center.jpg 1x\" media=\"(min-resolution: 120dpi)\"\/>\n                            <source srcset=\"https:\/\/www.weitzer-parkett.com\/wp-content\/uploads\/2022\/04\/gut-fuer-die-umwelt-oekologische-verantwortung-header-960x530-c-center.jpg 1x\" media=\"(min-width: 1024px)\"\/>\n                            <source srcset=\"https:\/\/www.weitzer-parkett.com\/wp-content\/uploads\/2022\/04\/gut-fuer-die-umwelt-oekologische-verantwortung-header-960x530-c-center.jpg 1x\" media=\"(min-width: 768px)\"\/>\n                            <source srcset=\"https:\/\/www.weitzer-parkett.com\/wp-content\/uploads\/2022\/04\/gut-fuer-die-umwelt-oekologische-verantwortung-header-340x375-c-center.jpg 1x\" media=\"(max-width: 767px)\"\/>\n                            <img decoding=\"async\" src=\"https:\/\/www.weitzer-parkett.com\/wp-content\/uploads\/2022\/04\/gut-fuer-die-umwelt-oekologische-verantwortung-header-340x375-c-center.jpg\" alt=\"\" title=\"gut-fuer-die-umwelt-oekologische-verantwortung-header\"\/>\n                        <\/picture>\n                    <\/div>\n\n                                            <div class=\"white-space-wrapper\"><\/div>\n                                    \n                    <\/div>\n    <\/div>\n\n\n<div id=\"ep-block-wysiwyg-block_626289d48d797\" class=\"ep-block-wysiwyg ep-block  chosen-\">\n                        <div class=\"show-frontend\">\n                <div class=\"inner\">\n                    <div class=\"holder\"><h2>C&#8217;est beau pour votre maison. Et pour la nature.<\/h2>\n<p>Le bois est la mati\u00e8re dont l&#8217;avenir est fait. En effet, le bois a une dur\u00e9e de vie extr\u00eamement longue et est facilement <a href=\"https:\/\/www.weitzer-parkett.com\/fr\/pourquoi-weitzer-parkett\/elimination\/\">recyclable<\/a>, ce qui a un effet positif sur le bilan \u00e9cologique. Et le meilleur : le bois repousse et fixe en m\u00eame temps le CO2. Ainsi, le parquet en bois Weitzer est l&#8217;alternative durable aux sols jetables. En effet, la mani\u00e8re dont nous vivons aujourd&#8217;hui d\u00e9termine si nos enfants pourront encore profiter de la nature.<\/p>\n<\/div>\n                <\/div>\n            <\/div>\n            <\/div>\n\n<div id=\"ep-block-image-title-text-link-block_626289fc8d798\" class=\"ep-block-image-title-text-link ep-block  chosen-\">\n            <div class=\"show-frontend\">\n            <div class=\"inner\">\n                <div class=\"holder\">\n                    <div class=\"text-wrapper\">\n                                                    <h2>Chaque pas est un pas vers l&#8217;avenir.<\/h2>\n                        \n                                                    <div class=\"text\"><p>Utiliser les ressources de mani\u00e8re responsable &#8211; cette vision est \u00e0 la base de notre action entrepreneuriale. Nous voulons en effet garantir \u00e0 la prochaine g\u00e9n\u00e9ration que cette mati\u00e8re premi\u00e8re unique restera disponible. C&#8217;est pourquoi nous contribuons activement \u00e0 la pr\u00e9servation de la nature et des for\u00eats. Pour que chaque pas soit un pas vers un avenir meilleur.<\/p>\n<\/div>\n                        \n                                                    <div class=\"btn-wrapper\">\n                                <a href=\"https:\/\/www.weitzer-parkett.com\/fr\/parquet\/parquets\/\" target=\"\" class=\"btn ghost\">Trouvez votre parquets<\/a>\n                            <\/div>\n                                            <\/div>\n                                            <div class=\"image-wrapper\">\n                                                                                    \n                                                                                                                <picture class=\"post-image\">\n                                <source srcset=\"https:\/\/www.weitzer-parkett.com\/wp-content\/uploads\/2020\/06\/holzboden-idesign-parkett-weitzerparkett-582x388-c-center.jpg 1x\" media=\"(min-width: 1024px)\"\/>\n                                <source srcset=\"https:\/\/www.weitzer-parkett.com\/wp-content\/uploads\/2020\/06\/holzboden-idesign-parkett-weitzerparkett-582x388-c-center.jpg 1x\" media=\"(min-width: 768px)\"\/>\n                                <source srcset=\"https:\/\/www.weitzer-parkett.com\/wp-content\/uploads\/2020\/06\/holzboden-idesign-parkett-weitzerparkett-684x456-c-center.jpg 1x\" media=\"(max-width: 767px)\"\/>\n                                <img decoding=\"async\" src=\"https:\/\/www.weitzer-parkett.com\/wp-content\/uploads\/2020\/06\/holzboden-idesign-parkett-weitzerparkett-684x456-c-center.jpg\" alt=\"\" title=\"holzboden-idesign-parkett-weitzerparkett\"\/>\n                            <\/picture>\n                        <\/div>\n                                    <\/div>\n            <\/div>\n        <\/div>\n    <\/div>\n\n<div id=\"ep-block-teaser-block_62628b208d79c\" class=\"ep-block-teaser ep-block  chosen-bg-white\">\n            <div class=\"show-frontend style-2\">\n            <div class=\"rectangle rectangle-1\"><\/div>\n            <div class=\"rectangle rectangle-2\"><\/div>\n            <div class=\"holder\">\n\n                                                \n                <div class=\"position-wrapper\">\n                                                                                                                                                                    <div class=\"image-wrapper\">                             <picture>\n                                <source srcset=\"https:\/\/www.weitzer-parkett.com\/wp-content\/uploads\/2022\/04\/holz-statt-plastik-oekologische-verantwortung-en-fr-ru-582x388-c-center.png 1x\" media=\"(min-width: 1024px)\"\/>\n                                                                \n                                <img decoding=\"async\" src=\"https:\/\/www.weitzer-parkett.com\/wp-content\/uploads\/2022\/04\/holz-statt-plastik-oekologische-verantwortung-en-fr-ru-582x388-c-center.png\" alt=\"\" title=\"holz-statt-plastik-oekologische-verantwortung-en-fr-ru\"\/>\n                                \n                            <\/picture>\n                        <\/div>\n                    \n                    <div class=\"text-wrapper\">\n                                                    <h2>\n                                \n                                Cycle de vie vert au lieu du plastique.\n                                \n                            <\/h2>\n                        \n                                                    <div class=\"text\"><p>Nous le savons tous : Le plastique n&#8217;est pas la r\u00e9ponse \u00e0 l&#8217;augmentation constante des d\u00e9chets. En effet, seules les mati\u00e8res premi\u00e8res dont la dur\u00e9e d&#8217;utilisation s&#8217;\u00e9tend sur une longue p\u00e9riode sont rentables pour l&#8217;environnement. Et : le parquet en bois Weitzer peut toujours \u00eatre r\u00e9nov\u00e9 &#8211; pour un sol dont on profite durablement. Tout cela fait du bois, un produit naturel, le vainqueur incontest\u00e9 de la durabilit\u00e9.<\/p>\n<\/div>\n                        \n                        \n                    <\/div>\n                <\/div>\n            <\/div>\n        <\/div>\n    <\/div>\n\n<div id=\"ep-block-wysiwyg-block_62628ae88d79a\" class=\"ep-block-wysiwyg ep-block  chosen-\">\n                        <div class=\"show-frontend\">\n                <div class=\"inner\">\n                    <div class=\"holder\"><h3>Sans d\u00e9tour vers l&#8217;avenir : des cha\u00eenes d&#8217;approvisionnement courtes.<\/h3>\n<p>Lorsqu&#8217;il s&#8217;agit de d\u00e9velopper des innovations, nous aimons bien faire un tour suppl\u00e9mentaire chez Weitzer Parkett. Mais pas lorsqu&#8217;il s&#8217;agit des voies de transport. C&#8217;est pourquoi nos cha\u00eenes d&#8217;approvisionnement sont aussi courtes que possible : nous achetons notre bois en Europe \u00e0 partir d&#8217;une r\u00e9colte durable. Apr\u00e8s tout, nous voulons prot\u00e9ger la pr\u00e9cieuse mati\u00e8re premi\u00e8re et ses racines.<\/p>\n<\/div>\n                <\/div>\n            <\/div>\n            <\/div>","protected":false},"excerpt":{"rendered":"","protected":false},"author":1,"featured_media":0,"parent":0,"menu_order":0,"comment_status":"closed","ping_status":"closed","template":"","meta":{"_acf_changed":false,"footnotes":""},"class_list":["post-48558","page","type-page","status-publish","hentry"],"acf":[],"yoast_head":"<!-- This site is optimized with the Yoast SEO plugin v27.1.1 - https:\/\/yoast.com\/product\/yoast-seo-wordpress\/ -->\n<title>Bon pour l&#039;environnement | Weitzer Parkett<\/title>\n<meta name=\"description\" content=\"Le bois est la mati\u00e8re dont l&#039;avenir est fait. Le parquet en bois Weitzer est l&#039;alternative durable aux sols jetables.\" \/>\n<meta name=\"robots\" content=\"index, follow, max-snippet:-1, max-image-preview:large, max-video-preview:-1\" \/>\n<link rel=\"canonical\" href=\"https:\/\/www.weitzer-parkett.com\/fr\/bon-pour-lenvironnement\/\" \/>\n<meta property=\"og:locale\" content=\"fr_FR\" \/>\n<meta property=\"og:type\" content=\"article\" \/>\n<meta property=\"og:title\" content=\"Bon pour l&#039;environnement | Weitzer Parkett\" \/>\n<meta property=\"og:description\" content=\"Le bois est la mati\u00e8re dont l&#039;avenir est fait. Le parquet en bois Weitzer est l&#039;alternative durable aux sols jetables.\" \/>\n<meta property=\"og:url\" content=\"https:\/\/www.weitzer-parkett.com\/fr\/bon-pour-lenvironnement\/\" \/>\n<meta property=\"og:site_name\" content=\"Weitzer Parkett\" \/>\n<meta property=\"article:publisher\" content=\"http:\/\/www.facebook.com\/weitzerparkett\" \/>\n<meta property=\"article:modified_time\" content=\"2022-04-25T07:08:04+00:00\" \/>\n<meta property=\"og:image\" content=\"https:\/\/www.weitzer-parkett.com\/wp-content\/uploads\/2017\/08\/Weiz-Header-1.jpg\" \/>\n\t<meta property=\"og:image:width\" content=\"1200\" \/>\n\t<meta property=\"og:image:height\" content=\"450\" \/>\n\t<meta property=\"og:image:type\" content=\"image\/jpeg\" \/>\n<meta name=\"twitter:card\" content=\"summary_large_image\" \/>\n<meta name=\"twitter:site\" content=\"@weitzerparkett\" \/>\n<script type=\"application\/ld+json\" class=\"yoast-schema-graph\">{\"@context\":\"https:\/\/schema.org\",\"@graph\":[{\"@type\":\"WebPage\",\"@id\":\"https:\/\/www.weitzer-parkett.com\/fr\/bon-pour-lenvironnement\/\",\"url\":\"https:\/\/www.weitzer-parkett.com\/fr\/bon-pour-lenvironnement\/\",\"name\":\"Bon pour l'environnement | Weitzer Parkett\",\"isPartOf\":{\"@id\":\"https:\/\/www.weitzer-parkett.com\/fr\/#website\"},\"datePublished\":\"2022-04-22T19:41:00+00:00\",\"dateModified\":\"2022-04-25T07:08:04+00:00\",\"description\":\"Le bois est la mati\u00e8re dont l'avenir est fait. Le parquet en bois Weitzer est l'alternative durable aux sols jetables.\",\"breadcrumb\":{\"@id\":\"https:\/\/www.weitzer-parkett.com\/fr\/bon-pour-lenvironnement\/#breadcrumb\"},\"inLanguage\":\"fr-FR\",\"potentialAction\":[{\"@type\":\"ReadAction\",\"target\":[\"https:\/\/www.weitzer-parkett.com\/fr\/bon-pour-lenvironnement\/\"]}]},{\"@type\":\"BreadcrumbList\",\"@id\":\"https:\/\/www.weitzer-parkett.com\/fr\/bon-pour-lenvironnement\/#breadcrumb\",\"itemListElement\":[{\"@type\":\"ListItem\",\"position\":1,\"name\":\"Home\",\"item\":\"https:\/\/www.weitzer-parkett.com\/fr\/\"},{\"@type\":\"ListItem\",\"position\":2,\"name\":\"Bon pour l&#8217;environnement\"}]},{\"@type\":\"WebSite\",\"@id\":\"https:\/\/www.weitzer-parkett.com\/fr\/#website\",\"url\":\"https:\/\/www.weitzer-parkett.com\/fr\/\",\"name\":\"Weitzer Parkett\",\"description\":\"Intelligente Parkett- und Stiegenl\u00f6sungen\",\"publisher\":{\"@id\":\"https:\/\/www.weitzer-parkett.com\/fr\/#organization\"},\"potentialAction\":[{\"@type\":\"SearchAction\",\"target\":{\"@type\":\"EntryPoint\",\"urlTemplate\":\"https:\/\/www.weitzer-parkett.com\/fr\/?s={search_term_string}\"},\"query-input\":{\"@type\":\"PropertyValueSpecification\",\"valueRequired\":true,\"valueName\":\"search_term_string\"}}],\"inLanguage\":\"fr-FR\"},{\"@type\":\"Organization\",\"@id\":\"https:\/\/www.weitzer-parkett.com\/fr\/#organization\",\"name\":\"Weitzer Parkett\",\"url\":\"https:\/\/www.weitzer-parkett.com\/fr\/\",\"logo\":{\"@type\":\"ImageObject\",\"inLanguage\":\"fr-FR\",\"@id\":\"https:\/\/www.weitzer-parkett.com\/fr\/#\/schema\/logo\/image\/\",\"url\":\"https:\/\/www.weitzer-parkett.com\/wp-content\/uploads\/2018\/01\/weitzer-parkett-logo.png\",\"contentUrl\":\"https:\/\/www.weitzer-parkett.com\/wp-content\/uploads\/2018\/01\/weitzer-parkett-logo.png\",\"width\":253,\"height\":81,\"caption\":\"Weitzer Parkett\"},\"image\":{\"@id\":\"https:\/\/www.weitzer-parkett.com\/fr\/#\/schema\/logo\/image\/\"},\"sameAs\":[\"http:\/\/www.facebook.com\/weitzerparkett\",\"https:\/\/x.com\/weitzerparkett\",\"http:\/\/www.linkedin.com\/company\/weitzer-parkett\",\"https:\/\/www.pinterest.com\/weitzerparkett\/\",\"https:\/\/www.youtube.com\/user\/weitzerparkett\/\"]}]}<\/script>\n<!-- \/ Yoast SEO plugin. -->","yoast_head_json":{"title":"Bon pour l'environnement | Weitzer Parkett","description":"Le bois est la mati\u00e8re dont l'avenir est fait. Le parquet en bois Weitzer est l'alternative durable aux sols jetables.","robots":{"index":"index","follow":"follow","max-snippet":"max-snippet:-1","max-image-preview":"max-image-preview:large","max-video-preview":"max-video-preview:-1"},"canonical":"https:\/\/www.weitzer-parkett.com\/fr\/bon-pour-lenvironnement\/","og_locale":"fr_FR","og_type":"article","og_title":"Bon pour l'environnement | Weitzer Parkett","og_description":"Le bois est la mati\u00e8re dont l'avenir est fait. Le parquet en bois Weitzer est l'alternative durable aux sols jetables.","og_url":"https:\/\/www.weitzer-parkett.com\/fr\/bon-pour-lenvironnement\/","og_site_name":"Weitzer Parkett","article_publisher":"http:\/\/www.facebook.com\/weitzerparkett","article_modified_time":"2022-04-25T07:08:04+00:00","og_image":[{"width":1200,"height":450,"url":"https:\/\/www.weitzer-parkett.com\/wp-content\/uploads\/2017\/08\/Weiz-Header-1.jpg","type":"image\/jpeg"}],"twitter_card":"summary_large_image","twitter_site":"@weitzerparkett","schema":{"@context":"https:\/\/schema.org","@graph":[{"@type":"WebPage","@id":"https:\/\/www.weitzer-parkett.com\/fr\/bon-pour-lenvironnement\/","url":"https:\/\/www.weitzer-parkett.com\/fr\/bon-pour-lenvironnement\/","name":"Bon pour l'environnement | Weitzer Parkett","isPartOf":{"@id":"https:\/\/www.weitzer-parkett.com\/fr\/#website"},"datePublished":"2022-04-22T19:41:00+00:00","dateModified":"2022-04-25T07:08:04+00:00","description":"Le bois est la mati\u00e8re dont l'avenir est fait. Le parquet en bois Weitzer est l'alternative durable aux sols jetables.","breadcrumb":{"@id":"https:\/\/www.weitzer-parkett.com\/fr\/bon-pour-lenvironnement\/#breadcrumb"},"inLanguage":"fr-FR","potentialAction":[{"@type":"ReadAction","target":["https:\/\/www.weitzer-parkett.com\/fr\/bon-pour-lenvironnement\/"]}]},{"@type":"BreadcrumbList","@id":"https:\/\/www.weitzer-parkett.com\/fr\/bon-pour-lenvironnement\/#breadcrumb","itemListElement":[{"@type":"ListItem","position":1,"name":"Home","item":"https:\/\/www.weitzer-parkett.com\/fr\/"},{"@type":"ListItem","position":2,"name":"Bon pour l&#8217;environnement"}]},{"@type":"WebSite","@id":"https:\/\/www.weitzer-parkett.com\/fr\/#website","url":"https:\/\/www.weitzer-parkett.com\/fr\/","name":"Weitzer Parkett","description":"Intelligente Parkett- und Stiegenl\u00f6sungen","publisher":{"@id":"https:\/\/www.weitzer-parkett.com\/fr\/#organization"},"potentialAction":[{"@type":"SearchAction","target":{"@type":"EntryPoint","urlTemplate":"https:\/\/www.weitzer-parkett.com\/fr\/?s={search_term_string}"},"query-input":{"@type":"PropertyValueSpecification","valueRequired":true,"valueName":"search_term_string"}}],"inLanguage":"fr-FR"},{"@type":"Organization","@id":"https:\/\/www.weitzer-parkett.com\/fr\/#organization","name":"Weitzer Parkett","url":"https:\/\/www.weitzer-parkett.com\/fr\/","logo":{"@type":"ImageObject","inLanguage":"fr-FR","@id":"https:\/\/www.weitzer-parkett.com\/fr\/#\/schema\/logo\/image\/","url":"https:\/\/www.weitzer-parkett.com\/wp-content\/uploads\/2018\/01\/weitzer-parkett-logo.png","contentUrl":"https:\/\/www.weitzer-parkett.com\/wp-content\/uploads\/2018\/01\/weitzer-parkett-logo.png","width":253,"height":81,"caption":"Weitzer Parkett"},"image":{"@id":"https:\/\/www.weitzer-parkett.com\/fr\/#\/schema\/logo\/image\/"},"sameAs":["http:\/\/www.facebook.com\/weitzerparkett","https:\/\/x.com\/weitzerparkett","http:\/\/www.linkedin.com\/company\/weitzer-parkett","https:\/\/www.pinterest.com\/weitzerparkett\/","https:\/\/www.youtube.com\/user\/weitzerparkett\/"]}]}},"_links":{"self":[{"href":"https:\/\/www.weitzer-parkett.com\/fr\/wp-json\/wp\/v2\/pages\/48558","targetHints":{"allow":["GET"]}}],"collection":[{"href":"https:\/\/www.weitzer-parkett.com\/fr\/wp-json\/wp\/v2\/pages"}],"about":[{"href":"https:\/\/www.weitzer-parkett.com\/fr\/wp-json\/wp\/v2\/types\/page"}],"author":[{"embeddable":true,"href":"https:\/\/www.weitzer-parkett.com\/fr\/wp-json\/wp\/v2\/users\/1"}],"replies":[{"embeddable":true,"href":"https:\/\/www.weitzer-parkett.com\/fr\/wp-json\/wp\/v2\/comments?post=48558"}],"version-history":[{"count":5,"href":"https:\/\/www.weitzer-parkett.com\/fr\/wp-json\/wp\/v2\/pages\/48558\/revisions"}],"predecessor-version":[{"id":48969,"href":"https:\/\/www.weitzer-parkett.com\/fr\/wp-json\/wp\/v2\/pages\/48558\/revisions\/48969"}],"wp:attachment":[{"href":"https:\/\/www.weitzer-parkett.com\/fr\/wp-json\/wp\/v2\/media?parent=48558"}],"curies":[{"name":"wp","href":"https:\/\/api.w.org\/{rel}","templated":true}]}}