{"id":48537,"date":"2022-04-22T21:03:16","date_gmt":"2022-04-22T19:03:16","guid":{"rendered":"http:\/\/stage.weitzer-parkett.com\/?page_id=48537"},"modified":"2022-04-22T21:03:19","modified_gmt":"2022-04-22T19:03:19","slug":"precieux-et-abordable","status":"publish","type":"page","link":"https:\/\/www.weitzer-parkett.com\/fr\/precieux-et-abordable\/","title":{"rendered":"Pr\u00e9cieux et abordable"},"content":{"rendered":"<div id=\"ep-block-page-header-block_62628d3422aa1\" class=\"ep-block-page-header ep-block  chosen-bg-theme-beige type-3\">\n            <div class=\"show-frontend\">\n\n            \n                <div class=\"inner\">\n                    <div class=\"container mx-auto\">\n                        <div class=\"text-container\">\n\n                                                            <div class=\"breadcrumbs-wrapper\">\n                                    <span><span><a href=\"https:\/\/www.weitzer-parkett.com\/fr\/\">Home<\/a><\/span><\/span>\n                                <\/div>\n                            \n                                                            <h1>Pr\u00e9cieux et abordable<\/h1>\n                            \n                            \n                            \n                        <\/div>\n                    <\/div>\n                <\/div>\n\n                                                        <div class=\"image-wrapper\">\n                        \n                        \n                        \n                        \n                                                                                                        \n                                                                        \n                        <picture class=\"image\">\n                            <source srcset=\"https:\/\/www.weitzer-parkett.com\/wp-content\/uploads\/2022\/04\/iDP_Langriemen-Optik_WP_4100_Auster_lebhaft_gefast_PVf_27851-header-960x530-c-center.jpg 1x\" media=\"(min-resolution: 120dpi)\"\/>\n                            <source srcset=\"https:\/\/www.weitzer-parkett.com\/wp-content\/uploads\/2022\/04\/iDP_Langriemen-Optik_WP_4100_Auster_lebhaft_gefast_PVf_27851-header-960x530-c-center.jpg 1x\" media=\"(min-width: 1024px)\"\/>\n                            <source srcset=\"https:\/\/www.weitzer-parkett.com\/wp-content\/uploads\/2022\/04\/iDP_Langriemen-Optik_WP_4100_Auster_lebhaft_gefast_PVf_27851-header-960x530-c-center.jpg 1x\" media=\"(min-width: 768px)\"\/>\n                            <source srcset=\"https:\/\/www.weitzer-parkett.com\/wp-content\/uploads\/2022\/04\/iDP_Langriemen-Optik_WP_4100_Auster_lebhaft_gefast_PVf_27851-header-340x375-c-center.jpg 1x\" media=\"(max-width: 767px)\"\/>\n                            <img decoding=\"async\" src=\"https:\/\/www.weitzer-parkett.com\/wp-content\/uploads\/2022\/04\/iDP_Langriemen-Optik_WP_4100_Auster_lebhaft_gefast_PVf_27851-header-340x375-c-center.jpg\" alt=\"\" title=\"iDP_Langriemen-Optik_WP_4100_Auster_lebhaft_gefast_PVf_27851-header\"\/>\n                        <\/picture>\n                    <\/div>\n\n                                            <div class=\"white-space-wrapper\"><\/div>\n                                    \n                    <\/div>\n    <\/div>\n\n\n<div id=\"ep-block-wysiwyg-block_62628d6122aa2\" class=\"ep-block-wysiwyg ep-block  chosen-\">\n                        <div class=\"show-frontend\">\n                <div class=\"inner\">\n                    <div class=\"holder\"><h2>La vraie valeur n&#8217;est pas une question de prix.<\/h2>\n<p>Le meilleur doit-il vraiment \u00eatre cher ? Notre objectif est d&#8217;embellir chaque maison avec le parquet en bois Weitzer. C&#8217;est pourquoi nous proposons les possibilit\u00e9s les plus diverses pour personnaliser votre sol : En commen\u00e7ant par la fonction, le style &#8211; comme les veines et les caract\u00e9ristiques des n\u0153uds &#8211; ainsi que le mode de pose. Ainsi, m\u00eame avec un petit budget, on ne doit pas renoncer \u00e0 la perfection du parquet Weitzer.<\/p>\n<\/div>\n                <\/div>\n            <\/div>\n            <\/div>\n\n<div id=\"ep-block-teaser-block_62628da922aa3\" class=\"ep-block-teaser ep-block  chosen-\">\n            <div class=\"show-frontend style-1\">\n            <div class=\"rectangle rectangle-1\"><\/div>\n            <div class=\"rectangle rectangle-2\"><\/div>\n            <div class=\"holder\">\n\n                                                                                                        \n                <div class=\"position-wrapper\">\n                                                                                                                                                                    <div class=\"image-wrapper\">                             <picture>\n                                <source srcset=\"https:\/\/www.weitzer-parkett.com\/wp-content\/uploads\/2014\/07\/Holzschnitt-ohne-Text-582x388-c-center.jpg 1x\" media=\"(min-width: 1024px)\"\/>\n                                                                 <a href=\"https:\/\/www.weitzer-parkett.com\/en\/parquet\/parquet-floors\/\" target=\"\">\n                                <img decoding=\"async\" src=\"https:\/\/www.weitzer-parkett.com\/wp-content\/uploads\/2014\/07\/Holzschnitt-ohne-Text-582x388-c-center.jpg\" alt=\"\" title=\"Holzschnitt-ohne-Text\"\/>\n                                <\/a>\n                            <\/picture>\n                        <\/div>\n                    \n                    <div class=\"text-wrapper\">\n                                                    <h2>\n                                 <a href=\"https:\/\/www.weitzer-parkett.com\/en\/parquet\/parquet-floors\/\" target=\"\">\n                                Nous aimons le bois. Depuis 190 ans.\n                                <\/a>\n                            <\/h2>\n                        \n                                                    <div class=\"text\"><p>Il existe de nombreux parquets en bois, mais Weitzer a 190 ans d&#8217;exp\u00e9rience dans le d\u00e9veloppement de parquets en bois. C&#8217;est pourquoi nous savons exactement ce qui est important lorsque l&#8217;on veut cr\u00e9er des valeurs pour des g\u00e9n\u00e9rations. Pour cela, nous utilisons la technologie de demain et \u00e9tablissons sans cesse de nouveaux crit\u00e8res de qualit\u00e9. Pour un sol magnifique qui vous accompagnera toute votre vie.<\/p>\n<\/div>\n                        \n                                                    <div class=\"link-wrapper\">\n                                <a href=\"https:\/\/www.weitzer-parkett.com\/en\/parquet\/parquet-floors\/\" target=\"\" class=\"btn ghost\">\n                                    Discover parquet floors\n                                <\/a>\n                            <\/div>\n                        \n                    <\/div>\n                <\/div>\n            <\/div>\n        <\/div>\n    <\/div>\n\n<div id=\"ep-block-wysiwyg-block_62628e0522aa4\" class=\"ep-block-wysiwyg ep-block  chosen-\">\n                        <div class=\"show-frontend\">\n                <div class=\"inner\">\n                    <div class=\"holder\"><h3>Parquet parfait. Un prix parfait.<\/h3>\n<p>Des listes de prix interminables et opaques &#8211; nous y renon\u00e7ons chez Weitzer Parkett. Car chez nous, tout est calcul\u00e9 de mani\u00e8re tr\u00e8s claire et les prix sont compr\u00e9hensibles pour nos clients. Vous pouvez ainsi \u00eatre s\u00fbr d&#8217;obtenir la meilleure qualit\u00e9 au juste prix.<\/p>\n<\/div>\n                <\/div>\n            <\/div>\n            <\/div>\n\n<div id=\"ep-block-wysiwyg-block_62628e1b22aa5\" class=\"ep-block-wysiwyg ep-block  chosen-\">\n                        <div class=\"show-frontend\">\n                <div class=\"inner\">\n                    <div class=\"holder\"><h3>Une grande valeur : un partenaire fiable.<\/h3>\n<p>Nous ne promettons rien que nous ne puissions tenir. Car depuis 190 ans, Weitzer Parkett est synonyme de fiabilit\u00e9 et de v\u00e9ritable qualit\u00e9 &#8220;coup de main&#8221;. C&#8217;est pourquoi nous sommes connus bien au-del\u00e0 des fronti\u00e8res autrichiennes &#8211; une des raisons pour lesquelles de nombreuses grandes entreprises renomm\u00e9es nous font confiance en tant que partenaire de projet professionnel.<\/p>\n<\/div>\n                <\/div>\n            <\/div>\n            <\/div>\n\n\n<p><\/p>\n","protected":false},"excerpt":{"rendered":"","protected":false},"author":1,"featured_media":0,"parent":0,"menu_order":0,"comment_status":"closed","ping_status":"closed","template":"","meta":{"_acf_changed":false,"footnotes":""},"class_list":["post-48537","page","type-page","status-publish","hentry"],"acf":[],"yoast_head":"<!-- This site is optimized with the Yoast SEO plugin v27.1.1 - https:\/\/yoast.com\/product\/yoast-seo-wordpress\/ -->\n<title>Pr\u00e9cieux et abordable | Weitzer Parkett<\/title>\n<meta name=\"description\" content=\"Une grande valeur : un partenaire fiable. Depuis 190 ans, Weitzer Parkett est synonyme de fiabilit\u00e9 et de v\u00e9ritable qualit\u00e9 &quot;coup de main&quot;.\" \/>\n<meta name=\"robots\" content=\"index, follow, max-snippet:-1, max-image-preview:large, max-video-preview:-1\" \/>\n<link rel=\"canonical\" href=\"https:\/\/www.weitzer-parkett.com\/fr\/precieux-et-abordable\/\" \/>\n<meta property=\"og:locale\" content=\"fr_FR\" \/>\n<meta property=\"og:type\" content=\"article\" \/>\n<meta property=\"og:title\" content=\"Pr\u00e9cieux et abordable | Weitzer Parkett\" \/>\n<meta property=\"og:description\" content=\"Une grande valeur : un partenaire fiable. Depuis 190 ans, Weitzer Parkett est synonyme de fiabilit\u00e9 et de v\u00e9ritable qualit\u00e9 &quot;coup de main&quot;.\" \/>\n<meta property=\"og:url\" content=\"https:\/\/www.weitzer-parkett.com\/fr\/precieux-et-abordable\/\" \/>\n<meta property=\"og:site_name\" content=\"Weitzer Parkett\" \/>\n<meta property=\"article:publisher\" content=\"http:\/\/www.facebook.com\/weitzerparkett\" \/>\n<meta property=\"article:modified_time\" content=\"2022-04-22T19:03:19+00:00\" \/>\n<meta property=\"og:image\" content=\"https:\/\/www.weitzer-parkett.com\/wp-content\/uploads\/2017\/08\/Weiz-Header-1.jpg\" \/>\n\t<meta property=\"og:image:width\" content=\"1200\" \/>\n\t<meta property=\"og:image:height\" content=\"450\" \/>\n\t<meta property=\"og:image:type\" content=\"image\/jpeg\" \/>\n<meta name=\"twitter:card\" content=\"summary_large_image\" \/>\n<meta name=\"twitter:site\" content=\"@weitzerparkett\" \/>\n<script type=\"application\/ld+json\" class=\"yoast-schema-graph\">{\"@context\":\"https:\/\/schema.org\",\"@graph\":[{\"@type\":\"WebPage\",\"@id\":\"https:\/\/www.weitzer-parkett.com\/fr\/precieux-et-abordable\/\",\"url\":\"https:\/\/www.weitzer-parkett.com\/fr\/precieux-et-abordable\/\",\"name\":\"Pr\u00e9cieux et abordable | Weitzer Parkett\",\"isPartOf\":{\"@id\":\"https:\/\/www.weitzer-parkett.com\/fr\/#website\"},\"datePublished\":\"2022-04-22T19:03:16+00:00\",\"dateModified\":\"2022-04-22T19:03:19+00:00\",\"description\":\"Une grande valeur : un partenaire fiable. Depuis 190 ans, Weitzer Parkett est synonyme de fiabilit\u00e9 et de v\u00e9ritable qualit\u00e9 \\\"coup de main\\\".\",\"breadcrumb\":{\"@id\":\"https:\/\/www.weitzer-parkett.com\/fr\/precieux-et-abordable\/#breadcrumb\"},\"inLanguage\":\"fr-FR\",\"potentialAction\":[{\"@type\":\"ReadAction\",\"target\":[\"https:\/\/www.weitzer-parkett.com\/fr\/precieux-et-abordable\/\"]}]},{\"@type\":\"BreadcrumbList\",\"@id\":\"https:\/\/www.weitzer-parkett.com\/fr\/precieux-et-abordable\/#breadcrumb\",\"itemListElement\":[{\"@type\":\"ListItem\",\"position\":1,\"name\":\"Home\",\"item\":\"https:\/\/www.weitzer-parkett.com\/fr\/\"},{\"@type\":\"ListItem\",\"position\":2,\"name\":\"Pr\u00e9cieux et abordable\"}]},{\"@type\":\"WebSite\",\"@id\":\"https:\/\/www.weitzer-parkett.com\/fr\/#website\",\"url\":\"https:\/\/www.weitzer-parkett.com\/fr\/\",\"name\":\"Weitzer Parkett\",\"description\":\"Intelligente Parkett- und Stiegenl\u00f6sungen\",\"publisher\":{\"@id\":\"https:\/\/www.weitzer-parkett.com\/fr\/#organization\"},\"potentialAction\":[{\"@type\":\"SearchAction\",\"target\":{\"@type\":\"EntryPoint\",\"urlTemplate\":\"https:\/\/www.weitzer-parkett.com\/fr\/?s={search_term_string}\"},\"query-input\":{\"@type\":\"PropertyValueSpecification\",\"valueRequired\":true,\"valueName\":\"search_term_string\"}}],\"inLanguage\":\"fr-FR\"},{\"@type\":\"Organization\",\"@id\":\"https:\/\/www.weitzer-parkett.com\/fr\/#organization\",\"name\":\"Weitzer Parkett\",\"url\":\"https:\/\/www.weitzer-parkett.com\/fr\/\",\"logo\":{\"@type\":\"ImageObject\",\"inLanguage\":\"fr-FR\",\"@id\":\"https:\/\/www.weitzer-parkett.com\/fr\/#\/schema\/logo\/image\/\",\"url\":\"https:\/\/www.weitzer-parkett.com\/wp-content\/uploads\/2018\/01\/weitzer-parkett-logo.png\",\"contentUrl\":\"https:\/\/www.weitzer-parkett.com\/wp-content\/uploads\/2018\/01\/weitzer-parkett-logo.png\",\"width\":253,\"height\":81,\"caption\":\"Weitzer Parkett\"},\"image\":{\"@id\":\"https:\/\/www.weitzer-parkett.com\/fr\/#\/schema\/logo\/image\/\"},\"sameAs\":[\"http:\/\/www.facebook.com\/weitzerparkett\",\"https:\/\/x.com\/weitzerparkett\",\"http:\/\/www.linkedin.com\/company\/weitzer-parkett\",\"https:\/\/www.pinterest.com\/weitzerparkett\/\",\"https:\/\/www.youtube.com\/user\/weitzerparkett\/\"]}]}<\/script>\n<!-- \/ Yoast SEO plugin. -->","yoast_head_json":{"title":"Pr\u00e9cieux et abordable | Weitzer Parkett","description":"Une grande valeur : un partenaire fiable. Depuis 190 ans, Weitzer Parkett est synonyme de fiabilit\u00e9 et de v\u00e9ritable qualit\u00e9 \"coup de main\".","robots":{"index":"index","follow":"follow","max-snippet":"max-snippet:-1","max-image-preview":"max-image-preview:large","max-video-preview":"max-video-preview:-1"},"canonical":"https:\/\/www.weitzer-parkett.com\/fr\/precieux-et-abordable\/","og_locale":"fr_FR","og_type":"article","og_title":"Pr\u00e9cieux et abordable | Weitzer Parkett","og_description":"Une grande valeur : un partenaire fiable. Depuis 190 ans, Weitzer Parkett est synonyme de fiabilit\u00e9 et de v\u00e9ritable qualit\u00e9 \"coup de main\".","og_url":"https:\/\/www.weitzer-parkett.com\/fr\/precieux-et-abordable\/","og_site_name":"Weitzer Parkett","article_publisher":"http:\/\/www.facebook.com\/weitzerparkett","article_modified_time":"2022-04-22T19:03:19+00:00","og_image":[{"width":1200,"height":450,"url":"https:\/\/www.weitzer-parkett.com\/wp-content\/uploads\/2017\/08\/Weiz-Header-1.jpg","type":"image\/jpeg"}],"twitter_card":"summary_large_image","twitter_site":"@weitzerparkett","schema":{"@context":"https:\/\/schema.org","@graph":[{"@type":"WebPage","@id":"https:\/\/www.weitzer-parkett.com\/fr\/precieux-et-abordable\/","url":"https:\/\/www.weitzer-parkett.com\/fr\/precieux-et-abordable\/","name":"Pr\u00e9cieux et abordable | Weitzer Parkett","isPartOf":{"@id":"https:\/\/www.weitzer-parkett.com\/fr\/#website"},"datePublished":"2022-04-22T19:03:16+00:00","dateModified":"2022-04-22T19:03:19+00:00","description":"Une grande valeur : un partenaire fiable. Depuis 190 ans, Weitzer Parkett est synonyme de fiabilit\u00e9 et de v\u00e9ritable qualit\u00e9 \"coup de main\".","breadcrumb":{"@id":"https:\/\/www.weitzer-parkett.com\/fr\/precieux-et-abordable\/#breadcrumb"},"inLanguage":"fr-FR","potentialAction":[{"@type":"ReadAction","target":["https:\/\/www.weitzer-parkett.com\/fr\/precieux-et-abordable\/"]}]},{"@type":"BreadcrumbList","@id":"https:\/\/www.weitzer-parkett.com\/fr\/precieux-et-abordable\/#breadcrumb","itemListElement":[{"@type":"ListItem","position":1,"name":"Home","item":"https:\/\/www.weitzer-parkett.com\/fr\/"},{"@type":"ListItem","position":2,"name":"Pr\u00e9cieux et abordable"}]},{"@type":"WebSite","@id":"https:\/\/www.weitzer-parkett.com\/fr\/#website","url":"https:\/\/www.weitzer-parkett.com\/fr\/","name":"Weitzer Parkett","description":"Intelligente Parkett- und Stiegenl\u00f6sungen","publisher":{"@id":"https:\/\/www.weitzer-parkett.com\/fr\/#organization"},"potentialAction":[{"@type":"SearchAction","target":{"@type":"EntryPoint","urlTemplate":"https:\/\/www.weitzer-parkett.com\/fr\/?s={search_term_string}"},"query-input":{"@type":"PropertyValueSpecification","valueRequired":true,"valueName":"search_term_string"}}],"inLanguage":"fr-FR"},{"@type":"Organization","@id":"https:\/\/www.weitzer-parkett.com\/fr\/#organization","name":"Weitzer Parkett","url":"https:\/\/www.weitzer-parkett.com\/fr\/","logo":{"@type":"ImageObject","inLanguage":"fr-FR","@id":"https:\/\/www.weitzer-parkett.com\/fr\/#\/schema\/logo\/image\/","url":"https:\/\/www.weitzer-parkett.com\/wp-content\/uploads\/2018\/01\/weitzer-parkett-logo.png","contentUrl":"https:\/\/www.weitzer-parkett.com\/wp-content\/uploads\/2018\/01\/weitzer-parkett-logo.png","width":253,"height":81,"caption":"Weitzer Parkett"},"image":{"@id":"https:\/\/www.weitzer-parkett.com\/fr\/#\/schema\/logo\/image\/"},"sameAs":["http:\/\/www.facebook.com\/weitzerparkett","https:\/\/x.com\/weitzerparkett","http:\/\/www.linkedin.com\/company\/weitzer-parkett","https:\/\/www.pinterest.com\/weitzerparkett\/","https:\/\/www.youtube.com\/user\/weitzerparkett\/"]}]}},"_links":{"self":[{"href":"https:\/\/www.weitzer-parkett.com\/fr\/wp-json\/wp\/v2\/pages\/48537","targetHints":{"allow":["GET"]}}],"collection":[{"href":"https:\/\/www.weitzer-parkett.com\/fr\/wp-json\/wp\/v2\/pages"}],"about":[{"href":"https:\/\/www.weitzer-parkett.com\/fr\/wp-json\/wp\/v2\/types\/page"}],"author":[{"embeddable":true,"href":"https:\/\/www.weitzer-parkett.com\/fr\/wp-json\/wp\/v2\/users\/1"}],"replies":[{"embeddable":true,"href":"https:\/\/www.weitzer-parkett.com\/fr\/wp-json\/wp\/v2\/comments?post=48537"}],"version-history":[{"count":2,"href":"https:\/\/www.weitzer-parkett.com\/fr\/wp-json\/wp\/v2\/pages\/48537\/revisions"}],"predecessor-version":[{"id":48539,"href":"https:\/\/www.weitzer-parkett.com\/fr\/wp-json\/wp\/v2\/pages\/48537\/revisions\/48539"}],"wp:attachment":[{"href":"https:\/\/www.weitzer-parkett.com\/fr\/wp-json\/wp\/v2\/media?parent=48537"}],"curies":[{"name":"wp","href":"https:\/\/api.w.org\/{rel}","templated":true}]}}