{"id":48528,"date":"2022-04-22T20:40:57","date_gmt":"2022-04-22T18:40:57","guid":{"rendered":"http:\/\/stage.weitzer-parkett.com\/?page_id=48528"},"modified":"2022-04-22T20:41:09","modified_gmt":"2022-04-22T18:41:09","slug":"valeur-pour-les-generations","status":"publish","type":"page","link":"https:\/\/www.weitzer-parkett.com\/fr\/valeur-pour-les-generations\/","title":{"rendered":"Valeur pour les g\u00e9n\u00e9rations"},"content":{"rendered":"<div id=\"ep-block-page-header-block_626287c1c1f8c\" class=\"ep-block-page-header ep-block  chosen-bg-theme-beige type-3\">\n            <div class=\"show-frontend\">\n\n            \n                <div class=\"inner\">\n                    <div class=\"container mx-auto\">\n                        <div class=\"text-container\">\n\n                                                            <div class=\"breadcrumbs-wrapper\">\n                                    <span><span><a href=\"https:\/\/www.weitzer-parkett.com\/fr\/\">Home<\/a><\/span><\/span>\n                                <\/div>\n                            \n                                                            <h1>Valeur pour les g\u00e9n\u00e9rations.<\/h1>\n                            \n                            \n                            \n                        <\/div>\n                    <\/div>\n                <\/div>\n\n                                                        <div class=\"image-wrapper\">\n                        \n                        \n                        \n                        \n                                                                                                        \n                                                                        \n                        <picture class=\"image\">\n                            <source srcset=\"https:\/\/www.weitzer-parkett.com\/wp-content\/uploads\/2022\/04\/Stab-Optik_WP_Charisma_3Stab_Eiche_Kaschmir_ruhig_PA_18185_header-960x530-c-center.jpg 1x\" media=\"(min-resolution: 120dpi)\"\/>\n                            <source srcset=\"https:\/\/www.weitzer-parkett.com\/wp-content\/uploads\/2022\/04\/Stab-Optik_WP_Charisma_3Stab_Eiche_Kaschmir_ruhig_PA_18185_header-960x530-c-center.jpg 1x\" media=\"(min-width: 1024px)\"\/>\n                            <source srcset=\"https:\/\/www.weitzer-parkett.com\/wp-content\/uploads\/2022\/04\/Stab-Optik_WP_Charisma_3Stab_Eiche_Kaschmir_ruhig_PA_18185_header-960x530-c-center.jpg 1x\" media=\"(min-width: 768px)\"\/>\n                            <source srcset=\"https:\/\/www.weitzer-parkett.com\/wp-content\/uploads\/2022\/04\/Stab-Optik_WP_Charisma_3Stab_Eiche_Kaschmir_ruhig_PA_18185_header-340x375-c-center.jpg 1x\" media=\"(max-width: 767px)\"\/>\n                            <img decoding=\"async\" src=\"https:\/\/www.weitzer-parkett.com\/wp-content\/uploads\/2022\/04\/Stab-Optik_WP_Charisma_3Stab_Eiche_Kaschmir_ruhig_PA_18185_header-340x375-c-center.jpg\" alt=\"\" title=\"Stab-Optik_WP_Charisma_3Stab_Eiche_Kaschmir_ruhig_PA+_18185_header\"\/>\n                        <\/picture>\n                    <\/div>\n\n                                            <div class=\"white-space-wrapper\"><\/div>\n                                    \n                    <\/div>\n    <\/div>\n\n\n<div id=\"ep-block-wysiwyg-block_62628815c1f8d\" class=\"ep-block-wysiwyg ep-block  chosen-\">\n                        <div class=\"show-frontend\">\n                <div class=\"inner\">\n                    <div class=\"holder\"><h2>Parfaites, elles le sont. Et tient parfaitement.<\/h2>\n<p>Un magnifique sol en bois dont se r\u00e9jouiront de nombreuses g\u00e9n\u00e9rations : Weitzer Parkett est si robuste et d&#8217;une telle qualit\u00e9 de finition artisanale qu&#8217;il est synonyme de long\u00e9vit\u00e9 particuli\u00e8re. Le bois n&#8217;est pas un produit jetable, mais une mati\u00e8re issue de la nature, qui vit et se renouvelle. Celui qui choisit le parquet Weitzer opte donc pour un produit de qualit\u00e9 durable &#8211; pour toute la vie. L&#8217;environnement n&#8217;est pas le seul \u00e0 s&#8217;en r\u00e9jouir, le porte-monnaie aussi.<\/p>\n<\/div>\n                <\/div>\n            <\/div>\n            <\/div>\n\n<div id=\"ep-block-image-title-text-link-block_62628878c1f8e\" class=\"ep-block-image-title-text-link ep-block  chosen-\">\n            <div class=\"show-frontend\">\n            <div class=\"inner\">\n                <div class=\"holder\">\n                    <div class=\"text-wrapper\">\n                                                    <h2>Plus de vie pour votre maison.<\/h2>\n                        \n                                                    <div class=\"text\"><p>Le bois est vivant. Et il peut raconter des histoires. En effet, au fil du temps, le bois d\u00e9veloppe une patine tout \u00e0 fait unique qui fait le charme particulier de ce sol. Tout le contraire des traces d&#8217;usure habituelles sur les sols stratifi\u00e9s ou carrel\u00e9s. Et pour tous ceux qui souhaitent \u00e9crire un tout nouveau chapitre : Le bois peut toujours \u00eatre r\u00e9nov\u00e9 : Poncer, huiler, vernir, vitrifier&#8230; Vous pouvez ainsi red\u00e9corer votre int\u00e9rieur sans nuire \u00e0 l&#8217;environnement.<\/p>\n<\/div>\n                        \n                                            <\/div>\n                                            <div class=\"image-wrapper\">\n                                                                                    \n                                                                                                                <picture class=\"post-image\">\n                                <source srcset=\"https:\/\/www.weitzer-parkett.com\/wp-content\/uploads\/2022\/04\/Langriemen-Optik_WP_4140_Eiche_Savanne_ruhig_gefast_gebuerstet_PA_27760-1164-582x388-c-center.jpg 1x\" media=\"(min-width: 1024px)\"\/>\n                                <source srcset=\"https:\/\/www.weitzer-parkett.com\/wp-content\/uploads\/2022\/04\/Langriemen-Optik_WP_4140_Eiche_Savanne_ruhig_gefast_gebuerstet_PA_27760-1164-582x388-c-center.jpg 1x\" media=\"(min-width: 768px)\"\/>\n                                <source srcset=\"https:\/\/www.weitzer-parkett.com\/wp-content\/uploads\/2022\/04\/Langriemen-Optik_WP_4140_Eiche_Savanne_ruhig_gefast_gebuerstet_PA_27760-1164-684x456-c-center.jpg 1x\" media=\"(max-width: 767px)\"\/>\n                                <img decoding=\"async\" src=\"https:\/\/www.weitzer-parkett.com\/wp-content\/uploads\/2022\/04\/Langriemen-Optik_WP_4140_Eiche_Savanne_ruhig_gefast_gebuerstet_PA_27760-1164-684x456-c-center.jpg\" alt=\"\" title=\"Langriemen-Optik_WP_4140_Eiche_Savanne_ruhig_gefast_gebuerstet_PA_27760-1164\"\/>\n                            <\/picture>\n                        <\/div>\n                                    <\/div>\n            <\/div>\n        <\/div>\n    <\/div>\n\n<div id=\"ep-block-wysiwyg-block_626288a3c1f8f\" class=\"ep-block-wysiwyg ep-block  chosen-\">\n                        <div class=\"show-frontend\">\n                <div class=\"inner\">\n                    <div class=\"holder\"><h3>Une bonne d\u00e9cision : Le meilleur bois.<\/h3>\n<p>Nous proposons toute une s\u00e9rie <a href=\"https:\/\/www.weitzer-parkett.com\/fr\/pourquoi-weitzer-parkett\/essence-de-bois-weitzer-parkett\/\">d&#8217;essences de bois<\/a>, parfaites pour chaque application. Outre le c\u00e9l\u00e8bre et robuste ch\u00eane, nous traitons \u00e9galement de nombreuses autres essences de bois, comme le noyer, le h\u00eatre et le fr\u00eane. Ce dernier est plus dur, plus r\u00e9sistant et plus \u00e9lastique que de nombreux autres bois et poss\u00e8de une qualit\u00e9 de bois \u00e9lev\u00e9e. Il convient \u00e9galement \u00e0 une utilisation avec un chauffage au sol. Car notre parquet n&#8217;est pas seulement fait sur mesure et beau, il est aussi durable.<\/p>\n<\/div>\n                <\/div>\n            <\/div>\n            <\/div>\n\n<div id=\"ep-block-spacer-block_624eaaff77910\" class=\"ep-block-spacer ep-block  chosen-\">\n            <div class=\"show-frontend\">\n                        <style>\n                #ep-spacer-C9GDk {\n                    height: 50px;\n                }\n                @media (max-width: 767px) {\n                    #ep-spacer-C9GDk {\n                        height: 30px;\n                    }\n                }\n                @media (min-width: 768px) and (max-width: 1023px) {\n                    #ep-spacer-C9GDk {\n                        height: 30px;\n                    }\n                }\n            <\/style>\n            <div id=\"ep-spacer-C9GDk\"><\/div>\n        <\/div>\n    <\/div>\n\n<div id=\"ep-block-image-title-text-link-block_622f2abc210da\" class=\"ep-block-image-title-text-link ep-block  chosen-\">\n            <div class=\"show-frontend\">\n            <div class=\"inner\">\n                <div class=\"holder\">\n                    <div class=\"text-wrapper\">\n                                                    <h2>Vous serons ravis de vous aider \u00e0 choisir le parquet qu\u2019il vous faut.<\/h2>\n                        \n                                                    <div class=\"text\"><p>Nous ou l\u2019un des repr\u00e9sentants comp\u00e9tents de Weitzer Parkett pr\u00e8s de chez<\/p>\n<\/div>\n                        \n                                                    <div class=\"btn-wrapper\">\n                                <a href=\"https:\/\/www.weitzer-parkett.com\/fr\/showrooms\/\" target=\"\" class=\"btn ghost\">Visitez Showrooms<\/a>\n                            <\/div>\n                                            <\/div>\n                                            <div class=\"image-wrapper\">\n                                                                                    \n                                                                                                                <picture class=\"post-image\">\n                                <source srcset=\"https:\/\/www.weitzer-parkett.com\/wp-content\/uploads\/2022\/03\/showroom-weitzerparkett-partner-582x388-c-center.jpg 1x\" media=\"(min-width: 1024px)\"\/>\n                                <source srcset=\"https:\/\/www.weitzer-parkett.com\/wp-content\/uploads\/2022\/03\/showroom-weitzerparkett-partner-582x388-c-center.jpg 1x\" media=\"(min-width: 768px)\"\/>\n                                <source srcset=\"https:\/\/www.weitzer-parkett.com\/wp-content\/uploads\/2022\/03\/showroom-weitzerparkett-partner-684x456-c-center.jpg 1x\" media=\"(max-width: 767px)\"\/>\n                                <img decoding=\"async\" src=\"https:\/\/www.weitzer-parkett.com\/wp-content\/uploads\/2022\/03\/showroom-weitzerparkett-partner-684x456-c-center.jpg\" alt=\"\" title=\"showroom-weitzerparkett-partner\"\/>\n                            <\/picture>\n                        <\/div>\n                                    <\/div>\n            <\/div>\n        <\/div>\n    <\/div>","protected":false},"excerpt":{"rendered":"","protected":false},"author":1,"featured_media":0,"parent":0,"menu_order":0,"comment_status":"closed","ping_status":"closed","template":"","meta":{"_acf_changed":false,"footnotes":""},"class_list":["post-48528","page","type-page","status-publish","hentry"],"acf":[],"yoast_head":"<!-- This site is optimized with the Yoast SEO plugin v27.1.1 - https:\/\/yoast.com\/product\/yoast-seo-wordpress\/ -->\n<title>Valeur pour les g\u00e9n\u00e9rations | Weitzer Parkett<\/title>\n<meta name=\"description\" content=\"Weitzer Parkett est si robuste et d&#039;une telle qualit\u00e9 de finition artisanale qu&#039;il est synonyme de long\u00e9vit\u00e9 particuli\u00e8re.\" \/>\n<meta name=\"robots\" content=\"index, follow, max-snippet:-1, max-image-preview:large, max-video-preview:-1\" \/>\n<link rel=\"canonical\" href=\"https:\/\/www.weitzer-parkett.com\/fr\/valeur-pour-les-generations\/\" \/>\n<meta property=\"og:locale\" content=\"fr_FR\" \/>\n<meta property=\"og:type\" content=\"article\" \/>\n<meta property=\"og:title\" content=\"Valeur pour les g\u00e9n\u00e9rations | Weitzer Parkett\" \/>\n<meta property=\"og:description\" content=\"Weitzer Parkett est si robuste et d&#039;une telle qualit\u00e9 de finition artisanale qu&#039;il est synonyme de long\u00e9vit\u00e9 particuli\u00e8re.\" \/>\n<meta property=\"og:url\" content=\"https:\/\/www.weitzer-parkett.com\/fr\/valeur-pour-les-generations\/\" \/>\n<meta property=\"og:site_name\" content=\"Weitzer Parkett\" \/>\n<meta property=\"article:publisher\" content=\"http:\/\/www.facebook.com\/weitzerparkett\" \/>\n<meta property=\"article:modified_time\" content=\"2022-04-22T18:41:09+00:00\" \/>\n<meta property=\"og:image\" content=\"https:\/\/www.weitzer-parkett.com\/wp-content\/uploads\/2017\/08\/Weiz-Header-1.jpg\" \/>\n\t<meta property=\"og:image:width\" content=\"1200\" \/>\n\t<meta property=\"og:image:height\" content=\"450\" \/>\n\t<meta property=\"og:image:type\" content=\"image\/jpeg\" \/>\n<meta name=\"twitter:card\" content=\"summary_large_image\" \/>\n<meta name=\"twitter:site\" content=\"@weitzerparkett\" \/>\n<script type=\"application\/ld+json\" class=\"yoast-schema-graph\">{\"@context\":\"https:\/\/schema.org\",\"@graph\":[{\"@type\":\"WebPage\",\"@id\":\"https:\/\/www.weitzer-parkett.com\/fr\/valeur-pour-les-generations\/\",\"url\":\"https:\/\/www.weitzer-parkett.com\/fr\/valeur-pour-les-generations\/\",\"name\":\"Valeur pour les g\u00e9n\u00e9rations | Weitzer Parkett\",\"isPartOf\":{\"@id\":\"https:\/\/www.weitzer-parkett.com\/fr\/#website\"},\"datePublished\":\"2022-04-22T18:40:57+00:00\",\"dateModified\":\"2022-04-22T18:41:09+00:00\",\"description\":\"Weitzer Parkett est si robuste et d'une telle qualit\u00e9 de finition artisanale qu'il est synonyme de long\u00e9vit\u00e9 particuli\u00e8re.\",\"breadcrumb\":{\"@id\":\"https:\/\/www.weitzer-parkett.com\/fr\/valeur-pour-les-generations\/#breadcrumb\"},\"inLanguage\":\"fr-FR\",\"potentialAction\":[{\"@type\":\"ReadAction\",\"target\":[\"https:\/\/www.weitzer-parkett.com\/fr\/valeur-pour-les-generations\/\"]}]},{\"@type\":\"BreadcrumbList\",\"@id\":\"https:\/\/www.weitzer-parkett.com\/fr\/valeur-pour-les-generations\/#breadcrumb\",\"itemListElement\":[{\"@type\":\"ListItem\",\"position\":1,\"name\":\"Home\",\"item\":\"https:\/\/www.weitzer-parkett.com\/fr\/\"},{\"@type\":\"ListItem\",\"position\":2,\"name\":\"Valeur pour les g\u00e9n\u00e9rations\"}]},{\"@type\":\"WebSite\",\"@id\":\"https:\/\/www.weitzer-parkett.com\/fr\/#website\",\"url\":\"https:\/\/www.weitzer-parkett.com\/fr\/\",\"name\":\"Weitzer Parkett\",\"description\":\"Intelligente Parkett- und Stiegenl\u00f6sungen\",\"publisher\":{\"@id\":\"https:\/\/www.weitzer-parkett.com\/fr\/#organization\"},\"potentialAction\":[{\"@type\":\"SearchAction\",\"target\":{\"@type\":\"EntryPoint\",\"urlTemplate\":\"https:\/\/www.weitzer-parkett.com\/fr\/?s={search_term_string}\"},\"query-input\":{\"@type\":\"PropertyValueSpecification\",\"valueRequired\":true,\"valueName\":\"search_term_string\"}}],\"inLanguage\":\"fr-FR\"},{\"@type\":\"Organization\",\"@id\":\"https:\/\/www.weitzer-parkett.com\/fr\/#organization\",\"name\":\"Weitzer Parkett\",\"url\":\"https:\/\/www.weitzer-parkett.com\/fr\/\",\"logo\":{\"@type\":\"ImageObject\",\"inLanguage\":\"fr-FR\",\"@id\":\"https:\/\/www.weitzer-parkett.com\/fr\/#\/schema\/logo\/image\/\",\"url\":\"https:\/\/www.weitzer-parkett.com\/wp-content\/uploads\/2018\/01\/weitzer-parkett-logo.png\",\"contentUrl\":\"https:\/\/www.weitzer-parkett.com\/wp-content\/uploads\/2018\/01\/weitzer-parkett-logo.png\",\"width\":253,\"height\":81,\"caption\":\"Weitzer Parkett\"},\"image\":{\"@id\":\"https:\/\/www.weitzer-parkett.com\/fr\/#\/schema\/logo\/image\/\"},\"sameAs\":[\"http:\/\/www.facebook.com\/weitzerparkett\",\"https:\/\/x.com\/weitzerparkett\",\"http:\/\/www.linkedin.com\/company\/weitzer-parkett\",\"https:\/\/www.pinterest.com\/weitzerparkett\/\",\"https:\/\/www.youtube.com\/user\/weitzerparkett\/\"]}]}<\/script>\n<!-- \/ Yoast SEO plugin. -->","yoast_head_json":{"title":"Valeur pour les g\u00e9n\u00e9rations | Weitzer Parkett","description":"Weitzer Parkett est si robuste et d'une telle qualit\u00e9 de finition artisanale qu'il est synonyme de long\u00e9vit\u00e9 particuli\u00e8re.","robots":{"index":"index","follow":"follow","max-snippet":"max-snippet:-1","max-image-preview":"max-image-preview:large","max-video-preview":"max-video-preview:-1"},"canonical":"https:\/\/www.weitzer-parkett.com\/fr\/valeur-pour-les-generations\/","og_locale":"fr_FR","og_type":"article","og_title":"Valeur pour les g\u00e9n\u00e9rations | Weitzer Parkett","og_description":"Weitzer Parkett est si robuste et d'une telle qualit\u00e9 de finition artisanale qu'il est synonyme de long\u00e9vit\u00e9 particuli\u00e8re.","og_url":"https:\/\/www.weitzer-parkett.com\/fr\/valeur-pour-les-generations\/","og_site_name":"Weitzer Parkett","article_publisher":"http:\/\/www.facebook.com\/weitzerparkett","article_modified_time":"2022-04-22T18:41:09+00:00","og_image":[{"width":1200,"height":450,"url":"https:\/\/www.weitzer-parkett.com\/wp-content\/uploads\/2017\/08\/Weiz-Header-1.jpg","type":"image\/jpeg"}],"twitter_card":"summary_large_image","twitter_site":"@weitzerparkett","schema":{"@context":"https:\/\/schema.org","@graph":[{"@type":"WebPage","@id":"https:\/\/www.weitzer-parkett.com\/fr\/valeur-pour-les-generations\/","url":"https:\/\/www.weitzer-parkett.com\/fr\/valeur-pour-les-generations\/","name":"Valeur pour les g\u00e9n\u00e9rations | Weitzer Parkett","isPartOf":{"@id":"https:\/\/www.weitzer-parkett.com\/fr\/#website"},"datePublished":"2022-04-22T18:40:57+00:00","dateModified":"2022-04-22T18:41:09+00:00","description":"Weitzer Parkett est si robuste et d'une telle qualit\u00e9 de finition artisanale qu'il est synonyme de long\u00e9vit\u00e9 particuli\u00e8re.","breadcrumb":{"@id":"https:\/\/www.weitzer-parkett.com\/fr\/valeur-pour-les-generations\/#breadcrumb"},"inLanguage":"fr-FR","potentialAction":[{"@type":"ReadAction","target":["https:\/\/www.weitzer-parkett.com\/fr\/valeur-pour-les-generations\/"]}]},{"@type":"BreadcrumbList","@id":"https:\/\/www.weitzer-parkett.com\/fr\/valeur-pour-les-generations\/#breadcrumb","itemListElement":[{"@type":"ListItem","position":1,"name":"Home","item":"https:\/\/www.weitzer-parkett.com\/fr\/"},{"@type":"ListItem","position":2,"name":"Valeur pour les g\u00e9n\u00e9rations"}]},{"@type":"WebSite","@id":"https:\/\/www.weitzer-parkett.com\/fr\/#website","url":"https:\/\/www.weitzer-parkett.com\/fr\/","name":"Weitzer Parkett","description":"Intelligente Parkett- und Stiegenl\u00f6sungen","publisher":{"@id":"https:\/\/www.weitzer-parkett.com\/fr\/#organization"},"potentialAction":[{"@type":"SearchAction","target":{"@type":"EntryPoint","urlTemplate":"https:\/\/www.weitzer-parkett.com\/fr\/?s={search_term_string}"},"query-input":{"@type":"PropertyValueSpecification","valueRequired":true,"valueName":"search_term_string"}}],"inLanguage":"fr-FR"},{"@type":"Organization","@id":"https:\/\/www.weitzer-parkett.com\/fr\/#organization","name":"Weitzer Parkett","url":"https:\/\/www.weitzer-parkett.com\/fr\/","logo":{"@type":"ImageObject","inLanguage":"fr-FR","@id":"https:\/\/www.weitzer-parkett.com\/fr\/#\/schema\/logo\/image\/","url":"https:\/\/www.weitzer-parkett.com\/wp-content\/uploads\/2018\/01\/weitzer-parkett-logo.png","contentUrl":"https:\/\/www.weitzer-parkett.com\/wp-content\/uploads\/2018\/01\/weitzer-parkett-logo.png","width":253,"height":81,"caption":"Weitzer Parkett"},"image":{"@id":"https:\/\/www.weitzer-parkett.com\/fr\/#\/schema\/logo\/image\/"},"sameAs":["http:\/\/www.facebook.com\/weitzerparkett","https:\/\/x.com\/weitzerparkett","http:\/\/www.linkedin.com\/company\/weitzer-parkett","https:\/\/www.pinterest.com\/weitzerparkett\/","https:\/\/www.youtube.com\/user\/weitzerparkett\/"]}]}},"_links":{"self":[{"href":"https:\/\/www.weitzer-parkett.com\/fr\/wp-json\/wp\/v2\/pages\/48528","targetHints":{"allow":["GET"]}}],"collection":[{"href":"https:\/\/www.weitzer-parkett.com\/fr\/wp-json\/wp\/v2\/pages"}],"about":[{"href":"https:\/\/www.weitzer-parkett.com\/fr\/wp-json\/wp\/v2\/types\/page"}],"author":[{"embeddable":true,"href":"https:\/\/www.weitzer-parkett.com\/fr\/wp-json\/wp\/v2\/users\/1"}],"replies":[{"embeddable":true,"href":"https:\/\/www.weitzer-parkett.com\/fr\/wp-json\/wp\/v2\/comments?post=48528"}],"version-history":[{"count":2,"href":"https:\/\/www.weitzer-parkett.com\/fr\/wp-json\/wp\/v2\/pages\/48528\/revisions"}],"predecessor-version":[{"id":48530,"href":"https:\/\/www.weitzer-parkett.com\/fr\/wp-json\/wp\/v2\/pages\/48528\/revisions\/48530"}],"wp:attachment":[{"href":"https:\/\/www.weitzer-parkett.com\/fr\/wp-json\/wp\/v2\/media?parent=48528"}],"curies":[{"name":"wp","href":"https:\/\/api.w.org\/{rel}","templated":true}]}}