{"id":4754,"date":"2017-09-26T15:11:38","date_gmt":"2017-09-26T13:11:38","guid":{"rendered":"https:\/\/www.weitzer-parkett.com\/beschaffung\/"},"modified":"2022-04-01T12:31:59","modified_gmt":"2022-04-01T10:31:59","slug":"approvisionnement","status":"publish","type":"page","link":"https:\/\/www.weitzer-parkett.com\/fr\/pourquoi-weitzer-parkett-2\/approvisionnement\/","title":{"rendered":"Approvisionnement"},"content":{"rendered":"<div id=\"ep-block-page-header-block_6246c973c3e91\" class=\"ep-block-page-header ep-block  chosen-bg-theme-beige type-1\">\n            <div class=\"show-frontend\">\n\n            \n                <div class=\"inner\">\n                    <div class=\"container mx-auto\">\n                        <div class=\"text-container\">\n\n                                                            <div class=\"breadcrumbs-wrapper\">\n                                    <span><span><a href=\"https:\/\/www.weitzer-parkett.com\/fr\/\">Home<\/a><\/span><\/span>\n                                <\/div>\n                            \n                                                            <h1>Approvisionnement<\/h1>\n                            \n                                                            <div class=\"text-wrapper\"><p>Weitzer Parkett essaie de contribuer dans l\u2019ensemble de la cha\u00eene de cr\u00e9ation de valeurs \u00e0 un bilan \u00e9cologique positif. C\u2019est pourquoi nous pr\u00eatons lors de l\u2019achat de nos bois la plus grande attention \u00e0 leur origine ainsi qu\u2019\u00e0 des circuits de transport courts.<\/p>\n<\/div>\n                            \n                            \n                        <\/div>\n                    <\/div>\n                <\/div>\n\n                                                        <div class=\"image-wrapper\">\n                        \n                        \n                                                                                                        \n                        \n                        \n                                                                        \n                        <picture class=\"image\">\n                            <source srcset=\"https:\/\/www.weitzer-parkett.com\/wp-content\/uploads\/2022\/01\/block_big_image_2-562x596-c-center.jpg 1x\" media=\"(min-resolution: 120dpi)\"\/>\n                            <source srcset=\"https:\/\/www.weitzer-parkett.com\/wp-content\/uploads\/2022\/01\/block_big_image_2-562x596-c-center.jpg 1x\" media=\"(min-width: 1024px)\"\/>\n                            <source srcset=\"https:\/\/www.weitzer-parkett.com\/wp-content\/uploads\/2022\/01\/block_big_image_2-978x598-c-center.jpg 1x\" media=\"(min-width: 768px)\"\/>\n                            <source srcset=\"https:\/\/www.weitzer-parkett.com\/wp-content\/uploads\/2022\/01\/block_big_image_2-356x258-c-center.jpg 1x\" media=\"(max-width: 767px)\"\/>\n                            <img decoding=\"async\" src=\"https:\/\/www.weitzer-parkett.com\/wp-content\/uploads\/2022\/01\/block_big_image_2-356x258-c-center.jpg\" alt=\"\" title=\"block_big_image_2\"\/>\n                        <\/picture>\n                    <\/div>\n\n                                    \n                    <\/div>\n    <\/div>\n\n\n<div id=\"ep-block-wysiwyg-block_6246c9edc3e93\" class=\"ep-block-wysiwyg ep-block  chosen-\">\n                        <div class=\"show-frontend\">\n                <div class=\"inner\">\n                    <div class=\"holder\"><h3>Approvisionnement en essences de bois r\u00e9gionales<\/h3>\n<p>Nous nous procurons le bois qui est notre mati\u00e8re premi\u00e8re presque exclusivement dans des exploitations foresti\u00e8res europ\u00e9ennes pratiquant une \u00e9conomie durable. Environ 50% des essences proviennent de r\u00e9gions situ\u00e9es dans un rayon de 250 km, 10% seulement sont achet\u00e9s \u00e0 une distance de plus de 750 kilom\u00e8tres. Nos achats de mati\u00e8res premi\u00e8res excluent totalement le bois exotique.<\/p>\n<\/div>\n                <\/div>\n            <\/div>\n            <\/div>\n\n<div id=\"ep-block-teaser-block_6246cae3c3e95\" class=\"ep-block-teaser ep-block  chosen-\">\n            <div class=\"show-frontend style-1\">\n            <div class=\"rectangle rectangle-1\"><\/div>\n            <div class=\"rectangle rectangle-2\"><\/div>\n            <div class=\"holder\">\n\n                                                \n                <div class=\"position-wrapper\">\n                                                                                                                                                                    <div class=\"image-wrapper\">                             <picture>\n                                <source srcset=\"https:\/\/www.weitzer-parkett.com\/wp-content\/uploads\/2022\/04\/beschaffung-holz-fr-582x388-c-center.jpg 1x\" media=\"(min-width: 1024px)\"\/>\n                                                                \n                                <img decoding=\"async\" src=\"https:\/\/www.weitzer-parkett.com\/wp-content\/uploads\/2022\/04\/beschaffung-holz-fr-582x388-c-center.jpg\" alt=\"\" title=\"beschaffung-holz-fr\"\/>\n                                \n                            <\/picture>\n                        <\/div>\n                    \n                    <div class=\"text-wrapper\">\n                                                    <h2>\n                                \n                                Non aux bois exotiques, oui aux bois indig\u00e8nes\n                                \n                            <\/h2>\n                        \n                                                    <div class=\"text\"><p>Le bois est une mati\u00e8re premi\u00e8re particuli\u00e8re. Il favorise le bien-\u00eatre, contribue \u00e0 un climat ambiant sain et diffuse chaleur et sensation de confort. Mais le bois est \u00e9galement le rev\u00eatement de sol le plus \u00e9cologique et le seul mat\u00e9riau de construction qui se renouvelle.<\/p>\n<\/div>\n                        \n                        \n                    <\/div>\n                <\/div>\n            <\/div>\n        <\/div>\n    <\/div>\n\n<div id=\"ep-block-wysiwyg-block_6246c9c5c3e92\" class=\"ep-block-wysiwyg ep-block  chosen-\">\n                        <div class=\"show-frontend\">\n                <div class=\"inner\">\n                    <div class=\"holder\"><h3>Renoncement syst\u00e9matique au bois exotique<\/h3>\n<p>Le d\u00e9boisement grandissant des for\u00eats tropicales cause de plus grands dommages que les trafics routier, a\u00e9rien et maritime du monde entier. C\u2019est pourquoi un parquet devrait de mani\u00e8re g\u00e9n\u00e9rale ne pas comporter de bois exotiques. En tant que l\u2019un des premiers grands fabricants de parquets, nous renon\u00e7ons depuis des ann\u00e9es totalement au bois exotique. Nous nous concentrons sur les mati\u00e8res premi\u00e8res locales, r\u00e9gionales comme le ch\u00eane de Styrie. Un circuit extr\u00eamement court permet l\u2019approvisionnement car Weitzer Parkett est \u00e9tablie directement dans la r\u00e9gion, au c\u0153ur de la Styrie. Montrez-vous aussi que vous \u00eates oppos\u00e9s \u00e0 l\u2019utilisation du bois exotique!<\/p>\n<p>&nbsp;<\/p>\n<h3>Produits connexes de production europ\u00e9enne<\/h3>\n<p>Seuls des fabricants de l\u2019UE r\u00e9pondent aux crit\u00e8res exigeants de Weitzer Parkett en mati\u00e8re d\u2019environnement, de protection du travail et dans bien d\u2019autres domaines. Les fournisseurs d\u2019autres pays comme par exemple ceux du Sud-est asiatique ob\u00e9issent \u00e0 des r\u00e8gles moins s\u00e9v\u00e8res. Aussi n\u2019entrent-ils pas en ligne de compte en tant que partenaires de Weitzer Parkett, pour l\u2019approvisionnement des produits connexes.<\/p>\n<\/div>\n                <\/div>\n            <\/div>\n            <\/div>","protected":false},"excerpt":{"rendered":"","protected":false},"author":1,"featured_media":0,"parent":16401,"menu_order":0,"comment_status":"closed","ping_status":"closed","template":"","meta":{"_acf_changed":false,"footnotes":""},"class_list":["post-4754","page","type-page","status-publish","hentry"],"acf":[],"yoast_head":"<!-- This site is optimized with the Yoast SEO plugin v27.1.1 - https:\/\/yoast.com\/product\/yoast-seo-wordpress\/ -->\n<title>Approvisionnement - Bois r\u00e9gionales | Weitzer Parkett<\/title>\n<meta name=\"description\" content=\"Non aux bois exotiques, oui aux bois indig\u00e8nes. Approvisionnement en essences de bois r\u00e9gionales.\" \/>\n<meta name=\"robots\" content=\"index, follow, max-snippet:-1, max-image-preview:large, max-video-preview:-1\" \/>\n<link rel=\"canonical\" href=\"https:\/\/www.weitzer-parkett.com\/fr\/pourquoi-weitzer-parkett-2\/approvisionnement\/\" \/>\n<meta property=\"og:locale\" content=\"fr_FR\" \/>\n<meta property=\"og:type\" content=\"article\" \/>\n<meta property=\"og:title\" content=\"Approvisionnement - Bois r\u00e9gionales | Weitzer Parkett\" \/>\n<meta property=\"og:description\" content=\"Non aux bois exotiques, oui aux bois indig\u00e8nes. Approvisionnement en essences de bois r\u00e9gionales.\" \/>\n<meta property=\"og:url\" content=\"https:\/\/www.weitzer-parkett.com\/fr\/pourquoi-weitzer-parkett-2\/approvisionnement\/\" \/>\n<meta property=\"og:site_name\" content=\"Weitzer Parkett\" \/>\n<meta property=\"article:publisher\" content=\"http:\/\/www.facebook.com\/weitzerparkett\" \/>\n<meta property=\"article:modified_time\" content=\"2022-04-01T10:31:59+00:00\" \/>\n<meta property=\"og:image\" content=\"https:\/\/www.weitzer-parkett.com\/wp-content\/uploads\/2017\/08\/Weiz-Header-1.jpg\" \/>\n\t<meta property=\"og:image:width\" content=\"1200\" \/>\n\t<meta property=\"og:image:height\" content=\"450\" \/>\n\t<meta property=\"og:image:type\" content=\"image\/jpeg\" \/>\n<meta name=\"twitter:card\" content=\"summary_large_image\" \/>\n<meta name=\"twitter:site\" content=\"@weitzerparkett\" \/>\n<script type=\"application\/ld+json\" class=\"yoast-schema-graph\">{\"@context\":\"https:\/\/schema.org\",\"@graph\":[{\"@type\":\"WebPage\",\"@id\":\"https:\/\/www.weitzer-parkett.com\/fr\/pourquoi-weitzer-parkett-2\/approvisionnement\/\",\"url\":\"https:\/\/www.weitzer-parkett.com\/fr\/pourquoi-weitzer-parkett-2\/approvisionnement\/\",\"name\":\"Approvisionnement - Bois r\u00e9gionales | Weitzer Parkett\",\"isPartOf\":{\"@id\":\"https:\/\/www.weitzer-parkett.com\/fr\/#website\"},\"datePublished\":\"2017-09-26T13:11:38+00:00\",\"dateModified\":\"2022-04-01T10:31:59+00:00\",\"description\":\"Non aux bois exotiques, oui aux bois indig\u00e8nes. Approvisionnement en essences de bois r\u00e9gionales.\",\"breadcrumb\":{\"@id\":\"https:\/\/www.weitzer-parkett.com\/fr\/pourquoi-weitzer-parkett-2\/approvisionnement\/#breadcrumb\"},\"inLanguage\":\"fr-FR\",\"potentialAction\":[{\"@type\":\"ReadAction\",\"target\":[\"https:\/\/www.weitzer-parkett.com\/fr\/pourquoi-weitzer-parkett-2\/approvisionnement\/\"]}]},{\"@type\":\"BreadcrumbList\",\"@id\":\"https:\/\/www.weitzer-parkett.com\/fr\/pourquoi-weitzer-parkett-2\/approvisionnement\/#breadcrumb\",\"itemListElement\":[{\"@type\":\"ListItem\",\"position\":1,\"name\":\"Home\",\"item\":\"https:\/\/www.weitzer-parkett.com\/fr\/\"},{\"@type\":\"ListItem\",\"position\":2,\"name\":\"Pourquoi Weitzer Parkett\",\"item\":\"https:\/\/www.weitzer-parkett.com\/fr\/pourquoi-weitzer-parkett-2\/\"},{\"@type\":\"ListItem\",\"position\":3,\"name\":\"Approvisionnement\"}]},{\"@type\":\"WebSite\",\"@id\":\"https:\/\/www.weitzer-parkett.com\/fr\/#website\",\"url\":\"https:\/\/www.weitzer-parkett.com\/fr\/\",\"name\":\"Weitzer Parkett\",\"description\":\"Intelligente Parkett- und Stiegenl\u00f6sungen\",\"publisher\":{\"@id\":\"https:\/\/www.weitzer-parkett.com\/fr\/#organization\"},\"potentialAction\":[{\"@type\":\"SearchAction\",\"target\":{\"@type\":\"EntryPoint\",\"urlTemplate\":\"https:\/\/www.weitzer-parkett.com\/fr\/?s={search_term_string}\"},\"query-input\":{\"@type\":\"PropertyValueSpecification\",\"valueRequired\":true,\"valueName\":\"search_term_string\"}}],\"inLanguage\":\"fr-FR\"},{\"@type\":\"Organization\",\"@id\":\"https:\/\/www.weitzer-parkett.com\/fr\/#organization\",\"name\":\"Weitzer Parkett\",\"url\":\"https:\/\/www.weitzer-parkett.com\/fr\/\",\"logo\":{\"@type\":\"ImageObject\",\"inLanguage\":\"fr-FR\",\"@id\":\"https:\/\/www.weitzer-parkett.com\/fr\/#\/schema\/logo\/image\/\",\"url\":\"https:\/\/www.weitzer-parkett.com\/wp-content\/uploads\/2018\/01\/weitzer-parkett-logo.png\",\"contentUrl\":\"https:\/\/www.weitzer-parkett.com\/wp-content\/uploads\/2018\/01\/weitzer-parkett-logo.png\",\"width\":253,\"height\":81,\"caption\":\"Weitzer Parkett\"},\"image\":{\"@id\":\"https:\/\/www.weitzer-parkett.com\/fr\/#\/schema\/logo\/image\/\"},\"sameAs\":[\"http:\/\/www.facebook.com\/weitzerparkett\",\"https:\/\/x.com\/weitzerparkett\",\"http:\/\/www.linkedin.com\/company\/weitzer-parkett\",\"https:\/\/www.pinterest.com\/weitzerparkett\/\",\"https:\/\/www.youtube.com\/user\/weitzerparkett\/\"]}]}<\/script>\n<!-- \/ Yoast SEO plugin. -->","yoast_head_json":{"title":"Approvisionnement - Bois r\u00e9gionales | Weitzer Parkett","description":"Non aux bois exotiques, oui aux bois indig\u00e8nes. Approvisionnement en essences de bois r\u00e9gionales.","robots":{"index":"index","follow":"follow","max-snippet":"max-snippet:-1","max-image-preview":"max-image-preview:large","max-video-preview":"max-video-preview:-1"},"canonical":"https:\/\/www.weitzer-parkett.com\/fr\/pourquoi-weitzer-parkett-2\/approvisionnement\/","og_locale":"fr_FR","og_type":"article","og_title":"Approvisionnement - Bois r\u00e9gionales | Weitzer Parkett","og_description":"Non aux bois exotiques, oui aux bois indig\u00e8nes. Approvisionnement en essences de bois r\u00e9gionales.","og_url":"https:\/\/www.weitzer-parkett.com\/fr\/pourquoi-weitzer-parkett-2\/approvisionnement\/","og_site_name":"Weitzer Parkett","article_publisher":"http:\/\/www.facebook.com\/weitzerparkett","article_modified_time":"2022-04-01T10:31:59+00:00","og_image":[{"width":1200,"height":450,"url":"https:\/\/www.weitzer-parkett.com\/wp-content\/uploads\/2017\/08\/Weiz-Header-1.jpg","type":"image\/jpeg"}],"twitter_card":"summary_large_image","twitter_site":"@weitzerparkett","schema":{"@context":"https:\/\/schema.org","@graph":[{"@type":"WebPage","@id":"https:\/\/www.weitzer-parkett.com\/fr\/pourquoi-weitzer-parkett-2\/approvisionnement\/","url":"https:\/\/www.weitzer-parkett.com\/fr\/pourquoi-weitzer-parkett-2\/approvisionnement\/","name":"Approvisionnement - Bois r\u00e9gionales | Weitzer Parkett","isPartOf":{"@id":"https:\/\/www.weitzer-parkett.com\/fr\/#website"},"datePublished":"2017-09-26T13:11:38+00:00","dateModified":"2022-04-01T10:31:59+00:00","description":"Non aux bois exotiques, oui aux bois indig\u00e8nes. Approvisionnement en essences de bois r\u00e9gionales.","breadcrumb":{"@id":"https:\/\/www.weitzer-parkett.com\/fr\/pourquoi-weitzer-parkett-2\/approvisionnement\/#breadcrumb"},"inLanguage":"fr-FR","potentialAction":[{"@type":"ReadAction","target":["https:\/\/www.weitzer-parkett.com\/fr\/pourquoi-weitzer-parkett-2\/approvisionnement\/"]}]},{"@type":"BreadcrumbList","@id":"https:\/\/www.weitzer-parkett.com\/fr\/pourquoi-weitzer-parkett-2\/approvisionnement\/#breadcrumb","itemListElement":[{"@type":"ListItem","position":1,"name":"Home","item":"https:\/\/www.weitzer-parkett.com\/fr\/"},{"@type":"ListItem","position":2,"name":"Pourquoi Weitzer Parkett","item":"https:\/\/www.weitzer-parkett.com\/fr\/pourquoi-weitzer-parkett-2\/"},{"@type":"ListItem","position":3,"name":"Approvisionnement"}]},{"@type":"WebSite","@id":"https:\/\/www.weitzer-parkett.com\/fr\/#website","url":"https:\/\/www.weitzer-parkett.com\/fr\/","name":"Weitzer Parkett","description":"Intelligente Parkett- und Stiegenl\u00f6sungen","publisher":{"@id":"https:\/\/www.weitzer-parkett.com\/fr\/#organization"},"potentialAction":[{"@type":"SearchAction","target":{"@type":"EntryPoint","urlTemplate":"https:\/\/www.weitzer-parkett.com\/fr\/?s={search_term_string}"},"query-input":{"@type":"PropertyValueSpecification","valueRequired":true,"valueName":"search_term_string"}}],"inLanguage":"fr-FR"},{"@type":"Organization","@id":"https:\/\/www.weitzer-parkett.com\/fr\/#organization","name":"Weitzer Parkett","url":"https:\/\/www.weitzer-parkett.com\/fr\/","logo":{"@type":"ImageObject","inLanguage":"fr-FR","@id":"https:\/\/www.weitzer-parkett.com\/fr\/#\/schema\/logo\/image\/","url":"https:\/\/www.weitzer-parkett.com\/wp-content\/uploads\/2018\/01\/weitzer-parkett-logo.png","contentUrl":"https:\/\/www.weitzer-parkett.com\/wp-content\/uploads\/2018\/01\/weitzer-parkett-logo.png","width":253,"height":81,"caption":"Weitzer Parkett"},"image":{"@id":"https:\/\/www.weitzer-parkett.com\/fr\/#\/schema\/logo\/image\/"},"sameAs":["http:\/\/www.facebook.com\/weitzerparkett","https:\/\/x.com\/weitzerparkett","http:\/\/www.linkedin.com\/company\/weitzer-parkett","https:\/\/www.pinterest.com\/weitzerparkett\/","https:\/\/www.youtube.com\/user\/weitzerparkett\/"]}]}},"_links":{"self":[{"href":"https:\/\/www.weitzer-parkett.com\/fr\/wp-json\/wp\/v2\/pages\/4754","targetHints":{"allow":["GET"]}}],"collection":[{"href":"https:\/\/www.weitzer-parkett.com\/fr\/wp-json\/wp\/v2\/pages"}],"about":[{"href":"https:\/\/www.weitzer-parkett.com\/fr\/wp-json\/wp\/v2\/types\/page"}],"author":[{"embeddable":true,"href":"https:\/\/www.weitzer-parkett.com\/fr\/wp-json\/wp\/v2\/users\/1"}],"replies":[{"embeddable":true,"href":"https:\/\/www.weitzer-parkett.com\/fr\/wp-json\/wp\/v2\/comments?post=4754"}],"version-history":[{"count":4,"href":"https:\/\/www.weitzer-parkett.com\/fr\/wp-json\/wp\/v2\/pages\/4754\/revisions"}],"predecessor-version":[{"id":42630,"href":"https:\/\/www.weitzer-parkett.com\/fr\/wp-json\/wp\/v2\/pages\/4754\/revisions\/42630"}],"up":[{"embeddable":true,"href":"https:\/\/www.weitzer-parkett.com\/fr\/wp-json\/wp\/v2\/pages\/16401"}],"wp:attachment":[{"href":"https:\/\/www.weitzer-parkett.com\/fr\/wp-json\/wp\/v2\/media?parent=4754"}],"curies":[{"name":"wp","href":"https:\/\/api.w.org\/{rel}","templated":true}]}}