{"id":4683,"date":"2017-09-26T12:59:53","date_gmt":"2017-09-26T10:59:53","guid":{"rendered":"https:\/\/www.weitzer-parkett.com\/philosophie\/"},"modified":"2023-07-13T16:47:41","modified_gmt":"2023-07-13T14:47:41","slug":"philosophie-de-weitzer-parkett","status":"publish","type":"page","link":"https:\/\/www.weitzer-parkett.com\/fr\/pourquoi-weitzer-parkett-2\/philosophie-de-weitzer-parkett\/","title":{"rendered":"Philosophie"},"content":{"rendered":"<div id=\"ep-block-page-header-block_d84694c622f9ec95d81996a2c2383939\" class=\"ep-block-page-header ep-block  chosen-bg-theme-beige type-2\">\n            <div class=\"show-frontend\">\n\n            \n                <div class=\"inner\">\n                    <div class=\"container mx-auto\">\n                        <div class=\"text-container\">\n\n                                                            <div class=\"breadcrumbs-wrapper\">\n                                    <span><span><a href=\"https:\/\/www.weitzer-parkett.com\/fr\/\">Home<\/a><\/span><\/span>\n                                <\/div>\n                            \n                                                            <h1>Philosophie de Weitzer Parkett<\/h1>\n                            \n                                                            <div class=\"text-wrapper\"><p>Nous aimons <strong>le bois<\/strong>. Nous aimons <strong>la natur<\/strong>e. Nous aimons les belles choses de <strong>la vie<\/strong>. Nous aimons <strong>la perfection<\/strong>. Nous aimons <strong>les valeurs<\/strong> authentiques. Nous aimons <strong>le progr\u00e8s<\/strong>. Nous aimons les solutions parquet et escalier intelligentes.<\/p>\n<\/div>\n                            \n                                                            <div class=\"btn-wrapper\">\n                                                                            <div class=\"link\">\n                                            <a href=\"https:\/\/www.weitzer-parkett.com\/fr\/parquet\/\" title=\"Trouvez votre parquet\" target=\"\" class=\"btn arrow-right\">\n                                                Trouvez votre parquet\n                                            <\/a>\n                                        <\/div>\n                                    \n                                                                            <div class=\"link\">\n                                            <a href=\"https:\/\/www.weitzer-parkett.com\/fr\/\" title=\"Solutions parquets et habillages d\u2019escaliers intelligentes\" target=\"\" class=\"btn link arrow-right\">\n                                                Solutions parquets et habillages d\u2019escaliers intelligentes\n                                            <\/a>\n                                        <\/div>\n                                                                    <\/div>\n                            \n                        <\/div>\n                    <\/div>\n                <\/div>\n\n                                                        <div class=\"image-wrapper\">\n                        \n                        \n                        \n                                                                                                        \n                        \n                                                                        \n                        <picture class=\"image\">\n                            <source srcset=\"https:\/\/www.weitzer-parkett.com\/wp-content\/uploads\/2022\/04\/gruender-weitzerparkett-philisophie-910x666-c-center.jpg 1x\" media=\"(min-resolution: 120dpi)\"\/>\n                            <source srcset=\"https:\/\/www.weitzer-parkett.com\/wp-content\/uploads\/2022\/04\/gruender-weitzerparkett-philisophie-910x666-c-center.jpg 1x\" media=\"(min-width: 1024px)\"\/>\n                            <source srcset=\"https:\/\/www.weitzer-parkett.com\/wp-content\/uploads\/2022\/04\/gruender-weitzerparkett-philisophie-684x496-c-center.jpg 1x\" media=\"(min-width: 768px)\"\/>\n                            <source srcset=\"https:\/\/www.weitzer-parkett.com\/wp-content\/uploads\/2022\/04\/gruender-weitzerparkett-philisophie-356x258-c-center.jpg 1x\" media=\"(max-width: 767px)\"\/>\n                            <img decoding=\"async\" src=\"https:\/\/www.weitzer-parkett.com\/wp-content\/uploads\/2022\/04\/gruender-weitzerparkett-philisophie-356x258-c-center.jpg\" alt=\"\" title=\"gruender-weitzerparkett-philisophie\"\/>\n                        <\/picture>\n                    <\/div>\n\n                                    \n                    <\/div>\n    <\/div>\n\n\n<div id=\"ep-block-quote-block_0f08afee4e7e1af51fe10695dcb41d38\" class=\"ep-block-quote ep-block  chosen-bg-white\">\n            <div class=\"show-frontend\">\n            <div class=\"quote-wrapper\">\n                                    <div class=\"quote\">&ldquo;Notre passion.<br \/>\r\nNotre pens\u00e9e.<br \/>\r\nNotre fa\u00e7on de faire.&rdquo;<\/div>\n                                            <\/div>\n        <\/div>\n    <\/div>\n\n<div id=\"ep-block-wysiwyg-block_09c76fc62185b03f4200d1c5a4dafec2\" class=\"ep-block-wysiwyg ep-block  chosen-\">\n                        <div class=\"show-frontend\">\n                <div class=\"inner\">\n                    <div class=\"holder\"><p>Notre passion, notre curiosit\u00e9 et notre force d\u2019innovation ont fait de nous ce que nous sommes aujourd\u2019hui: une <a href=\"https:\/\/www.weitzer-parkett.com\/fr\/pourquoi-weitzer-parkett\/parquet-qualite\/famille-weitzer\/\">entreprise familiale<\/a> qui conna\u00eet le succ\u00e8s et est en passe de devenir le leader europ\u00e9en.<\/p>\n<p>Avec notre Parquet Intelligence nous avons toujours une bonne longueur d\u2019avance en ce qui concerne les <a href=\"https:\/\/www.weitzer-parkett.com\/fr\/pourquoi-weitzer-parkett\/solutions-parquets-et-habillages-descaliers-fonctionnelles\/\">solutions parquet et escalier<\/a>. Elle constitue le moteur qui nous permet d\u2019offrir \u00e0 nos clients des avantages uniques. Des avantages qui vont bien au-del\u00e0 des exigences esth\u00e9tiques, qui posent des jalons et rendent la vie plus confortable, plus fonctionnelle et plus saine.<\/p>\n<\/div>\n                <\/div>\n            <\/div>\n            <\/div>\n\n\n<div id=\"ep-block-diagonal-text-image-block_8c327593cc5eef03b70950eefe9b552d\" class=\"ep-block-diagonal-text-image ep-block  chosen-\">\n            <div class=\"show-frontend\">\n\n            <div class=\"holder\">\n\n                <div class=\"row-wrapper\">\n                                <div class=\"row-item row-1\">\n                                                                            \n                \n                \n                <div class=\"image \">\n                    <picture>\n                        <source srcset=\"https:\/\/www.weitzer-parkett.com\/wp-content\/uploads\/2017\/11\/soziale-verantwortung-794x446-c-center.jpg 1x\" media=\"(min-width: 1024px)\"\/>\n                        <source srcset=\"https:\/\/www.weitzer-parkett.com\/wp-content\/uploads\/2017\/11\/soziale-verantwortung-794x446-c-center.jpg 1x\" media=\"(min-width: 768px)\"\/>\n                        <source srcset=\"https:\/\/www.weitzer-parkett.com\/wp-content\/uploads\/2017\/11\/soziale-verantwortung-340x235-c-center.jpg 1x\" media=\"(max-width: 767px)\"\/>\n                        <img decoding=\"async\" src=\"https:\/\/www.weitzer-parkett.com\/wp-content\/uploads\/2017\/11\/soziale-verantwortung-340x235-c-center.jpg\" alt=\"\" title=\"soziale-verantwortung\"\/>\n                    <\/picture>\n                <\/div>\n                                        <div class=\"text\">\n                    <p>Nous sommes fiers de notre origine, de nos racines styriennes et de notre <a href=\"https:\/\/www.weitzer-parkett.com\/fr\/pourquoi-weitzer-parkett\/parquet-qualite\/responsabilite-sociale\/\">responsabilit\u00e9 sur le plan social<\/a>. Notre reconnaissance pour ce privil\u00e8ge s\u2019exprime dans une solennelle promesse de qualit\u00e9.<\/p>\n\n                <\/div>\n                    <\/div>\n    \n                                <div class=\"row-item row-2\">\n                                                                            \n                \n                \n                <div class=\"image \">\n                    <picture>\n                        <source srcset=\"https:\/\/www.weitzer-parkett.com\/wp-content\/uploads\/2022\/04\/oekologische-verantwortung-Tropenholz-heimische-hoelzer-blog-794x446-c-center.jpg 1x\" media=\"(min-width: 1024px)\"\/>\n                        <source srcset=\"https:\/\/www.weitzer-parkett.com\/wp-content\/uploads\/2022\/04\/oekologische-verantwortung-Tropenholz-heimische-hoelzer-blog-794x446-c-center.jpg 1x\" media=\"(min-width: 768px)\"\/>\n                        <source srcset=\"https:\/\/www.weitzer-parkett.com\/wp-content\/uploads\/2022\/04\/oekologische-verantwortung-Tropenholz-heimische-hoelzer-blog-340x235-c-center.jpg 1x\" media=\"(max-width: 767px)\"\/>\n                        <img decoding=\"async\" src=\"https:\/\/www.weitzer-parkett.com\/wp-content\/uploads\/2022\/04\/oekologische-verantwortung-Tropenholz-heimische-hoelzer-blog-340x235-c-center.jpg\" alt=\"\" title=\"oekologische-verantwortung-Tropenholz-heimische-hoelzer-blog\"\/>\n                    <\/picture>\n                <\/div>\n                                        <div class=\"text\">\n                    <p>Et nous \u00e9coutons le message que nous d\u00e9livre Dame Nature et qui fonde notre prise de <a href=\"https:\/\/www.weitzer-parkett.com\/fr\/pourquoi-weitzer-parkett\/parquet-responsabilite-ecologique\/\">responsabilit\u00e9 \u00e9cologique<\/a>. C\u2019est pourquoi le naturel, la probit\u00e9, la v\u00e9rit\u00e9 et la durabilit\u00e9 sont les valeurs que nous d\u00e9fendons avec une pleine conviction.<\/p>\n\n                <\/div>\n                    <\/div>\n    \n                <\/div>\n\n                                    <div class=\"btn-wrapper\">\n                        <a href=\"https:\/\/www.weitzer-parkett.com\/fr\/pourquoi-weitzer-parkett\/decouvrez-weitzer-parkett\/\" title=\"D\u00e9couvrez Weitzer Parkett\" target=\"\" class=\"btn arrow-right\">\n                            D\u00e9couvrez Weitzer Parkett\n                        <\/a>\n                    <\/div>\n                            <\/div>\n\n        <\/div>\n    <\/div>\n\n<div id=\"ep-block-wysiwyg-block_07ed7f8552aa9e93b53bd182bca4da97\" class=\"ep-block-wysiwyg ep-block  chosen-\">\n                        <div class=\"show-frontend\">\n                <div class=\"inner\">\n                    <div class=\"holder\"><p>C\u2019est notre id\u00e9al de pr\u00e9cision, de perfection et d\u2019artisanat d\u2019art qui nous permet de fabriquer notre gamme exigeante de produits.<\/p>\n<\/div>\n                <\/div>\n            <\/div>\n            <\/div>\n\n<div id=\"ep-block-spacer-block_fdf74f5a0a953c6b7f830166269f3fe6\" class=\"ep-block-spacer ep-block  chosen-\">\n            <div class=\"show-frontend\">\n                        <style>\n                #ep-spacer-1YseU {\n                    height: 100px;\n                }\n                @media (max-width: 767px) {\n                    #ep-spacer-1YseU {\n                        height: 40px;\n                    }\n                }\n                @media (min-width: 768px) and (max-width: 1023px) {\n                    #ep-spacer-1YseU {\n                        height: 60px;\n                    }\n                }\n            <\/style>\n            <div id=\"ep-spacer-1YseU\"><\/div>\n        <\/div>\n    <\/div>\n\n<div id=\"ep-block-image-title-text-link-block_bcc6bcf2bf0d8da743a481f3f7cf3186\" class=\"ep-block-image-title-text-link ep-block  chosen-\">\n            <div class=\"show-frontend\">\n            <div class=\"inner\">\n                <div class=\"holder\">\n                    <div class=\"text-wrapper\">\n                                                    <h2>Trouver facilement un partenaire showroom<\/h2>\n                        \n                                                    <div class=\"text\"><p>Nous ou l\u2019un des repr\u00e9sentants comp\u00e9tents de Weitzer Parkett pr\u00e8s de chez<\/p>\n<\/div>\n                        \n                                                    <div class=\"btn-wrapper\">\n                                <a href=\"https:\/\/www.weitzer-parkett.com\/fr\/showrooms\/\" target=\"\" class=\"btn ghost\">Visitez Showrooms<\/a>\n                            <\/div>\n                                            <\/div>\n                                            <div class=\"image-wrapper\">\n                                                                                    \n                                                                                                                <picture class=\"post-image\">\n                                <source srcset=\"https:\/\/www.weitzer-parkett.com\/wp-content\/uploads\/2022\/04\/ParkettWelten-06_LowRes-582x388-c-center.jpg 1x\" media=\"(min-width: 1024px)\"\/>\n                                <source srcset=\"https:\/\/www.weitzer-parkett.com\/wp-content\/uploads\/2022\/04\/ParkettWelten-06_LowRes-582x388-c-center.jpg 1x\" media=\"(min-width: 768px)\"\/>\n                                <source srcset=\"https:\/\/www.weitzer-parkett.com\/wp-content\/uploads\/2022\/04\/ParkettWelten-06_LowRes-684x456-c-center.jpg 1x\" media=\"(max-width: 767px)\"\/>\n                                <img decoding=\"async\" src=\"https:\/\/www.weitzer-parkett.com\/wp-content\/uploads\/2022\/04\/ParkettWelten-06_LowRes-684x456-c-center.jpg\" alt=\"\" title=\"ParkettWelten 06_LowRes\"\/>\n                            <\/picture>\n                        <\/div>\n                                    <\/div>\n            <\/div>\n        <\/div>\n    <\/div>","protected":false},"excerpt":{"rendered":"","protected":false},"author":1,"featured_media":0,"parent":16401,"menu_order":0,"comment_status":"closed","ping_status":"closed","template":"","meta":{"_acf_changed":false,"footnotes":""},"class_list":["post-4683","page","type-page","status-publish","hentry"],"acf":[],"yoast_head":"<!-- This site is optimized with the Yoast SEO plugin v27.1.1 - https:\/\/yoast.com\/product\/yoast-seo-wordpress\/ -->\n<title>Passion. Pens\u00e9e. Fa\u00e7on de faire - Philosophie de Weitzer Parkett<\/title>\n<meta name=\"description\" content=\"Nous aimons le bois. Nous aimons la nature. Nous aimons la perfection. Nous aimons les valeurs authentiques. Nous aimons le progr\u00e8s.\" \/>\n<meta name=\"robots\" content=\"index, follow, max-snippet:-1, max-image-preview:large, max-video-preview:-1\" \/>\n<link rel=\"canonical\" href=\"https:\/\/www.weitzer-parkett.com\/fr\/pourquoi-weitzer-parkett-2\/philosophie-de-weitzer-parkett\/\" \/>\n<meta property=\"og:locale\" content=\"fr_FR\" \/>\n<meta property=\"og:type\" content=\"article\" \/>\n<meta property=\"og:title\" content=\"Passion. Pens\u00e9e. Fa\u00e7on de faire - Philosophie de Weitzer Parkett\" \/>\n<meta property=\"og:description\" content=\"Nous aimons le bois. Nous aimons la nature. Nous aimons la perfection. Nous aimons les valeurs authentiques. Nous aimons le progr\u00e8s.\" \/>\n<meta property=\"og:url\" content=\"https:\/\/www.weitzer-parkett.com\/fr\/pourquoi-weitzer-parkett-2\/philosophie-de-weitzer-parkett\/\" \/>\n<meta property=\"og:site_name\" content=\"Weitzer Parkett\" \/>\n<meta property=\"article:publisher\" content=\"http:\/\/www.facebook.com\/weitzerparkett\" \/>\n<meta property=\"article:modified_time\" content=\"2023-07-13T14:47:41+00:00\" \/>\n<meta property=\"og:image\" content=\"https:\/\/www.weitzer-parkett.com\/wp-content\/uploads\/2017\/08\/Weiz-Header-1.jpg\" \/>\n\t<meta property=\"og:image:width\" content=\"1200\" \/>\n\t<meta property=\"og:image:height\" content=\"450\" \/>\n\t<meta property=\"og:image:type\" content=\"image\/jpeg\" \/>\n<meta name=\"twitter:card\" content=\"summary_large_image\" \/>\n<meta name=\"twitter:site\" content=\"@weitzerparkett\" \/>\n<script type=\"application\/ld+json\" class=\"yoast-schema-graph\">{\"@context\":\"https:\/\/schema.org\",\"@graph\":[{\"@type\":\"WebPage\",\"@id\":\"https:\/\/www.weitzer-parkett.com\/fr\/pourquoi-weitzer-parkett-2\/philosophie-de-weitzer-parkett\/\",\"url\":\"https:\/\/www.weitzer-parkett.com\/fr\/pourquoi-weitzer-parkett-2\/philosophie-de-weitzer-parkett\/\",\"name\":\"Passion. Pens\u00e9e. Fa\u00e7on de faire - Philosophie de Weitzer Parkett\",\"isPartOf\":{\"@id\":\"https:\/\/www.weitzer-parkett.com\/fr\/#website\"},\"datePublished\":\"2017-09-26T10:59:53+00:00\",\"dateModified\":\"2023-07-13T14:47:41+00:00\",\"description\":\"Nous aimons le bois. Nous aimons la nature. Nous aimons la perfection. Nous aimons les valeurs authentiques. Nous aimons le progr\u00e8s.\",\"breadcrumb\":{\"@id\":\"https:\/\/www.weitzer-parkett.com\/fr\/pourquoi-weitzer-parkett-2\/philosophie-de-weitzer-parkett\/#breadcrumb\"},\"inLanguage\":\"fr-FR\",\"potentialAction\":[{\"@type\":\"ReadAction\",\"target\":[\"https:\/\/www.weitzer-parkett.com\/fr\/pourquoi-weitzer-parkett-2\/philosophie-de-weitzer-parkett\/\"]}]},{\"@type\":\"BreadcrumbList\",\"@id\":\"https:\/\/www.weitzer-parkett.com\/fr\/pourquoi-weitzer-parkett-2\/philosophie-de-weitzer-parkett\/#breadcrumb\",\"itemListElement\":[{\"@type\":\"ListItem\",\"position\":1,\"name\":\"Home\",\"item\":\"https:\/\/www.weitzer-parkett.com\/fr\/\"},{\"@type\":\"ListItem\",\"position\":2,\"name\":\"Pourquoi Weitzer Parkett\",\"item\":\"https:\/\/www.weitzer-parkett.com\/fr\/pourquoi-weitzer-parkett-2\/\"},{\"@type\":\"ListItem\",\"position\":3,\"name\":\"Philosophie\"}]},{\"@type\":\"WebSite\",\"@id\":\"https:\/\/www.weitzer-parkett.com\/fr\/#website\",\"url\":\"https:\/\/www.weitzer-parkett.com\/fr\/\",\"name\":\"Weitzer Parkett\",\"description\":\"Intelligente Parkett- und Stiegenl\u00f6sungen\",\"publisher\":{\"@id\":\"https:\/\/www.weitzer-parkett.com\/fr\/#organization\"},\"potentialAction\":[{\"@type\":\"SearchAction\",\"target\":{\"@type\":\"EntryPoint\",\"urlTemplate\":\"https:\/\/www.weitzer-parkett.com\/fr\/?s={search_term_string}\"},\"query-input\":{\"@type\":\"PropertyValueSpecification\",\"valueRequired\":true,\"valueName\":\"search_term_string\"}}],\"inLanguage\":\"fr-FR\"},{\"@type\":\"Organization\",\"@id\":\"https:\/\/www.weitzer-parkett.com\/fr\/#organization\",\"name\":\"Weitzer Parkett\",\"url\":\"https:\/\/www.weitzer-parkett.com\/fr\/\",\"logo\":{\"@type\":\"ImageObject\",\"inLanguage\":\"fr-FR\",\"@id\":\"https:\/\/www.weitzer-parkett.com\/fr\/#\/schema\/logo\/image\/\",\"url\":\"https:\/\/www.weitzer-parkett.com\/wp-content\/uploads\/2018\/01\/weitzer-parkett-logo.png\",\"contentUrl\":\"https:\/\/www.weitzer-parkett.com\/wp-content\/uploads\/2018\/01\/weitzer-parkett-logo.png\",\"width\":253,\"height\":81,\"caption\":\"Weitzer Parkett\"},\"image\":{\"@id\":\"https:\/\/www.weitzer-parkett.com\/fr\/#\/schema\/logo\/image\/\"},\"sameAs\":[\"http:\/\/www.facebook.com\/weitzerparkett\",\"https:\/\/x.com\/weitzerparkett\",\"http:\/\/www.linkedin.com\/company\/weitzer-parkett\",\"https:\/\/www.pinterest.com\/weitzerparkett\/\",\"https:\/\/www.youtube.com\/user\/weitzerparkett\/\"]}]}<\/script>\n<!-- \/ Yoast SEO plugin. -->","yoast_head_json":{"title":"Passion. Pens\u00e9e. Fa\u00e7on de faire - Philosophie de Weitzer Parkett","description":"Nous aimons le bois. Nous aimons la nature. Nous aimons la perfection. Nous aimons les valeurs authentiques. Nous aimons le progr\u00e8s.","robots":{"index":"index","follow":"follow","max-snippet":"max-snippet:-1","max-image-preview":"max-image-preview:large","max-video-preview":"max-video-preview:-1"},"canonical":"https:\/\/www.weitzer-parkett.com\/fr\/pourquoi-weitzer-parkett-2\/philosophie-de-weitzer-parkett\/","og_locale":"fr_FR","og_type":"article","og_title":"Passion. Pens\u00e9e. Fa\u00e7on de faire - Philosophie de Weitzer Parkett","og_description":"Nous aimons le bois. Nous aimons la nature. Nous aimons la perfection. Nous aimons les valeurs authentiques. Nous aimons le progr\u00e8s.","og_url":"https:\/\/www.weitzer-parkett.com\/fr\/pourquoi-weitzer-parkett-2\/philosophie-de-weitzer-parkett\/","og_site_name":"Weitzer Parkett","article_publisher":"http:\/\/www.facebook.com\/weitzerparkett","article_modified_time":"2023-07-13T14:47:41+00:00","og_image":[{"width":1200,"height":450,"url":"https:\/\/www.weitzer-parkett.com\/wp-content\/uploads\/2017\/08\/Weiz-Header-1.jpg","type":"image\/jpeg"}],"twitter_card":"summary_large_image","twitter_site":"@weitzerparkett","schema":{"@context":"https:\/\/schema.org","@graph":[{"@type":"WebPage","@id":"https:\/\/www.weitzer-parkett.com\/fr\/pourquoi-weitzer-parkett-2\/philosophie-de-weitzer-parkett\/","url":"https:\/\/www.weitzer-parkett.com\/fr\/pourquoi-weitzer-parkett-2\/philosophie-de-weitzer-parkett\/","name":"Passion. Pens\u00e9e. Fa\u00e7on de faire - Philosophie de Weitzer Parkett","isPartOf":{"@id":"https:\/\/www.weitzer-parkett.com\/fr\/#website"},"datePublished":"2017-09-26T10:59:53+00:00","dateModified":"2023-07-13T14:47:41+00:00","description":"Nous aimons le bois. Nous aimons la nature. Nous aimons la perfection. Nous aimons les valeurs authentiques. Nous aimons le progr\u00e8s.","breadcrumb":{"@id":"https:\/\/www.weitzer-parkett.com\/fr\/pourquoi-weitzer-parkett-2\/philosophie-de-weitzer-parkett\/#breadcrumb"},"inLanguage":"fr-FR","potentialAction":[{"@type":"ReadAction","target":["https:\/\/www.weitzer-parkett.com\/fr\/pourquoi-weitzer-parkett-2\/philosophie-de-weitzer-parkett\/"]}]},{"@type":"BreadcrumbList","@id":"https:\/\/www.weitzer-parkett.com\/fr\/pourquoi-weitzer-parkett-2\/philosophie-de-weitzer-parkett\/#breadcrumb","itemListElement":[{"@type":"ListItem","position":1,"name":"Home","item":"https:\/\/www.weitzer-parkett.com\/fr\/"},{"@type":"ListItem","position":2,"name":"Pourquoi Weitzer Parkett","item":"https:\/\/www.weitzer-parkett.com\/fr\/pourquoi-weitzer-parkett-2\/"},{"@type":"ListItem","position":3,"name":"Philosophie"}]},{"@type":"WebSite","@id":"https:\/\/www.weitzer-parkett.com\/fr\/#website","url":"https:\/\/www.weitzer-parkett.com\/fr\/","name":"Weitzer Parkett","description":"Intelligente Parkett- und Stiegenl\u00f6sungen","publisher":{"@id":"https:\/\/www.weitzer-parkett.com\/fr\/#organization"},"potentialAction":[{"@type":"SearchAction","target":{"@type":"EntryPoint","urlTemplate":"https:\/\/www.weitzer-parkett.com\/fr\/?s={search_term_string}"},"query-input":{"@type":"PropertyValueSpecification","valueRequired":true,"valueName":"search_term_string"}}],"inLanguage":"fr-FR"},{"@type":"Organization","@id":"https:\/\/www.weitzer-parkett.com\/fr\/#organization","name":"Weitzer Parkett","url":"https:\/\/www.weitzer-parkett.com\/fr\/","logo":{"@type":"ImageObject","inLanguage":"fr-FR","@id":"https:\/\/www.weitzer-parkett.com\/fr\/#\/schema\/logo\/image\/","url":"https:\/\/www.weitzer-parkett.com\/wp-content\/uploads\/2018\/01\/weitzer-parkett-logo.png","contentUrl":"https:\/\/www.weitzer-parkett.com\/wp-content\/uploads\/2018\/01\/weitzer-parkett-logo.png","width":253,"height":81,"caption":"Weitzer Parkett"},"image":{"@id":"https:\/\/www.weitzer-parkett.com\/fr\/#\/schema\/logo\/image\/"},"sameAs":["http:\/\/www.facebook.com\/weitzerparkett","https:\/\/x.com\/weitzerparkett","http:\/\/www.linkedin.com\/company\/weitzer-parkett","https:\/\/www.pinterest.com\/weitzerparkett\/","https:\/\/www.youtube.com\/user\/weitzerparkett\/"]}]}},"_links":{"self":[{"href":"https:\/\/www.weitzer-parkett.com\/fr\/wp-json\/wp\/v2\/pages\/4683","targetHints":{"allow":["GET"]}}],"collection":[{"href":"https:\/\/www.weitzer-parkett.com\/fr\/wp-json\/wp\/v2\/pages"}],"about":[{"href":"https:\/\/www.weitzer-parkett.com\/fr\/wp-json\/wp\/v2\/types\/page"}],"author":[{"embeddable":true,"href":"https:\/\/www.weitzer-parkett.com\/fr\/wp-json\/wp\/v2\/users\/1"}],"replies":[{"embeddable":true,"href":"https:\/\/www.weitzer-parkett.com\/fr\/wp-json\/wp\/v2\/comments?post=4683"}],"version-history":[{"count":4,"href":"https:\/\/www.weitzer-parkett.com\/fr\/wp-json\/wp\/v2\/pages\/4683\/revisions"}],"predecessor-version":[{"id":55935,"href":"https:\/\/www.weitzer-parkett.com\/fr\/wp-json\/wp\/v2\/pages\/4683\/revisions\/55935"}],"up":[{"embeddable":true,"href":"https:\/\/www.weitzer-parkett.com\/fr\/wp-json\/wp\/v2\/pages\/16401"}],"wp:attachment":[{"href":"https:\/\/www.weitzer-parkett.com\/fr\/wp-json\/wp\/v2\/media?parent=4683"}],"curies":[{"name":"wp","href":"https:\/\/api.w.org\/{rel}","templated":true}]}}