{"id":38828,"date":"2021-04-29T09:34:05","date_gmt":"2021-04-29T07:34:05","guid":{"rendered":"https:\/\/www.weitzer-parkett.com\/fittery\/"},"modified":"2023-07-13T17:03:48","modified_gmt":"2023-07-13T15:03:48","slug":"fittery","status":"publish","type":"page","link":"https:\/\/www.weitzer-parkett.com\/fr\/fittery\/","title":{"rendered":"Weitzer Parkett Fittery"},"content":{"rendered":"<div id=\"ep-block-page-header-block_4f0f8ef350de8d2781892dcc3dc6715d\" class=\"ep-block-page-header ep-block  chosen-bg-theme-beige type-3\">\n            <div class=\"show-frontend\">\n\n            \n                <div class=\"inner\">\n                    <div class=\"container mx-auto\">\n                        <div class=\"text-container\">\n\n                                                            <div class=\"breadcrumbs-wrapper\">\n                                    <span><span><a href=\"https:\/\/www.weitzer-parkett.com\/fr\/\">Home<\/a><\/span><\/span>\n                                <\/div>\n                            \n                                                            <h1>WEITZER PARKETT FITTERY<\/h1>\n                            \n                            \n                            \n                        <\/div>\n                    <\/div>\n                <\/div>\n\n                                                        <div class=\"image-wrapper\">\n                        \n                        \n                        \n                        \n                                                                                                        \n                                                                        \n                        <picture class=\"image\">\n                            <source srcset=\"https:\/\/www.weitzer-parkett.com\/wp-content\/uploads\/2022\/04\/parkett-fittery-fr-header-960x530-c-center.jpg 1x\" media=\"(min-resolution: 120dpi)\"\/>\n                            <source srcset=\"https:\/\/www.weitzer-parkett.com\/wp-content\/uploads\/2022\/04\/parkett-fittery-fr-header-960x530-c-center.jpg 1x\" media=\"(min-width: 1024px)\"\/>\n                            <source srcset=\"https:\/\/www.weitzer-parkett.com\/wp-content\/uploads\/2022\/04\/parkett-fittery-fr-header-960x530-c-center.jpg 1x\" media=\"(min-width: 768px)\"\/>\n                            <source srcset=\"https:\/\/www.weitzer-parkett.com\/wp-content\/uploads\/2022\/04\/parkett-fittery-fr-header-340x375-c-center.jpg 1x\" media=\"(max-width: 767px)\"\/>\n                            <img decoding=\"async\" src=\"https:\/\/www.weitzer-parkett.com\/wp-content\/uploads\/2022\/04\/parkett-fittery-fr-header-340x375-c-center.jpg\" alt=\"\" title=\"parkett-fittery-fr-header\"\/>\n                        <\/picture>\n                    <\/div>\n\n                                            <div class=\"white-space-wrapper\"><\/div>\n                                    \n                    <\/div>\n    <\/div>\n\n\n<div id=\"ep-block-wysiwyg-block_0cd8d8c1db049f8ea35426315bede211\" class=\"ep-block-wysiwyg ep-block  chosen-\">\n                        <div class=\"show-frontend\">\n                <div class=\"inner\">\n                    <div class=\"holder\"><h2>PRENDRE UNE PHOTO ET ESSAYER<\/h2>\n<\/div>\n                <\/div>\n            <\/div>\n            <\/div>\n\n<div id=\"ep-block-teaser-block_6356aba3053585a15ea3ec34d32f2fb6\" class=\"ep-block-teaser ep-block  chosen-bg-white\">\n            <div class=\"show-frontend style-2\">\n            <div class=\"rectangle rectangle-1\"><\/div>\n            <div class=\"rectangle rectangle-2\"><\/div>\n            <div class=\"holder\">\n\n                                                                                                        \n                <div class=\"position-wrapper\">\n                                                                                                                                                                    <div class=\"image-wrapper\">                             <picture>\n                                <source srcset=\"https:\/\/www.weitzer-parkett.com\/wp-content\/uploads\/2022\/04\/parkett-fittery-weitzer-parkett-teaser-582x388-c-center.jpg 1x\" media=\"(min-width: 1024px)\"\/>\n                                                                 <a href=\"https:\/\/www.weitzer-parkett.com\/fr\/parquet\/\" target=\"\">\n                                <img decoding=\"async\" src=\"https:\/\/www.weitzer-parkett.com\/wp-content\/uploads\/2022\/04\/parkett-fittery-weitzer-parkett-teaser-582x388-c-center.jpg\" alt=\"\" title=\"parkett-fittery-weitzer-parkett-teaser\"\/>\n                                <\/a>\n                            <\/picture>\n                        <\/div>\n                    \n                    <div class=\"text-wrapper\">\n                        \n                                                    <div class=\"text\"><p>C\u2019est compliqu\u00e9 de choisir un nouveau parquet ?<\/p>\n<p>Pas avec Weitzer Parkett :<br \/>\ngr\u00e2ce \u00e0 notre application PARKETT FITTERY, il vous suffit de <strong>t\u00e9l\u00e9charger une photo <\/strong><strong>n\u2019importe o\u00f9 et n\u2019importe quand pour voir quel<\/strong> <strong>sera le rendu du parquet de votre choix.<\/strong><\/p>\n<\/div>\n                        \n                                                    <div class=\"link-wrapper\">\n                                <a href=\"https:\/\/www.weitzer-parkett.com\/fr\/parquet\/\" target=\"\" class=\"btn ghost\">\n                                    Faites donc un essai!\n                                <\/a>\n                            <\/div>\n                        \n                    <\/div>\n                <\/div>\n            <\/div>\n        <\/div>\n    <\/div>\n\n<div id=\"ep-block-wysiwyg-block_7f067dddc1a6d5b2dedb51ba4366d61f\" class=\"ep-block-wysiwyg ep-block  chosen-\">\n                        <div class=\"show-frontend\">\n                <div class=\"inner\">\n                    <div class=\"holder\"><h3>Il n\u2019a jamais \u00e9t\u00e9 aussi simple de choisir un parquet<\/h3>\n<p>Gr\u00e2ce \u00e0 l\u2019intelligence artificielle, il est d\u00e9sormais possible de poser virtuellement du parquet Weitzer dans votre int\u00e9rieur. En un seul clic, vous verrez le rendu du parquet de vos r\u00eaves dans votre pi\u00e8ce. Mais ce n\u2019est pas tout : cet outil sophistiqu\u00e9 vous permet \u00e9galement de <strong>modifier le motif et le sens de la pose sur la photo et d\u2019essayer tous les formats, couleurs et qualit\u00e9s de la gamme de parquets Weitzer.<\/strong> En outre, <strong>toutes les informations sur le produit s\u2019affichent sous votre photo<\/strong> agr\u00e9ment\u00e9e du parquet Weitzer.<\/p>\n<\/div>\n                <\/div>\n            <\/div>\n            <\/div>\n\n\n<div id=\"ep-block-diagonal-text-image-block_ba418fc35efd525b6d585e956cf45c7a\" class=\"ep-block-diagonal-text-image ep-block  chosen-\">\n            <div class=\"show-frontend\">\n\n            <div class=\"holder\">\n\n                <div class=\"row-wrapper\">\n                                <div class=\"row-item row-1\">\n                                                                            \n                \n                \n                <div class=\"image \">\n                    <picture>\n                        <source srcset=\"https:\/\/www.weitzer-parkett.com\/wp-content\/uploads\/2022\/04\/Stab-Optik_Esche_Polar_ruhig_geburstet_Wohnen_64991-fittery-794x446-c-center.jpg 1x\" media=\"(min-width: 1024px)\"\/>\n                        <source srcset=\"https:\/\/www.weitzer-parkett.com\/wp-content\/uploads\/2022\/04\/Stab-Optik_Esche_Polar_ruhig_geburstet_Wohnen_64991-fittery-794x446-c-center.jpg 1x\" media=\"(min-width: 768px)\"\/>\n                        <source srcset=\"https:\/\/www.weitzer-parkett.com\/wp-content\/uploads\/2022\/04\/Stab-Optik_Esche_Polar_ruhig_geburstet_Wohnen_64991-fittery-340x235-c-center.jpg 1x\" media=\"(max-width: 767px)\"\/>\n                        <img decoding=\"async\" src=\"https:\/\/www.weitzer-parkett.com\/wp-content\/uploads\/2022\/04\/Stab-Optik_Esche_Polar_ruhig_geburstet_Wohnen_64991-fittery-340x235-c-center.jpg\" alt=\"\" title=\"Stab-Optik_Esche_Polar_ruhig_geburstet_Wohnen_64991-fittery\"\/>\n                    <\/picture>\n                <\/div>\n                                        <div class=\"text\">\n                    <h3>Apr\u00e8s tout, c\u2019est VOTRE maison<\/h3>\n<p>L\u2019essence de bois s\u2019accorde-t-elle \u00e0 mon int\u00e9rieur ? Mon ton pr\u00e9f\u00e9r\u00e9 s\u2019harmonise-t-il avec mes meubles ? Quel est le rendu de la pose en chevrons tendance sur toute la surface de mon salon ? Vous pouvez maintenant r\u00e9pondre \u00e0 toutes ces questions vous-m\u00eame, en toute simplicit\u00e9 et \u00e0 tout moment, et en discuter avec votre famille ou demander un avis \u00e0 vos amis.<\/p>\n\n                <\/div>\n                    <\/div>\n    \n                                <div class=\"row-item row-2\">\n                                                                            \n                \n                \n                <div class=\"image \">\n                    <picture>\n                        <source srcset=\"https:\/\/www.weitzer-parkett.com\/wp-content\/uploads\/2022\/04\/Dielen-Optik_WP_Charisma_EB_Eiche_Ice_lebhaft_gefast_PA-fittery-794x446-c-center.jpg 1x\" media=\"(min-width: 1024px)\"\/>\n                        <source srcset=\"https:\/\/www.weitzer-parkett.com\/wp-content\/uploads\/2022\/04\/Dielen-Optik_WP_Charisma_EB_Eiche_Ice_lebhaft_gefast_PA-fittery-794x446-c-center.jpg 1x\" media=\"(min-width: 768px)\"\/>\n                        <source srcset=\"https:\/\/www.weitzer-parkett.com\/wp-content\/uploads\/2022\/04\/Dielen-Optik_WP_Charisma_EB_Eiche_Ice_lebhaft_gefast_PA-fittery-340x235-c-center.jpg 1x\" media=\"(max-width: 767px)\"\/>\n                        <img decoding=\"async\" src=\"https:\/\/www.weitzer-parkett.com\/wp-content\/uploads\/2022\/04\/Dielen-Optik_WP_Charisma_EB_Eiche_Ice_lebhaft_gefast_PA-fittery-340x235-c-center.jpg\" alt=\"\" title=\"Dielen-Optik_WP_Charisma_EB_Eiche_Ice_lebhaft_gefast_PA-fittery\"\/>\n                    <\/picture>\n                <\/div>\n                                        <div class=\"text\">\n                    <p><strong>Vous pourrez ainsi faire le bon choix parmi vos mod\u00e8les pr\u00e9f\u00e9r\u00e9s et profiter d\u2019un v\u00e9ritable parquet en bois Weitzer Parkett jusqu\u2019\u00e0 la fin de vos jours (si vous le souhaitez) !<\/strong><\/p>\n\n                <\/div>\n                    <\/div>\n    \n                <\/div>\n\n                                    <div class=\"btn-wrapper\">\n                        <a href=\"https:\/\/www.weitzer-parkett.com\/fr\/parquet\/\" title=\"Faites l'essai\" target=\"\" class=\"btn arrow-right\">\n                            Faites l&#8217;essai\n                        <\/a>\n                    <\/div>\n                            <\/div>\n\n        <\/div>\n    <\/div>\n\n<div id=\"ep-block-wysiwyg-block_1e7cac8e4ae69d00c695e1510d5070af\" class=\"ep-block-wysiwyg ep-block  chosen-\">\n                        <div class=\"show-frontend\">\n                <div class=\"inner\">\n                    <div class=\"holder\"><h3>S\u00c9LECTIONNER UN PARQUET<\/h3>\n<ul>\n<li>Il vous suffit de vous rendre sur notre site Web et de cliquer sur \u00ab TROUVEZ VOTRE PARQUET \u00bb pour <strong>choisir le parquet de vos r\u00eaves<\/strong><\/li>\n<li>Vous pouvez choisir une <strong>photo existante<\/strong> dans votre galerie <strong>ou prendre directement une photo de votre pi\u00e8ce<\/strong> dans l\u2019application<\/li>\n<li><strong>T\u00e9l\u00e9chargez la photo<\/strong> et c\u2019est parti !<\/li>\n<\/ul>\n<p><strong>Un petit conseil pour obtenir un r\u00e9sultat optimal<\/strong><br \/>\nLa photo doit \u00eatre prise en <strong>mode paysage<\/strong> et contenir le <strong>plus de surface au sol<\/strong> possible.<\/p>\n<p>Vous pouvez enregistrer ou imprimer les photos de votre salon agr\u00e9ment\u00e9 d\u2019un parquet Weitzer ou bien les regarder sur votre t\u00e9l\u00e9phone portable \u00e0 tout moment. Vous pourrez \u00e9galement choisir d\u00e8s maintenant d\u2019autres \u00e9l\u00e9ments de d\u00e9coration assortis \u00e0 votre nouveau parquet.<\/p>\n<p><strong><a href=\"https:\/\/www.weitzer-parkett.com\/fr\/parquet\/\">Essayez cette application d\u00e8s maintenant<\/a> : elle est amusante, surprenante et elle vous permettra de jeter un regard neuf sur les possibilit\u00e9s de d\u00e9coration de votre int\u00e9rieur..<\/strong><\/p>\n<\/div>\n                <\/div>\n            <\/div>\n            <\/div>\n\n<div id=\"ep-block-spacer-block_736a3feb8323435c63e7433161fc2428\" class=\"ep-block-spacer ep-block  chosen-\">\n            <div class=\"show-frontend\">\n                        <style>\n                #ep-spacer-DB3z0 {\n                    height: 100px;\n                }\n                @media (max-width: 767px) {\n                    #ep-spacer-DB3z0 {\n                        height: 40px;\n                    }\n                }\n                @media (min-width: 768px) and (max-width: 1023px) {\n                    #ep-spacer-DB3z0 {\n                        height: 60px;\n                    }\n                }\n            <\/style>\n            <div id=\"ep-spacer-DB3z0\"><\/div>\n        <\/div>\n    <\/div>\n\n<div id=\"ep-block-image-title-text-link-block_3c9b8a860f429cb0be9d2ee9a8912e23\" class=\"ep-block-image-title-text-link ep-block  chosen-\">\n            <div class=\"show-frontend\">\n            <div class=\"inner\">\n                <div class=\"holder\">\n                    <div class=\"text-wrapper\">\n                                                    <h2>Vous serons ravis de vous aider \u00e0 choisir le parquet qu\u2019il vous faut.<\/h2>\n                        \n                                                    <div class=\"text\"><p>Nous ou l\u2019un des repr\u00e9sentants comp\u00e9tents de Weitzer Parkett pr\u00e8s de chez<\/p>\n<\/div>\n                        \n                                                    <div class=\"btn-wrapper\">\n                                <a href=\"https:\/\/www.weitzer-parkett.com\/fr\/showrooms\/\" target=\"\" class=\"btn ghost\">Visitez Showrooms<\/a>\n                            <\/div>\n                                            <\/div>\n                                            <div class=\"image-wrapper\">\n                                                                                    \n                                                                                                                <picture class=\"post-image\">\n                                <source srcset=\"https:\/\/www.weitzer-parkett.com\/wp-content\/uploads\/2022\/04\/ParkettWelten-06_LowRes-582x388-c-center.jpg 1x\" media=\"(min-width: 1024px)\"\/>\n                                <source srcset=\"https:\/\/www.weitzer-parkett.com\/wp-content\/uploads\/2022\/04\/ParkettWelten-06_LowRes-582x388-c-center.jpg 1x\" media=\"(min-width: 768px)\"\/>\n                                <source srcset=\"https:\/\/www.weitzer-parkett.com\/wp-content\/uploads\/2022\/04\/ParkettWelten-06_LowRes-684x456-c-center.jpg 1x\" media=\"(max-width: 767px)\"\/>\n                                <img decoding=\"async\" src=\"https:\/\/www.weitzer-parkett.com\/wp-content\/uploads\/2022\/04\/ParkettWelten-06_LowRes-684x456-c-center.jpg\" alt=\"\" title=\"ParkettWelten 06_LowRes\"\/>\n                            <\/picture>\n                        <\/div>\n                                    <\/div>\n            <\/div>\n        <\/div>\n    <\/div>","protected":false},"excerpt":{"rendered":"","protected":false},"author":1,"featured_media":0,"parent":0,"menu_order":0,"comment_status":"closed","ping_status":"closed","template":"","meta":{"_acf_changed":false,"footnotes":""},"class_list":["post-38828","page","type-page","status-publish","hentry"],"acf":[],"yoast_head":"<!-- This site is optimized with the Yoast SEO plugin v27.1.1 - https:\/\/yoast.com\/product\/yoast-seo-wordpress\/ -->\n<title>Prendre une photo et essayer - PARKETT FITTERY | Weitzer Parkett<\/title>\n<meta name=\"description\" content=\"Il vous suffit de vous rendre sur notre site Web et de cliquer pour choisir le parquet de vos r\u00eaves. T\u00e9l\u00e9chargez la photo et c\u2019est parti !\" \/>\n<meta name=\"robots\" content=\"index, follow, max-snippet:-1, max-image-preview:large, max-video-preview:-1\" \/>\n<link rel=\"canonical\" href=\"https:\/\/www.weitzer-parkett.com\/fr\/fittery\/\" \/>\n<meta property=\"og:locale\" content=\"fr_FR\" \/>\n<meta property=\"og:type\" content=\"article\" \/>\n<meta property=\"og:title\" content=\"Prendre une photo et essayer - PARKETT FITTERY | Weitzer Parkett\" \/>\n<meta property=\"og:description\" content=\"Il vous suffit de vous rendre sur notre site Web et de cliquer pour choisir le parquet de vos r\u00eaves. T\u00e9l\u00e9chargez la photo et c\u2019est parti !\" \/>\n<meta property=\"og:url\" content=\"https:\/\/www.weitzer-parkett.com\/fr\/fittery\/\" \/>\n<meta property=\"og:site_name\" content=\"Weitzer Parkett\" \/>\n<meta property=\"article:publisher\" content=\"http:\/\/www.facebook.com\/weitzerparkett\" \/>\n<meta property=\"article:modified_time\" content=\"2023-07-13T15:03:48+00:00\" \/>\n<meta property=\"og:image\" content=\"https:\/\/www.weitzer-parkett.com\/wp-content\/uploads\/2017\/08\/Weiz-Header-1.jpg\" \/>\n\t<meta property=\"og:image:width\" content=\"1200\" \/>\n\t<meta property=\"og:image:height\" content=\"450\" \/>\n\t<meta property=\"og:image:type\" content=\"image\/jpeg\" \/>\n<meta name=\"twitter:card\" content=\"summary_large_image\" \/>\n<meta name=\"twitter:site\" content=\"@weitzerparkett\" \/>\n<script type=\"application\/ld+json\" class=\"yoast-schema-graph\">{\"@context\":\"https:\/\/schema.org\",\"@graph\":[{\"@type\":\"WebPage\",\"@id\":\"https:\/\/www.weitzer-parkett.com\/fr\/fittery\/\",\"url\":\"https:\/\/www.weitzer-parkett.com\/fr\/fittery\/\",\"name\":\"Prendre une photo et essayer - PARKETT FITTERY | Weitzer Parkett\",\"isPartOf\":{\"@id\":\"https:\/\/www.weitzer-parkett.com\/fr\/#website\"},\"datePublished\":\"2021-04-29T07:34:05+00:00\",\"dateModified\":\"2023-07-13T15:03:48+00:00\",\"description\":\"Il vous suffit de vous rendre sur notre site Web et de cliquer pour choisir le parquet de vos r\u00eaves. T\u00e9l\u00e9chargez la photo et c\u2019est parti !\",\"breadcrumb\":{\"@id\":\"https:\/\/www.weitzer-parkett.com\/fr\/fittery\/#breadcrumb\"},\"inLanguage\":\"fr-FR\",\"potentialAction\":[{\"@type\":\"ReadAction\",\"target\":[\"https:\/\/www.weitzer-parkett.com\/fr\/fittery\/\"]}]},{\"@type\":\"BreadcrumbList\",\"@id\":\"https:\/\/www.weitzer-parkett.com\/fr\/fittery\/#breadcrumb\",\"itemListElement\":[{\"@type\":\"ListItem\",\"position\":1,\"name\":\"Home\",\"item\":\"https:\/\/www.weitzer-parkett.com\/fr\/\"},{\"@type\":\"ListItem\",\"position\":2,\"name\":\"Weitzer Parkett Fittery\"}]},{\"@type\":\"WebSite\",\"@id\":\"https:\/\/www.weitzer-parkett.com\/fr\/#website\",\"url\":\"https:\/\/www.weitzer-parkett.com\/fr\/\",\"name\":\"Weitzer Parkett\",\"description\":\"Intelligente Parkett- und Stiegenl\u00f6sungen\",\"publisher\":{\"@id\":\"https:\/\/www.weitzer-parkett.com\/fr\/#organization\"},\"potentialAction\":[{\"@type\":\"SearchAction\",\"target\":{\"@type\":\"EntryPoint\",\"urlTemplate\":\"https:\/\/www.weitzer-parkett.com\/fr\/?s={search_term_string}\"},\"query-input\":{\"@type\":\"PropertyValueSpecification\",\"valueRequired\":true,\"valueName\":\"search_term_string\"}}],\"inLanguage\":\"fr-FR\"},{\"@type\":\"Organization\",\"@id\":\"https:\/\/www.weitzer-parkett.com\/fr\/#organization\",\"name\":\"Weitzer Parkett\",\"url\":\"https:\/\/www.weitzer-parkett.com\/fr\/\",\"logo\":{\"@type\":\"ImageObject\",\"inLanguage\":\"fr-FR\",\"@id\":\"https:\/\/www.weitzer-parkett.com\/fr\/#\/schema\/logo\/image\/\",\"url\":\"https:\/\/www.weitzer-parkett.com\/wp-content\/uploads\/2018\/01\/weitzer-parkett-logo.png\",\"contentUrl\":\"https:\/\/www.weitzer-parkett.com\/wp-content\/uploads\/2018\/01\/weitzer-parkett-logo.png\",\"width\":253,\"height\":81,\"caption\":\"Weitzer Parkett\"},\"image\":{\"@id\":\"https:\/\/www.weitzer-parkett.com\/fr\/#\/schema\/logo\/image\/\"},\"sameAs\":[\"http:\/\/www.facebook.com\/weitzerparkett\",\"https:\/\/x.com\/weitzerparkett\",\"http:\/\/www.linkedin.com\/company\/weitzer-parkett\",\"https:\/\/www.pinterest.com\/weitzerparkett\/\",\"https:\/\/www.youtube.com\/user\/weitzerparkett\/\"]}]}<\/script>\n<!-- \/ Yoast SEO plugin. -->","yoast_head_json":{"title":"Prendre une photo et essayer - PARKETT FITTERY | Weitzer Parkett","description":"Il vous suffit de vous rendre sur notre site Web et de cliquer pour choisir le parquet de vos r\u00eaves. T\u00e9l\u00e9chargez la photo et c\u2019est parti !","robots":{"index":"index","follow":"follow","max-snippet":"max-snippet:-1","max-image-preview":"max-image-preview:large","max-video-preview":"max-video-preview:-1"},"canonical":"https:\/\/www.weitzer-parkett.com\/fr\/fittery\/","og_locale":"fr_FR","og_type":"article","og_title":"Prendre une photo et essayer - PARKETT FITTERY | Weitzer Parkett","og_description":"Il vous suffit de vous rendre sur notre site Web et de cliquer pour choisir le parquet de vos r\u00eaves. T\u00e9l\u00e9chargez la photo et c\u2019est parti !","og_url":"https:\/\/www.weitzer-parkett.com\/fr\/fittery\/","og_site_name":"Weitzer Parkett","article_publisher":"http:\/\/www.facebook.com\/weitzerparkett","article_modified_time":"2023-07-13T15:03:48+00:00","og_image":[{"width":1200,"height":450,"url":"https:\/\/www.weitzer-parkett.com\/wp-content\/uploads\/2017\/08\/Weiz-Header-1.jpg","type":"image\/jpeg"}],"twitter_card":"summary_large_image","twitter_site":"@weitzerparkett","schema":{"@context":"https:\/\/schema.org","@graph":[{"@type":"WebPage","@id":"https:\/\/www.weitzer-parkett.com\/fr\/fittery\/","url":"https:\/\/www.weitzer-parkett.com\/fr\/fittery\/","name":"Prendre une photo et essayer - PARKETT FITTERY | Weitzer Parkett","isPartOf":{"@id":"https:\/\/www.weitzer-parkett.com\/fr\/#website"},"datePublished":"2021-04-29T07:34:05+00:00","dateModified":"2023-07-13T15:03:48+00:00","description":"Il vous suffit de vous rendre sur notre site Web et de cliquer pour choisir le parquet de vos r\u00eaves. T\u00e9l\u00e9chargez la photo et c\u2019est parti !","breadcrumb":{"@id":"https:\/\/www.weitzer-parkett.com\/fr\/fittery\/#breadcrumb"},"inLanguage":"fr-FR","potentialAction":[{"@type":"ReadAction","target":["https:\/\/www.weitzer-parkett.com\/fr\/fittery\/"]}]},{"@type":"BreadcrumbList","@id":"https:\/\/www.weitzer-parkett.com\/fr\/fittery\/#breadcrumb","itemListElement":[{"@type":"ListItem","position":1,"name":"Home","item":"https:\/\/www.weitzer-parkett.com\/fr\/"},{"@type":"ListItem","position":2,"name":"Weitzer Parkett Fittery"}]},{"@type":"WebSite","@id":"https:\/\/www.weitzer-parkett.com\/fr\/#website","url":"https:\/\/www.weitzer-parkett.com\/fr\/","name":"Weitzer Parkett","description":"Intelligente Parkett- und Stiegenl\u00f6sungen","publisher":{"@id":"https:\/\/www.weitzer-parkett.com\/fr\/#organization"},"potentialAction":[{"@type":"SearchAction","target":{"@type":"EntryPoint","urlTemplate":"https:\/\/www.weitzer-parkett.com\/fr\/?s={search_term_string}"},"query-input":{"@type":"PropertyValueSpecification","valueRequired":true,"valueName":"search_term_string"}}],"inLanguage":"fr-FR"},{"@type":"Organization","@id":"https:\/\/www.weitzer-parkett.com\/fr\/#organization","name":"Weitzer Parkett","url":"https:\/\/www.weitzer-parkett.com\/fr\/","logo":{"@type":"ImageObject","inLanguage":"fr-FR","@id":"https:\/\/www.weitzer-parkett.com\/fr\/#\/schema\/logo\/image\/","url":"https:\/\/www.weitzer-parkett.com\/wp-content\/uploads\/2018\/01\/weitzer-parkett-logo.png","contentUrl":"https:\/\/www.weitzer-parkett.com\/wp-content\/uploads\/2018\/01\/weitzer-parkett-logo.png","width":253,"height":81,"caption":"Weitzer Parkett"},"image":{"@id":"https:\/\/www.weitzer-parkett.com\/fr\/#\/schema\/logo\/image\/"},"sameAs":["http:\/\/www.facebook.com\/weitzerparkett","https:\/\/x.com\/weitzerparkett","http:\/\/www.linkedin.com\/company\/weitzer-parkett","https:\/\/www.pinterest.com\/weitzerparkett\/","https:\/\/www.youtube.com\/user\/weitzerparkett\/"]}]}},"_links":{"self":[{"href":"https:\/\/www.weitzer-parkett.com\/fr\/wp-json\/wp\/v2\/pages\/38828","targetHints":{"allow":["GET"]}}],"collection":[{"href":"https:\/\/www.weitzer-parkett.com\/fr\/wp-json\/wp\/v2\/pages"}],"about":[{"href":"https:\/\/www.weitzer-parkett.com\/fr\/wp-json\/wp\/v2\/types\/page"}],"author":[{"embeddable":true,"href":"https:\/\/www.weitzer-parkett.com\/fr\/wp-json\/wp\/v2\/users\/1"}],"replies":[{"embeddable":true,"href":"https:\/\/www.weitzer-parkett.com\/fr\/wp-json\/wp\/v2\/comments?post=38828"}],"version-history":[{"count":5,"href":"https:\/\/www.weitzer-parkett.com\/fr\/wp-json\/wp\/v2\/pages\/38828\/revisions"}],"predecessor-version":[{"id":55983,"href":"https:\/\/www.weitzer-parkett.com\/fr\/wp-json\/wp\/v2\/pages\/38828\/revisions\/55983"}],"wp:attachment":[{"href":"https:\/\/www.weitzer-parkett.com\/fr\/wp-json\/wp\/v2\/media?parent=38828"}],"curies":[{"name":"wp","href":"https:\/\/api.w.org\/{rel}","templated":true}]}}