{"id":26929,"date":"2017-11-07T13:37:36","date_gmt":"2017-11-07T12:37:36","guid":{"rendered":"https:\/\/www.weitzer-parkett.com\/parkett-renovieren\/"},"modified":"2022-04-21T14:01:50","modified_gmt":"2022-04-21T12:01:50","slug":"renover-le-parquet","status":"publish","type":"page","link":"https:\/\/www.weitzer-parkett.com\/fr\/renover-le-parquet\/","title":{"rendered":"R\u00e9nover le parquet"},"content":{"rendered":"<div id=\"ep-block-page-header-block_62594bbba2deb\" class=\"ep-block-page-header ep-block  chosen-bg-theme-beige type-3\">\n            <div class=\"show-frontend\">\n\n            \n                <div class=\"inner\">\n                    <div class=\"container mx-auto\">\n                        <div class=\"text-container\">\n\n                                                            <div class=\"breadcrumbs-wrapper\">\n                                    <span><span><a href=\"https:\/\/www.weitzer-parkett.com\/fr\/\">Home<\/a><\/span><\/span>\n                                <\/div>\n                            \n                                                            <h1>R\u00e9nover le parquet<\/h1>\n                            \n                            \n                            \n                        <\/div>\n                    <\/div>\n                <\/div>\n\n                                                        <div class=\"image-wrapper\">\n                        \n                        \n                        \n                        \n                                                                                                        \n                                                                        \n                        <picture class=\"image\">\n                            <source srcset=\"https:\/\/www.weitzer-parkett.com\/wp-content\/uploads\/2022\/04\/Strip-Optik_WP_Strip_Eiche_Kaschmir_ruhig_PA_Wohnen_18554_header-960x530-c-center.jpg 1x\" media=\"(min-resolution: 120dpi)\"\/>\n                            <source srcset=\"https:\/\/www.weitzer-parkett.com\/wp-content\/uploads\/2022\/04\/Strip-Optik_WP_Strip_Eiche_Kaschmir_ruhig_PA_Wohnen_18554_header-960x530-c-center.jpg 1x\" media=\"(min-width: 1024px)\"\/>\n                            <source srcset=\"https:\/\/www.weitzer-parkett.com\/wp-content\/uploads\/2022\/04\/Strip-Optik_WP_Strip_Eiche_Kaschmir_ruhig_PA_Wohnen_18554_header-960x530-c-center.jpg 1x\" media=\"(min-width: 768px)\"\/>\n                            <source srcset=\"https:\/\/www.weitzer-parkett.com\/wp-content\/uploads\/2022\/04\/Strip-Optik_WP_Strip_Eiche_Kaschmir_ruhig_PA_Wohnen_18554_header-340x375-c-center.jpg 1x\" media=\"(max-width: 767px)\"\/>\n                            <img decoding=\"async\" src=\"https:\/\/www.weitzer-parkett.com\/wp-content\/uploads\/2022\/04\/Strip-Optik_WP_Strip_Eiche_Kaschmir_ruhig_PA_Wohnen_18554_header-340x375-c-center.jpg\" alt=\"\" title=\"Strip-Optik_WP_Strip_Eiche_Kaschmir_ruhig_PA_Wohnen_18554_header\"\/>\n                        <\/picture>\n                    <\/div>\n\n                                            <div class=\"white-space-wrapper\"><\/div>\n                                    \n                    <\/div>\n    <\/div>\n\n\n<div id=\"ep-block-spacer-block_62594beaa2dec\" class=\"ep-block-spacer ep-block  chosen-\">\n            <div class=\"show-frontend\">\n                        <style>\n                #ep-spacer-aFHYf {\n                    height: 50px;\n                }\n                @media (max-width: 767px) {\n                    #ep-spacer-aFHYf {\n                        height: 30px;\n                    }\n                }\n                @media (min-width: 768px) and (max-width: 1023px) {\n                    #ep-spacer-aFHYf {\n                        height: 30px;\n                    }\n                }\n            <\/style>\n            <div id=\"ep-spacer-aFHYf\"><\/div>\n        <\/div>\n    <\/div>\n\n\n<script type=\"text\/javascript\" src=\"\/\/service.epsimec.com\/iframe-resizer\/iframeResizer.min.js\"><\/script>\n<iframe src=\"https:\/\/www.parkett-renovieren.com\/fr\/?blank=true\" style=\"border:0;margin-bottom:50px;\"  width=\"100%\" height=\"3500px\" allowfullscreen=\"allowfullscreen\"><\/iframe>\n<script>\n\tiFrameResize({\n\t\tcheckOrigin \t\t\t: false,\n\t\tenablePublicMethods     : true,\n\t\tenableInPageLinks       : true,\n\t});\n<\/script>\n\n\n<div id=\"ep-block-spacer-block_62594bb6a2dea\" class=\"ep-block-spacer ep-block  chosen-\">\n            <div class=\"show-frontend\">\n                        <style>\n                #ep-spacer-6laLy {\n                    height: 100px;\n                }\n                @media (max-width: 767px) {\n                    #ep-spacer-6laLy {\n                        height: 40px;\n                    }\n                }\n                @media (min-width: 768px) and (max-width: 1023px) {\n                    #ep-spacer-6laLy {\n                        height: 60px;\n                    }\n                }\n            <\/style>\n            <div id=\"ep-spacer-6laLy\"><\/div>\n        <\/div>\n    <\/div>","protected":false},"excerpt":{"rendered":"","protected":false},"author":1,"featured_media":0,"parent":0,"menu_order":0,"comment_status":"closed","ping_status":"closed","template":"","meta":{"_acf_changed":false,"footnotes":""},"class_list":["post-26929","page","type-page","status-publish","hentry"],"acf":[],"yoast_head":"<!-- This site is optimized with the Yoast SEO plugin v27.1.1 - https:\/\/yoast.com\/product\/yoast-seo-wordpress\/ -->\n<title>R\u00e9nover le parquet avec \u201eWP Looseglue\u201c | Weitzer Parkett<\/title>\n<meta name=\"description\" content=\"Application rapide et simple sur votre nouveau sol avec \u201eWP Looseglue\u201c - la r\u00e9novation facilit\u00e9e. R\u00e9novation avec Weitzer Parkett.\" \/>\n<meta name=\"robots\" content=\"index, follow, max-snippet:-1, max-image-preview:large, max-video-preview:-1\" \/>\n<link rel=\"canonical\" href=\"https:\/\/www.weitzer-parkett.com\/fr\/renover-le-parquet\/\" \/>\n<meta property=\"og:locale\" content=\"fr_FR\" \/>\n<meta property=\"og:type\" content=\"article\" \/>\n<meta property=\"og:title\" content=\"R\u00e9nover le parquet avec \u201eWP Looseglue\u201c | Weitzer Parkett\" \/>\n<meta property=\"og:description\" content=\"Application rapide et simple sur votre nouveau sol avec \u201eWP Looseglue\u201c - la r\u00e9novation facilit\u00e9e. R\u00e9novation avec Weitzer Parkett.\" \/>\n<meta property=\"og:url\" content=\"https:\/\/www.weitzer-parkett.com\/fr\/renover-le-parquet\/\" \/>\n<meta property=\"og:site_name\" content=\"Weitzer Parkett\" \/>\n<meta property=\"article:publisher\" content=\"http:\/\/www.facebook.com\/weitzerparkett\" \/>\n<meta property=\"article:modified_time\" content=\"2022-04-21T12:01:50+00:00\" \/>\n<meta property=\"og:image\" content=\"https:\/\/www.weitzer-parkett.com\/wp-content\/uploads\/2017\/08\/Weiz-Header-1.jpg\" \/>\n\t<meta property=\"og:image:width\" content=\"1200\" \/>\n\t<meta property=\"og:image:height\" content=\"450\" \/>\n\t<meta property=\"og:image:type\" content=\"image\/jpeg\" \/>\n<meta name=\"twitter:card\" content=\"summary_large_image\" \/>\n<meta name=\"twitter:site\" content=\"@weitzerparkett\" \/>\n<meta name=\"twitter:label1\" content=\"Dur\u00e9e de lecture estim\u00e9e\" \/>\n\t<meta name=\"twitter:data1\" content=\"1 minute\" \/>\n<script type=\"application\/ld+json\" class=\"yoast-schema-graph\">{\"@context\":\"https:\/\/schema.org\",\"@graph\":[{\"@type\":\"WebPage\",\"@id\":\"https:\/\/www.weitzer-parkett.com\/fr\/renover-le-parquet\/\",\"url\":\"https:\/\/www.weitzer-parkett.com\/fr\/renover-le-parquet\/\",\"name\":\"R\u00e9nover le parquet avec \u201eWP Looseglue\u201c | Weitzer Parkett\",\"isPartOf\":{\"@id\":\"https:\/\/www.weitzer-parkett.com\/fr\/#website\"},\"datePublished\":\"2017-11-07T12:37:36+00:00\",\"dateModified\":\"2022-04-21T12:01:50+00:00\",\"description\":\"Application rapide et simple sur votre nouveau sol avec \u201eWP Looseglue\u201c - la r\u00e9novation facilit\u00e9e. R\u00e9novation avec Weitzer Parkett.\",\"breadcrumb\":{\"@id\":\"https:\/\/www.weitzer-parkett.com\/fr\/renover-le-parquet\/#breadcrumb\"},\"inLanguage\":\"fr-FR\",\"potentialAction\":[{\"@type\":\"ReadAction\",\"target\":[\"https:\/\/www.weitzer-parkett.com\/fr\/renover-le-parquet\/\"]}]},{\"@type\":\"BreadcrumbList\",\"@id\":\"https:\/\/www.weitzer-parkett.com\/fr\/renover-le-parquet\/#breadcrumb\",\"itemListElement\":[{\"@type\":\"ListItem\",\"position\":1,\"name\":\"Home\",\"item\":\"https:\/\/www.weitzer-parkett.com\/fr\/\"},{\"@type\":\"ListItem\",\"position\":2,\"name\":\"R\u00e9nover le parquet\"}]},{\"@type\":\"WebSite\",\"@id\":\"https:\/\/www.weitzer-parkett.com\/fr\/#website\",\"url\":\"https:\/\/www.weitzer-parkett.com\/fr\/\",\"name\":\"Weitzer Parkett\",\"description\":\"Intelligente Parkett- und Stiegenl\u00f6sungen\",\"publisher\":{\"@id\":\"https:\/\/www.weitzer-parkett.com\/fr\/#organization\"},\"potentialAction\":[{\"@type\":\"SearchAction\",\"target\":{\"@type\":\"EntryPoint\",\"urlTemplate\":\"https:\/\/www.weitzer-parkett.com\/fr\/?s={search_term_string}\"},\"query-input\":{\"@type\":\"PropertyValueSpecification\",\"valueRequired\":true,\"valueName\":\"search_term_string\"}}],\"inLanguage\":\"fr-FR\"},{\"@type\":\"Organization\",\"@id\":\"https:\/\/www.weitzer-parkett.com\/fr\/#organization\",\"name\":\"Weitzer Parkett\",\"url\":\"https:\/\/www.weitzer-parkett.com\/fr\/\",\"logo\":{\"@type\":\"ImageObject\",\"inLanguage\":\"fr-FR\",\"@id\":\"https:\/\/www.weitzer-parkett.com\/fr\/#\/schema\/logo\/image\/\",\"url\":\"https:\/\/www.weitzer-parkett.com\/wp-content\/uploads\/2018\/01\/weitzer-parkett-logo.png\",\"contentUrl\":\"https:\/\/www.weitzer-parkett.com\/wp-content\/uploads\/2018\/01\/weitzer-parkett-logo.png\",\"width\":253,\"height\":81,\"caption\":\"Weitzer Parkett\"},\"image\":{\"@id\":\"https:\/\/www.weitzer-parkett.com\/fr\/#\/schema\/logo\/image\/\"},\"sameAs\":[\"http:\/\/www.facebook.com\/weitzerparkett\",\"https:\/\/x.com\/weitzerparkett\",\"http:\/\/www.linkedin.com\/company\/weitzer-parkett\",\"https:\/\/www.pinterest.com\/weitzerparkett\/\",\"https:\/\/www.youtube.com\/user\/weitzerparkett\/\"]}]}<\/script>\n<!-- \/ Yoast SEO plugin. -->","yoast_head_json":{"title":"R\u00e9nover le parquet avec \u201eWP Looseglue\u201c | Weitzer Parkett","description":"Application rapide et simple sur votre nouveau sol avec \u201eWP Looseglue\u201c - la r\u00e9novation facilit\u00e9e. R\u00e9novation avec Weitzer Parkett.","robots":{"index":"index","follow":"follow","max-snippet":"max-snippet:-1","max-image-preview":"max-image-preview:large","max-video-preview":"max-video-preview:-1"},"canonical":"https:\/\/www.weitzer-parkett.com\/fr\/renover-le-parquet\/","og_locale":"fr_FR","og_type":"article","og_title":"R\u00e9nover le parquet avec \u201eWP Looseglue\u201c | Weitzer Parkett","og_description":"Application rapide et simple sur votre nouveau sol avec \u201eWP Looseglue\u201c - la r\u00e9novation facilit\u00e9e. R\u00e9novation avec Weitzer Parkett.","og_url":"https:\/\/www.weitzer-parkett.com\/fr\/renover-le-parquet\/","og_site_name":"Weitzer Parkett","article_publisher":"http:\/\/www.facebook.com\/weitzerparkett","article_modified_time":"2022-04-21T12:01:50+00:00","og_image":[{"width":1200,"height":450,"url":"https:\/\/www.weitzer-parkett.com\/wp-content\/uploads\/2017\/08\/Weiz-Header-1.jpg","type":"image\/jpeg"}],"twitter_card":"summary_large_image","twitter_site":"@weitzerparkett","twitter_misc":{"Dur\u00e9e de lecture estim\u00e9e":"1 minute"},"schema":{"@context":"https:\/\/schema.org","@graph":[{"@type":"WebPage","@id":"https:\/\/www.weitzer-parkett.com\/fr\/renover-le-parquet\/","url":"https:\/\/www.weitzer-parkett.com\/fr\/renover-le-parquet\/","name":"R\u00e9nover le parquet avec \u201eWP Looseglue\u201c | Weitzer Parkett","isPartOf":{"@id":"https:\/\/www.weitzer-parkett.com\/fr\/#website"},"datePublished":"2017-11-07T12:37:36+00:00","dateModified":"2022-04-21T12:01:50+00:00","description":"Application rapide et simple sur votre nouveau sol avec \u201eWP Looseglue\u201c - la r\u00e9novation facilit\u00e9e. R\u00e9novation avec Weitzer Parkett.","breadcrumb":{"@id":"https:\/\/www.weitzer-parkett.com\/fr\/renover-le-parquet\/#breadcrumb"},"inLanguage":"fr-FR","potentialAction":[{"@type":"ReadAction","target":["https:\/\/www.weitzer-parkett.com\/fr\/renover-le-parquet\/"]}]},{"@type":"BreadcrumbList","@id":"https:\/\/www.weitzer-parkett.com\/fr\/renover-le-parquet\/#breadcrumb","itemListElement":[{"@type":"ListItem","position":1,"name":"Home","item":"https:\/\/www.weitzer-parkett.com\/fr\/"},{"@type":"ListItem","position":2,"name":"R\u00e9nover le parquet"}]},{"@type":"WebSite","@id":"https:\/\/www.weitzer-parkett.com\/fr\/#website","url":"https:\/\/www.weitzer-parkett.com\/fr\/","name":"Weitzer Parkett","description":"Intelligente Parkett- und Stiegenl\u00f6sungen","publisher":{"@id":"https:\/\/www.weitzer-parkett.com\/fr\/#organization"},"potentialAction":[{"@type":"SearchAction","target":{"@type":"EntryPoint","urlTemplate":"https:\/\/www.weitzer-parkett.com\/fr\/?s={search_term_string}"},"query-input":{"@type":"PropertyValueSpecification","valueRequired":true,"valueName":"search_term_string"}}],"inLanguage":"fr-FR"},{"@type":"Organization","@id":"https:\/\/www.weitzer-parkett.com\/fr\/#organization","name":"Weitzer Parkett","url":"https:\/\/www.weitzer-parkett.com\/fr\/","logo":{"@type":"ImageObject","inLanguage":"fr-FR","@id":"https:\/\/www.weitzer-parkett.com\/fr\/#\/schema\/logo\/image\/","url":"https:\/\/www.weitzer-parkett.com\/wp-content\/uploads\/2018\/01\/weitzer-parkett-logo.png","contentUrl":"https:\/\/www.weitzer-parkett.com\/wp-content\/uploads\/2018\/01\/weitzer-parkett-logo.png","width":253,"height":81,"caption":"Weitzer Parkett"},"image":{"@id":"https:\/\/www.weitzer-parkett.com\/fr\/#\/schema\/logo\/image\/"},"sameAs":["http:\/\/www.facebook.com\/weitzerparkett","https:\/\/x.com\/weitzerparkett","http:\/\/www.linkedin.com\/company\/weitzer-parkett","https:\/\/www.pinterest.com\/weitzerparkett\/","https:\/\/www.youtube.com\/user\/weitzerparkett\/"]}]}},"_links":{"self":[{"href":"https:\/\/www.weitzer-parkett.com\/fr\/wp-json\/wp\/v2\/pages\/26929","targetHints":{"allow":["GET"]}}],"collection":[{"href":"https:\/\/www.weitzer-parkett.com\/fr\/wp-json\/wp\/v2\/pages"}],"about":[{"href":"https:\/\/www.weitzer-parkett.com\/fr\/wp-json\/wp\/v2\/types\/page"}],"author":[{"embeddable":true,"href":"https:\/\/www.weitzer-parkett.com\/fr\/wp-json\/wp\/v2\/users\/1"}],"replies":[{"embeddable":true,"href":"https:\/\/www.weitzer-parkett.com\/fr\/wp-json\/wp\/v2\/comments?post=26929"}],"version-history":[{"count":3,"href":"https:\/\/www.weitzer-parkett.com\/fr\/wp-json\/wp\/v2\/pages\/26929\/revisions"}],"predecessor-version":[{"id":48425,"href":"https:\/\/www.weitzer-parkett.com\/fr\/wp-json\/wp\/v2\/pages\/26929\/revisions\/48425"}],"wp:attachment":[{"href":"https:\/\/www.weitzer-parkett.com\/fr\/wp-json\/wp\/v2\/media?parent=26929"}],"curies":[{"name":"wp","href":"https:\/\/api.w.org\/{rel}","templated":true}]}}