{"id":18449,"date":"2018-01-31T12:05:24","date_gmt":"2018-01-31T11:05:24","guid":{"rendered":"https:\/\/www.weitzer-parkett.com\/designstudio\/"},"modified":"2022-05-09T21:35:52","modified_gmt":"2022-05-09T19:35:52","slug":"designstudio","status":"publish","type":"page","link":"https:\/\/www.weitzer-parkett.com\/fr\/designstudio\/","title":{"rendered":"Designstudio"},"content":{"rendered":"<div id=\"ep-block-page-header-block_626fa6d6bc8b3\" class=\"ep-block-page-header ep-block  chosen-bg-theme-beige type-2\">\n            <div class=\"show-frontend\">\n\n            \n                <div class=\"inner\">\n                    <div class=\"container mx-auto\">\n                        <div class=\"text-container\">\n\n                                                            <div class=\"breadcrumbs-wrapper\">\n                                    <span><span><a href=\"https:\/\/www.weitzer-parkett.com\/fr\/\">Home<\/a><\/span><\/span>\n                                <\/div>\n                            \n                                                            <h1>Trouvez le parquet de vos r\u00eaves.<\/h1>\n                            \n                                                            <div class=\"text-wrapper\"><p>Vous avez le choix \u2013 souhaitez-vous trouver le parquet de vos r\u00eaves dans notre s\u00e9lection de produits ou pr\u00e9f\u00e9rez-vous jeter un coup d&#8217;\u0153il \u00e0 notre gamme de parquets dans un grand nombre de showrooms avec le studio de design ?<\/p>\n<\/div>\n                            \n                            \n                        <\/div>\n                    <\/div>\n                <\/div>\n\n                                                        <div class=\"image-wrapper\">\n                        \n                        \n                        \n                                                                                                        \n                        \n                                                                        \n                        <picture class=\"image\">\n                            <source srcset=\"https:\/\/www.weitzer-parkett.com\/wp-content\/uploads\/2022\/04\/Strip-Optik_WP_Strip_Eiche_Kaschmir_ruhig_PA_Wohnen_18554_header-910x666-c-center.jpg 1x\" media=\"(min-resolution: 120dpi)\"\/>\n                            <source srcset=\"https:\/\/www.weitzer-parkett.com\/wp-content\/uploads\/2022\/04\/Strip-Optik_WP_Strip_Eiche_Kaschmir_ruhig_PA_Wohnen_18554_header-910x666-c-center.jpg 1x\" media=\"(min-width: 1024px)\"\/>\n                            <source srcset=\"https:\/\/www.weitzer-parkett.com\/wp-content\/uploads\/2022\/04\/Strip-Optik_WP_Strip_Eiche_Kaschmir_ruhig_PA_Wohnen_18554_header-684x496-c-center.jpg 1x\" media=\"(min-width: 768px)\"\/>\n                            <source srcset=\"https:\/\/www.weitzer-parkett.com\/wp-content\/uploads\/2022\/04\/Strip-Optik_WP_Strip_Eiche_Kaschmir_ruhig_PA_Wohnen_18554_header-356x258-c-center.jpg 1x\" media=\"(max-width: 767px)\"\/>\n                            <img decoding=\"async\" src=\"https:\/\/www.weitzer-parkett.com\/wp-content\/uploads\/2022\/04\/Strip-Optik_WP_Strip_Eiche_Kaschmir_ruhig_PA_Wohnen_18554_header-356x258-c-center.jpg\" alt=\"\" title=\"Strip-Optik_WP_Strip_Eiche_Kaschmir_ruhig_PA_Wohnen_18554_header\"\/>\n                        <\/picture>\n                    <\/div>\n\n                                    \n                    <\/div>\n    <\/div>\n\n\n<div id=\"ep-block-wysiwyg-block_626fabf8bc8b6\" class=\"ep-block-wysiwyg ep-block  chosen-\">\n                        <div class=\"show-frontend\">\n                <div class=\"inner\">\n                    <div class=\"holder\"><h2>J\u2019apporte mes id\u00e9es, j\u2019imprime ma personnalit\u00e9.<\/h2>\n<p>Avec Weitzer Parkett, je trouve le plancher qui me correspond le mieux. D\u2019abord, je choisis une <a href=\"https:\/\/www.weitzer-parkett.com\/fr\/pourquoi-weitzer-parkett\/collections\/\">couleur<\/a>. Ensuite, je tombe sous le charme de l\u2019un des 4 <a href=\"https:\/\/www.weitzer-parkett.com\/fr\/pourquoi-weitzer-parkett\/parquet-traitements\/\">finissages<\/a> qui donneront \u00e0 mon parquet une surface particuli\u00e8re. Est-ce que je veux plus ou moins d\u2019effet pieds nus?<\/p>\n<p>Puis, il faut choisir la taille: en fonction des dimensions de mes pi\u00e8ces et de mes pr\u00e9f\u00e9rences, je choisis le <a href=\"https:\/\/www.weitzer-parkett.com\/fr\/pourquoi-weitzer-parkett\/parquet-formats\/\">format<\/a> ad\u00e9quat: planches Imperial, planches classiques ou lames longues et souples.<\/p>\n<p>&nbsp;<\/p>\n<\/div>\n                <\/div>\n            <\/div>\n            <\/div>\n\n<div id=\"ep-block-big-image-block_626fa9d2bc8b5\" class=\"ep-block-big-image ep-block  chosen-\">\n    \n                                        \n        \n\n                            <style>\n                #ep-block-big-image-block_626fa9d2bc8b5 .show-frontend {\n                    background-image: url(https:\/\/www.weitzer-parkett.com\/wp-content\/uploads\/2022\/05\/Weitzer_Diele_2245_Eiche_ruhig_gefast_gebuerstet_PA_2_2880x1424-scaled-1440x712-c-center.jpg);\n                }\n\n                            <\/style>\n        \n        <div class=\"show-frontend \" style=\"\">\n\n            \n\n            \n            <div class=\"holder\">\n\n                                    <h2 class=\"h1 serif\">Unique comme moi-m\u00eame.<\/h2>\n                \n                                    <div class=\"btn-wrapper-1\">\n                        <a href=\"https:\/\/www.weitzer-parkett.com\/fr\/parquet\/\" target=\"\" class=\"btn default\" title=\"TROUVER MON PARQUET\">TROUVER MON PARQUET<\/a>\n                    <\/div>\n                \n                \n                            <\/div>\n        <\/div>\n    <\/div>\n\n<div id=\"ep-block-spacer-block_626fb43128c2d\" class=\"ep-block-spacer ep-block  chosen-\">\n            <div class=\"show-frontend\">\n                        <style>\n                #ep-spacer-PkTZI {\n                    height: 100px;\n                }\n                @media (max-width: 767px) {\n                    #ep-spacer-PkTZI {\n                        height: 40px;\n                    }\n                }\n                @media (min-width: 768px) and (max-width: 1023px) {\n                    #ep-spacer-PkTZI {\n                        height: 60px;\n                    }\n                }\n            <\/style>\n            <div id=\"ep-spacer-PkTZI\"><\/div>\n        <\/div>\n    <\/div>","protected":false},"excerpt":{"rendered":"","protected":false},"author":1,"featured_media":0,"parent":0,"menu_order":0,"comment_status":"closed","ping_status":"closed","template":"","meta":{"_acf_changed":false,"footnotes":""},"class_list":["post-18449","page","type-page","status-publish","hentry"],"acf":[],"yoast_head":"<!-- This site is optimized with the Yoast SEO plugin v27.1.1 - https:\/\/yoast.com\/product\/yoast-seo-wordpress\/ -->\n<title>Designstudio - Unique comme moi-m\u00eame | Weitzer Parkett<\/title>\n<meta name=\"description\" content=\"Trouvez le parquet de vos r\u00eaves dans notre s\u00e9lection de produits ou jetez un coup d&#039;\u0153il \u00e0 notre gamme de parquets dans nos studios de design.\" \/>\n<meta name=\"robots\" content=\"index, nofollow, max-snippet:-1, max-image-preview:large, max-video-preview:-1\" \/>\n<link rel=\"canonical\" href=\"https:\/\/www.weitzer-parkett.com\/fr\/designstudio\/\" \/>\n<meta property=\"og:locale\" content=\"fr_FR\" \/>\n<meta property=\"og:type\" content=\"article\" \/>\n<meta property=\"og:title\" content=\"Designstudio - Unique comme moi-m\u00eame | Weitzer Parkett\" \/>\n<meta property=\"og:description\" content=\"Trouvez le parquet de vos r\u00eaves dans notre s\u00e9lection de produits ou jetez un coup d&#039;\u0153il \u00e0 notre gamme de parquets dans nos studios de design.\" \/>\n<meta property=\"og:url\" content=\"https:\/\/www.weitzer-parkett.com\/fr\/designstudio\/\" \/>\n<meta property=\"og:site_name\" content=\"Weitzer Parkett\" \/>\n<meta property=\"article:publisher\" content=\"http:\/\/www.facebook.com\/weitzerparkett\" \/>\n<meta property=\"article:modified_time\" content=\"2022-05-09T19:35:52+00:00\" \/>\n<meta property=\"og:image\" content=\"https:\/\/www.weitzer-parkett.com\/wp-content\/uploads\/2017\/08\/Weiz-Header-1.jpg\" \/>\n\t<meta property=\"og:image:width\" content=\"1200\" \/>\n\t<meta property=\"og:image:height\" content=\"450\" \/>\n\t<meta property=\"og:image:type\" content=\"image\/jpeg\" \/>\n<meta name=\"twitter:card\" content=\"summary_large_image\" \/>\n<meta name=\"twitter:site\" content=\"@weitzerparkett\" \/>\n<script type=\"application\/ld+json\" class=\"yoast-schema-graph\">{\"@context\":\"https:\/\/schema.org\",\"@graph\":[{\"@type\":\"WebPage\",\"@id\":\"https:\/\/www.weitzer-parkett.com\/fr\/designstudio\/\",\"url\":\"https:\/\/www.weitzer-parkett.com\/fr\/designstudio\/\",\"name\":\"Designstudio - Unique comme moi-m\u00eame | Weitzer Parkett\",\"isPartOf\":{\"@id\":\"https:\/\/www.weitzer-parkett.com\/fr\/#website\"},\"datePublished\":\"2018-01-31T11:05:24+00:00\",\"dateModified\":\"2022-05-09T19:35:52+00:00\",\"description\":\"Trouvez le parquet de vos r\u00eaves dans notre s\u00e9lection de produits ou jetez un coup d'\u0153il \u00e0 notre gamme de parquets dans nos studios de design.\",\"breadcrumb\":{\"@id\":\"https:\/\/www.weitzer-parkett.com\/fr\/designstudio\/#breadcrumb\"},\"inLanguage\":\"fr-FR\",\"potentialAction\":[{\"@type\":\"ReadAction\",\"target\":[\"https:\/\/www.weitzer-parkett.com\/fr\/designstudio\/\"]}]},{\"@type\":\"BreadcrumbList\",\"@id\":\"https:\/\/www.weitzer-parkett.com\/fr\/designstudio\/#breadcrumb\",\"itemListElement\":[{\"@type\":\"ListItem\",\"position\":1,\"name\":\"Home\",\"item\":\"https:\/\/www.weitzer-parkett.com\/fr\/\"},{\"@type\":\"ListItem\",\"position\":2,\"name\":\"Designstudio\"}]},{\"@type\":\"WebSite\",\"@id\":\"https:\/\/www.weitzer-parkett.com\/fr\/#website\",\"url\":\"https:\/\/www.weitzer-parkett.com\/fr\/\",\"name\":\"Weitzer Parkett\",\"description\":\"Intelligente Parkett- und Stiegenl\u00f6sungen\",\"publisher\":{\"@id\":\"https:\/\/www.weitzer-parkett.com\/fr\/#organization\"},\"potentialAction\":[{\"@type\":\"SearchAction\",\"target\":{\"@type\":\"EntryPoint\",\"urlTemplate\":\"https:\/\/www.weitzer-parkett.com\/fr\/?s={search_term_string}\"},\"query-input\":{\"@type\":\"PropertyValueSpecification\",\"valueRequired\":true,\"valueName\":\"search_term_string\"}}],\"inLanguage\":\"fr-FR\"},{\"@type\":\"Organization\",\"@id\":\"https:\/\/www.weitzer-parkett.com\/fr\/#organization\",\"name\":\"Weitzer Parkett\",\"url\":\"https:\/\/www.weitzer-parkett.com\/fr\/\",\"logo\":{\"@type\":\"ImageObject\",\"inLanguage\":\"fr-FR\",\"@id\":\"https:\/\/www.weitzer-parkett.com\/fr\/#\/schema\/logo\/image\/\",\"url\":\"https:\/\/www.weitzer-parkett.com\/wp-content\/uploads\/2018\/01\/weitzer-parkett-logo.png\",\"contentUrl\":\"https:\/\/www.weitzer-parkett.com\/wp-content\/uploads\/2018\/01\/weitzer-parkett-logo.png\",\"width\":253,\"height\":81,\"caption\":\"Weitzer Parkett\"},\"image\":{\"@id\":\"https:\/\/www.weitzer-parkett.com\/fr\/#\/schema\/logo\/image\/\"},\"sameAs\":[\"http:\/\/www.facebook.com\/weitzerparkett\",\"https:\/\/x.com\/weitzerparkett\",\"http:\/\/www.linkedin.com\/company\/weitzer-parkett\",\"https:\/\/www.pinterest.com\/weitzerparkett\/\",\"https:\/\/www.youtube.com\/user\/weitzerparkett\/\"]}]}<\/script>\n<!-- \/ Yoast SEO plugin. -->","yoast_head_json":{"title":"Designstudio - Unique comme moi-m\u00eame | Weitzer Parkett","description":"Trouvez le parquet de vos r\u00eaves dans notre s\u00e9lection de produits ou jetez un coup d'\u0153il \u00e0 notre gamme de parquets dans nos studios de design.","robots":{"index":"index","follow":"nofollow","max-snippet":"max-snippet:-1","max-image-preview":"max-image-preview:large","max-video-preview":"max-video-preview:-1"},"canonical":"https:\/\/www.weitzer-parkett.com\/fr\/designstudio\/","og_locale":"fr_FR","og_type":"article","og_title":"Designstudio - Unique comme moi-m\u00eame | Weitzer Parkett","og_description":"Trouvez le parquet de vos r\u00eaves dans notre s\u00e9lection de produits ou jetez un coup d'\u0153il \u00e0 notre gamme de parquets dans nos studios de design.","og_url":"https:\/\/www.weitzer-parkett.com\/fr\/designstudio\/","og_site_name":"Weitzer Parkett","article_publisher":"http:\/\/www.facebook.com\/weitzerparkett","article_modified_time":"2022-05-09T19:35:52+00:00","og_image":[{"width":1200,"height":450,"url":"https:\/\/www.weitzer-parkett.com\/wp-content\/uploads\/2017\/08\/Weiz-Header-1.jpg","type":"image\/jpeg"}],"twitter_card":"summary_large_image","twitter_site":"@weitzerparkett","schema":{"@context":"https:\/\/schema.org","@graph":[{"@type":"WebPage","@id":"https:\/\/www.weitzer-parkett.com\/fr\/designstudio\/","url":"https:\/\/www.weitzer-parkett.com\/fr\/designstudio\/","name":"Designstudio - Unique comme moi-m\u00eame | Weitzer Parkett","isPartOf":{"@id":"https:\/\/www.weitzer-parkett.com\/fr\/#website"},"datePublished":"2018-01-31T11:05:24+00:00","dateModified":"2022-05-09T19:35:52+00:00","description":"Trouvez le parquet de vos r\u00eaves dans notre s\u00e9lection de produits ou jetez un coup d'\u0153il \u00e0 notre gamme de parquets dans nos studios de design.","breadcrumb":{"@id":"https:\/\/www.weitzer-parkett.com\/fr\/designstudio\/#breadcrumb"},"inLanguage":"fr-FR","potentialAction":[{"@type":"ReadAction","target":["https:\/\/www.weitzer-parkett.com\/fr\/designstudio\/"]}]},{"@type":"BreadcrumbList","@id":"https:\/\/www.weitzer-parkett.com\/fr\/designstudio\/#breadcrumb","itemListElement":[{"@type":"ListItem","position":1,"name":"Home","item":"https:\/\/www.weitzer-parkett.com\/fr\/"},{"@type":"ListItem","position":2,"name":"Designstudio"}]},{"@type":"WebSite","@id":"https:\/\/www.weitzer-parkett.com\/fr\/#website","url":"https:\/\/www.weitzer-parkett.com\/fr\/","name":"Weitzer Parkett","description":"Intelligente Parkett- und Stiegenl\u00f6sungen","publisher":{"@id":"https:\/\/www.weitzer-parkett.com\/fr\/#organization"},"potentialAction":[{"@type":"SearchAction","target":{"@type":"EntryPoint","urlTemplate":"https:\/\/www.weitzer-parkett.com\/fr\/?s={search_term_string}"},"query-input":{"@type":"PropertyValueSpecification","valueRequired":true,"valueName":"search_term_string"}}],"inLanguage":"fr-FR"},{"@type":"Organization","@id":"https:\/\/www.weitzer-parkett.com\/fr\/#organization","name":"Weitzer Parkett","url":"https:\/\/www.weitzer-parkett.com\/fr\/","logo":{"@type":"ImageObject","inLanguage":"fr-FR","@id":"https:\/\/www.weitzer-parkett.com\/fr\/#\/schema\/logo\/image\/","url":"https:\/\/www.weitzer-parkett.com\/wp-content\/uploads\/2018\/01\/weitzer-parkett-logo.png","contentUrl":"https:\/\/www.weitzer-parkett.com\/wp-content\/uploads\/2018\/01\/weitzer-parkett-logo.png","width":253,"height":81,"caption":"Weitzer Parkett"},"image":{"@id":"https:\/\/www.weitzer-parkett.com\/fr\/#\/schema\/logo\/image\/"},"sameAs":["http:\/\/www.facebook.com\/weitzerparkett","https:\/\/x.com\/weitzerparkett","http:\/\/www.linkedin.com\/company\/weitzer-parkett","https:\/\/www.pinterest.com\/weitzerparkett\/","https:\/\/www.youtube.com\/user\/weitzerparkett\/"]}]}},"_links":{"self":[{"href":"https:\/\/www.weitzer-parkett.com\/fr\/wp-json\/wp\/v2\/pages\/18449","targetHints":{"allow":["GET"]}}],"collection":[{"href":"https:\/\/www.weitzer-parkett.com\/fr\/wp-json\/wp\/v2\/pages"}],"about":[{"href":"https:\/\/www.weitzer-parkett.com\/fr\/wp-json\/wp\/v2\/types\/page"}],"author":[{"embeddable":true,"href":"https:\/\/www.weitzer-parkett.com\/fr\/wp-json\/wp\/v2\/users\/1"}],"replies":[{"embeddable":true,"href":"https:\/\/www.weitzer-parkett.com\/fr\/wp-json\/wp\/v2\/comments?post=18449"}],"version-history":[{"count":5,"href":"https:\/\/www.weitzer-parkett.com\/fr\/wp-json\/wp\/v2\/pages\/18449\/revisions"}],"predecessor-version":[{"id":49827,"href":"https:\/\/www.weitzer-parkett.com\/fr\/wp-json\/wp\/v2\/pages\/18449\/revisions\/49827"}],"wp:attachment":[{"href":"https:\/\/www.weitzer-parkett.com\/fr\/wp-json\/wp\/v2\/media?parent=18449"}],"curies":[{"name":"wp","href":"https:\/\/api.w.org\/{rel}","templated":true}]}}