{"id":16969,"date":"2017-08-10T11:14:14","date_gmt":"2017-08-10T09:14:14","guid":{"rendered":"https:\/\/www.weitzer-parkett.com\/service\/"},"modified":"2024-03-08T15:43:06","modified_gmt":"2024-03-08T14:43:06","slug":"service","status":"publish","type":"page","link":"https:\/\/www.weitzer-parkett.com\/fr\/service\/","title":{"rendered":"Service"},"content":{"rendered":"<div id=\"ep-block-page-header-block_a88387f47a7b12408946a6c84e76f49e\" class=\"ep-block-page-header ep-block  chosen-bg-theme-beige type-1\">\n            <div class=\"show-frontend\">\n\n            \n                <div class=\"inner\">\n                    <div class=\"container mx-auto\">\n                        <div class=\"text-container\">\n\n                                                            <div class=\"breadcrumbs-wrapper\">\n                                    <span><span><a href=\"https:\/\/www.weitzer-parkett.com\/fr\/\">Home<\/a><\/span><\/span>\n                                <\/div>\n                            \n                                                            <h1>Chez Weitzer Parkett, \u00ab service \u00bb n\u2019est pas un vain mot<\/h1>\n                            \n                            \n                            \n                        <\/div>\n                    <\/div>\n                <\/div>\n\n                                                        <div class=\"image-wrapper\">\n                        \n                        \n                                                                                                        \n                        \n                        \n                                                                        \n                        <picture class=\"image\">\n                            <source srcset=\"https:\/\/www.weitzer-parkett.com\/wp-content\/uploads\/2022\/03\/landhausdiele_Dielen-Optik_WP_Comfort_Diele_Eiche_Kaschmir_wildbunt_gefast_gebuerstet_PA-562x596-c-center.jpg 1x\" media=\"(min-resolution: 120dpi)\"\/>\n                            <source srcset=\"https:\/\/www.weitzer-parkett.com\/wp-content\/uploads\/2022\/03\/landhausdiele_Dielen-Optik_WP_Comfort_Diele_Eiche_Kaschmir_wildbunt_gefast_gebuerstet_PA-562x596-c-center.jpg 1x\" media=\"(min-width: 1024px)\"\/>\n                            <source srcset=\"https:\/\/www.weitzer-parkett.com\/wp-content\/uploads\/2022\/03\/landhausdiele_Dielen-Optik_WP_Comfort_Diele_Eiche_Kaschmir_wildbunt_gefast_gebuerstet_PA-978x598-c-center.jpg 1x\" media=\"(min-width: 768px)\"\/>\n                            <source srcset=\"https:\/\/www.weitzer-parkett.com\/wp-content\/uploads\/2022\/03\/landhausdiele_Dielen-Optik_WP_Comfort_Diele_Eiche_Kaschmir_wildbunt_gefast_gebuerstet_PA-356x258-c-center.jpg 1x\" media=\"(max-width: 767px)\"\/>\n                            <img decoding=\"async\" src=\"https:\/\/www.weitzer-parkett.com\/wp-content\/uploads\/2022\/03\/landhausdiele_Dielen-Optik_WP_Comfort_Diele_Eiche_Kaschmir_wildbunt_gefast_gebuerstet_PA-356x258-c-center.jpg\" alt=\"Dielen Optik WP Comfort Diele | Eiche Kaschmir | wildbunt | gefast geb\u00fcrstet | ProActive+\" title=\"landhausdiele_Dielen-Optik_WP_Comfort_Diele_Eiche_Kaschmir_wildbunt_gefast_gebuerstet_PA\"\/>\n                        <\/picture>\n                    <\/div>\n\n                                    \n                    <\/div>\n    <\/div>\n\n\n<div id=\"ep-block-3-cols-row-block_658afcbf1479fdbec5b95d696826571e\" class=\"ep-block-3-cols-row ep-block  chosen-\">\n                        <div class=\"show-frontend\">\n                <div class=\"holder\">\n                    <div class=\"col-wrapper\">\n                                                    <div class=\"col\">\n                                <div class=\"inner\">\n\n                                                                            <div class=\"image-wrapper\">\n                                                                                                                                                                                                                            <picture>\n                                                <source srcset=\"https:\/\/www.weitzer-parkett.com\/wp-content\/uploads\/2017\/12\/Service-reinigung-und-pflege-von-Weitzer-Parkett-520x406-c-center.jpg 1x\" media=\"(min-width: 1024px)\"\/>\n                                                <source srcset=\"https:\/\/www.weitzer-parkett.com\/wp-content\/uploads\/2017\/12\/Service-reinigung-und-pflege-von-Weitzer-Parkett-382x298-c-center.jpg 1x\" media=\"(min-width: 768px)\"\/>\n                                                <source srcset=\"https:\/\/www.weitzer-parkett.com\/wp-content\/uploads\/2017\/12\/Service-reinigung-und-pflege-von-Weitzer-Parkett-160x122-c-center.jpg 1x\" media=\"(max-width: 767px)\"\/>\n                                                <img decoding=\"async\" src=\"https:\/\/www.weitzer-parkett.com\/wp-content\/uploads\/2017\/12\/Service-reinigung-und-pflege-von-Weitzer-Parkett-160x122-c-center.jpg\" alt=\"\" title=\"Service-reinigung-und-pflege-von-Weitzer-Parkett\"\/>\n                                            <\/picture>\n\n                                            <div class=\"link-overlay\">\n                                                                                                                                                    <div class=\"link-wrapper\">\n                                                        <a href=\"https:\/\/www.weitzer-parkett.com\/fr\/parquet\/produits-de-nettoyage-et-d-entretien\/\" class=\"btn link white arrow-right\">\n                                                                                                                                                                                                                                                                                                                D\u00e9couvrir nettoyage et entretien\n                                                        <\/a>\n                                                    <\/div>\n                                                                                            <\/div>\n                                        <\/div>\n                                    \n                                                                            <div class=\"text-wrapper\">\n                                            <p>Nettoyage et entretien de votre plancher Weitzer Parkett<\/p>\n\n                                        <\/div>\n                                                                    <\/div>\n                            <\/div>\n                                                    <div class=\"col\">\n                                <div class=\"inner\">\n\n                                                                            <div class=\"image-wrapper\">\n                                                                                                                                                                                                                            <picture>\n                                                <source srcset=\"https:\/\/www.weitzer-parkett.com\/wp-content\/uploads\/2017\/12\/Service-Haeufig-gestellte-fragen-zum-thema-parkett-von-Weitzer-Parkett-520x406-c-center.jpg 1x\" media=\"(min-width: 1024px)\"\/>\n                                                <source srcset=\"https:\/\/www.weitzer-parkett.com\/wp-content\/uploads\/2017\/12\/Service-Haeufig-gestellte-fragen-zum-thema-parkett-von-Weitzer-Parkett-382x298-c-center.jpg 1x\" media=\"(min-width: 768px)\"\/>\n                                                <source srcset=\"https:\/\/www.weitzer-parkett.com\/wp-content\/uploads\/2017\/12\/Service-Haeufig-gestellte-fragen-zum-thema-parkett-von-Weitzer-Parkett-160x122-c-center.jpg 1x\" media=\"(max-width: 767px)\"\/>\n                                                <img decoding=\"async\" src=\"https:\/\/www.weitzer-parkett.com\/wp-content\/uploads\/2017\/12\/Service-Haeufig-gestellte-fragen-zum-thema-parkett-von-Weitzer-Parkett-160x122-c-center.jpg\" alt=\"\" title=\"Service-Haeufig-gestellte-fragen-zum-thema-parkett-von-Weitzer-Parkett\"\/>\n                                            <\/picture>\n\n                                            <div class=\"link-overlay\">\n                                                                                                                                                    <div class=\"link-wrapper\">\n                                                        <a href=\"https:\/\/www.weitzer-parkett.com\/fr\/service\/parquet-questions-reponses-faq\/\" class=\"btn link white arrow-right\">\n                                                                                                                                                                                                                                                                                                                D\u00e9couvrir FAQ\n                                                        <\/a>\n                                                    <\/div>\n                                                                                            <\/div>\n                                        <\/div>\n                                    \n                                                                            <div class=\"text-wrapper\">\n                                            <p>Questions et r\u00e9ponses sur la th\u00e9matique du bois et des planchers<\/p>\n\n                                        <\/div>\n                                                                    <\/div>\n                            <\/div>\n                                                    <div class=\"col\">\n                                <div class=\"inner\">\n\n                                                                            <div class=\"image-wrapper\">\n                                                                                                                                                                                                                            <picture>\n                                                <source srcset=\"https:\/\/www.weitzer-parkett.com\/wp-content\/uploads\/2017\/12\/Service-downloads-von-Weitzer-Parkett-520x406-c-center.jpg 1x\" media=\"(min-width: 1024px)\"\/>\n                                                <source srcset=\"https:\/\/www.weitzer-parkett.com\/wp-content\/uploads\/2017\/12\/Service-downloads-von-Weitzer-Parkett-382x298-c-center.jpg 1x\" media=\"(min-width: 768px)\"\/>\n                                                <source srcset=\"https:\/\/www.weitzer-parkett.com\/wp-content\/uploads\/2017\/12\/Service-downloads-von-Weitzer-Parkett-160x122-c-center.jpg 1x\" media=\"(max-width: 767px)\"\/>\n                                                <img decoding=\"async\" src=\"https:\/\/www.weitzer-parkett.com\/wp-content\/uploads\/2017\/12\/Service-downloads-von-Weitzer-Parkett-160x122-c-center.jpg\" alt=\"\" title=\"Service-downloads-von-Weitzer-Parkett\"\/>\n                                            <\/picture>\n\n                                            <div class=\"link-overlay\">\n                                                                                                                                                    <div class=\"link-wrapper\">\n                                                        <a href=\"https:\/\/www.weitzer-parkett.com\/fr\/service\/download\/\" class=\"btn link white arrow-right\">\n                                                                                                                                                                                                                                                                                                                D\u00e9couvrir Downloads\n                                                        <\/a>\n                                                    <\/div>\n                                                                                            <\/div>\n                                        <\/div>\n                                    \n                                                                            <div class=\"text-wrapper\">\n                                            <p>Ces informations vous sont fournies par Weitzer Parkett<\/p>\n\n                                        <\/div>\n                                                                    <\/div>\n                            <\/div>\n                                            <\/div>\n                <\/div>\n            <\/div>\n            <\/div>\n\n<div id=\"ep-block-wysiwyg-block_729c2b8385a96ca2979b939fdf739e59\" class=\"ep-block-wysiwyg ep-block  chosen-bg-theme-beige\">\n                        <div class=\"show-frontend\">\n                <div class=\"inner\">\n                    <div class=\"holder\"><h2>R\u00e8glement sur les produits de construction<\/h2>\n<p>T\u00e9l\u00e9chargez ici la d\u00e9claration de performance souhait\u00e9e conforme au r\u00e8glement europ\u00e9en sur les produits de construction. Il vous suffit d\u2019entrer la r\u00e9f\u00e9rence et de confirmer !<\/p>\n<\/div>\n                <\/div>\n            <\/div>\n            <\/div>\n\n<div id=\"ep-block-bauprodukte-verordnung-block_dc6f1f05f4311e82d0126905838b072b\" class=\"ep-block-bauprodukte-verordnung ep-block  chosen-bg-theme-beige\">\n            <div class=\"show-frontend\">\n\n            <div class=\"holder\">\n                <div class=\"bpv-form\">\n                    <input class=\"bpv-form-lang\" name=\"lang\" type=\"hidden\" value=\"fr\">\n                    <div class=\"form-items\">\n                        <div class=\"floating-label\">\n                                                        <label for=\"bpv-artikelnummer-Zq8LL\">R\u00e9f\u00e9rence<\/label>\n                            <input class=\"bpv-form-artikelnummer\" name=\"artikelnummer\" id=\"bpv-artikelnummer-Zq8LL\" type=\"text\" placeholder=\"R\u00e9f\u00e9rence\">\n                        <\/div>\n                        <div class=\"link-wrapper\">\n                            <a href=\"#\" class=\"bpv-form-submit btn\">\n                                <svg id=\"b08a826c-2125-40a0-834a-ccec87a85060\" data-name=\"Ebene 1\" xmlns=\"http:\/\/www.w3.org\/2000\/svg\" viewBox=\"0 0 14.49 15.49\">\n  <defs>\n    <style>\n      .b181d395-0bab-4bc5-b718-84424155dfd7 {\n        fill: #281212;\n      }\n    <\/style>\n  <\/defs>\n  <path class=\"b181d395-0bab-4bc5-b718-84424155dfd7\" d=\"M1.49,15.77.25,14.54,2.9,11.89A6.84,6.84,0,1,1,4.26,13ZM7.87,2A5.13,5.13,0,1,0,13,7.15,5.13,5.13,0,0,0,7.87,2Z\" transform=\"translate(-0.25 -0.28)\"\/>\n<\/svg>\n                            <\/a>\n                        <\/div>\n                    <\/div>\n                <\/div>\n                <div class=\"response\">\n                    <div class=\"bpv-form-link\">\n                        <a class=\"btn\" href=\"#\" target=\"_blank\"><i class=\"fa fa-download\"><\/i> T\u00e9l\u00e9charger la d\u00e9claration de performance.<\/a>\n                    <\/div>\n                    <div class=\"callout small alert bpv-form-no-link-text\">\n                        <p>Malheureusement, il n\u2019y a pas d\u2019article disponible avec cette r\u00e9f\u00e9rence.<\/p>\n                    <\/div>\n                <\/div>\n            <\/div>\n\n        <\/div>\n    <\/div>\n\n<div id=\"ep-block-spacer-block_4aeb81a12d9a19f56b9780c9ff7ee620\" class=\"ep-block-spacer ep-block  chosen-\">\n            <div class=\"show-frontend\">\n                        <style>\n                #ep-spacer-WiM6w {\n                    height: 100px;\n                }\n                @media (max-width: 767px) {\n                    #ep-spacer-WiM6w {\n                        height: 40px;\n                    }\n                }\n                @media (min-width: 768px) and (max-width: 1023px) {\n                    #ep-spacer-WiM6w {\n                        height: 60px;\n                    }\n                }\n            <\/style>\n            <div id=\"ep-spacer-WiM6w\"><\/div>\n        <\/div>\n    <\/div>","protected":false},"excerpt":{"rendered":"","protected":false},"author":1,"featured_media":0,"parent":0,"menu_order":0,"comment_status":"closed","ping_status":"closed","template":"","meta":{"_acf_changed":false,"footnotes":""},"class_list":["post-16969","page","type-page","status-publish","hentry"],"acf":[],"yoast_head":"<!-- This site is optimized with the Yoast SEO plugin v27.1.1 - https:\/\/yoast.com\/product\/yoast-seo-wordpress\/ -->\n<title>Service | Weitzer Parkett<\/title>\n<meta name=\"description\" content=\"Chez Weitzer Parkett, \u00ab service \u00bb n\u2019est pas un vain mot. Ces informations vous sont fournies par Weitzer Parkett.\" \/>\n<meta name=\"robots\" content=\"index, follow, max-snippet:-1, max-image-preview:large, max-video-preview:-1\" \/>\n<link rel=\"canonical\" href=\"https:\/\/www.weitzer-parkett.com\/fr\/service\/\" \/>\n<meta property=\"og:locale\" content=\"fr_FR\" \/>\n<meta property=\"og:type\" content=\"article\" \/>\n<meta property=\"og:title\" content=\"Service | Weitzer Parkett\" \/>\n<meta property=\"og:description\" content=\"Chez Weitzer Parkett, \u00ab service \u00bb n\u2019est pas un vain mot. Ces informations vous sont fournies par Weitzer Parkett.\" \/>\n<meta property=\"og:url\" content=\"https:\/\/www.weitzer-parkett.com\/fr\/service\/\" \/>\n<meta property=\"og:site_name\" content=\"Weitzer Parkett\" \/>\n<meta property=\"article:publisher\" content=\"http:\/\/www.facebook.com\/weitzerparkett\" \/>\n<meta property=\"article:modified_time\" content=\"2024-03-08T14:43:06+00:00\" \/>\n<meta property=\"og:image\" content=\"https:\/\/www.weitzer-parkett.com\/wp-content\/uploads\/2017\/08\/Weiz-Header-1.jpg\" \/>\n\t<meta property=\"og:image:width\" content=\"1200\" \/>\n\t<meta property=\"og:image:height\" content=\"450\" \/>\n\t<meta property=\"og:image:type\" content=\"image\/jpeg\" \/>\n<meta name=\"twitter:card\" content=\"summary_large_image\" \/>\n<meta name=\"twitter:site\" content=\"@weitzerparkett\" \/>\n<script type=\"application\/ld+json\" class=\"yoast-schema-graph\">{\"@context\":\"https:\/\/schema.org\",\"@graph\":[{\"@type\":\"WebPage\",\"@id\":\"https:\/\/www.weitzer-parkett.com\/fr\/service\/\",\"url\":\"https:\/\/www.weitzer-parkett.com\/fr\/service\/\",\"name\":\"Service | Weitzer Parkett\",\"isPartOf\":{\"@id\":\"https:\/\/www.weitzer-parkett.com\/fr\/#website\"},\"datePublished\":\"2017-08-10T09:14:14+00:00\",\"dateModified\":\"2024-03-08T14:43:06+00:00\",\"description\":\"Chez Weitzer Parkett, \u00ab service \u00bb n\u2019est pas un vain mot. Ces informations vous sont fournies par Weitzer Parkett.\",\"breadcrumb\":{\"@id\":\"https:\/\/www.weitzer-parkett.com\/fr\/service\/#breadcrumb\"},\"inLanguage\":\"fr-FR\",\"potentialAction\":[{\"@type\":\"ReadAction\",\"target\":[\"https:\/\/www.weitzer-parkett.com\/fr\/service\/\"]}]},{\"@type\":\"BreadcrumbList\",\"@id\":\"https:\/\/www.weitzer-parkett.com\/fr\/service\/#breadcrumb\",\"itemListElement\":[{\"@type\":\"ListItem\",\"position\":1,\"name\":\"Home\",\"item\":\"https:\/\/www.weitzer-parkett.com\/fr\/\"},{\"@type\":\"ListItem\",\"position\":2,\"name\":\"Service\"}]},{\"@type\":\"WebSite\",\"@id\":\"https:\/\/www.weitzer-parkett.com\/fr\/#website\",\"url\":\"https:\/\/www.weitzer-parkett.com\/fr\/\",\"name\":\"Weitzer Parkett\",\"description\":\"Intelligente Parkett- und Stiegenl\u00f6sungen\",\"publisher\":{\"@id\":\"https:\/\/www.weitzer-parkett.com\/fr\/#organization\"},\"potentialAction\":[{\"@type\":\"SearchAction\",\"target\":{\"@type\":\"EntryPoint\",\"urlTemplate\":\"https:\/\/www.weitzer-parkett.com\/fr\/?s={search_term_string}\"},\"query-input\":{\"@type\":\"PropertyValueSpecification\",\"valueRequired\":true,\"valueName\":\"search_term_string\"}}],\"inLanguage\":\"fr-FR\"},{\"@type\":\"Organization\",\"@id\":\"https:\/\/www.weitzer-parkett.com\/fr\/#organization\",\"name\":\"Weitzer Parkett\",\"url\":\"https:\/\/www.weitzer-parkett.com\/fr\/\",\"logo\":{\"@type\":\"ImageObject\",\"inLanguage\":\"fr-FR\",\"@id\":\"https:\/\/www.weitzer-parkett.com\/fr\/#\/schema\/logo\/image\/\",\"url\":\"https:\/\/www.weitzer-parkett.com\/wp-content\/uploads\/2018\/01\/weitzer-parkett-logo.png\",\"contentUrl\":\"https:\/\/www.weitzer-parkett.com\/wp-content\/uploads\/2018\/01\/weitzer-parkett-logo.png\",\"width\":253,\"height\":81,\"caption\":\"Weitzer Parkett\"},\"image\":{\"@id\":\"https:\/\/www.weitzer-parkett.com\/fr\/#\/schema\/logo\/image\/\"},\"sameAs\":[\"http:\/\/www.facebook.com\/weitzerparkett\",\"https:\/\/x.com\/weitzerparkett\",\"http:\/\/www.linkedin.com\/company\/weitzer-parkett\",\"https:\/\/www.pinterest.com\/weitzerparkett\/\",\"https:\/\/www.youtube.com\/user\/weitzerparkett\/\"]}]}<\/script>\n<!-- \/ Yoast SEO plugin. -->","yoast_head_json":{"title":"Service | Weitzer Parkett","description":"Chez Weitzer Parkett, \u00ab service \u00bb n\u2019est pas un vain mot. Ces informations vous sont fournies par Weitzer Parkett.","robots":{"index":"index","follow":"follow","max-snippet":"max-snippet:-1","max-image-preview":"max-image-preview:large","max-video-preview":"max-video-preview:-1"},"canonical":"https:\/\/www.weitzer-parkett.com\/fr\/service\/","og_locale":"fr_FR","og_type":"article","og_title":"Service | Weitzer Parkett","og_description":"Chez Weitzer Parkett, \u00ab service \u00bb n\u2019est pas un vain mot. Ces informations vous sont fournies par Weitzer Parkett.","og_url":"https:\/\/www.weitzer-parkett.com\/fr\/service\/","og_site_name":"Weitzer Parkett","article_publisher":"http:\/\/www.facebook.com\/weitzerparkett","article_modified_time":"2024-03-08T14:43:06+00:00","og_image":[{"width":1200,"height":450,"url":"https:\/\/www.weitzer-parkett.com\/wp-content\/uploads\/2017\/08\/Weiz-Header-1.jpg","type":"image\/jpeg"}],"twitter_card":"summary_large_image","twitter_site":"@weitzerparkett","schema":{"@context":"https:\/\/schema.org","@graph":[{"@type":"WebPage","@id":"https:\/\/www.weitzer-parkett.com\/fr\/service\/","url":"https:\/\/www.weitzer-parkett.com\/fr\/service\/","name":"Service | Weitzer Parkett","isPartOf":{"@id":"https:\/\/www.weitzer-parkett.com\/fr\/#website"},"datePublished":"2017-08-10T09:14:14+00:00","dateModified":"2024-03-08T14:43:06+00:00","description":"Chez Weitzer Parkett, \u00ab service \u00bb n\u2019est pas un vain mot. Ces informations vous sont fournies par Weitzer Parkett.","breadcrumb":{"@id":"https:\/\/www.weitzer-parkett.com\/fr\/service\/#breadcrumb"},"inLanguage":"fr-FR","potentialAction":[{"@type":"ReadAction","target":["https:\/\/www.weitzer-parkett.com\/fr\/service\/"]}]},{"@type":"BreadcrumbList","@id":"https:\/\/www.weitzer-parkett.com\/fr\/service\/#breadcrumb","itemListElement":[{"@type":"ListItem","position":1,"name":"Home","item":"https:\/\/www.weitzer-parkett.com\/fr\/"},{"@type":"ListItem","position":2,"name":"Service"}]},{"@type":"WebSite","@id":"https:\/\/www.weitzer-parkett.com\/fr\/#website","url":"https:\/\/www.weitzer-parkett.com\/fr\/","name":"Weitzer Parkett","description":"Intelligente Parkett- und Stiegenl\u00f6sungen","publisher":{"@id":"https:\/\/www.weitzer-parkett.com\/fr\/#organization"},"potentialAction":[{"@type":"SearchAction","target":{"@type":"EntryPoint","urlTemplate":"https:\/\/www.weitzer-parkett.com\/fr\/?s={search_term_string}"},"query-input":{"@type":"PropertyValueSpecification","valueRequired":true,"valueName":"search_term_string"}}],"inLanguage":"fr-FR"},{"@type":"Organization","@id":"https:\/\/www.weitzer-parkett.com\/fr\/#organization","name":"Weitzer Parkett","url":"https:\/\/www.weitzer-parkett.com\/fr\/","logo":{"@type":"ImageObject","inLanguage":"fr-FR","@id":"https:\/\/www.weitzer-parkett.com\/fr\/#\/schema\/logo\/image\/","url":"https:\/\/www.weitzer-parkett.com\/wp-content\/uploads\/2018\/01\/weitzer-parkett-logo.png","contentUrl":"https:\/\/www.weitzer-parkett.com\/wp-content\/uploads\/2018\/01\/weitzer-parkett-logo.png","width":253,"height":81,"caption":"Weitzer Parkett"},"image":{"@id":"https:\/\/www.weitzer-parkett.com\/fr\/#\/schema\/logo\/image\/"},"sameAs":["http:\/\/www.facebook.com\/weitzerparkett","https:\/\/x.com\/weitzerparkett","http:\/\/www.linkedin.com\/company\/weitzer-parkett","https:\/\/www.pinterest.com\/weitzerparkett\/","https:\/\/www.youtube.com\/user\/weitzerparkett\/"]}]}},"_links":{"self":[{"href":"https:\/\/www.weitzer-parkett.com\/fr\/wp-json\/wp\/v2\/pages\/16969","targetHints":{"allow":["GET"]}}],"collection":[{"href":"https:\/\/www.weitzer-parkett.com\/fr\/wp-json\/wp\/v2\/pages"}],"about":[{"href":"https:\/\/www.weitzer-parkett.com\/fr\/wp-json\/wp\/v2\/types\/page"}],"author":[{"embeddable":true,"href":"https:\/\/www.weitzer-parkett.com\/fr\/wp-json\/wp\/v2\/users\/1"}],"replies":[{"embeddable":true,"href":"https:\/\/www.weitzer-parkett.com\/fr\/wp-json\/wp\/v2\/comments?post=16969"}],"version-history":[{"count":4,"href":"https:\/\/www.weitzer-parkett.com\/fr\/wp-json\/wp\/v2\/pages\/16969\/revisions"}],"predecessor-version":[{"id":60428,"href":"https:\/\/www.weitzer-parkett.com\/fr\/wp-json\/wp\/v2\/pages\/16969\/revisions\/60428"}],"wp:attachment":[{"href":"https:\/\/www.weitzer-parkett.com\/fr\/wp-json\/wp\/v2\/media?parent=16969"}],"curies":[{"name":"wp","href":"https:\/\/api.w.org\/{rel}","templated":true}]}}