{"id":16890,"date":"2017-10-12T11:33:05","date_gmt":"2017-10-12T09:33:05","guid":{"rendered":"https:\/\/www.weitzer-parkett.com\/pourquoi-weitzer-parkett\/parkett-oekologische-verantwortung\/"},"modified":"2023-07-13T16:47:30","modified_gmt":"2023-07-13T14:47:30","slug":"parquet-responsabilite-ecologique","status":"publish","type":"page","link":"https:\/\/www.weitzer-parkett.com\/fr\/pourquoi-weitzer-parkett-2\/parquet-responsabilite-ecologique\/","title":{"rendered":"Responsabilit\u00e9 \u00e9cologique"},"content":{"rendered":"<div id=\"ep-block-page-header-block_13eed1f6c8eedaa5b961135c8c22b811\" class=\"ep-block-page-header ep-block  chosen-bg-theme-beige type-2\">\n            <div class=\"show-frontend\">\n\n            \n                <div class=\"inner\">\n                    <div class=\"container mx-auto\">\n                        <div class=\"text-container\">\n\n                                                            <div class=\"breadcrumbs-wrapper\">\n                                    <span><span><a href=\"https:\/\/www.weitzer-parkett.com\/fr\/\">Home<\/a><\/span><\/span>\n                                <\/div>\n                            \n                                                            <h1>Responsabilit\u00e9 \u00e9cologique<\/h1>\n                            \n                                                            <div class=\"text-wrapper\"><p>Nous \u00e9coutons le message de Dame Nature et nous ressentons l\u2019obligation d\u2019orienter notre entreprise dans le sens de l\u2019\u00e9cologie. Nous vous invitons \u00e0 suivre notre exemple! La mati\u00e8re premi\u00e8re bois est approvisionn\u00e9e presque exclusivement dans des exploitations foresti\u00e8res europ\u00e9ennes durables.<\/p>\n<\/div>\n                            \n                                                            <div class=\"btn-wrapper\">\n                                                                            <div class=\"link\">\n                                            <a href=\"https:\/\/www.weitzer-parkett.com\/fr\/parquet\/\" title=\"Trouvez votre parquet\" target=\"\" class=\"btn arrow-right\">\n                                                Trouvez votre parquet\n                                            <\/a>\n                                        <\/div>\n                                    \n                                                                            <div class=\"link\">\n                                            <a href=\"https:\/\/www.weitzer-parkett.com\/fr\/showrooms\/\" title=\"Visitez Showrooms\" target=\"\" class=\"btn link arrow-right\">\n                                                Visitez Showrooms\n                                            <\/a>\n                                        <\/div>\n                                                                    <\/div>\n                            \n                        <\/div>\n                    <\/div>\n                <\/div>\n\n                                                        <div class=\"image-wrapper\">\n                        \n                        \n                        \n                                                                                                        \n                        \n                                                                        \n                        <picture class=\"image\">\n                            <source srcset=\"https:\/\/www.weitzer-parkett.com\/wp-content\/uploads\/2022\/04\/oekologische-verantwortung-weitzerparkett-910x666-c-center.jpg 1x\" media=\"(min-resolution: 120dpi)\"\/>\n                            <source srcset=\"https:\/\/www.weitzer-parkett.com\/wp-content\/uploads\/2022\/04\/oekologische-verantwortung-weitzerparkett-910x666-c-center.jpg 1x\" media=\"(min-width: 1024px)\"\/>\n                            <source srcset=\"https:\/\/www.weitzer-parkett.com\/wp-content\/uploads\/2022\/04\/oekologische-verantwortung-weitzerparkett-684x496-c-center.jpg 1x\" media=\"(min-width: 768px)\"\/>\n                            <source srcset=\"https:\/\/www.weitzer-parkett.com\/wp-content\/uploads\/2022\/04\/oekologische-verantwortung-weitzerparkett-356x258-c-center.jpg 1x\" media=\"(max-width: 767px)\"\/>\n                            <img decoding=\"async\" src=\"https:\/\/www.weitzer-parkett.com\/wp-content\/uploads\/2022\/04\/oekologische-verantwortung-weitzerparkett-356x258-c-center.jpg\" alt=\"\" title=\"oekologische-verantwortung-weitzerparkett\"\/>\n                        <\/picture>\n                    <\/div>\n\n                                    \n                    <\/div>\n    <\/div>\n\n\n<div id=\"ep-block-wysiwyg-block_6f684f748e40d612347c00769bdcedd0\" class=\"ep-block-wysiwyg ep-block  chosen-\">\n                        <div class=\"show-frontend\">\n                <div class=\"inner\">\n                    <div class=\"holder\"><h2>Protection de l\u2019environnement et d\u00e9veloppement durable assum\u00e9s<\/h2>\n<p>Les produits Weitzer Parkett ne pr\u00e9sentent aucun risque pour l\u2019homme, la nature et l\u2019environnement, aussi bien pendant la <a href=\"https:\/\/www.weitzer-parkett.com\/fr\/pourquoi-weitzer-parkett\/fabrication\/\">fabrication<\/a> que pendant l\u2019<a href=\"https:\/\/www.weitzer-parkett.com\/fr\/pourquoi-weitzer-parkett\/utilisation\/\">utilisation<\/a> et m\u00eame l\u2019<a href=\"https:\/\/www.weitzer-parkett.com\/fr\/pourquoi-weitzer-parkett\/elimination\/\">\u00e9limination<\/a>. Vous am\u00e9liorez la qualit\u00e9 de vie et prot\u00e9gez l\u2019espace vital des g\u00e9n\u00e9rations actuelles et futures.<\/p>\n<p><span data-sheets-formula-bar-text-style=\"font-size:13px;color:#000000;font-weight:normal;text-decoration:none;font-family:'Arial';font-style:normal;text-decoration-skip-ink:none;\">Le bois qui constitue notre mati\u00e8re premi\u00e8re est exclusivement issu d\u2019une sylviculture durable. Notre entreprise, qui fait partie des principaux fabricants de parquet, a totalement renonc\u00e9 aux bois tropicaux depuis plusieurs d\u00e9cennies.<\/span><\/p>\n<p>L\u2019\u00e9nergie est un bien pr\u00e9cieux. Avec notre propre centrale thermique biomasse, notre installation photovolta\u00efque et notre centrale hydro\u00e9lectrique, nous ne produisons pas seulement de la chaleur \u00e9cologique \u00e0 distance, mais aussi de l\u2019\u00e9lectricit\u00e9 \u00e9cologique. Cette \u00e9nergie produite de mani\u00e8re durable ne sert pas seulement \u00e0 alimenter Weitzer Parkett, mais \u00e9galement plus de la moiti\u00e9 de la ville de Weiz. Ceci correspond \u00e0 une capacit\u00e9 de plus de 2000 m\u00e9nages.<\/p>\n<\/div>\n                <\/div>\n            <\/div>\n            <\/div>\n\n<div id=\"ep-block-image-title-text-link-block_4f138dfb742579752fcb2a06982ce4d6\" class=\"ep-block-image-title-text-link ep-block  chosen-\">\n            <div class=\"show-frontend\">\n            <div class=\"inner\">\n                <div class=\"holder\">\n                    <div class=\"text-wrapper\">\n                        \n                                                    <div class=\"text\"><p>Nous contribuons avec l\u2019ensemble de notre cha\u00eene de cr\u00e9ation de valeurs de mani\u00e8re essentielle \u00e0 un bilan \u00e9cologique positif: ressources provenant de l\u2019environnement proche, courts chemins de transport, production en Autriche et en Croatie (cr\u00e9ation de valeur ajout\u00e9e au sein du pays par la transformation du bois croate), \u00e9nergies renouvelables, etc.<\/p>\n<\/div>\n                        \n                                            <\/div>\n                                            <div class=\"image-wrapper\">\n                                                                                    \n                                                                                                                <picture class=\"post-image\">\n                                <source srcset=\"https:\/\/www.weitzer-parkett.com\/wp-content\/uploads\/2022\/04\/holz-statt-plastik-oekologische-verantwortung-582x388-c-center.png 1x\" media=\"(min-width: 1024px)\"\/>\n                                <source srcset=\"https:\/\/www.weitzer-parkett.com\/wp-content\/uploads\/2022\/04\/holz-statt-plastik-oekologische-verantwortung-582x388-c-center.png 1x\" media=\"(min-width: 768px)\"\/>\n                                <source srcset=\"https:\/\/www.weitzer-parkett.com\/wp-content\/uploads\/2022\/04\/holz-statt-plastik-oekologische-verantwortung-684x456-c-center.png 1x\" media=\"(max-width: 767px)\"\/>\n                                <img decoding=\"async\" src=\"https:\/\/www.weitzer-parkett.com\/wp-content\/uploads\/2022\/04\/holz-statt-plastik-oekologische-verantwortung-684x456-c-center.png\" alt=\"\" title=\"holz-statt-plastik-oekologische-verantwortung\"\/>\n                            <\/picture>\n                        <\/div>\n                                    <\/div>\n            <\/div>\n        <\/div>\n    <\/div>\n\n<div id=\"ep-block-wysiwyg-block_9f280b7f74d7e6f7b3c1cf85d109cdec\" class=\"ep-block-wysiwyg ep-block  chosen-\">\n                        <div class=\"show-frontend\">\n                <div class=\"inner\">\n                    <div class=\"holder\"><h3>Nous avons une longueur d\u2019avance:<\/h3>\n<p>Weitzer Parkett est le premier sur le march\u00e9 \u00e0 proposer une solution compl\u00e8te sans plastifiant pour parquet et colle.<\/p>\n<\/div>\n                <\/div>\n            <\/div>\n            <\/div>\n\n<div id=\"ep-block-teaser-block_1c5287f136c81a4a6fae6a6e65fafb3f\" class=\"ep-block-teaser ep-block  chosen-bg-white\">\n            <div class=\"show-frontend style-2\">\n            <div class=\"rectangle rectangle-1\"><\/div>\n            <div class=\"rectangle rectangle-2\"><\/div>\n            <div class=\"holder\">\n\n                                                \n                <div class=\"position-wrapper\">\n                                                                                                                                                                    <div class=\"image-wrapper\">                             <picture>\n                                <source srcset=\"https:\/\/www.weitzer-parkett.com\/wp-content\/uploads\/2022\/04\/beschaffungherstellung-nutzung-entsorgung-holz-parkett-582x388-c-center.jpg 1x\" media=\"(min-width: 1024px)\"\/>\n                                                                \n                                <img decoding=\"async\" src=\"https:\/\/www.weitzer-parkett.com\/wp-content\/uploads\/2022\/04\/beschaffungherstellung-nutzung-entsorgung-holz-parkett-582x388-c-center.jpg\" alt=\"\" title=\"beschaffung,herstellung-nutzung-entsorgung-holz-parkett\"\/>\n                                \n                            <\/picture>\n                        <\/div>\n                    \n                    <div class=\"text-wrapper\">\n                        \n                                                    <div class=\"text\"><h4><a href=\"https:\/\/www.weitzer-parkett.com\/fr\/pourquoi-weitzer-parkett\/approvisionnement\/\">Approvisionnement<\/a><\/h4>\n<p>Non aux bois exotiques, oui aux bois indig\u00e8nes<\/p>\n<h4><a href=\"https:\/\/www.weitzer-parkett.com\/fr\/pourquoi-weitzer-parkett\/fabrication\/\">Fabrication<\/a><\/h4>\n<p>Notre contribution active \u00e0 l\u2019am\u00e9lioration du climat<\/p>\n<h4><a href=\"https:\/\/www.weitzer-parkett.com\/fr\/pourquoi-weitzer-parkett\/utilisation\/\">Utilisation<\/a><\/h4>\n<p>D\u00e9veloppement durable au meilleur de sa forme<\/p>\n<h4><a href=\"https:\/\/www.weitzer-parkett.com\/fr\/pourquoi-weitzer-parkett\/elimination\/\">Elimination<\/a><\/h4>\n<p>\u00c9cologique et recyclable: Weitzer Parkett<\/p>\n<\/div>\n                        \n                        \n                    <\/div>\n                <\/div>\n            <\/div>\n        <\/div>\n    <\/div>\n\n<div id=\"ep-block-big-image-block_cbdf6254fdeac6bffca064c2276b240f\" class=\"ep-block-big-image ep-block  chosen-\">\n    \n                                        \n        \n\n                            <style>\n                #ep-block-big-image-block_cbdf6254fdeac6bffca064c2276b240f .show-frontend {\n                    background-image: url(https:\/\/www.weitzer-parkett.com\/wp-content\/uploads\/2022\/04\/Dielen-Optik_WP_Charisma_EB_Eiche_Auster_wild_gefast_gebuerstet_reliefgehobelt_Schlafen_49412-49437-boden-scaled-1440x712-c-center.jpg);\n                }\n\n                            <\/style>\n        \n        <div class=\"show-frontend \" style=\"\">\n\n            \n\n            \n            <div class=\"holder\">\n\n                                    <h2 class=\"h1 serif\">Qualit\u00e9 certifi\u00e9e<\/h2>\n                \n                                    <div class=\"btn-wrapper-1\">\n                        <a href=\"https:\/\/www.weitzer-parkett.com\/fr\/pourquoi-weitzer-parkett\/parquets-labels-certificats\/\" target=\"\" class=\"btn default\" title=\"Cliquez ici pour en savoir plus sur les distinctions obtenues par Weitzer Parkett\">Cliquez ici pour en savoir plus sur les distinctions obtenues par Weitzer Parkett<\/a>\n                    <\/div>\n                \n                \n                            <\/div>\n        <\/div>\n    <\/div>\n\n<div id=\"ep-block-spacer-block_091f76fd4b5856a20755c0e419e58ca5\" class=\"ep-block-spacer ep-block  chosen-\">\n            <div class=\"show-frontend\">\n                        <style>\n                #ep-spacer-G2THu {\n                    height: 100px;\n                }\n                @media (max-width: 767px) {\n                    #ep-spacer-G2THu {\n                        height: 40px;\n                    }\n                }\n                @media (min-width: 768px) and (max-width: 1023px) {\n                    #ep-spacer-G2THu {\n                        height: 60px;\n                    }\n                }\n            <\/style>\n            <div id=\"ep-spacer-G2THu\"><\/div>\n        <\/div>\n    <\/div>\n\n<div id=\"ep-block-image-title-text-link-block_27d2151cd5818b13f49e394bff7cad7f\" class=\"ep-block-image-title-text-link ep-block  chosen-\">\n            <div class=\"show-frontend\">\n            <div class=\"inner\">\n                <div class=\"holder\">\n                    <div class=\"text-wrapper\">\n                                                    <h2>Vous serons ravis de vous aider \u00e0 choisir le parquet qu\u2019il vous faut.<\/h2>\n                        \n                                                    <div class=\"text\"><p>Nous ou l\u2019un des repr\u00e9sentants comp\u00e9tents de Weitzer Parkett pr\u00e8s de chez<\/p>\n<\/div>\n                        \n                                                    <div class=\"btn-wrapper\">\n                                <a href=\"https:\/\/www.weitzer-parkett.com\/fr\/showrooms\/\" target=\"\" class=\"btn ghost\">Visitez Showrooms<\/a>\n                            <\/div>\n                                            <\/div>\n                                            <div class=\"image-wrapper\">\n                                                                                    \n                                                                                                                <picture class=\"post-image\">\n                                <source srcset=\"https:\/\/www.weitzer-parkett.com\/wp-content\/uploads\/2022\/04\/ParkettWelten-06_LowRes-582x388-c-center.jpg 1x\" media=\"(min-width: 1024px)\"\/>\n                                <source srcset=\"https:\/\/www.weitzer-parkett.com\/wp-content\/uploads\/2022\/04\/ParkettWelten-06_LowRes-582x388-c-center.jpg 1x\" media=\"(min-width: 768px)\"\/>\n                                <source srcset=\"https:\/\/www.weitzer-parkett.com\/wp-content\/uploads\/2022\/04\/ParkettWelten-06_LowRes-684x456-c-center.jpg 1x\" media=\"(max-width: 767px)\"\/>\n                                <img decoding=\"async\" src=\"https:\/\/www.weitzer-parkett.com\/wp-content\/uploads\/2022\/04\/ParkettWelten-06_LowRes-684x456-c-center.jpg\" alt=\"\" title=\"ParkettWelten 06_LowRes\"\/>\n                            <\/picture>\n                        <\/div>\n                                    <\/div>\n            <\/div>\n        <\/div>\n    <\/div>","protected":false},"excerpt":{"rendered":"","protected":false},"author":1,"featured_media":0,"parent":16401,"menu_order":0,"comment_status":"closed","ping_status":"closed","template":"","meta":{"_acf_changed":false,"footnotes":""},"class_list":["post-16890","page","type-page","status-publish","hentry"],"acf":[],"yoast_head":"<!-- This site is optimized with the Yoast SEO plugin v27.1.1 - https:\/\/yoast.com\/product\/yoast-seo-wordpress\/ -->\n<title>Responsabilit\u00e9 \u00e9cologique | Weitzer Parkett<\/title>\n<meta name=\"description\" content=\"Les produits Weitzer Parkett ne pr\u00e9sentent aucun risque pour l\u2019homme. Vous am\u00e9liorez la qualit\u00e9 de vie et prot\u00e9gez l\u2019espace vital des g\u00e9n\u00e9rations actuelles et futures.\" \/>\n<meta name=\"robots\" content=\"index, follow, max-snippet:-1, max-image-preview:large, max-video-preview:-1\" \/>\n<link rel=\"canonical\" href=\"https:\/\/www.weitzer-parkett.com\/fr\/pourquoi-weitzer-parkett-2\/parquet-responsabilite-ecologique\/\" \/>\n<meta property=\"og:locale\" content=\"fr_FR\" \/>\n<meta property=\"og:type\" content=\"article\" \/>\n<meta property=\"og:title\" content=\"Responsabilit\u00e9 \u00e9cologique | Weitzer Parkett\" \/>\n<meta property=\"og:description\" content=\"Les produits Weitzer Parkett ne pr\u00e9sentent aucun risque pour l\u2019homme. Vous am\u00e9liorez la qualit\u00e9 de vie et prot\u00e9gez l\u2019espace vital des g\u00e9n\u00e9rations actuelles et futures.\" \/>\n<meta property=\"og:url\" content=\"https:\/\/www.weitzer-parkett.com\/fr\/pourquoi-weitzer-parkett-2\/parquet-responsabilite-ecologique\/\" \/>\n<meta property=\"og:site_name\" content=\"Weitzer Parkett\" \/>\n<meta property=\"article:publisher\" content=\"http:\/\/www.facebook.com\/weitzerparkett\" \/>\n<meta property=\"article:modified_time\" content=\"2023-07-13T14:47:30+00:00\" \/>\n<meta property=\"og:image\" content=\"https:\/\/www.weitzer-parkett.com\/wp-content\/uploads\/2017\/08\/Weiz-Header-1.jpg\" \/>\n\t<meta property=\"og:image:width\" content=\"1200\" \/>\n\t<meta property=\"og:image:height\" content=\"450\" \/>\n\t<meta property=\"og:image:type\" content=\"image\/jpeg\" \/>\n<meta name=\"twitter:card\" content=\"summary_large_image\" \/>\n<meta name=\"twitter:site\" content=\"@weitzerparkett\" \/>\n<script type=\"application\/ld+json\" class=\"yoast-schema-graph\">{\"@context\":\"https:\/\/schema.org\",\"@graph\":[{\"@type\":\"WebPage\",\"@id\":\"https:\/\/www.weitzer-parkett.com\/fr\/pourquoi-weitzer-parkett-2\/parquet-responsabilite-ecologique\/\",\"url\":\"https:\/\/www.weitzer-parkett.com\/fr\/pourquoi-weitzer-parkett-2\/parquet-responsabilite-ecologique\/\",\"name\":\"Responsabilit\u00e9 \u00e9cologique | Weitzer Parkett\",\"isPartOf\":{\"@id\":\"https:\/\/www.weitzer-parkett.com\/fr\/#website\"},\"datePublished\":\"2017-10-12T09:33:05+00:00\",\"dateModified\":\"2023-07-13T14:47:30+00:00\",\"description\":\"Les produits Weitzer Parkett ne pr\u00e9sentent aucun risque pour l\u2019homme. Vous am\u00e9liorez la qualit\u00e9 de vie et prot\u00e9gez l\u2019espace vital des g\u00e9n\u00e9rations actuelles et futures.\",\"breadcrumb\":{\"@id\":\"https:\/\/www.weitzer-parkett.com\/fr\/pourquoi-weitzer-parkett-2\/parquet-responsabilite-ecologique\/#breadcrumb\"},\"inLanguage\":\"fr-FR\",\"potentialAction\":[{\"@type\":\"ReadAction\",\"target\":[\"https:\/\/www.weitzer-parkett.com\/fr\/pourquoi-weitzer-parkett-2\/parquet-responsabilite-ecologique\/\"]}]},{\"@type\":\"BreadcrumbList\",\"@id\":\"https:\/\/www.weitzer-parkett.com\/fr\/pourquoi-weitzer-parkett-2\/parquet-responsabilite-ecologique\/#breadcrumb\",\"itemListElement\":[{\"@type\":\"ListItem\",\"position\":1,\"name\":\"Home\",\"item\":\"https:\/\/www.weitzer-parkett.com\/fr\/\"},{\"@type\":\"ListItem\",\"position\":2,\"name\":\"Pourquoi Weitzer Parkett\",\"item\":\"https:\/\/www.weitzer-parkett.com\/fr\/pourquoi-weitzer-parkett-2\/\"},{\"@type\":\"ListItem\",\"position\":3,\"name\":\"Responsabilit\u00e9 \u00e9cologique\"}]},{\"@type\":\"WebSite\",\"@id\":\"https:\/\/www.weitzer-parkett.com\/fr\/#website\",\"url\":\"https:\/\/www.weitzer-parkett.com\/fr\/\",\"name\":\"Weitzer Parkett\",\"description\":\"Intelligente Parkett- und Stiegenl\u00f6sungen\",\"publisher\":{\"@id\":\"https:\/\/www.weitzer-parkett.com\/fr\/#organization\"},\"potentialAction\":[{\"@type\":\"SearchAction\",\"target\":{\"@type\":\"EntryPoint\",\"urlTemplate\":\"https:\/\/www.weitzer-parkett.com\/fr\/?s={search_term_string}\"},\"query-input\":{\"@type\":\"PropertyValueSpecification\",\"valueRequired\":true,\"valueName\":\"search_term_string\"}}],\"inLanguage\":\"fr-FR\"},{\"@type\":\"Organization\",\"@id\":\"https:\/\/www.weitzer-parkett.com\/fr\/#organization\",\"name\":\"Weitzer Parkett\",\"url\":\"https:\/\/www.weitzer-parkett.com\/fr\/\",\"logo\":{\"@type\":\"ImageObject\",\"inLanguage\":\"fr-FR\",\"@id\":\"https:\/\/www.weitzer-parkett.com\/fr\/#\/schema\/logo\/image\/\",\"url\":\"https:\/\/www.weitzer-parkett.com\/wp-content\/uploads\/2018\/01\/weitzer-parkett-logo.png\",\"contentUrl\":\"https:\/\/www.weitzer-parkett.com\/wp-content\/uploads\/2018\/01\/weitzer-parkett-logo.png\",\"width\":253,\"height\":81,\"caption\":\"Weitzer Parkett\"},\"image\":{\"@id\":\"https:\/\/www.weitzer-parkett.com\/fr\/#\/schema\/logo\/image\/\"},\"sameAs\":[\"http:\/\/www.facebook.com\/weitzerparkett\",\"https:\/\/x.com\/weitzerparkett\",\"http:\/\/www.linkedin.com\/company\/weitzer-parkett\",\"https:\/\/www.pinterest.com\/weitzerparkett\/\",\"https:\/\/www.youtube.com\/user\/weitzerparkett\/\"]}]}<\/script>\n<!-- \/ Yoast SEO plugin. -->","yoast_head_json":{"title":"Responsabilit\u00e9 \u00e9cologique | Weitzer Parkett","description":"Les produits Weitzer Parkett ne pr\u00e9sentent aucun risque pour l\u2019homme. Vous am\u00e9liorez la qualit\u00e9 de vie et prot\u00e9gez l\u2019espace vital des g\u00e9n\u00e9rations actuelles et futures.","robots":{"index":"index","follow":"follow","max-snippet":"max-snippet:-1","max-image-preview":"max-image-preview:large","max-video-preview":"max-video-preview:-1"},"canonical":"https:\/\/www.weitzer-parkett.com\/fr\/pourquoi-weitzer-parkett-2\/parquet-responsabilite-ecologique\/","og_locale":"fr_FR","og_type":"article","og_title":"Responsabilit\u00e9 \u00e9cologique | Weitzer Parkett","og_description":"Les produits Weitzer Parkett ne pr\u00e9sentent aucun risque pour l\u2019homme. Vous am\u00e9liorez la qualit\u00e9 de vie et prot\u00e9gez l\u2019espace vital des g\u00e9n\u00e9rations actuelles et futures.","og_url":"https:\/\/www.weitzer-parkett.com\/fr\/pourquoi-weitzer-parkett-2\/parquet-responsabilite-ecologique\/","og_site_name":"Weitzer Parkett","article_publisher":"http:\/\/www.facebook.com\/weitzerparkett","article_modified_time":"2023-07-13T14:47:30+00:00","og_image":[{"width":1200,"height":450,"url":"https:\/\/www.weitzer-parkett.com\/wp-content\/uploads\/2017\/08\/Weiz-Header-1.jpg","type":"image\/jpeg"}],"twitter_card":"summary_large_image","twitter_site":"@weitzerparkett","schema":{"@context":"https:\/\/schema.org","@graph":[{"@type":"WebPage","@id":"https:\/\/www.weitzer-parkett.com\/fr\/pourquoi-weitzer-parkett-2\/parquet-responsabilite-ecologique\/","url":"https:\/\/www.weitzer-parkett.com\/fr\/pourquoi-weitzer-parkett-2\/parquet-responsabilite-ecologique\/","name":"Responsabilit\u00e9 \u00e9cologique | Weitzer Parkett","isPartOf":{"@id":"https:\/\/www.weitzer-parkett.com\/fr\/#website"},"datePublished":"2017-10-12T09:33:05+00:00","dateModified":"2023-07-13T14:47:30+00:00","description":"Les produits Weitzer Parkett ne pr\u00e9sentent aucun risque pour l\u2019homme. Vous am\u00e9liorez la qualit\u00e9 de vie et prot\u00e9gez l\u2019espace vital des g\u00e9n\u00e9rations actuelles et futures.","breadcrumb":{"@id":"https:\/\/www.weitzer-parkett.com\/fr\/pourquoi-weitzer-parkett-2\/parquet-responsabilite-ecologique\/#breadcrumb"},"inLanguage":"fr-FR","potentialAction":[{"@type":"ReadAction","target":["https:\/\/www.weitzer-parkett.com\/fr\/pourquoi-weitzer-parkett-2\/parquet-responsabilite-ecologique\/"]}]},{"@type":"BreadcrumbList","@id":"https:\/\/www.weitzer-parkett.com\/fr\/pourquoi-weitzer-parkett-2\/parquet-responsabilite-ecologique\/#breadcrumb","itemListElement":[{"@type":"ListItem","position":1,"name":"Home","item":"https:\/\/www.weitzer-parkett.com\/fr\/"},{"@type":"ListItem","position":2,"name":"Pourquoi Weitzer Parkett","item":"https:\/\/www.weitzer-parkett.com\/fr\/pourquoi-weitzer-parkett-2\/"},{"@type":"ListItem","position":3,"name":"Responsabilit\u00e9 \u00e9cologique"}]},{"@type":"WebSite","@id":"https:\/\/www.weitzer-parkett.com\/fr\/#website","url":"https:\/\/www.weitzer-parkett.com\/fr\/","name":"Weitzer Parkett","description":"Intelligente Parkett- und Stiegenl\u00f6sungen","publisher":{"@id":"https:\/\/www.weitzer-parkett.com\/fr\/#organization"},"potentialAction":[{"@type":"SearchAction","target":{"@type":"EntryPoint","urlTemplate":"https:\/\/www.weitzer-parkett.com\/fr\/?s={search_term_string}"},"query-input":{"@type":"PropertyValueSpecification","valueRequired":true,"valueName":"search_term_string"}}],"inLanguage":"fr-FR"},{"@type":"Organization","@id":"https:\/\/www.weitzer-parkett.com\/fr\/#organization","name":"Weitzer Parkett","url":"https:\/\/www.weitzer-parkett.com\/fr\/","logo":{"@type":"ImageObject","inLanguage":"fr-FR","@id":"https:\/\/www.weitzer-parkett.com\/fr\/#\/schema\/logo\/image\/","url":"https:\/\/www.weitzer-parkett.com\/wp-content\/uploads\/2018\/01\/weitzer-parkett-logo.png","contentUrl":"https:\/\/www.weitzer-parkett.com\/wp-content\/uploads\/2018\/01\/weitzer-parkett-logo.png","width":253,"height":81,"caption":"Weitzer Parkett"},"image":{"@id":"https:\/\/www.weitzer-parkett.com\/fr\/#\/schema\/logo\/image\/"},"sameAs":["http:\/\/www.facebook.com\/weitzerparkett","https:\/\/x.com\/weitzerparkett","http:\/\/www.linkedin.com\/company\/weitzer-parkett","https:\/\/www.pinterest.com\/weitzerparkett\/","https:\/\/www.youtube.com\/user\/weitzerparkett\/"]}]}},"_links":{"self":[{"href":"https:\/\/www.weitzer-parkett.com\/fr\/wp-json\/wp\/v2\/pages\/16890","targetHints":{"allow":["GET"]}}],"collection":[{"href":"https:\/\/www.weitzer-parkett.com\/fr\/wp-json\/wp\/v2\/pages"}],"about":[{"href":"https:\/\/www.weitzer-parkett.com\/fr\/wp-json\/wp\/v2\/types\/page"}],"author":[{"embeddable":true,"href":"https:\/\/www.weitzer-parkett.com\/fr\/wp-json\/wp\/v2\/users\/1"}],"replies":[{"embeddable":true,"href":"https:\/\/www.weitzer-parkett.com\/fr\/wp-json\/wp\/v2\/comments?post=16890"}],"version-history":[{"count":5,"href":"https:\/\/www.weitzer-parkett.com\/fr\/wp-json\/wp\/v2\/pages\/16890\/revisions"}],"predecessor-version":[{"id":55932,"href":"https:\/\/www.weitzer-parkett.com\/fr\/wp-json\/wp\/v2\/pages\/16890\/revisions\/55932"}],"up":[{"embeddable":true,"href":"https:\/\/www.weitzer-parkett.com\/fr\/wp-json\/wp\/v2\/pages\/16401"}],"wp:attachment":[{"href":"https:\/\/www.weitzer-parkett.com\/fr\/wp-json\/wp\/v2\/media?parent=16890"}],"curies":[{"name":"wp","href":"https:\/\/api.w.org\/{rel}","templated":true}]}}