{"id":16713,"date":"2017-11-07T14:44:08","date_gmt":"2017-11-07T13:44:08","guid":{"rendered":"https:\/\/www.weitzer-parkett.com\/warum-weitzer-parkett\/parquet-qualite\/soziale-verantwortung\/"},"modified":"2023-07-13T16:01:47","modified_gmt":"2023-07-13T14:01:47","slug":"responsabilite-sociale","status":"publish","type":"page","link":"https:\/\/www.weitzer-parkett.com\/fr\/carriere\/responsabilite-sociale\/","title":{"rendered":"Responsabilit\u00e9 sociale"},"content":{"rendered":"<div id=\"ep-block-page-header-block_46b6ac012eb35853df50fd8755e8bac0\" class=\"ep-block-page-header ep-block  chosen-bg-theme-beige type-3\">\n            <div class=\"show-frontend\">\n\n            \n                <div class=\"inner\">\n                    <div class=\"container mx-auto\">\n                        <div class=\"text-container\">\n\n                                                            <div class=\"breadcrumbs-wrapper\">\n                                    <span><span><a href=\"https:\/\/www.weitzer-parkett.com\/fr\/\">Home<\/a><\/span><\/span>\n                                <\/div>\n                            \n                                                            <h1>Notre responsabilit\u00e9 commerciale,<br \/>\r\n\u00e9cologique et sociale oriente nos valeurs<\/h1>\n                            \n                            \n                            \n                        <\/div>\n                    <\/div>\n                <\/div>\n\n                                                        <div class=\"image-wrapper\">\n                        \n                        \n                        \n                        \n                                                                                                        \n                                                                        \n                        <picture class=\"image\">\n                            <source srcset=\"https:\/\/www.weitzer-parkett.com\/wp-content\/uploads\/2022\/04\/soziale-verantwortung-urwald-header-960x530-c-center.jpg 1x\" media=\"(min-resolution: 120dpi)\"\/>\n                            <source srcset=\"https:\/\/www.weitzer-parkett.com\/wp-content\/uploads\/2022\/04\/soziale-verantwortung-urwald-header-960x530-c-center.jpg 1x\" media=\"(min-width: 1024px)\"\/>\n                            <source srcset=\"https:\/\/www.weitzer-parkett.com\/wp-content\/uploads\/2022\/04\/soziale-verantwortung-urwald-header-960x530-c-center.jpg 1x\" media=\"(min-width: 768px)\"\/>\n                            <source srcset=\"https:\/\/www.weitzer-parkett.com\/wp-content\/uploads\/2022\/04\/soziale-verantwortung-urwald-header-340x375-c-center.jpg 1x\" media=\"(max-width: 767px)\"\/>\n                            <img decoding=\"async\" src=\"https:\/\/www.weitzer-parkett.com\/wp-content\/uploads\/2022\/04\/soziale-verantwortung-urwald-header-340x375-c-center.jpg\" alt=\"\" title=\"soziale-verantwortung-urwald-header\"\/>\n                        <\/picture>\n                    <\/div>\n\n                                            <div class=\"white-space-wrapper\"><\/div>\n                                    \n                    <\/div>\n    <\/div>\n\n\n<div id=\"ep-block-wysiwyg-block_da52a20769668440102816430d953cf5\" class=\"ep-block-wysiwyg ep-block  chosen-\">\n                        <div class=\"show-frontend\">\n                <div class=\"inner\">\n                    <div class=\"holder\"><h2>Weitzer Parkett agit en respectant les \u00eatres humains et la nature<\/h2>\n<p>Nous sommes conscients de notre grande responsabilit\u00e9 et nous agissons en cons\u00e9quence. Nos priorit\u00e9s sont non seulement la <a href=\"https:\/\/www.weitzer-parkett.com\/fr\/pourquoi-weitzer-parkett\/parquet-responsabilite-ecologique\/\">pr\u00e9servation d\u2019un environnement<\/a> sain, mais \u00e9galement le maintien de nos emplois et la satisfaction de nos collaborateurs. Ensemble, nous relevons les d\u00e9fis de l\u2019avenir tout en partageant nos valeurs. Notre coop\u00e9ration se fonde sur une relation ax\u00e9e sur la performance, \u00e9quitable et juste. Se parler, s\u2019\u00e9couter mutuellement et apprendre les uns des autres constituent les fondements de notre comportement. Nous sommes fiers de notre origine, de nos racines styriennes et de notre responsabilit\u00e9 sociale. Pour montrer notre reconnaissance de jouir de ce privil\u00e8ge, nous formulons une promesse de qualit\u00e9 tr\u00e8s ambitieuse.<\/p>\n<\/div>\n                <\/div>\n            <\/div>\n            <\/div>\n\n<div id=\"ep-block-quote-block_b10a28917a9209295614269834f22b98\" class=\"ep-block-quote ep-block  chosen-\">\n            <div class=\"show-frontend\">\n            <div class=\"quote-wrapper\">\n                                    <div class=\"quote\">&ldquo;Nous savons que le d\u00e9veloppement durable implique des investissements non seulement dans notre environnement, mais \u00e9galement dans notre r\u00e9gion et nos collaborateurs.&rdquo;<\/div>\n                                            <\/div>\n        <\/div>\n    <\/div>\n\n<div id=\"ep-block-image-title-text-link-block_389f74e2b857c88e549f0a1a743f6a9a\" class=\"ep-block-image-title-text-link ep-block  chosen-\">\n            <div class=\"show-frontend\">\n            <div class=\"inner\">\n                <div class=\"holder\">\n                    <div class=\"text-wrapper\">\n                                                    <h2>Des emplois \u00e0 pourvoir depuis des d\u00e9cennies<\/h2>\n                        \n                                                    <div class=\"text\"><p>Weitzer Parkett rev\u00eat une grande importance pour la r\u00e9gion et la ville de Weiz. D\u2019une part, il s\u2019agit d\u2019une <a href=\"https:\/\/www.weitzer-parkett.com\/fr\/pourquoi-weitzer-parkett\/parquet-qualite\/famille-weitzer\/\">entreprise familiale<\/a> dont la cr\u00e9ation de valeur constitue un important facteur \u00e9conomique pour la r\u00e9gion et, d\u2019autre part, elle est parvenue \u00e0 cr\u00e9er et maintenir un grand nombre d\u2019emplois dans la r\u00e9gion au cours des d\u00e9cennies.<\/p>\n<\/div>\n                        \n                                            <\/div>\n                                            <div class=\"image-wrapper\">\n                                                                                    \n                                                                                                                <picture class=\"post-image\">\n                                <source srcset=\"https:\/\/www.weitzer-parkett.com\/wp-content\/uploads\/2022\/04\/soziale-verantwortung-mitarbeiter-sicherer-arbeitsplatz-582x388-c-center.jpg 1x\" media=\"(min-width: 1024px)\"\/>\n                                <source srcset=\"https:\/\/www.weitzer-parkett.com\/wp-content\/uploads\/2022\/04\/soziale-verantwortung-mitarbeiter-sicherer-arbeitsplatz-582x388-c-center.jpg 1x\" media=\"(min-width: 768px)\"\/>\n                                <source srcset=\"https:\/\/www.weitzer-parkett.com\/wp-content\/uploads\/2022\/04\/soziale-verantwortung-mitarbeiter-sicherer-arbeitsplatz-684x456-c-center.jpg 1x\" media=\"(max-width: 767px)\"\/>\n                                <img decoding=\"async\" src=\"https:\/\/www.weitzer-parkett.com\/wp-content\/uploads\/2022\/04\/soziale-verantwortung-mitarbeiter-sicherer-arbeitsplatz-684x456-c-center.jpg\" alt=\"\" title=\"soziale-verantwortung-mitarbeiter-sicherer-arbeitsplatz\"\/>\n                            <\/picture>\n                        <\/div>\n                                    <\/div>\n            <\/div>\n        <\/div>\n    <\/div>\n\n<div id=\"ep-block-wysiwyg-block_ec2a4c142dea10aca9779f8bc5afa32b\" class=\"ep-block-wysiwyg ep-block  chosen-\">\n                        <div class=\"show-frontend\">\n                <div class=\"inner\">\n                    <div class=\"holder\"><h3>Centrale \u00e9lectrique \u00e0 biomasse g\u00e9r\u00e9e en \u00e9troite coop\u00e9ration avec la r\u00e9gion<\/h3>\n<p>Fin 2005, une nouvelle centrale \u00e9lectrique \u00e0 biomasse a \u00e9t\u00e9 mise en service. Elle exploite de mani\u00e8re optimale les synergies combin\u00e9es d\u2019une entreprise travaillant le bois avec une centrale \u00e9lectrique et de la production d\u2019\u00e9lectricit\u00e9. Le combustible de biomasse issu de la <a href=\"https:\/\/www.weitzer-parkett.com\/fr\/pourquoi-weitzer-parkett\/fabrication\/\">production de parquet<\/a> est recycl\u00e9 pour produire de l\u2019\u00e9nergie et il r\u00e9chauffe toutes les unit\u00e9s de production et la chambre de s\u00e9chage de l\u2019entreprise ainsi que le nord de la ville de Weiz. L\u2019\u00e9lectricit\u00e9 obtenue alimente le r\u00e9seau public. Gr\u00e2ce \u00e0 la transformation de tous les sous-produits du bois en chauffage urbain et en \u00e9lectricit\u00e9 verte, Weitzer Parkett approvisionne en \u00e9nergies renouvelables non seulement son usine, mais \u00e9galement plus de la moiti\u00e9 de la ville de Weiz. La centrale \u00e9lectrique \u00e0 biomasse permet de chauffer et de fournir de l\u2019\u00e9lectricit\u00e9 verte \u00e0 plus de 1700 foyers. Cela correspond \u00e0 une \u00e9conomie de 7 millions de litres de mazout par an. Il y a ainsi une r\u00e9duction consid\u00e9rable des \u00e9missions polluantes pour la r\u00e9gion de Weiz, plus pr\u00e9cis\u00e9ment 18 700 tonnes de CO2 par an. Depuis 2012, une installation photovolta\u00efque et une petite centrale hydraulique fournissent de l\u2019\u00e9lectricit\u00e9 verte au r\u00e9seau public et approvisionnent ainsi 130 foyers.<\/p>\n<\/div>\n                <\/div>\n            <\/div>\n            <\/div>\n\n<div id=\"ep-block-quote-block_4569a6928a4458e92a893aa909b84cfe\" class=\"ep-block-quote ep-block  chosen-\">\n            <div class=\"show-frontend\">\n            <div class=\"quote-wrapper\">\n                                    <div class=\"quote\">&ldquo;L\u2019Europe est notre maison, l\u2019Autriche notre foyer et nous plongeons nos racines dans la terre de Styrie.&rdquo;<\/div>\n                                            <\/div>\n        <\/div>\n    <\/div>\n\n<div id=\"ep-block-spacer-block_6bcccdde18d24fffd4a46747beb736c5\" class=\"ep-block-spacer ep-block  chosen-\">\n            <div class=\"show-frontend\">\n                        <style>\n                #ep-spacer-TCBbg {\n                    height: 100px;\n                }\n                @media (max-width: 767px) {\n                    #ep-spacer-TCBbg {\n                        height: 40px;\n                    }\n                }\n                @media (min-width: 768px) and (max-width: 1023px) {\n                    #ep-spacer-TCBbg {\n                        height: 60px;\n                    }\n                }\n            <\/style>\n            <div id=\"ep-spacer-TCBbg\"><\/div>\n        <\/div>\n    <\/div>\n\n<div id=\"ep-block-image-title-text-link-block_3ded300165b3f579b2813a2246d39299\" class=\"ep-block-image-title-text-link ep-block  chosen-\">\n            <div class=\"show-frontend\">\n            <div class=\"inner\">\n                <div class=\"holder\">\n                    <div class=\"text-wrapper\">\n                                                    <h2>Nos valeurs vous ont convaincu(e)<\/h2>\n                        \n                                                    <div class=\"text\"><p>et vous recherchez maintenant un produit naturel original de Weitzer Parkett? Nos partenaires se feront un plaisir de vous conseiller!<\/p>\n<\/div>\n                        \n                                                    <div class=\"btn-wrapper\">\n                                <a href=\"https:\/\/www.weitzer-parkett.com\/fr\/showrooms\/\" target=\"\" class=\"btn ghost\">Visitez Showrooms<\/a>\n                            <\/div>\n                                            <\/div>\n                                            <div class=\"image-wrapper\">\n                                                                                    \n                                                                                                                <picture class=\"post-image\">\n                                <source srcset=\"https:\/\/www.weitzer-parkett.com\/wp-content\/uploads\/2022\/04\/ParkettWelten-06_LowRes-582x388-c-center.jpg 1x\" media=\"(min-width: 1024px)\"\/>\n                                <source srcset=\"https:\/\/www.weitzer-parkett.com\/wp-content\/uploads\/2022\/04\/ParkettWelten-06_LowRes-582x388-c-center.jpg 1x\" media=\"(min-width: 768px)\"\/>\n                                <source srcset=\"https:\/\/www.weitzer-parkett.com\/wp-content\/uploads\/2022\/04\/ParkettWelten-06_LowRes-684x456-c-center.jpg 1x\" media=\"(max-width: 767px)\"\/>\n                                <img decoding=\"async\" src=\"https:\/\/www.weitzer-parkett.com\/wp-content\/uploads\/2022\/04\/ParkettWelten-06_LowRes-684x456-c-center.jpg\" alt=\"\" title=\"ParkettWelten 06_LowRes\"\/>\n                            <\/picture>\n                        <\/div>\n                                    <\/div>\n            <\/div>\n        <\/div>\n    <\/div>","protected":false},"excerpt":{"rendered":"","protected":false},"author":1,"featured_media":0,"parent":68326,"menu_order":0,"comment_status":"closed","ping_status":"closed","template":"","meta":{"_acf_changed":false,"footnotes":""},"class_list":["post-16713","page","type-page","status-publish","hentry"],"acf":[],"yoast_head":"<!-- This site is optimized with the Yoast SEO plugin v27.1.1 - https:\/\/yoast.com\/product\/yoast-seo-wordpress\/ -->\n<title>Responsabilit\u00e9 sociale | Weitzer Parkett<\/title>\n<meta name=\"description\" content=\"Notre responsabilit\u00e9 commerciale, \u00e9cologique &amp; sociale oriente nos valeurs. Weitzer Parkett agit en respectant les \u00eatres humains et la nature.\" \/>\n<meta name=\"robots\" content=\"index, follow, max-snippet:-1, max-image-preview:large, max-video-preview:-1\" \/>\n<link rel=\"canonical\" href=\"https:\/\/www.weitzer-parkett.com\/fr\/carriere\/responsabilite-sociale\/\" \/>\n<meta property=\"og:locale\" content=\"fr_FR\" \/>\n<meta property=\"og:type\" content=\"article\" \/>\n<meta property=\"og:title\" content=\"Responsabilit\u00e9 sociale | Weitzer Parkett\" \/>\n<meta property=\"og:description\" content=\"Notre responsabilit\u00e9 commerciale, \u00e9cologique &amp; sociale oriente nos valeurs. Weitzer Parkett agit en respectant les \u00eatres humains et la nature.\" \/>\n<meta property=\"og:url\" content=\"https:\/\/www.weitzer-parkett.com\/fr\/carriere\/responsabilite-sociale\/\" \/>\n<meta property=\"og:site_name\" content=\"Weitzer Parkett\" \/>\n<meta property=\"article:publisher\" content=\"http:\/\/www.facebook.com\/weitzerparkett\" \/>\n<meta property=\"article:modified_time\" content=\"2023-07-13T14:01:47+00:00\" \/>\n<meta property=\"og:image\" content=\"https:\/\/www.weitzer-parkett.com\/wp-content\/uploads\/2017\/08\/Weiz-Header-1.jpg\" \/>\n\t<meta property=\"og:image:width\" content=\"1200\" \/>\n\t<meta property=\"og:image:height\" content=\"450\" \/>\n\t<meta property=\"og:image:type\" content=\"image\/jpeg\" \/>\n<meta name=\"twitter:card\" content=\"summary_large_image\" \/>\n<meta name=\"twitter:site\" content=\"@weitzerparkett\" \/>\n<script type=\"application\/ld+json\" class=\"yoast-schema-graph\">{\"@context\":\"https:\/\/schema.org\",\"@graph\":[{\"@type\":\"WebPage\",\"@id\":\"https:\/\/www.weitzer-parkett.com\/fr\/carriere\/responsabilite-sociale\/\",\"url\":\"https:\/\/www.weitzer-parkett.com\/fr\/carriere\/responsabilite-sociale\/\",\"name\":\"Responsabilit\u00e9 sociale | Weitzer Parkett\",\"isPartOf\":{\"@id\":\"https:\/\/www.weitzer-parkett.com\/fr\/#website\"},\"datePublished\":\"2017-11-07T13:44:08+00:00\",\"dateModified\":\"2023-07-13T14:01:47+00:00\",\"description\":\"Notre responsabilit\u00e9 commerciale, \u00e9cologique & sociale oriente nos valeurs. Weitzer Parkett agit en respectant les \u00eatres humains et la nature.\",\"breadcrumb\":{\"@id\":\"https:\/\/www.weitzer-parkett.com\/fr\/carriere\/responsabilite-sociale\/#breadcrumb\"},\"inLanguage\":\"fr-FR\",\"potentialAction\":[{\"@type\":\"ReadAction\",\"target\":[\"https:\/\/www.weitzer-parkett.com\/fr\/carriere\/responsabilite-sociale\/\"]}]},{\"@type\":\"BreadcrumbList\",\"@id\":\"https:\/\/www.weitzer-parkett.com\/fr\/carriere\/responsabilite-sociale\/#breadcrumb\",\"itemListElement\":[{\"@type\":\"ListItem\",\"position\":1,\"name\":\"Home\",\"item\":\"https:\/\/www.weitzer-parkett.com\/fr\/\"},{\"@type\":\"ListItem\",\"position\":2,\"name\":\"Pourquoi Weitzer Parkett\",\"item\":\"https:\/\/www.weitzer-parkett.com\/fr\/pourquoi-weitzer-parkett-2\/\"},{\"@type\":\"ListItem\",\"position\":3,\"name\":\"Responsabilit\u00e9 sociale\"}]},{\"@type\":\"WebSite\",\"@id\":\"https:\/\/www.weitzer-parkett.com\/fr\/#website\",\"url\":\"https:\/\/www.weitzer-parkett.com\/fr\/\",\"name\":\"Weitzer Parkett\",\"description\":\"Intelligente Parkett- und Stiegenl\u00f6sungen\",\"publisher\":{\"@id\":\"https:\/\/www.weitzer-parkett.com\/fr\/#organization\"},\"potentialAction\":[{\"@type\":\"SearchAction\",\"target\":{\"@type\":\"EntryPoint\",\"urlTemplate\":\"https:\/\/www.weitzer-parkett.com\/fr\/?s={search_term_string}\"},\"query-input\":{\"@type\":\"PropertyValueSpecification\",\"valueRequired\":true,\"valueName\":\"search_term_string\"}}],\"inLanguage\":\"fr-FR\"},{\"@type\":\"Organization\",\"@id\":\"https:\/\/www.weitzer-parkett.com\/fr\/#organization\",\"name\":\"Weitzer Parkett\",\"url\":\"https:\/\/www.weitzer-parkett.com\/fr\/\",\"logo\":{\"@type\":\"ImageObject\",\"inLanguage\":\"fr-FR\",\"@id\":\"https:\/\/www.weitzer-parkett.com\/fr\/#\/schema\/logo\/image\/\",\"url\":\"https:\/\/www.weitzer-parkett.com\/wp-content\/uploads\/2018\/01\/weitzer-parkett-logo.png\",\"contentUrl\":\"https:\/\/www.weitzer-parkett.com\/wp-content\/uploads\/2018\/01\/weitzer-parkett-logo.png\",\"width\":253,\"height\":81,\"caption\":\"Weitzer Parkett\"},\"image\":{\"@id\":\"https:\/\/www.weitzer-parkett.com\/fr\/#\/schema\/logo\/image\/\"},\"sameAs\":[\"http:\/\/www.facebook.com\/weitzerparkett\",\"https:\/\/x.com\/weitzerparkett\",\"http:\/\/www.linkedin.com\/company\/weitzer-parkett\",\"https:\/\/www.pinterest.com\/weitzerparkett\/\",\"https:\/\/www.youtube.com\/user\/weitzerparkett\/\"]}]}<\/script>\n<!-- \/ Yoast SEO plugin. -->","yoast_head_json":{"title":"Responsabilit\u00e9 sociale | Weitzer Parkett","description":"Notre responsabilit\u00e9 commerciale, \u00e9cologique & sociale oriente nos valeurs. Weitzer Parkett agit en respectant les \u00eatres humains et la nature.","robots":{"index":"index","follow":"follow","max-snippet":"max-snippet:-1","max-image-preview":"max-image-preview:large","max-video-preview":"max-video-preview:-1"},"canonical":"https:\/\/www.weitzer-parkett.com\/fr\/carriere\/responsabilite-sociale\/","og_locale":"fr_FR","og_type":"article","og_title":"Responsabilit\u00e9 sociale | Weitzer Parkett","og_description":"Notre responsabilit\u00e9 commerciale, \u00e9cologique & sociale oriente nos valeurs. Weitzer Parkett agit en respectant les \u00eatres humains et la nature.","og_url":"https:\/\/www.weitzer-parkett.com\/fr\/carriere\/responsabilite-sociale\/","og_site_name":"Weitzer Parkett","article_publisher":"http:\/\/www.facebook.com\/weitzerparkett","article_modified_time":"2023-07-13T14:01:47+00:00","og_image":[{"width":1200,"height":450,"url":"https:\/\/www.weitzer-parkett.com\/wp-content\/uploads\/2017\/08\/Weiz-Header-1.jpg","type":"image\/jpeg"}],"twitter_card":"summary_large_image","twitter_site":"@weitzerparkett","schema":{"@context":"https:\/\/schema.org","@graph":[{"@type":"WebPage","@id":"https:\/\/www.weitzer-parkett.com\/fr\/carriere\/responsabilite-sociale\/","url":"https:\/\/www.weitzer-parkett.com\/fr\/carriere\/responsabilite-sociale\/","name":"Responsabilit\u00e9 sociale | Weitzer Parkett","isPartOf":{"@id":"https:\/\/www.weitzer-parkett.com\/fr\/#website"},"datePublished":"2017-11-07T13:44:08+00:00","dateModified":"2023-07-13T14:01:47+00:00","description":"Notre responsabilit\u00e9 commerciale, \u00e9cologique & sociale oriente nos valeurs. Weitzer Parkett agit en respectant les \u00eatres humains et la nature.","breadcrumb":{"@id":"https:\/\/www.weitzer-parkett.com\/fr\/carriere\/responsabilite-sociale\/#breadcrumb"},"inLanguage":"fr-FR","potentialAction":[{"@type":"ReadAction","target":["https:\/\/www.weitzer-parkett.com\/fr\/carriere\/responsabilite-sociale\/"]}]},{"@type":"BreadcrumbList","@id":"https:\/\/www.weitzer-parkett.com\/fr\/carriere\/responsabilite-sociale\/#breadcrumb","itemListElement":[{"@type":"ListItem","position":1,"name":"Home","item":"https:\/\/www.weitzer-parkett.com\/fr\/"},{"@type":"ListItem","position":2,"name":"Pourquoi Weitzer Parkett","item":"https:\/\/www.weitzer-parkett.com\/fr\/pourquoi-weitzer-parkett-2\/"},{"@type":"ListItem","position":3,"name":"Responsabilit\u00e9 sociale"}]},{"@type":"WebSite","@id":"https:\/\/www.weitzer-parkett.com\/fr\/#website","url":"https:\/\/www.weitzer-parkett.com\/fr\/","name":"Weitzer Parkett","description":"Intelligente Parkett- und Stiegenl\u00f6sungen","publisher":{"@id":"https:\/\/www.weitzer-parkett.com\/fr\/#organization"},"potentialAction":[{"@type":"SearchAction","target":{"@type":"EntryPoint","urlTemplate":"https:\/\/www.weitzer-parkett.com\/fr\/?s={search_term_string}"},"query-input":{"@type":"PropertyValueSpecification","valueRequired":true,"valueName":"search_term_string"}}],"inLanguage":"fr-FR"},{"@type":"Organization","@id":"https:\/\/www.weitzer-parkett.com\/fr\/#organization","name":"Weitzer Parkett","url":"https:\/\/www.weitzer-parkett.com\/fr\/","logo":{"@type":"ImageObject","inLanguage":"fr-FR","@id":"https:\/\/www.weitzer-parkett.com\/fr\/#\/schema\/logo\/image\/","url":"https:\/\/www.weitzer-parkett.com\/wp-content\/uploads\/2018\/01\/weitzer-parkett-logo.png","contentUrl":"https:\/\/www.weitzer-parkett.com\/wp-content\/uploads\/2018\/01\/weitzer-parkett-logo.png","width":253,"height":81,"caption":"Weitzer Parkett"},"image":{"@id":"https:\/\/www.weitzer-parkett.com\/fr\/#\/schema\/logo\/image\/"},"sameAs":["http:\/\/www.facebook.com\/weitzerparkett","https:\/\/x.com\/weitzerparkett","http:\/\/www.linkedin.com\/company\/weitzer-parkett","https:\/\/www.pinterest.com\/weitzerparkett\/","https:\/\/www.youtube.com\/user\/weitzerparkett\/"]}]}},"_links":{"self":[{"href":"https:\/\/www.weitzer-parkett.com\/fr\/wp-json\/wp\/v2\/pages\/16713","targetHints":{"allow":["GET"]}}],"collection":[{"href":"https:\/\/www.weitzer-parkett.com\/fr\/wp-json\/wp\/v2\/pages"}],"about":[{"href":"https:\/\/www.weitzer-parkett.com\/fr\/wp-json\/wp\/v2\/types\/page"}],"author":[{"embeddable":true,"href":"https:\/\/www.weitzer-parkett.com\/fr\/wp-json\/wp\/v2\/users\/1"}],"replies":[{"embeddable":true,"href":"https:\/\/www.weitzer-parkett.com\/fr\/wp-json\/wp\/v2\/comments?post=16713"}],"version-history":[{"count":5,"href":"https:\/\/www.weitzer-parkett.com\/fr\/wp-json\/wp\/v2\/pages\/16713\/revisions"}],"predecessor-version":[{"id":55790,"href":"https:\/\/www.weitzer-parkett.com\/fr\/wp-json\/wp\/v2\/pages\/16713\/revisions\/55790"}],"up":[{"embeddable":true,"href":"https:\/\/www.weitzer-parkett.com\/fr\/wp-json\/wp\/v2\/pages\/68326"}],"wp:attachment":[{"href":"https:\/\/www.weitzer-parkett.com\/fr\/wp-json\/wp\/v2\/media?parent=16713"}],"curies":[{"name":"wp","href":"https:\/\/api.w.org\/{rel}","templated":true}]}}