{"id":16704,"date":"2017-11-07T14:37:00","date_gmt":"2017-11-07T13:37:00","guid":{"rendered":"https:\/\/www.weitzer-parkett.com\/warum-weitzer-parkett\/parquet-qualite\/familie-weitzer\/"},"modified":"2022-04-06T13:24:50","modified_gmt":"2022-04-06T11:24:50","slug":"famille-weitzer","status":"publish","type":"page","link":"https:\/\/www.weitzer-parkett.com\/fr\/pourquoi-weitzer-parkett-2\/famille-weitzer\/","title":{"rendered":"Famille Weitzer"},"content":{"rendered":"<div id=\"ep-block-page-header-block_624d739904839\" class=\"ep-block-page-header ep-block  chosen-bg-theme-beige type-2\">\n            <div class=\"show-frontend\">\n\n            \n                <div class=\"inner\">\n                    <div class=\"container mx-auto\">\n                        <div class=\"text-container\">\n\n                                                            <div class=\"breadcrumbs-wrapper\">\n                                    <span><span><a href=\"https:\/\/www.weitzer-parkett.com\/fr\/\">Home<\/a><\/span><\/span>\n                                <\/div>\n                            \n                                                            <h1>Weitzer Parkett<br \/>\r\nUne entreprise de la famille Weitzer<\/h1>\n                            \n                            \n                            \n                        <\/div>\n                    <\/div>\n                <\/div>\n\n                                                        <div class=\"image-wrapper\">\n                        \n                        \n                        \n                                                                                                        \n                        \n                                                                        \n                        <picture class=\"image\">\n                            <source srcset=\"https:\/\/www.weitzer-parkett.com\/wp-content\/uploads\/2022\/04\/familie-weitzer-familienunternehmen-910x666-c-center.jpg 1x\" media=\"(min-resolution: 120dpi)\"\/>\n                            <source srcset=\"https:\/\/www.weitzer-parkett.com\/wp-content\/uploads\/2022\/04\/familie-weitzer-familienunternehmen-910x666-c-center.jpg 1x\" media=\"(min-width: 1024px)\"\/>\n                            <source srcset=\"https:\/\/www.weitzer-parkett.com\/wp-content\/uploads\/2022\/04\/familie-weitzer-familienunternehmen-684x496-c-center.jpg 1x\" media=\"(min-width: 768px)\"\/>\n                            <source srcset=\"https:\/\/www.weitzer-parkett.com\/wp-content\/uploads\/2022\/04\/familie-weitzer-familienunternehmen-356x258-c-center.jpg 1x\" media=\"(max-width: 767px)\"\/>\n                            <img decoding=\"async\" src=\"https:\/\/www.weitzer-parkett.com\/wp-content\/uploads\/2022\/04\/familie-weitzer-familienunternehmen-356x258-c-center.jpg\" alt=\"\" title=\"familie-weitzer-familienunternehmen\"\/>\n                        <\/picture>\n                    <\/div>\n\n                                    \n                    <\/div>\n    <\/div>\n\n\n<div id=\"ep-block-wysiwyg-block_624d74680483a\" class=\"ep-block-wysiwyg ep-block  chosen-\">\n                        <div class=\"show-frontend\">\n                <div class=\"inner\">\n                    <div class=\"holder\"><h2>Notre arbre g\u00e9n\u00e9alogique a des racines solides<\/h2>\n<p>Tout a commenc\u00e9 en 1831 par un petit atelier de tournage sur bois et une scierie. Vue a\u00e9rienne du terrain de l\u2019entreprise avec l\u2019entrep\u00f4t franc o\u00f9 Weitzer Parkett stockait son bois, photo prise en 1959. L\u2019ann\u00e9e de sa cr\u00e9ation, l\u2019entreprise employait huit collaborateurs. Apr\u00e8s la Seconde Guerre mondiale, les fr\u00e8res Franz et Willibald Weitzer ont repris l\u2019entreprise que dirigeait leur p\u00e8re. L\u2019\u00e9pouse de Willibald Weitzer, Martha Weitzer, les a \u00e9galement assist\u00e9s dans leur travail.<\/p>\n<\/div>\n                <\/div>\n            <\/div>\n            <\/div>\n\n\n<div id=\"ep-block-diagonal-text-image-block_624d75080483d\" class=\"ep-block-diagonal-text-image ep-block  chosen-\">\n            <div class=\"show-frontend\">\n\n            <div class=\"holder\">\n\n                <div class=\"row-wrapper\">\n                                <div class=\"row-item row-1\">\n                                                                            \n                \n                \n                <div class=\"image \">\n                    <picture>\n                        <source srcset=\"https:\/\/www.weitzer-parkett.com\/wp-content\/uploads\/2022\/04\/gruender-weitzerparkett-familienbetrieb-794x446-c-center.jpg 1x\" media=\"(min-width: 1024px)\"\/>\n                        <source srcset=\"https:\/\/www.weitzer-parkett.com\/wp-content\/uploads\/2022\/04\/gruender-weitzerparkett-familienbetrieb-794x446-c-center.jpg 1x\" media=\"(min-width: 768px)\"\/>\n                        <source srcset=\"https:\/\/www.weitzer-parkett.com\/wp-content\/uploads\/2022\/04\/gruender-weitzerparkett-familienbetrieb-340x235-c-center.jpg 1x\" media=\"(max-width: 767px)\"\/>\n                        <img decoding=\"async\" src=\"https:\/\/www.weitzer-parkett.com\/wp-content\/uploads\/2022\/04\/gruender-weitzerparkett-familienbetrieb-340x235-c-center.jpg\" alt=\"\" title=\"gruender-weitzerparkett-familienbetrieb\"\/>\n                    <\/picture>\n                <\/div>\n                                        <div class=\"text\">\n                    <p>Suite \u00e0 l\u2019acquisition de machines dernier cri, le petit atelier de tournage sur bois employant 38 collaborateurs est devenu une soci\u00e9t\u00e9 de production de bobines de bois, export\u00e9es partout dans le monde dans le secteur du textile. En 1955, l\u2019entreprise de 50 collaborateurs s\u2019est tourn\u00e9e vers la <a href=\"https:\/\/www.weitzer-parkett.com\/fr\/pourquoi-weitzer-parkett\/fabrication\/\">production<\/a> de planchers en bois. Peu de temps apr\u00e8s, la clairvoyance des deux entrepreneurs les a pouss\u00e9s vers la fabrication de parquet.<\/p>\n\n                <\/div>\n                    <\/div>\n    \n                                <div class=\"row-item row-2\">\n                                                                            \n                \n                \n                <div class=\"image \">\n                    <picture>\n                        <source srcset=\"https:\/\/www.weitzer-parkett.com\/wp-content\/uploads\/2017\/12\/Portraits-Herr-Weitzer_Doppel-794x446-c-center.jpg 1x\" media=\"(min-width: 1024px)\"\/>\n                        <source srcset=\"https:\/\/www.weitzer-parkett.com\/wp-content\/uploads\/2017\/12\/Portraits-Herr-Weitzer_Doppel-794x446-c-center.jpg 1x\" media=\"(min-width: 768px)\"\/>\n                        <source srcset=\"https:\/\/www.weitzer-parkett.com\/wp-content\/uploads\/2017\/12\/Portraits-Herr-Weitzer_Doppel-340x235-c-center.jpg 1x\" media=\"(max-width: 767px)\"\/>\n                        <img decoding=\"async\" src=\"https:\/\/www.weitzer-parkett.com\/wp-content\/uploads\/2017\/12\/Portraits-Herr-Weitzer_Doppel-340x235-c-center.jpg\" alt=\"\" title=\"Portraits Herr Weitzer_Doppel\"\/>\n                    <\/picture>\n                <\/div>\n                                        <div class=\"text\">\n                    <h4>D\u2019hier \u00e0 aujourd\u2019hui \u2026<\/h4>\n<p>Depuis plus de 190 ans, le destin de notre famille est intimement li\u00e9 \u00e0 cet \u00e9l\u00e9ment naturel qu\u2019est le bois. Il faut dire que notre si\u00e8ge social de Weiz se trouve en <a href=\"https:\/\/www.google.at\/maps?q=Steiermark&amp;um=1&amp;ie=UTF-8&amp;sa=X&amp;ved=0ahUKEwi3-J_zl_PaAhWCPRQKHewqBsQQ_AUICygC\">Styrie<\/a>, une r\u00e9gion verdoyante qui est le plus bois\u00e9 des L\u00e4nder d\u2019Autriche.<\/p>\n\n                <\/div>\n                    <\/div>\n    \n                <\/div>\n\n                            <\/div>\n\n        <\/div>\n    <\/div>\n\n<div id=\"ep-block-wysiwyg-block_624d74c00483c\" class=\"ep-block-wysiwyg ep-block  chosen-\">\n                        <div class=\"show-frontend\">\n                <div class=\"inner\">\n                    <div class=\"holder\"><p>De m\u00eame que nos for\u00eats croissent en permanence, nous nous d\u00e9veloppons en continu. Gr\u00e2ce au remaniement de l\u2019entreprise familiale Weitzer Parkett en d\u00e9cembre 2016, \u00e0 la double direction op\u00e9rationnelle et \u00e0 la modernisation des unit\u00e9s de production, la soci\u00e9t\u00e9 investit clairement dans l\u2019avenir de son si\u00e8ge de Weiz. La famille propri\u00e9taire, \u00e0 savoir Wilfried Weitzer et ses filles Nicola Weitzer et Alexandra Decker-Weitzer, s\u2019engage personnellement \u00e0 d\u00e9velopper efficacement tous les sites du groupe. C\u2019est avec un grand discernement que ces derni\u00e8res poursuivent l\u2019\u0153uvre de la vie de leurs parents et grands-parents. La direction op\u00e9rationnelle est exerc\u00e9e par Josef Stoppacher pour les questions commerciales depuis f\u00e9vrier 2017 et par Martin F. Karner pour les questions techniques depuis le 1er septembre 2017.<\/p>\n<\/div>\n                <\/div>\n            <\/div>\n            <\/div>\n\n<div id=\"ep-block-gallery-block_624d74a10483b\" class=\"ep-block-gallery ep-block  chosen-\">\n                        <div class=\"show-frontend\">\n                <a href=\"#\" class=\"slick-prev-next slick-prev\">\n                    <svg id=\"f98cebba-e5ca-4a5b-a9d2-8a8f4b718c48\" data-name=\"Ebene 1\" xmlns=\"http:\/\/www.w3.org\/2000\/svg\" viewBox=\"0 0 66.5 66.5\">\n  <defs>\n    <style>\n      .ab78e223-9e67-4f7d-821d-36fa53b307a7 {\n        fill: #281212;\n      }\n    <\/style>\n  <\/defs>\n  <path class=\"ab78e223-9e67-4f7d-821d-36fa53b307a7\" d=\"M.25,33.5A33.25,33.25,0,1,1,33.5,66.75,33.29,33.29,0,0,1,.25,33.5Zm1.5,0A31.75,31.75,0,1,0,33.5,1.75,31.78,31.78,0,0,0,1.75,33.5Z\" transform=\"translate(-0.25 -0.25)\"\/>\n  <polygon class=\"ab78e223-9e67-4f7d-821d-36fa53b307a7\" points=\"38.81 50.27 39.88 49.23 24.14 33.1 39.88 16.97 38.81 15.92 22.05 33.1 38.81 50.27\"\/>\n<\/svg>\n                <\/a>\n\n                <div class=\"gallery-wrapper\">\n                    <div class=\"slider\">\n                                                    <div class=\"slide-item\">\n                                                                                                                                                                                                                                                        \n\n                                                                        \n                                                                                                                                                                                                                                                                            \n                                    <picture class=\"image is-square\">\n                                        <source srcset=\"https:\/\/www.weitzer-parkett.com\/wp-content\/uploads\/social-media\/insta-wp-alexandra-familie-weitzer-820x820-c-center.jpg 1x\" media=\"(min-width: 1024px)\"\/>\n                                        <source srcset=\"https:\/\/www.weitzer-parkett.com\/wp-content\/uploads\/social-media\/insta-wp-alexandra-familie-weitzer-820x820-c-center.jpg 1x\" media=\"(min-width: 768px)\"\/>\n                                        <source srcset=\"https:\/\/www.weitzer-parkett.com\/wp-content\/uploads\/social-media\/insta-wp-alexandra-familie-weitzer-430x430-c-center.jpg 1x\" media=\"(max-width: 767px)\"\/>\n                                        <img decoding=\"async\" src=\"https:\/\/www.weitzer-parkett.com\/wp-content\/uploads\/social-media\/insta-wp-alexandra-familie-weitzer-430x430-c-center.jpg\" class=\"no-lazy\" alt=\"\" title=\"insta-wp-alexandra-familie-weitzer\"\/>\n                                                                            <\/picture>\n                                                            <\/div>\n                                                    <div class=\"slide-item\">\n                                                                                                                                                                                                                                                        \n\n                                                                        \n                                                                                                                                                                                                                                                                            \n                                    <picture class=\"image is-square\">\n                                        <source srcset=\"https:\/\/www.weitzer-parkett.com\/wp-content\/uploads\/social-media\/insta-wp-nicola-familie-weitzer-820x820-c-center.jpg 1x\" media=\"(min-width: 1024px)\"\/>\n                                        <source srcset=\"https:\/\/www.weitzer-parkett.com\/wp-content\/uploads\/social-media\/insta-wp-nicola-familie-weitzer-820x820-c-center.jpg 1x\" media=\"(min-width: 768px)\"\/>\n                                        <source srcset=\"https:\/\/www.weitzer-parkett.com\/wp-content\/uploads\/social-media\/insta-wp-nicola-familie-weitzer-430x430-c-center.jpg 1x\" media=\"(max-width: 767px)\"\/>\n                                        <img decoding=\"async\" src=\"https:\/\/www.weitzer-parkett.com\/wp-content\/uploads\/social-media\/insta-wp-nicola-familie-weitzer-430x430-c-center.jpg\" class=\"no-lazy\" alt=\"\" title=\"insta-wp-nicola-familie-weitzer\"\/>\n                                                                            <\/picture>\n                                                            <\/div>\n                                                    <div class=\"slide-item\">\n                                                                                                                                                                                                                                                        \n\n                                                                        \n                                                                                                                                                                                                                                                                            \n                                    <picture class=\"image is-square\">\n                                        <source srcset=\"https:\/\/www.weitzer-parkett.com\/wp-content\/uploads\/social-media\/insta-wp-gruender-familie-weitzer-820x820-c-center.jpg 1x\" media=\"(min-width: 1024px)\"\/>\n                                        <source srcset=\"https:\/\/www.weitzer-parkett.com\/wp-content\/uploads\/social-media\/insta-wp-gruender-familie-weitzer-820x820-c-center.jpg 1x\" media=\"(min-width: 768px)\"\/>\n                                        <source srcset=\"https:\/\/www.weitzer-parkett.com\/wp-content\/uploads\/social-media\/insta-wp-gruender-familie-weitzer-430x430-c-center.jpg 1x\" media=\"(max-width: 767px)\"\/>\n                                        <img decoding=\"async\" src=\"https:\/\/www.weitzer-parkett.com\/wp-content\/uploads\/social-media\/insta-wp-gruender-familie-weitzer-430x430-c-center.jpg\" class=\"no-lazy\" alt=\"\" title=\"insta-wp-gruender-familie-weitzer\"\/>\n                                                                            <\/picture>\n                                                            <\/div>\n                                            <\/div>\n                <\/div>\n\n                <a href=\"#\" class=\"slick-prev-next slick-next\">\n                    <svg id=\"ff25ce8b-1672-443b-9964-b93df5f1a4ba\" data-name=\"Ebene 1\" xmlns=\"http:\/\/www.w3.org\/2000\/svg\" viewBox=\"0 0 66.5 66.5\">\n  <defs>\n    <style>\n      .eecbd091-678c-45b8-a12a-4b24f9fcaf43 {\n        fill: #281212;\n      }\n    <\/style>\n  <\/defs>\n  <path class=\"eecbd091-678c-45b8-a12a-4b24f9fcaf43\" d=\"M33.5,66.75A33.25,33.25,0,1,1,66.75,33.5,33.29,33.29,0,0,1,33.5,66.75Zm0-65A31.75,31.75,0,1,0,65.25,33.5,31.78,31.78,0,0,0,33.5,1.75Z\" transform=\"translate(-0.25 -0.25)\"\/>\n  <polygon class=\"eecbd091-678c-45b8-a12a-4b24f9fcaf43\" points=\"27.69 50.27 26.62 49.23 42.36 33.1 26.62 16.97 27.69 15.92 44.45 33.1 27.69 50.27\"\/>\n<\/svg>\n                <\/a>\n            <\/div>\n            <\/div>","protected":false},"excerpt":{"rendered":"","protected":false},"author":1,"featured_media":0,"parent":16401,"menu_order":0,"comment_status":"closed","ping_status":"closed","template":"","meta":{"_acf_changed":false,"footnotes":""},"class_list":["post-16704","page","type-page","status-publish","hentry"],"acf":[],"yoast_head":"<!-- This site is optimized with the Yoast SEO plugin v27.1.1 - https:\/\/yoast.com\/product\/yoast-seo-wordpress\/ -->\n<title>Une entreprise de la famille Weitzer | Weitzer Parkett<\/title>\n<meta name=\"description\" content=\"Depuis plus de 190 ans, le destin de notre famille est intimement li\u00e9 \u00e0 cet \u00e9l\u00e9ment naturel qu\u2019est le bois.\" \/>\n<meta name=\"robots\" content=\"index, follow, max-snippet:-1, max-image-preview:large, max-video-preview:-1\" \/>\n<link rel=\"canonical\" href=\"https:\/\/www.weitzer-parkett.com\/fr\/pourquoi-weitzer-parkett-2\/famille-weitzer\/\" \/>\n<meta property=\"og:locale\" content=\"fr_FR\" \/>\n<meta property=\"og:type\" content=\"article\" \/>\n<meta property=\"og:title\" content=\"Une entreprise de la famille Weitzer | Weitzer Parkett\" \/>\n<meta property=\"og:description\" content=\"Depuis plus de 190 ans, le destin de notre famille est intimement li\u00e9 \u00e0 cet \u00e9l\u00e9ment naturel qu\u2019est le bois.\" \/>\n<meta property=\"og:url\" content=\"https:\/\/www.weitzer-parkett.com\/fr\/pourquoi-weitzer-parkett-2\/famille-weitzer\/\" \/>\n<meta property=\"og:site_name\" content=\"Weitzer Parkett\" \/>\n<meta property=\"article:publisher\" content=\"http:\/\/www.facebook.com\/weitzerparkett\" \/>\n<meta property=\"article:modified_time\" content=\"2022-04-06T11:24:50+00:00\" \/>\n<meta property=\"og:image\" content=\"https:\/\/www.weitzer-parkett.com\/wp-content\/uploads\/2017\/08\/Weiz-Header-1.jpg\" \/>\n\t<meta property=\"og:image:width\" content=\"1200\" \/>\n\t<meta property=\"og:image:height\" content=\"450\" \/>\n\t<meta property=\"og:image:type\" content=\"image\/jpeg\" \/>\n<meta name=\"twitter:card\" content=\"summary_large_image\" \/>\n<meta name=\"twitter:site\" content=\"@weitzerparkett\" \/>\n<script type=\"application\/ld+json\" class=\"yoast-schema-graph\">{\"@context\":\"https:\/\/schema.org\",\"@graph\":[{\"@type\":\"WebPage\",\"@id\":\"https:\/\/www.weitzer-parkett.com\/fr\/pourquoi-weitzer-parkett-2\/famille-weitzer\/\",\"url\":\"https:\/\/www.weitzer-parkett.com\/fr\/pourquoi-weitzer-parkett-2\/famille-weitzer\/\",\"name\":\"Une entreprise de la famille Weitzer | Weitzer Parkett\",\"isPartOf\":{\"@id\":\"https:\/\/www.weitzer-parkett.com\/fr\/#website\"},\"datePublished\":\"2017-11-07T13:37:00+00:00\",\"dateModified\":\"2022-04-06T11:24:50+00:00\",\"description\":\"Depuis plus de 190 ans, le destin de notre famille est intimement li\u00e9 \u00e0 cet \u00e9l\u00e9ment naturel qu\u2019est le bois.\",\"breadcrumb\":{\"@id\":\"https:\/\/www.weitzer-parkett.com\/fr\/pourquoi-weitzer-parkett-2\/famille-weitzer\/#breadcrumb\"},\"inLanguage\":\"fr-FR\",\"potentialAction\":[{\"@type\":\"ReadAction\",\"target\":[\"https:\/\/www.weitzer-parkett.com\/fr\/pourquoi-weitzer-parkett-2\/famille-weitzer\/\"]}]},{\"@type\":\"BreadcrumbList\",\"@id\":\"https:\/\/www.weitzer-parkett.com\/fr\/pourquoi-weitzer-parkett-2\/famille-weitzer\/#breadcrumb\",\"itemListElement\":[{\"@type\":\"ListItem\",\"position\":1,\"name\":\"Home\",\"item\":\"https:\/\/www.weitzer-parkett.com\/fr\/\"},{\"@type\":\"ListItem\",\"position\":2,\"name\":\"Pourquoi Weitzer Parkett\",\"item\":\"https:\/\/www.weitzer-parkett.com\/fr\/pourquoi-weitzer-parkett-2\/\"},{\"@type\":\"ListItem\",\"position\":3,\"name\":\"Famille Weitzer\"}]},{\"@type\":\"WebSite\",\"@id\":\"https:\/\/www.weitzer-parkett.com\/fr\/#website\",\"url\":\"https:\/\/www.weitzer-parkett.com\/fr\/\",\"name\":\"Weitzer Parkett\",\"description\":\"Intelligente Parkett- und Stiegenl\u00f6sungen\",\"publisher\":{\"@id\":\"https:\/\/www.weitzer-parkett.com\/fr\/#organization\"},\"potentialAction\":[{\"@type\":\"SearchAction\",\"target\":{\"@type\":\"EntryPoint\",\"urlTemplate\":\"https:\/\/www.weitzer-parkett.com\/fr\/?s={search_term_string}\"},\"query-input\":{\"@type\":\"PropertyValueSpecification\",\"valueRequired\":true,\"valueName\":\"search_term_string\"}}],\"inLanguage\":\"fr-FR\"},{\"@type\":\"Organization\",\"@id\":\"https:\/\/www.weitzer-parkett.com\/fr\/#organization\",\"name\":\"Weitzer Parkett\",\"url\":\"https:\/\/www.weitzer-parkett.com\/fr\/\",\"logo\":{\"@type\":\"ImageObject\",\"inLanguage\":\"fr-FR\",\"@id\":\"https:\/\/www.weitzer-parkett.com\/fr\/#\/schema\/logo\/image\/\",\"url\":\"https:\/\/www.weitzer-parkett.com\/wp-content\/uploads\/2018\/01\/weitzer-parkett-logo.png\",\"contentUrl\":\"https:\/\/www.weitzer-parkett.com\/wp-content\/uploads\/2018\/01\/weitzer-parkett-logo.png\",\"width\":253,\"height\":81,\"caption\":\"Weitzer Parkett\"},\"image\":{\"@id\":\"https:\/\/www.weitzer-parkett.com\/fr\/#\/schema\/logo\/image\/\"},\"sameAs\":[\"http:\/\/www.facebook.com\/weitzerparkett\",\"https:\/\/x.com\/weitzerparkett\",\"http:\/\/www.linkedin.com\/company\/weitzer-parkett\",\"https:\/\/www.pinterest.com\/weitzerparkett\/\",\"https:\/\/www.youtube.com\/user\/weitzerparkett\/\"]}]}<\/script>\n<!-- \/ Yoast SEO plugin. -->","yoast_head_json":{"title":"Une entreprise de la famille Weitzer | Weitzer Parkett","description":"Depuis plus de 190 ans, le destin de notre famille est intimement li\u00e9 \u00e0 cet \u00e9l\u00e9ment naturel qu\u2019est le bois.","robots":{"index":"index","follow":"follow","max-snippet":"max-snippet:-1","max-image-preview":"max-image-preview:large","max-video-preview":"max-video-preview:-1"},"canonical":"https:\/\/www.weitzer-parkett.com\/fr\/pourquoi-weitzer-parkett-2\/famille-weitzer\/","og_locale":"fr_FR","og_type":"article","og_title":"Une entreprise de la famille Weitzer | Weitzer Parkett","og_description":"Depuis plus de 190 ans, le destin de notre famille est intimement li\u00e9 \u00e0 cet \u00e9l\u00e9ment naturel qu\u2019est le bois.","og_url":"https:\/\/www.weitzer-parkett.com\/fr\/pourquoi-weitzer-parkett-2\/famille-weitzer\/","og_site_name":"Weitzer Parkett","article_publisher":"http:\/\/www.facebook.com\/weitzerparkett","article_modified_time":"2022-04-06T11:24:50+00:00","og_image":[{"width":1200,"height":450,"url":"https:\/\/www.weitzer-parkett.com\/wp-content\/uploads\/2017\/08\/Weiz-Header-1.jpg","type":"image\/jpeg"}],"twitter_card":"summary_large_image","twitter_site":"@weitzerparkett","schema":{"@context":"https:\/\/schema.org","@graph":[{"@type":"WebPage","@id":"https:\/\/www.weitzer-parkett.com\/fr\/pourquoi-weitzer-parkett-2\/famille-weitzer\/","url":"https:\/\/www.weitzer-parkett.com\/fr\/pourquoi-weitzer-parkett-2\/famille-weitzer\/","name":"Une entreprise de la famille Weitzer | Weitzer Parkett","isPartOf":{"@id":"https:\/\/www.weitzer-parkett.com\/fr\/#website"},"datePublished":"2017-11-07T13:37:00+00:00","dateModified":"2022-04-06T11:24:50+00:00","description":"Depuis plus de 190 ans, le destin de notre famille est intimement li\u00e9 \u00e0 cet \u00e9l\u00e9ment naturel qu\u2019est le bois.","breadcrumb":{"@id":"https:\/\/www.weitzer-parkett.com\/fr\/pourquoi-weitzer-parkett-2\/famille-weitzer\/#breadcrumb"},"inLanguage":"fr-FR","potentialAction":[{"@type":"ReadAction","target":["https:\/\/www.weitzer-parkett.com\/fr\/pourquoi-weitzer-parkett-2\/famille-weitzer\/"]}]},{"@type":"BreadcrumbList","@id":"https:\/\/www.weitzer-parkett.com\/fr\/pourquoi-weitzer-parkett-2\/famille-weitzer\/#breadcrumb","itemListElement":[{"@type":"ListItem","position":1,"name":"Home","item":"https:\/\/www.weitzer-parkett.com\/fr\/"},{"@type":"ListItem","position":2,"name":"Pourquoi Weitzer Parkett","item":"https:\/\/www.weitzer-parkett.com\/fr\/pourquoi-weitzer-parkett-2\/"},{"@type":"ListItem","position":3,"name":"Famille Weitzer"}]},{"@type":"WebSite","@id":"https:\/\/www.weitzer-parkett.com\/fr\/#website","url":"https:\/\/www.weitzer-parkett.com\/fr\/","name":"Weitzer Parkett","description":"Intelligente Parkett- und Stiegenl\u00f6sungen","publisher":{"@id":"https:\/\/www.weitzer-parkett.com\/fr\/#organization"},"potentialAction":[{"@type":"SearchAction","target":{"@type":"EntryPoint","urlTemplate":"https:\/\/www.weitzer-parkett.com\/fr\/?s={search_term_string}"},"query-input":{"@type":"PropertyValueSpecification","valueRequired":true,"valueName":"search_term_string"}}],"inLanguage":"fr-FR"},{"@type":"Organization","@id":"https:\/\/www.weitzer-parkett.com\/fr\/#organization","name":"Weitzer Parkett","url":"https:\/\/www.weitzer-parkett.com\/fr\/","logo":{"@type":"ImageObject","inLanguage":"fr-FR","@id":"https:\/\/www.weitzer-parkett.com\/fr\/#\/schema\/logo\/image\/","url":"https:\/\/www.weitzer-parkett.com\/wp-content\/uploads\/2018\/01\/weitzer-parkett-logo.png","contentUrl":"https:\/\/www.weitzer-parkett.com\/wp-content\/uploads\/2018\/01\/weitzer-parkett-logo.png","width":253,"height":81,"caption":"Weitzer Parkett"},"image":{"@id":"https:\/\/www.weitzer-parkett.com\/fr\/#\/schema\/logo\/image\/"},"sameAs":["http:\/\/www.facebook.com\/weitzerparkett","https:\/\/x.com\/weitzerparkett","http:\/\/www.linkedin.com\/company\/weitzer-parkett","https:\/\/www.pinterest.com\/weitzerparkett\/","https:\/\/www.youtube.com\/user\/weitzerparkett\/"]}]}},"_links":{"self":[{"href":"https:\/\/www.weitzer-parkett.com\/fr\/wp-json\/wp\/v2\/pages\/16704","targetHints":{"allow":["GET"]}}],"collection":[{"href":"https:\/\/www.weitzer-parkett.com\/fr\/wp-json\/wp\/v2\/pages"}],"about":[{"href":"https:\/\/www.weitzer-parkett.com\/fr\/wp-json\/wp\/v2\/types\/page"}],"author":[{"embeddable":true,"href":"https:\/\/www.weitzer-parkett.com\/fr\/wp-json\/wp\/v2\/users\/1"}],"replies":[{"embeddable":true,"href":"https:\/\/www.weitzer-parkett.com\/fr\/wp-json\/wp\/v2\/comments?post=16704"}],"version-history":[{"count":4,"href":"https:\/\/www.weitzer-parkett.com\/fr\/wp-json\/wp\/v2\/pages\/16704\/revisions"}],"predecessor-version":[{"id":43261,"href":"https:\/\/www.weitzer-parkett.com\/fr\/wp-json\/wp\/v2\/pages\/16704\/revisions\/43261"}],"up":[{"embeddable":true,"href":"https:\/\/www.weitzer-parkett.com\/fr\/wp-json\/wp\/v2\/pages\/16401"}],"wp:attachment":[{"href":"https:\/\/www.weitzer-parkett.com\/fr\/wp-json\/wp\/v2\/media?parent=16704"}],"curies":[{"name":"wp","href":"https:\/\/api.w.org\/{rel}","templated":true}]}}