{"id":16700,"date":"2017-11-02T17:19:34","date_gmt":"2017-11-02T16:19:34","guid":{"rendered":"https:\/\/www.weitzer-parkett.com\/warum-weitzer-parkett\/parquet-qualite\/geschichte\/"},"modified":"2022-04-26T09:34:38","modified_gmt":"2022-04-26T07:34:38","slug":"histoire-de-l-entreprise","status":"publish","type":"page","link":"https:\/\/www.weitzer-parkett.com\/fr\/pourquoi-weitzer-parkett-2\/histoire-de-l-entreprise\/","title":{"rendered":"Histoire de l\u2019entreprise"},"content":{"rendered":"<div id=\"ep-block-page-header-block_624ea7f3340f4\" class=\"ep-block-page-header ep-block  chosen-bg-theme-beige type-3\">\n            <div class=\"show-frontend\">\n\n            \n                <div class=\"inner\">\n                    <div class=\"container mx-auto\">\n                        <div class=\"text-container\">\n\n                                                            <div class=\"breadcrumbs-wrapper\">\n                                    <span><span><a href=\"https:\/\/www.weitzer-parkett.com\/fr\/\">Home<\/a><\/span><\/span>\n                                <\/div>\n                            \n                                                            <h1>Weitzer Parkett: Une entreprise<br \/>\r\nfond\u00e9e il y a sept g\u00e9n\u00e9rations<\/h1>\n                            \n                            \n                            \n                        <\/div>\n                    <\/div>\n                <\/div>\n\n                                                        <div class=\"image-wrapper\">\n                        \n                        \n                        \n                        \n                                                                                                        \n                                                                        \n                        <picture class=\"image\">\n                            <source srcset=\"https:\/\/www.weitzer-parkett.com\/wp-content\/uploads\/2022\/04\/unternehmensgeschichte-weitzerparkett-header-960x530-c-center.jpg 1x\" media=\"(min-resolution: 120dpi)\"\/>\n                            <source srcset=\"https:\/\/www.weitzer-parkett.com\/wp-content\/uploads\/2022\/04\/unternehmensgeschichte-weitzerparkett-header-960x530-c-center.jpg 1x\" media=\"(min-width: 1024px)\"\/>\n                            <source srcset=\"https:\/\/www.weitzer-parkett.com\/wp-content\/uploads\/2022\/04\/unternehmensgeschichte-weitzerparkett-header-960x530-c-center.jpg 1x\" media=\"(min-width: 768px)\"\/>\n                            <source srcset=\"https:\/\/www.weitzer-parkett.com\/wp-content\/uploads\/2022\/04\/unternehmensgeschichte-weitzerparkett-header-340x375-c-center.jpg 1x\" media=\"(max-width: 767px)\"\/>\n                            <img decoding=\"async\" src=\"https:\/\/www.weitzer-parkett.com\/wp-content\/uploads\/2022\/04\/unternehmensgeschichte-weitzerparkett-header-340x375-c-center.jpg\" alt=\"\" title=\"unternehmensgeschichte-weitzerparkett-header\"\/>\n                        <\/picture>\n                    <\/div>\n\n                                            <div class=\"white-space-wrapper\"><\/div>\n                                    \n                    <\/div>\n    <\/div>\n\n\n<div id=\"ep-block-wysiwyg-block_624ea8f1340f5\" class=\"ep-block-wysiwyg ep-block  chosen-\">\n                        <div class=\"show-frontend\">\n                <div class=\"inner\">\n                    <div class=\"holder\"><h2>Un artisanat de pr\u00e9cision m\u00fb par la passion<\/h2>\n<p>L\u2019histoire de notre entreprise familiale commence en 1831 par la cr\u00e9ation d\u2019une scierie et d\u2019un atelier de tournage sur bois \u00e0 Weiz. Weitzer Parkett a r\u00e9alis\u00e9 ses premi\u00e8res exportations d\u00e8s le XIXe si\u00e8cle, en Hongrie. Le passage de la fabrication de bobines en bois \u00e0 la production de parquet, au milieu des ann\u00e9es 1950, a \u00e9t\u00e9 un tournant d\u00e9cisif dans le parcours de notre entreprise implant\u00e9e en Styrie. Nous lan\u00e7ons la production de parquet en 1955. Nous avons alors un atout dans notre manche : nous savons \u00e0 quel point le s\u00e9chage pr\u00e9cis et la sensibilit\u00e9 particuli\u00e8re du bois, \u00e9l\u00e9ment naturel s\u2019il en est, sont importants. Chaque morceau de bois est unique. Une autre \u00e9tape de notre d\u00e9veloppement est franchie en 1985, lorsque nous p\u00e9n\u00e9trons le march\u00e9 des escaliers. Depuis la mise en place d\u2019une production de parquet triple couche, Weitzer Parkett confectionne son parquet de A \u00e0 Z. En mai 2007, Weitzer Parkett est \u00e9lue \u00ab meilleure entreprise familiale \u00bb de l\u2019ann\u00e9e et devance ainsi environ 240 000 entreprises familiales autrichiennes. Nicola Weitzer, Alexandra Decker-Weitzer et Wilfried Weitzer ont aujourd\u2019hui repris les r\u00eanes de cette entreprise traditionnelle qui conna\u00eet le succ\u00e8s depuis <a href=\"https:\/\/www.weitzer-parkett.com\/fr\/pourquoi-weitzer-parkett\/parquet-qualite\/famille-weitzer\/\">sept g\u00e9n\u00e9rations<\/a>.<\/p>\n<\/div>\n                <\/div>\n            <\/div>\n            <\/div>\n\n<div id=\"ep-block-gallery-block_624eb1c5c0697\" class=\"ep-block-gallery ep-block  chosen-\">\n                        <div class=\"show-frontend\">\n                <a href=\"#\" class=\"slick-prev-next slick-prev\">\n                    <svg id=\"f98cebba-e5ca-4a5b-a9d2-8a8f4b718c48\" data-name=\"Ebene 1\" xmlns=\"http:\/\/www.w3.org\/2000\/svg\" viewBox=\"0 0 66.5 66.5\">\n  <defs>\n    <style>\n      .ab78e223-9e67-4f7d-821d-36fa53b307a7 {\n        fill: #281212;\n      }\n    <\/style>\n  <\/defs>\n  <path class=\"ab78e223-9e67-4f7d-821d-36fa53b307a7\" d=\"M.25,33.5A33.25,33.25,0,1,1,33.5,66.75,33.29,33.29,0,0,1,.25,33.5Zm1.5,0A31.75,31.75,0,1,0,33.5,1.75,31.78,31.78,0,0,0,1.75,33.5Z\" transform=\"translate(-0.25 -0.25)\"\/>\n  <polygon class=\"ab78e223-9e67-4f7d-821d-36fa53b307a7\" points=\"38.81 50.27 39.88 49.23 24.14 33.1 39.88 16.97 38.81 15.92 22.05 33.1 38.81 50.27\"\/>\n<\/svg>\n                <\/a>\n\n                <div class=\"gallery-wrapper\">\n                    <div class=\"slider\">\n                                                    <div class=\"slide-item\">\n                                                                                                                                                                                                                                                        \n\n                                                                        \n                                                                        \n                                    <picture class=\"image is-landscape\">\n                                        <source srcset=\"https:\/\/www.weitzer-parkett.com\/wp-content\/uploads\/2022\/04\/unternehmensgeschichte-weitzerparkett-2018-820x540-c-center.jpg 1x\" media=\"(min-width: 1024px)\"\/>\n                                        <source srcset=\"https:\/\/www.weitzer-parkett.com\/wp-content\/uploads\/2022\/04\/unternehmensgeschichte-weitzerparkett-2018-820x540-c-center.jpg 1x\" media=\"(min-width: 768px)\"\/>\n                                        <source srcset=\"https:\/\/www.weitzer-parkett.com\/wp-content\/uploads\/2022\/04\/unternehmensgeschichte-weitzerparkett-2018-430x288-c-center.jpg 1x\" media=\"(max-width: 767px)\"\/>\n                                        <img decoding=\"async\" src=\"https:\/\/www.weitzer-parkett.com\/wp-content\/uploads\/2022\/04\/unternehmensgeschichte-weitzerparkett-2018-430x288-c-center.jpg\" class=\"no-lazy\" alt=\"\" title=\"unternehmensgeschichte-weitzerparkett-2018\"\/>\n                                                                            <\/picture>\n                                                            <\/div>\n                                            <\/div>\n                <\/div>\n\n                <a href=\"#\" class=\"slick-prev-next slick-next\">\n                    <svg id=\"ff25ce8b-1672-443b-9964-b93df5f1a4ba\" data-name=\"Ebene 1\" xmlns=\"http:\/\/www.w3.org\/2000\/svg\" viewBox=\"0 0 66.5 66.5\">\n  <defs>\n    <style>\n      .eecbd091-678c-45b8-a12a-4b24f9fcaf43 {\n        fill: #281212;\n      }\n    <\/style>\n  <\/defs>\n  <path class=\"eecbd091-678c-45b8-a12a-4b24f9fcaf43\" d=\"M33.5,66.75A33.25,33.25,0,1,1,66.75,33.5,33.29,33.29,0,0,1,33.5,66.75Zm0-65A31.75,31.75,0,1,0,65.25,33.5,31.78,31.78,0,0,0,33.5,1.75Z\" transform=\"translate(-0.25 -0.25)\"\/>\n  <polygon class=\"eecbd091-678c-45b8-a12a-4b24f9fcaf43\" points=\"27.69 50.27 26.62 49.23 42.36 33.1 26.62 16.97 27.69 15.92 44.45 33.1 27.69 50.27\"\/>\n<\/svg>\n                <\/a>\n            <\/div>\n            <\/div>\n\n<div id=\"ep-block-wysiwyg-block_624ea95d340f7\" class=\"ep-block-wysiwyg ep-block  chosen-\">\n                        <div class=\"show-frontend\">\n                <div class=\"inner\">\n                    <div class=\"holder\"><h3>Une v\u00e9ritable prouesse<\/h3>\n<p>Depuis des d\u00e9cennies, Weitzer Parkett parvient \u00e0 imposer ses propres normes de qualit\u00e9, exhaustives et durables, tant \u00e0 petite qu\u2019\u00e0 grand \u00e9chelle. Notre entreprise familiale, dont la croissance s\u2019est faite en douceur, a su effectuer sa mutation de petite entreprise \u00e0 soci\u00e9t\u00e9 d\u2019envergure <a href=\"https:\/\/www.weitzer-parkett.com\/fr\/pourquoi-weitzer-parkett\/parquet-qualite\/marches-internationaux-et-exportations\/\">internationale<\/a> sans perdre en qualit\u00e9. Avec la <a href=\"https:\/\/www.weitzer-parkett.com\/fr\/pourquoi-weitzer-parkett\/fabrication\/\">production<\/a> d\u2019un parquet de grande qualit\u00e9, pr\u00e9cision et authenticit\u00e9 se refl\u00e8tent dans chaque planche et chaque tige.<\/p>\n<p>Aujourd\u2019hui, la soci\u00e9t\u00e9 Weitzer Parkett est leader en Autriche dans le domaine du parquet et des escaliers en bois. Cette entreprise familiale cr\u00e9\u00e9e il y a sept g\u00e9n\u00e9rations fait partie des premiers producteurs de parquet en Europe et est pr\u00e9sente partout dans le monde. La soci\u00e9t\u00e9 emploie plus de 600 collaborateurs. Gr\u00e2ce \u00e0 des partenariats avec des distributeurs exclusifs, Weitzer Parkett est pr\u00e9sente dans plus de 30 pays dans le monde. Par l\u2019interm\u00e9diaire de partenaires-revendeurs qualifi\u00e9s, Weitzer Parkett est pr\u00e9sent dans plus de 60 pays du monde entier.<\/p>\n<p>Weitzer Parkett est synonyme de \u00ab parquet intelligent \u00bb et la marque accorde la priorit\u00e9 \u00e0 la mise au point en continu de <a href=\"https:\/\/www.weitzer-parkett.com\/fr\/parquet\/parquets\/\">parquets<\/a> et <a href=\"https:\/\/www.weitzer-parkett.com\/fr\/parquet\/escalier-en-bois\/\">escaliers<\/a> innovants et intelligents, au <a href=\"https:\/\/www.weitzer-parkett.com\/fr\/pourquoi-weitzer-parkett\/parquet-responsabilite-ecologique\/\">respect de l\u2019environnement<\/a> et \u00e0 une conception \u00e0 la pointe du progr\u00e8s. Ainsi, Weitzer Parkett propose \u00e0 ses clients de nombreuses fonctions exceptionnelles, telles qu\u2019un <a href=\"https:\/\/www.weitzer-parkett.com\/fr\/parquet\/parquets\/parquet-sans-entretien\/\">parquet sans entretien<\/a>, <a href=\"https:\/\/www.weitzer-parkett.com\/fr\/parquet\/parquets\/parquet-sante\/\">sant\u00e9<\/a> et <a href=\"https:\/\/www.weitzer-parkett.com\/fr\/parquet\/parquets\/parquet-silence\/\">silence<\/a>.<\/p>\n<\/div>\n                <\/div>\n            <\/div>\n            <\/div>\n\n<div id=\"ep-block-spacer-block_3ab10cbecfe776272a65f5132bfc0adf\" class=\"ep-block-spacer ep-block  chosen-\">\n            <div class=\"show-frontend\">\n                        <style>\n                #ep-spacer-e4JMy {\n                    height: 50px;\n                }\n                @media (max-width: 767px) {\n                    #ep-spacer-e4JMy {\n                        height: 30px;\n                    }\n                }\n                @media (min-width: 768px) and (max-width: 1023px) {\n                    #ep-spacer-e4JMy {\n                        height: 30px;\n                    }\n                }\n            <\/style>\n            <div id=\"ep-spacer-e4JMy\"><\/div>\n        <\/div>\n    <\/div>\n\n<div id=\"ep-block-image-title-text-link-block_1d8929f2bf6b8ec6fdbb5392b87c5358\" class=\"ep-block-image-title-text-link ep-block  chosen-\">\n            <div class=\"show-frontend\">\n            <div class=\"inner\">\n                <div class=\"holder\">\n                    <div class=\"text-wrapper\">\n                                                    <h2>Vous serons ravis de vous aider \u00e0 choisir le parquet qu\u2019il vous faut.<\/h2>\n                        \n                                                    <div class=\"text\"><p>Nous ou l\u2019un des repr\u00e9sentants comp\u00e9tents de Weitzer Parkett pr\u00e8s de chez<\/p>\n<\/div>\n                        \n                                                    <div class=\"btn-wrapper\">\n                                <a href=\"https:\/\/www.weitzer-parkett.com\/fr\/showrooms\/\" target=\"\" class=\"btn ghost\">Visitez Showrooms<\/a>\n                            <\/div>\n                                            <\/div>\n                                            <div class=\"image-wrapper\">\n                                                                                    \n                                                                                                                <picture class=\"post-image\">\n                                <source srcset=\"https:\/\/www.weitzer-parkett.com\/wp-content\/uploads\/2022\/04\/ParkettWelten-06_LowRes-582x388-c-center.jpg 1x\" media=\"(min-width: 1024px)\"\/>\n                                <source srcset=\"https:\/\/www.weitzer-parkett.com\/wp-content\/uploads\/2022\/04\/ParkettWelten-06_LowRes-582x388-c-center.jpg 1x\" media=\"(min-width: 768px)\"\/>\n                                <source srcset=\"https:\/\/www.weitzer-parkett.com\/wp-content\/uploads\/2022\/04\/ParkettWelten-06_LowRes-684x456-c-center.jpg 1x\" media=\"(max-width: 767px)\"\/>\n                                <img decoding=\"async\" src=\"https:\/\/www.weitzer-parkett.com\/wp-content\/uploads\/2022\/04\/ParkettWelten-06_LowRes-684x456-c-center.jpg\" alt=\"\" title=\"ParkettWelten 06_LowRes\"\/>\n                            <\/picture>\n                        <\/div>\n                                    <\/div>\n            <\/div>\n        <\/div>\n    <\/div>","protected":false},"excerpt":{"rendered":"","protected":false},"author":1,"featured_media":0,"parent":16401,"menu_order":0,"comment_status":"closed","ping_status":"closed","template":"","meta":{"_acf_changed":false,"footnotes":""},"class_list":["post-16700","page","type-page","status-publish","hentry"],"acf":[],"yoast_head":"<!-- This site is optimized with the Yoast SEO plugin v27.1.1 - https:\/\/yoast.com\/product\/yoast-seo-wordpress\/ -->\n<title>Histoire de l\u2019entreprise | Weitzer Parkett<\/title>\n<meta name=\"description\" content=\"L\u2019histoire de notre entreprise familiale commence en 1831 par la cr\u00e9ation d\u2019une scierie et d\u2019un atelier de tournage sur bois \u00e0 Weiz.\" \/>\n<meta name=\"robots\" content=\"index, follow, max-snippet:-1, max-image-preview:large, max-video-preview:-1\" \/>\n<link rel=\"canonical\" href=\"https:\/\/www.weitzer-parkett.com\/fr\/pourquoi-weitzer-parkett-2\/histoire-de-l-entreprise\/\" \/>\n<meta property=\"og:locale\" content=\"fr_FR\" \/>\n<meta property=\"og:type\" content=\"article\" \/>\n<meta property=\"og:title\" content=\"Histoire de l\u2019entreprise | Weitzer Parkett\" \/>\n<meta property=\"og:description\" content=\"L\u2019histoire de notre entreprise familiale commence en 1831 par la cr\u00e9ation d\u2019une scierie et d\u2019un atelier de tournage sur bois \u00e0 Weiz.\" \/>\n<meta property=\"og:url\" content=\"https:\/\/www.weitzer-parkett.com\/fr\/pourquoi-weitzer-parkett-2\/histoire-de-l-entreprise\/\" \/>\n<meta property=\"og:site_name\" content=\"Weitzer Parkett\" \/>\n<meta property=\"article:publisher\" content=\"http:\/\/www.facebook.com\/weitzerparkett\" \/>\n<meta property=\"article:modified_time\" content=\"2022-04-26T07:34:38+00:00\" \/>\n<meta property=\"og:image\" content=\"https:\/\/www.weitzer-parkett.com\/wp-content\/uploads\/2017\/08\/Weiz-Header-1.jpg\" \/>\n\t<meta property=\"og:image:width\" content=\"1200\" \/>\n\t<meta property=\"og:image:height\" content=\"450\" \/>\n\t<meta property=\"og:image:type\" content=\"image\/jpeg\" \/>\n<meta name=\"twitter:card\" content=\"summary_large_image\" \/>\n<meta name=\"twitter:site\" content=\"@weitzerparkett\" \/>\n<script type=\"application\/ld+json\" class=\"yoast-schema-graph\">{\"@context\":\"https:\/\/schema.org\",\"@graph\":[{\"@type\":\"WebPage\",\"@id\":\"https:\/\/www.weitzer-parkett.com\/fr\/pourquoi-weitzer-parkett-2\/histoire-de-l-entreprise\/\",\"url\":\"https:\/\/www.weitzer-parkett.com\/fr\/pourquoi-weitzer-parkett-2\/histoire-de-l-entreprise\/\",\"name\":\"Histoire de l\u2019entreprise | Weitzer Parkett\",\"isPartOf\":{\"@id\":\"https:\/\/www.weitzer-parkett.com\/fr\/#website\"},\"datePublished\":\"2017-11-02T16:19:34+00:00\",\"dateModified\":\"2022-04-26T07:34:38+00:00\",\"description\":\"L\u2019histoire de notre entreprise familiale commence en 1831 par la cr\u00e9ation d\u2019une scierie et d\u2019un atelier de tournage sur bois \u00e0 Weiz.\",\"breadcrumb\":{\"@id\":\"https:\/\/www.weitzer-parkett.com\/fr\/pourquoi-weitzer-parkett-2\/histoire-de-l-entreprise\/#breadcrumb\"},\"inLanguage\":\"fr-FR\",\"potentialAction\":[{\"@type\":\"ReadAction\",\"target\":[\"https:\/\/www.weitzer-parkett.com\/fr\/pourquoi-weitzer-parkett-2\/histoire-de-l-entreprise\/\"]}]},{\"@type\":\"BreadcrumbList\",\"@id\":\"https:\/\/www.weitzer-parkett.com\/fr\/pourquoi-weitzer-parkett-2\/histoire-de-l-entreprise\/#breadcrumb\",\"itemListElement\":[{\"@type\":\"ListItem\",\"position\":1,\"name\":\"Home\",\"item\":\"https:\/\/www.weitzer-parkett.com\/fr\/\"},{\"@type\":\"ListItem\",\"position\":2,\"name\":\"Pourquoi Weitzer Parkett\",\"item\":\"https:\/\/www.weitzer-parkett.com\/fr\/pourquoi-weitzer-parkett-2\/\"},{\"@type\":\"ListItem\",\"position\":3,\"name\":\"Histoire de l\u2019entreprise\"}]},{\"@type\":\"WebSite\",\"@id\":\"https:\/\/www.weitzer-parkett.com\/fr\/#website\",\"url\":\"https:\/\/www.weitzer-parkett.com\/fr\/\",\"name\":\"Weitzer Parkett\",\"description\":\"Intelligente Parkett- und Stiegenl\u00f6sungen\",\"publisher\":{\"@id\":\"https:\/\/www.weitzer-parkett.com\/fr\/#organization\"},\"potentialAction\":[{\"@type\":\"SearchAction\",\"target\":{\"@type\":\"EntryPoint\",\"urlTemplate\":\"https:\/\/www.weitzer-parkett.com\/fr\/?s={search_term_string}\"},\"query-input\":{\"@type\":\"PropertyValueSpecification\",\"valueRequired\":true,\"valueName\":\"search_term_string\"}}],\"inLanguage\":\"fr-FR\"},{\"@type\":\"Organization\",\"@id\":\"https:\/\/www.weitzer-parkett.com\/fr\/#organization\",\"name\":\"Weitzer Parkett\",\"url\":\"https:\/\/www.weitzer-parkett.com\/fr\/\",\"logo\":{\"@type\":\"ImageObject\",\"inLanguage\":\"fr-FR\",\"@id\":\"https:\/\/www.weitzer-parkett.com\/fr\/#\/schema\/logo\/image\/\",\"url\":\"https:\/\/www.weitzer-parkett.com\/wp-content\/uploads\/2018\/01\/weitzer-parkett-logo.png\",\"contentUrl\":\"https:\/\/www.weitzer-parkett.com\/wp-content\/uploads\/2018\/01\/weitzer-parkett-logo.png\",\"width\":253,\"height\":81,\"caption\":\"Weitzer Parkett\"},\"image\":{\"@id\":\"https:\/\/www.weitzer-parkett.com\/fr\/#\/schema\/logo\/image\/\"},\"sameAs\":[\"http:\/\/www.facebook.com\/weitzerparkett\",\"https:\/\/x.com\/weitzerparkett\",\"http:\/\/www.linkedin.com\/company\/weitzer-parkett\",\"https:\/\/www.pinterest.com\/weitzerparkett\/\",\"https:\/\/www.youtube.com\/user\/weitzerparkett\/\"]}]}<\/script>\n<!-- \/ Yoast SEO plugin. -->","yoast_head_json":{"title":"Histoire de l\u2019entreprise | Weitzer Parkett","description":"L\u2019histoire de notre entreprise familiale commence en 1831 par la cr\u00e9ation d\u2019une scierie et d\u2019un atelier de tournage sur bois \u00e0 Weiz.","robots":{"index":"index","follow":"follow","max-snippet":"max-snippet:-1","max-image-preview":"max-image-preview:large","max-video-preview":"max-video-preview:-1"},"canonical":"https:\/\/www.weitzer-parkett.com\/fr\/pourquoi-weitzer-parkett-2\/histoire-de-l-entreprise\/","og_locale":"fr_FR","og_type":"article","og_title":"Histoire de l\u2019entreprise | Weitzer Parkett","og_description":"L\u2019histoire de notre entreprise familiale commence en 1831 par la cr\u00e9ation d\u2019une scierie et d\u2019un atelier de tournage sur bois \u00e0 Weiz.","og_url":"https:\/\/www.weitzer-parkett.com\/fr\/pourquoi-weitzer-parkett-2\/histoire-de-l-entreprise\/","og_site_name":"Weitzer Parkett","article_publisher":"http:\/\/www.facebook.com\/weitzerparkett","article_modified_time":"2022-04-26T07:34:38+00:00","og_image":[{"width":1200,"height":450,"url":"https:\/\/www.weitzer-parkett.com\/wp-content\/uploads\/2017\/08\/Weiz-Header-1.jpg","type":"image\/jpeg"}],"twitter_card":"summary_large_image","twitter_site":"@weitzerparkett","schema":{"@context":"https:\/\/schema.org","@graph":[{"@type":"WebPage","@id":"https:\/\/www.weitzer-parkett.com\/fr\/pourquoi-weitzer-parkett-2\/histoire-de-l-entreprise\/","url":"https:\/\/www.weitzer-parkett.com\/fr\/pourquoi-weitzer-parkett-2\/histoire-de-l-entreprise\/","name":"Histoire de l\u2019entreprise | Weitzer Parkett","isPartOf":{"@id":"https:\/\/www.weitzer-parkett.com\/fr\/#website"},"datePublished":"2017-11-02T16:19:34+00:00","dateModified":"2022-04-26T07:34:38+00:00","description":"L\u2019histoire de notre entreprise familiale commence en 1831 par la cr\u00e9ation d\u2019une scierie et d\u2019un atelier de tournage sur bois \u00e0 Weiz.","breadcrumb":{"@id":"https:\/\/www.weitzer-parkett.com\/fr\/pourquoi-weitzer-parkett-2\/histoire-de-l-entreprise\/#breadcrumb"},"inLanguage":"fr-FR","potentialAction":[{"@type":"ReadAction","target":["https:\/\/www.weitzer-parkett.com\/fr\/pourquoi-weitzer-parkett-2\/histoire-de-l-entreprise\/"]}]},{"@type":"BreadcrumbList","@id":"https:\/\/www.weitzer-parkett.com\/fr\/pourquoi-weitzer-parkett-2\/histoire-de-l-entreprise\/#breadcrumb","itemListElement":[{"@type":"ListItem","position":1,"name":"Home","item":"https:\/\/www.weitzer-parkett.com\/fr\/"},{"@type":"ListItem","position":2,"name":"Pourquoi Weitzer Parkett","item":"https:\/\/www.weitzer-parkett.com\/fr\/pourquoi-weitzer-parkett-2\/"},{"@type":"ListItem","position":3,"name":"Histoire de l\u2019entreprise"}]},{"@type":"WebSite","@id":"https:\/\/www.weitzer-parkett.com\/fr\/#website","url":"https:\/\/www.weitzer-parkett.com\/fr\/","name":"Weitzer Parkett","description":"Intelligente Parkett- und Stiegenl\u00f6sungen","publisher":{"@id":"https:\/\/www.weitzer-parkett.com\/fr\/#organization"},"potentialAction":[{"@type":"SearchAction","target":{"@type":"EntryPoint","urlTemplate":"https:\/\/www.weitzer-parkett.com\/fr\/?s={search_term_string}"},"query-input":{"@type":"PropertyValueSpecification","valueRequired":true,"valueName":"search_term_string"}}],"inLanguage":"fr-FR"},{"@type":"Organization","@id":"https:\/\/www.weitzer-parkett.com\/fr\/#organization","name":"Weitzer Parkett","url":"https:\/\/www.weitzer-parkett.com\/fr\/","logo":{"@type":"ImageObject","inLanguage":"fr-FR","@id":"https:\/\/www.weitzer-parkett.com\/fr\/#\/schema\/logo\/image\/","url":"https:\/\/www.weitzer-parkett.com\/wp-content\/uploads\/2018\/01\/weitzer-parkett-logo.png","contentUrl":"https:\/\/www.weitzer-parkett.com\/wp-content\/uploads\/2018\/01\/weitzer-parkett-logo.png","width":253,"height":81,"caption":"Weitzer Parkett"},"image":{"@id":"https:\/\/www.weitzer-parkett.com\/fr\/#\/schema\/logo\/image\/"},"sameAs":["http:\/\/www.facebook.com\/weitzerparkett","https:\/\/x.com\/weitzerparkett","http:\/\/www.linkedin.com\/company\/weitzer-parkett","https:\/\/www.pinterest.com\/weitzerparkett\/","https:\/\/www.youtube.com\/user\/weitzerparkett\/"]}]}},"_links":{"self":[{"href":"https:\/\/www.weitzer-parkett.com\/fr\/wp-json\/wp\/v2\/pages\/16700","targetHints":{"allow":["GET"]}}],"collection":[{"href":"https:\/\/www.weitzer-parkett.com\/fr\/wp-json\/wp\/v2\/pages"}],"about":[{"href":"https:\/\/www.weitzer-parkett.com\/fr\/wp-json\/wp\/v2\/types\/page"}],"author":[{"embeddable":true,"href":"https:\/\/www.weitzer-parkett.com\/fr\/wp-json\/wp\/v2\/users\/1"}],"replies":[{"embeddable":true,"href":"https:\/\/www.weitzer-parkett.com\/fr\/wp-json\/wp\/v2\/comments?post=16700"}],"version-history":[{"count":5,"href":"https:\/\/www.weitzer-parkett.com\/fr\/wp-json\/wp\/v2\/pages\/16700\/revisions"}],"predecessor-version":[{"id":49326,"href":"https:\/\/www.weitzer-parkett.com\/fr\/wp-json\/wp\/v2\/pages\/16700\/revisions\/49326"}],"up":[{"embeddable":true,"href":"https:\/\/www.weitzer-parkett.com\/fr\/wp-json\/wp\/v2\/pages\/16401"}],"wp:attachment":[{"href":"https:\/\/www.weitzer-parkett.com\/fr\/wp-json\/wp\/v2\/media?parent=16700"}],"curies":[{"name":"wp","href":"https:\/\/api.w.org\/{rel}","templated":true}]}}