{"id":16681,"date":"2017-11-02T15:28:41","date_gmt":"2017-11-02T14:28:41","guid":{"rendered":"https:\/\/www.weitzer-parkett.com\/made-in-austria\/"},"modified":"2023-07-13T16:46:51","modified_gmt":"2023-07-13T14:46:51","slug":"qualite-autrichienne","status":"publish","type":"page","link":"https:\/\/www.weitzer-parkett.com\/fr\/pourquoi-weitzer-parkett-2\/qualite-autrichienne\/","title":{"rendered":"La qualit\u00e9 autrichienne &#8211; Qualit\u00e9 autrichienne"},"content":{"rendered":"<div id=\"ep-block-page-header-block_5ab87b868ac597255d288c4f2d310aad\" class=\"ep-block-page-header ep-block  chosen-bg-theme-beige type-1\">\n            <div class=\"show-frontend\">\n\n            \n                <div class=\"inner\">\n                    <div class=\"container mx-auto\">\n                        <div class=\"text-container\">\n\n                                                            <div class=\"breadcrumbs-wrapper\">\n                                    <span><span><a href=\"https:\/\/www.weitzer-parkett.com\/fr\/\">Home<\/a><\/span><\/span>\n                                <\/div>\n                            \n                                                            <h1>Weitzer Parkett<br \/>\r\nQualit\u00e9 autrichienne<\/h1>\n                            \n                                                            <div class=\"text-wrapper\"><p>We are from Austria \u2013 notre arbre g\u00e9n\u00e9alogique a des racines solides: depuis plus de 190 ans, le destin de notre famille est intimement li\u00e9 \u00e0 cet \u00e9l\u00e9ment naturel qu\u2019est le bois. Il faut dire que notre si\u00e8ge social de Weiz se trouve en Styrie, une r\u00e9gion verdoyante qui est le plus bois\u00e9 des L\u00e4nder d\u2019Autriche.<\/p>\n<\/div>\n                            \n                                                            <div class=\"btn-wrapper\">\n                                                                            <div class=\"link\">\n                                            <a href=\"https:\/\/www.weitzer-parkett.com\/fr\/parquet\/\" title=\"Trouvez votre parquet\" target=\"\" class=\"btn arrow-right\">\n                                                Trouvez votre parquet\n                                            <\/a>\n                                        <\/div>\n                                    \n                                                                            <div class=\"link\">\n                                            <a href=\"https:\/\/www.weitzer-parkett.com\/fr\/pourquoi-weitzer-parkett\/parquet-qualite\/famille-weitzer\/\" title=\"Famille Weitzer\" target=\"\" class=\"btn link arrow-right\">\n                                                Famille Weitzer\n                                            <\/a>\n                                        <\/div>\n                                                                    <\/div>\n                            \n                        <\/div>\n                    <\/div>\n                <\/div>\n\n                                                        <div class=\"image-wrapper\">\n                        \n                        \n                                                                                                        \n                        \n                        \n                                                                        \n                        <picture class=\"image\">\n                            <source srcset=\"https:\/\/www.weitzer-parkett.com\/wp-content\/uploads\/2017\/11\/Qualitaet-von-Weitzer-Parkett-562x596-c-center.jpg 1x\" media=\"(min-resolution: 120dpi)\"\/>\n                            <source srcset=\"https:\/\/www.weitzer-parkett.com\/wp-content\/uploads\/2017\/11\/Qualitaet-von-Weitzer-Parkett-562x596-c-center.jpg 1x\" media=\"(min-width: 1024px)\"\/>\n                            <source srcset=\"https:\/\/www.weitzer-parkett.com\/wp-content\/uploads\/2017\/11\/Qualitaet-von-Weitzer-Parkett-978x598-c-center.jpg 1x\" media=\"(min-width: 768px)\"\/>\n                            <source srcset=\"https:\/\/www.weitzer-parkett.com\/wp-content\/uploads\/2017\/11\/Qualitaet-von-Weitzer-Parkett-356x258-c-center.jpg 1x\" media=\"(max-width: 767px)\"\/>\n                            <img decoding=\"async\" src=\"https:\/\/www.weitzer-parkett.com\/wp-content\/uploads\/2017\/11\/Qualitaet-von-Weitzer-Parkett-356x258-c-center.jpg\" alt=\"\" title=\"Qualitaet-von-Weitzer-Parkett\"\/>\n                        <\/picture>\n                    <\/div>\n\n                                    \n                    <\/div>\n    <\/div>\n\n\n<div id=\"ep-block-wysiwyg-block_cc0ba519f93cd9d31436c574e8adf9b5\" class=\"ep-block-wysiwyg ep-block  chosen-\">\n                        <div class=\"show-frontend\">\n                <div class=\"inner\">\n                    <div class=\"holder\"><h2>Des parquets innovants fabriqu\u00e9s par des artisans sp\u00e9cialis\u00e9s<\/h2>\n<p>De m\u00eame que nos for\u00eats croissent en permanence, nous nous d\u00e9veloppons en continu. Nicola Weitzer et Alexandra Decker-Weitzer constituent d\u00e9j\u00e0 la septi\u00e8me g\u00e9n\u00e9ration de la <a href=\"https:\/\/www.weitzer-parkett.com\/fr\/pourquoi-weitzer-parkett\/parquet-qualite\/famille-weitzer\/\">famille Weitzer<\/a> \u00e0 \u00eatre \u00e0 la t\u00eate de l\u2019entreprise familiale. C\u2019est avec un grand discernement qu\u2019elles poursuivent l\u2019\u0153uvre de la vie de leurs parents et grands-parents. Elles consolident ainsi une confiance d\u00e9j\u00e0 bien enracin\u00e9e! Du bois coup\u00e9 au parquet pr\u00eat \u00e0 poser, nous r\u00e9alisons chaque \u00e9tape \u00e0 la main. La responsabilit\u00e9 sociale fait partie int\u00e9grante de notre politique d\u2019entreprise. C\u2019est pourquoi nous tenons \u00e0 pr\u00e9server durablement les emplois de notre personnel en Autriche.<\/p>\n<\/div>\n                <\/div>\n            <\/div>\n            <\/div>\n\n<div id=\"ep-block-image-title-text-link-block_62e6428af1cdbc91dfd4529a91af0d12\" class=\"ep-block-image-title-text-link ep-block  chosen-\">\n            <div class=\"show-frontend\">\n            <div class=\"inner\">\n                <div class=\"holder\">\n                    <div class=\"text-wrapper\">\n                                                    <h2>Notre secret<\/h2>\n                        \n                                                    <div class=\"text\"><ul>\n<li>Des mat\u00e9riaux de grande qualit\u00e9<\/li>\n<li>Un artisanat traditionnel<\/li>\n<li>Des innovations techniques<\/li>\n<li>Une pr\u00e9cision maximale<\/li>\n<li>Des d\u00e9cennies d\u2019exp\u00e9rience<\/li>\n<li>Une recherche inlassable de la perfection<\/li>\n<\/ul>\n<\/div>\n                        \n                                            <\/div>\n                                            <div class=\"image-wrapper\">\n                                                                                    \n                                                                                                                <picture class=\"post-image\">\n                                <source srcset=\"https:\/\/www.weitzer-parkett.com\/wp-content\/uploads\/2014\/07\/Holzschnitt-ohne-Text-582x388-c-center.jpg 1x\" media=\"(min-width: 1024px)\"\/>\n                                <source srcset=\"https:\/\/www.weitzer-parkett.com\/wp-content\/uploads\/2014\/07\/Holzschnitt-ohne-Text-582x388-c-center.jpg 1x\" media=\"(min-width: 768px)\"\/>\n                                <source srcset=\"https:\/\/www.weitzer-parkett.com\/wp-content\/uploads\/2014\/07\/Holzschnitt-ohne-Text-684x456-c-center.jpg 1x\" media=\"(max-width: 767px)\"\/>\n                                <img decoding=\"async\" src=\"https:\/\/www.weitzer-parkett.com\/wp-content\/uploads\/2014\/07\/Holzschnitt-ohne-Text-684x456-c-center.jpg\" alt=\"\" title=\"Holzschnitt-ohne-Text\"\/>\n                            <\/picture>\n                        <\/div>\n                                    <\/div>\n            <\/div>\n        <\/div>\n    <\/div>\n\n<div id=\"ep-block-wysiwyg-block_4c522b52108da7b3bb9d90e218a08954\" class=\"ep-block-wysiwyg ep-block  chosen-\">\n                        <div class=\"show-frontend\">\n                <div class=\"inner\">\n                    <div class=\"holder\"><h3>Gr\u00e2ce \u00e0 notre exp\u00e9rience, c\u2019est nous qui donnons le ton<\/h3>\n<p>Nous exer\u00e7ons l\u2019art du travail du bois depuis 1831. C\u2019est pour cette raison qu\u2019aujourd\u2019hui, nous sommes en mesure de proposer des produits sophistiqu\u00e9s, r\u00e9sistants et de grande qualit\u00e9 qui s\u2019arrachent \u00e0 l\u2019international. Nous ma\u00eetrisons l\u2019ensemble de la cha\u00eene de cr\u00e9ation de valeur et veillons \u00e0 <a href=\"https:\/\/www.weitzer-parkett.com\/fr\/pourquoi-weitzer-parkett\/parquet-responsabilite-ecologique\/\">respecter l\u2019environnement<\/a> du d\u00e9but \u00e0 la fin de celle-ci.<\/p>\n<p>Notre \u00ab monde du parquet \u00bb de 1500 m\u00b2 \u00e0 Weiz vous permet de d\u00e9couvrir des planchers en bois divers et vari\u00e9s ainsi que des escaliers parfaitement assortis aux parquets. Des conseillers sp\u00e9cialis\u00e9s sont \u00e0 votre \u00e9coute et vous feront la d\u00e9monstration de nos <a href=\"https:\/\/www.weitzer-parkett.com\/fr\/parquet\/parquets\/\">parquets<\/a> et <a href=\"https:\/\/www.weitzer-parkett.com\/fr\/parquet\/escalier-en-bois\/\">escaliers<\/a> intelligents.<\/p>\n<\/div>\n                <\/div>\n            <\/div>\n            <\/div>\n\n<div id=\"ep-block-spacer-block_e084589e402bcb23f57a01b50fe2ea15\" class=\"ep-block-spacer ep-block  chosen-\">\n            <div class=\"show-frontend\">\n                        <style>\n                #ep-spacer-s4wKY {\n                    height: 100px;\n                }\n                @media (max-width: 767px) {\n                    #ep-spacer-s4wKY {\n                        height: 40px;\n                    }\n                }\n                @media (min-width: 768px) and (max-width: 1023px) {\n                    #ep-spacer-s4wKY {\n                        height: 60px;\n                    }\n                }\n            <\/style>\n            <div id=\"ep-spacer-s4wKY\"><\/div>\n        <\/div>\n    <\/div>\n\n<div id=\"ep-block-image-title-text-link-block_8804a5b3ac320a4f3bd17a522d6e8d68\" class=\"ep-block-image-title-text-link ep-block  chosen-\">\n            <div class=\"show-frontend\">\n            <div class=\"inner\">\n                <div class=\"holder\">\n                    <div class=\"text-wrapper\">\n                                                    <h2>Trouver facilement un partenaire showroom<\/h2>\n                        \n                                                    <div class=\"text\"><p>Nous ou l\u2019un des repr\u00e9sentants comp\u00e9tents de Weitzer Parkett pr\u00e8s de chez<\/p>\n<\/div>\n                        \n                                                    <div class=\"btn-wrapper\">\n                                <a href=\"https:\/\/www.weitzer-parkett.com\/fr\/showrooms\/\" target=\"\" class=\"btn ghost\">Visitez Showrooms<\/a>\n                            <\/div>\n                                            <\/div>\n                                            <div class=\"image-wrapper\">\n                                                                                    \n                                                                                                                <picture class=\"post-image\">\n                                <source srcset=\"https:\/\/www.weitzer-parkett.com\/wp-content\/uploads\/2022\/04\/ParkettWelten-06_LowRes-582x388-c-center.jpg 1x\" media=\"(min-width: 1024px)\"\/>\n                                <source srcset=\"https:\/\/www.weitzer-parkett.com\/wp-content\/uploads\/2022\/04\/ParkettWelten-06_LowRes-582x388-c-center.jpg 1x\" media=\"(min-width: 768px)\"\/>\n                                <source srcset=\"https:\/\/www.weitzer-parkett.com\/wp-content\/uploads\/2022\/04\/ParkettWelten-06_LowRes-684x456-c-center.jpg 1x\" media=\"(max-width: 767px)\"\/>\n                                <img decoding=\"async\" src=\"https:\/\/www.weitzer-parkett.com\/wp-content\/uploads\/2022\/04\/ParkettWelten-06_LowRes-684x456-c-center.jpg\" alt=\"\" title=\"ParkettWelten 06_LowRes\"\/>\n                            <\/picture>\n                        <\/div>\n                                    <\/div>\n            <\/div>\n        <\/div>\n    <\/div>","protected":false},"excerpt":{"rendered":"","protected":false},"author":1,"featured_media":0,"parent":16401,"menu_order":0,"comment_status":"closed","ping_status":"closed","template":"","meta":{"_acf_changed":false,"footnotes":""},"class_list":["post-16681","page","type-page","status-publish","hentry"],"acf":[],"yoast_head":"<!-- This site is optimized with the Yoast SEO plugin v27.1.1 - https:\/\/yoast.com\/product\/yoast-seo-wordpress\/ -->\n<title>Qualit\u00e9 autrichienne | Weitzer Parkett<\/title>\n<meta name=\"description\" content=\"Depuis plus de 190 ans, Weitzer Parkett est synonyme de parquets de haute qualit\u00e9 et innovants fabriqu\u00e9s par des ma\u00eetres artisans en Autriche.\" \/>\n<meta name=\"robots\" content=\"index, follow, max-snippet:-1, max-image-preview:large, max-video-preview:-1\" \/>\n<link rel=\"canonical\" href=\"https:\/\/www.weitzer-parkett.com\/fr\/pourquoi-weitzer-parkett-2\/qualite-autrichienne\/\" \/>\n<meta property=\"og:locale\" content=\"fr_FR\" \/>\n<meta property=\"og:type\" content=\"article\" \/>\n<meta property=\"og:title\" content=\"Qualit\u00e9 autrichienne | Weitzer Parkett\" \/>\n<meta property=\"og:description\" content=\"Depuis plus de 190 ans, Weitzer Parkett est synonyme de parquets de haute qualit\u00e9 et innovants fabriqu\u00e9s par des ma\u00eetres artisans en Autriche.\" \/>\n<meta property=\"og:url\" content=\"https:\/\/www.weitzer-parkett.com\/fr\/pourquoi-weitzer-parkett-2\/qualite-autrichienne\/\" \/>\n<meta property=\"og:site_name\" content=\"Weitzer Parkett\" \/>\n<meta property=\"article:publisher\" content=\"http:\/\/www.facebook.com\/weitzerparkett\" \/>\n<meta property=\"article:modified_time\" content=\"2023-07-13T14:46:51+00:00\" \/>\n<meta property=\"og:image\" content=\"https:\/\/www.weitzer-parkett.com\/wp-content\/uploads\/2017\/08\/Weiz-Header-1.jpg\" \/>\n\t<meta property=\"og:image:width\" content=\"1200\" \/>\n\t<meta property=\"og:image:height\" content=\"450\" \/>\n\t<meta property=\"og:image:type\" content=\"image\/jpeg\" \/>\n<meta name=\"twitter:card\" content=\"summary_large_image\" \/>\n<meta name=\"twitter:site\" content=\"@weitzerparkett\" \/>\n<script type=\"application\/ld+json\" class=\"yoast-schema-graph\">{\"@context\":\"https:\/\/schema.org\",\"@graph\":[{\"@type\":\"WebPage\",\"@id\":\"https:\/\/www.weitzer-parkett.com\/fr\/pourquoi-weitzer-parkett-2\/qualite-autrichienne\/\",\"url\":\"https:\/\/www.weitzer-parkett.com\/fr\/pourquoi-weitzer-parkett-2\/qualite-autrichienne\/\",\"name\":\"Qualit\u00e9 autrichienne | Weitzer Parkett\",\"isPartOf\":{\"@id\":\"https:\/\/www.weitzer-parkett.com\/fr\/#website\"},\"datePublished\":\"2017-11-02T14:28:41+00:00\",\"dateModified\":\"2023-07-13T14:46:51+00:00\",\"description\":\"Depuis plus de 190 ans, Weitzer Parkett est synonyme de parquets de haute qualit\u00e9 et innovants fabriqu\u00e9s par des ma\u00eetres artisans en Autriche.\",\"breadcrumb\":{\"@id\":\"https:\/\/www.weitzer-parkett.com\/fr\/pourquoi-weitzer-parkett-2\/qualite-autrichienne\/#breadcrumb\"},\"inLanguage\":\"fr-FR\",\"potentialAction\":[{\"@type\":\"ReadAction\",\"target\":[\"https:\/\/www.weitzer-parkett.com\/fr\/pourquoi-weitzer-parkett-2\/qualite-autrichienne\/\"]}]},{\"@type\":\"BreadcrumbList\",\"@id\":\"https:\/\/www.weitzer-parkett.com\/fr\/pourquoi-weitzer-parkett-2\/qualite-autrichienne\/#breadcrumb\",\"itemListElement\":[{\"@type\":\"ListItem\",\"position\":1,\"name\":\"Home\",\"item\":\"https:\/\/www.weitzer-parkett.com\/fr\/\"},{\"@type\":\"ListItem\",\"position\":2,\"name\":\"Pourquoi Weitzer Parkett\",\"item\":\"https:\/\/www.weitzer-parkett.com\/fr\/pourquoi-weitzer-parkett-2\/\"},{\"@type\":\"ListItem\",\"position\":3,\"name\":\"La qualit\u00e9 autrichienne &#8211; Qualit\u00e9 autrichienne\"}]},{\"@type\":\"WebSite\",\"@id\":\"https:\/\/www.weitzer-parkett.com\/fr\/#website\",\"url\":\"https:\/\/www.weitzer-parkett.com\/fr\/\",\"name\":\"Weitzer Parkett\",\"description\":\"Intelligente Parkett- und Stiegenl\u00f6sungen\",\"publisher\":{\"@id\":\"https:\/\/www.weitzer-parkett.com\/fr\/#organization\"},\"potentialAction\":[{\"@type\":\"SearchAction\",\"target\":{\"@type\":\"EntryPoint\",\"urlTemplate\":\"https:\/\/www.weitzer-parkett.com\/fr\/?s={search_term_string}\"},\"query-input\":{\"@type\":\"PropertyValueSpecification\",\"valueRequired\":true,\"valueName\":\"search_term_string\"}}],\"inLanguage\":\"fr-FR\"},{\"@type\":\"Organization\",\"@id\":\"https:\/\/www.weitzer-parkett.com\/fr\/#organization\",\"name\":\"Weitzer Parkett\",\"url\":\"https:\/\/www.weitzer-parkett.com\/fr\/\",\"logo\":{\"@type\":\"ImageObject\",\"inLanguage\":\"fr-FR\",\"@id\":\"https:\/\/www.weitzer-parkett.com\/fr\/#\/schema\/logo\/image\/\",\"url\":\"https:\/\/www.weitzer-parkett.com\/wp-content\/uploads\/2018\/01\/weitzer-parkett-logo.png\",\"contentUrl\":\"https:\/\/www.weitzer-parkett.com\/wp-content\/uploads\/2018\/01\/weitzer-parkett-logo.png\",\"width\":253,\"height\":81,\"caption\":\"Weitzer Parkett\"},\"image\":{\"@id\":\"https:\/\/www.weitzer-parkett.com\/fr\/#\/schema\/logo\/image\/\"},\"sameAs\":[\"http:\/\/www.facebook.com\/weitzerparkett\",\"https:\/\/x.com\/weitzerparkett\",\"http:\/\/www.linkedin.com\/company\/weitzer-parkett\",\"https:\/\/www.pinterest.com\/weitzerparkett\/\",\"https:\/\/www.youtube.com\/user\/weitzerparkett\/\"]}]}<\/script>\n<!-- \/ Yoast SEO plugin. -->","yoast_head_json":{"title":"Qualit\u00e9 autrichienne | Weitzer Parkett","description":"Depuis plus de 190 ans, Weitzer Parkett est synonyme de parquets de haute qualit\u00e9 et innovants fabriqu\u00e9s par des ma\u00eetres artisans en Autriche.","robots":{"index":"index","follow":"follow","max-snippet":"max-snippet:-1","max-image-preview":"max-image-preview:large","max-video-preview":"max-video-preview:-1"},"canonical":"https:\/\/www.weitzer-parkett.com\/fr\/pourquoi-weitzer-parkett-2\/qualite-autrichienne\/","og_locale":"fr_FR","og_type":"article","og_title":"Qualit\u00e9 autrichienne | Weitzer Parkett","og_description":"Depuis plus de 190 ans, Weitzer Parkett est synonyme de parquets de haute qualit\u00e9 et innovants fabriqu\u00e9s par des ma\u00eetres artisans en Autriche.","og_url":"https:\/\/www.weitzer-parkett.com\/fr\/pourquoi-weitzer-parkett-2\/qualite-autrichienne\/","og_site_name":"Weitzer Parkett","article_publisher":"http:\/\/www.facebook.com\/weitzerparkett","article_modified_time":"2023-07-13T14:46:51+00:00","og_image":[{"width":1200,"height":450,"url":"https:\/\/www.weitzer-parkett.com\/wp-content\/uploads\/2017\/08\/Weiz-Header-1.jpg","type":"image\/jpeg"}],"twitter_card":"summary_large_image","twitter_site":"@weitzerparkett","schema":{"@context":"https:\/\/schema.org","@graph":[{"@type":"WebPage","@id":"https:\/\/www.weitzer-parkett.com\/fr\/pourquoi-weitzer-parkett-2\/qualite-autrichienne\/","url":"https:\/\/www.weitzer-parkett.com\/fr\/pourquoi-weitzer-parkett-2\/qualite-autrichienne\/","name":"Qualit\u00e9 autrichienne | Weitzer Parkett","isPartOf":{"@id":"https:\/\/www.weitzer-parkett.com\/fr\/#website"},"datePublished":"2017-11-02T14:28:41+00:00","dateModified":"2023-07-13T14:46:51+00:00","description":"Depuis plus de 190 ans, Weitzer Parkett est synonyme de parquets de haute qualit\u00e9 et innovants fabriqu\u00e9s par des ma\u00eetres artisans en Autriche.","breadcrumb":{"@id":"https:\/\/www.weitzer-parkett.com\/fr\/pourquoi-weitzer-parkett-2\/qualite-autrichienne\/#breadcrumb"},"inLanguage":"fr-FR","potentialAction":[{"@type":"ReadAction","target":["https:\/\/www.weitzer-parkett.com\/fr\/pourquoi-weitzer-parkett-2\/qualite-autrichienne\/"]}]},{"@type":"BreadcrumbList","@id":"https:\/\/www.weitzer-parkett.com\/fr\/pourquoi-weitzer-parkett-2\/qualite-autrichienne\/#breadcrumb","itemListElement":[{"@type":"ListItem","position":1,"name":"Home","item":"https:\/\/www.weitzer-parkett.com\/fr\/"},{"@type":"ListItem","position":2,"name":"Pourquoi Weitzer Parkett","item":"https:\/\/www.weitzer-parkett.com\/fr\/pourquoi-weitzer-parkett-2\/"},{"@type":"ListItem","position":3,"name":"La qualit\u00e9 autrichienne &#8211; Qualit\u00e9 autrichienne"}]},{"@type":"WebSite","@id":"https:\/\/www.weitzer-parkett.com\/fr\/#website","url":"https:\/\/www.weitzer-parkett.com\/fr\/","name":"Weitzer Parkett","description":"Intelligente Parkett- und Stiegenl\u00f6sungen","publisher":{"@id":"https:\/\/www.weitzer-parkett.com\/fr\/#organization"},"potentialAction":[{"@type":"SearchAction","target":{"@type":"EntryPoint","urlTemplate":"https:\/\/www.weitzer-parkett.com\/fr\/?s={search_term_string}"},"query-input":{"@type":"PropertyValueSpecification","valueRequired":true,"valueName":"search_term_string"}}],"inLanguage":"fr-FR"},{"@type":"Organization","@id":"https:\/\/www.weitzer-parkett.com\/fr\/#organization","name":"Weitzer Parkett","url":"https:\/\/www.weitzer-parkett.com\/fr\/","logo":{"@type":"ImageObject","inLanguage":"fr-FR","@id":"https:\/\/www.weitzer-parkett.com\/fr\/#\/schema\/logo\/image\/","url":"https:\/\/www.weitzer-parkett.com\/wp-content\/uploads\/2018\/01\/weitzer-parkett-logo.png","contentUrl":"https:\/\/www.weitzer-parkett.com\/wp-content\/uploads\/2018\/01\/weitzer-parkett-logo.png","width":253,"height":81,"caption":"Weitzer Parkett"},"image":{"@id":"https:\/\/www.weitzer-parkett.com\/fr\/#\/schema\/logo\/image\/"},"sameAs":["http:\/\/www.facebook.com\/weitzerparkett","https:\/\/x.com\/weitzerparkett","http:\/\/www.linkedin.com\/company\/weitzer-parkett","https:\/\/www.pinterest.com\/weitzerparkett\/","https:\/\/www.youtube.com\/user\/weitzerparkett\/"]}]}},"_links":{"self":[{"href":"https:\/\/www.weitzer-parkett.com\/fr\/wp-json\/wp\/v2\/pages\/16681","targetHints":{"allow":["GET"]}}],"collection":[{"href":"https:\/\/www.weitzer-parkett.com\/fr\/wp-json\/wp\/v2\/pages"}],"about":[{"href":"https:\/\/www.weitzer-parkett.com\/fr\/wp-json\/wp\/v2\/types\/page"}],"author":[{"embeddable":true,"href":"https:\/\/www.weitzer-parkett.com\/fr\/wp-json\/wp\/v2\/users\/1"}],"replies":[{"embeddable":true,"href":"https:\/\/www.weitzer-parkett.com\/fr\/wp-json\/wp\/v2\/comments?post=16681"}],"version-history":[{"count":4,"href":"https:\/\/www.weitzer-parkett.com\/fr\/wp-json\/wp\/v2\/pages\/16681\/revisions"}],"predecessor-version":[{"id":55926,"href":"https:\/\/www.weitzer-parkett.com\/fr\/wp-json\/wp\/v2\/pages\/16681\/revisions\/55926"}],"up":[{"embeddable":true,"href":"https:\/\/www.weitzer-parkett.com\/fr\/wp-json\/wp\/v2\/pages\/16401"}],"wp:attachment":[{"href":"https:\/\/www.weitzer-parkett.com\/fr\/wp-json\/wp\/v2\/media?parent=16681"}],"curies":[{"name":"wp","href":"https:\/\/api.w.org\/{rel}","templated":true}]}}