{"id":16412,"date":"2017-10-25T14:14:00","date_gmt":"2017-10-25T12:14:00","guid":{"rendered":"https:\/\/www.weitzer-parkett.com\/warum-weitzer-parkett\/sortierungen\/"},"modified":"2023-07-13T17:03:09","modified_gmt":"2023-07-13T15:03:09","slug":"gammes","status":"publish","type":"page","link":"https:\/\/www.weitzer-parkett.com\/fr\/pourquoi-weitzer-parkett-2\/gammes\/","title":{"rendered":"Gammes"},"content":{"rendered":"<div id=\"ep-block-page-header-block_6c524d9edc7ee1cbe7aa0b1681447559\" class=\"ep-block-page-header ep-block  chosen-bg-theme-beige type-2\">\n            <div class=\"show-frontend\">\n\n            \n                <div class=\"inner\">\n                    <div class=\"container mx-auto\">\n                        <div class=\"text-container\">\n\n                                                            <div class=\"breadcrumbs-wrapper\">\n                                    <span><span><a href=\"https:\/\/www.weitzer-parkett.com\/fr\/\">Home<\/a><\/span><\/span>\n                                <\/div>\n                            \n                                                            <h1>Gammes de Weitzer Parkett<\/h1>\n                            \n                                                            <div class=\"text-wrapper\"><p>Le parquet est un rev\u00eatement de plancher au caract\u00e8re unique. En optant pour un plancher en bois, vous invitez la nature chez vous. Pour un meilleur confort de marche et une atmosph\u00e8re saine tout en prenant soin de l\u2019environnement.<\/p>\n<\/div>\n                            \n                                                            <div class=\"btn-wrapper\">\n                                                                            <div class=\"link\">\n                                            <a href=\"https:\/\/www.weitzer-parkett.com\/fr\/parquet\/\" title=\"Decouvrir Parquet\" target=\"\" class=\"btn arrow-right\">\n                                                Decouvrir Parquet\n                                            <\/a>\n                                        <\/div>\n                                    \n                                                                            <div class=\"link\">\n                                            <a href=\"https:\/\/www.weitzer-parkett.com\/fr\/parquet\/escalier-en-bois\/\" title=\"Escalier\/Escalier en bois\" target=\"\" class=\"btn link arrow-right\">\n                                                Escalier\/Escalier en bois\n                                            <\/a>\n                                        <\/div>\n                                                                    <\/div>\n                            \n                        <\/div>\n                    <\/div>\n                <\/div>\n\n                                                        <div class=\"image-wrapper\">\n                        \n                        \n                        \n                                                                                                        \n                        \n                                                                        \n                        <picture class=\"image\">\n                            <source srcset=\"https:\/\/www.weitzer-parkett.com\/wp-content\/uploads\/2022\/04\/sortierungen-ruhig-lebhaft-wild-header-910x666-c-center.jpg 1x\" media=\"(min-resolution: 120dpi)\"\/>\n                            <source srcset=\"https:\/\/www.weitzer-parkett.com\/wp-content\/uploads\/2022\/04\/sortierungen-ruhig-lebhaft-wild-header-910x666-c-center.jpg 1x\" media=\"(min-width: 1024px)\"\/>\n                            <source srcset=\"https:\/\/www.weitzer-parkett.com\/wp-content\/uploads\/2022\/04\/sortierungen-ruhig-lebhaft-wild-header-684x496-c-center.jpg 1x\" media=\"(min-width: 768px)\"\/>\n                            <source srcset=\"https:\/\/www.weitzer-parkett.com\/wp-content\/uploads\/2022\/04\/sortierungen-ruhig-lebhaft-wild-header-356x258-c-center.jpg 1x\" media=\"(max-width: 767px)\"\/>\n                            <img decoding=\"async\" src=\"https:\/\/www.weitzer-parkett.com\/wp-content\/uploads\/2022\/04\/sortierungen-ruhig-lebhaft-wild-header-356x258-c-center.jpg\" alt=\"\" title=\"sortierungen-ruhig-lebhaft-wild-header\"\/>\n                        <\/picture>\n                    <\/div>\n\n                                    \n                    <\/div>\n    <\/div>\n\n\n<div id=\"ep-block-wysiwyg-block_d691ecd9c25ea98c34cece50766e83a7\" class=\"ep-block-wysiwyg ep-block  chosen-\">\n                        <div class=\"show-frontend\">\n                <div class=\"inner\">\n                    <div class=\"holder\"><h2>Parquet \u00e0 l\u2019aspect naturel et rendant honneur \u00e0 la diversit\u00e9 des bois<\/h2>\n<p>Pourquoi vous proposons-nous notre parquet en six gammes diff\u00e9rentes?<br \/>\nC\u2019est tr\u00e8s simple: lors de la <a href=\"https:\/\/www.weitzer-parkett.com\/fr\/pourquoi-weitzer-parkett\/fabrication\/\">production<\/a> de nos planchers en bois, nous traitons tout le tronc de l\u2019arbre car chacune de ses composantes pr\u00e9sente des propri\u00e9t\u00e9s bien sp\u00e9cifiques. Nos gammes vous montrent que la diversit\u00e9 du bois n\u2019a d\u2019\u00e9gale que celle de la vie elle-m\u00eame. <strong>Le choix vous appartient!<\/strong><\/p>\n<\/div>\n                <\/div>\n            <\/div>\n            <\/div>\n\n<div id=\"ep-block-2-cols-text-block_9c1d63d6397f979401ca5aa897402294\" class=\"ep-block-2-cols-text ep-block  chosen-\">\n            <div class=\"show-frontend\">\n            <div class=\"inner\">\n                                <div class=\"col-wrapper\">\n                    <div class=\"col-left col\"><p><img decoding=\"async\" class=\"alignnone wp-image-18147 size-full\" src=\"https:\/\/www.weitzer-parkett.com\/wp-content\/uploads\/2018\/01\/Exquisit_FR.jpg\" alt=\"\" width=\"590\" height=\"233\" srcset=\"\/\/www.weitzer-parkett.com\/wp-content\/uploads\/2018\/01\/Exquisit_FR.jpg 590w, \/\/www.weitzer-parkett.com\/wp-content\/uploads\/2018\/01\/Exquisit_FR-300x118.jpg 300w\" sizes=\"(max-width: 590px) 100vw, 590px\" \/><\/p>\n<p>Cette gamme pr\u00e9sente un aspect \u00e9l\u00e9gant et discret de par le grain du bois et ses coloris et elle satisfait les exigences les plus strictes.<\/p>\n<p>Caract\u00e9ristiques<\/p>\n<ul>\n<li>Tr\u00e8s petits n\u0153uds<\/li>\n<li>Veinure r\u00e9guli\u00e8re<\/li>\n<li>Maille<\/li>\n<li>Sans aubier<\/li>\n<\/ul>\n<\/div>\n                    <div class=\"col-right col\"><p><img decoding=\"async\" class=\"alignnone wp-image-18151 size-full\" src=\"https:\/\/www.weitzer-parkett.com\/wp-content\/uploads\/2018\/01\/Ruhig_FR.jpg\" alt=\"\" width=\"590\" height=\"233\" srcset=\"\/\/www.weitzer-parkett.com\/wp-content\/uploads\/2018\/01\/Ruhig_FR.jpg 590w, \/\/www.weitzer-parkett.com\/wp-content\/uploads\/2018\/01\/Ruhig_FR-300x118.jpg 300w\" sizes=\"(max-width: 590px) 100vw, 590px\" \/><\/p>\n<p>Cette gamme est un m\u00e9lange intemporel de grain de bois discret et \u00e9l\u00e9gant.<\/p>\n<p>Caract\u00e9ristiques<\/p>\n<ul>\n<li>Petits n\u0153uds<\/li>\n<li>Diff\u00e9rences naturelles de couleurs<\/li>\n<li>Sans aubier<\/li>\n<\/ul>\n<\/div>\n                <\/div>\n            <\/div>\n        <\/div>\n    <\/div>\n\n<div id=\"ep-block-2-cols-text-block_fa7834e53c15b632fa5421827d7c1631\" class=\"ep-block-2-cols-text ep-block  chosen-\">\n            <div class=\"show-frontend\">\n            <div class=\"inner\">\n                                <div class=\"col-wrapper\">\n                    <div class=\"col-left col\"><p><img decoding=\"async\" width=\"590\" height=\"233\" class=\"alignnone size-full wp-image-18155\" src=\"https:\/\/www.weitzer-parkett.com\/wp-content\/uploads\/2018\/01\/Lebhaft_FR.jpg\" alt=\"\" srcset=\"\/\/www.weitzer-parkett.com\/wp-content\/uploads\/2018\/01\/Lebhaft_FR.jpg 590w, \/\/www.weitzer-parkett.com\/wp-content\/uploads\/2018\/01\/Lebhaft_FR-300x118.jpg 300w\" sizes=\"(max-width: 590px) 100vw, 590px\" \/><\/p>\n<p>Cette gamme tire sa vivacit\u00e9 de ses nombreux n\u0153uds et de ses couleurs intenses et \u00e9quilibr\u00e9es gr\u00e2ce \u00e0 l\u2019absence d\u2019aubier.<\/p>\n<p>Caract\u00e9ristiques<\/p>\n<ul>\n<li>N\u0153uds<\/li>\n<li>Diff\u00e9rences de couleurs naturelles<\/li>\n<li>Les fentes mastiqu\u00e9es<\/li>\n<li>Veinure prononc\u00e9e<\/li>\n<li>Sans aubier<\/li>\n<\/ul>\n<\/div>\n                    <div class=\"col-right col\"><p><img decoding=\"async\" class=\"alignnone wp-image-18159 size-full\" src=\"https:\/\/www.weitzer-parkett.com\/wp-content\/uploads\/2018\/01\/LebhaftBunt_FR.jpg\" alt=\"\" width=\"590\" height=\"233\" srcset=\"\/\/www.weitzer-parkett.com\/wp-content\/uploads\/2018\/01\/LebhaftBunt_FR.jpg 590w, \/\/www.weitzer-parkett.com\/wp-content\/uploads\/2018\/01\/LebhaftBunt_FR-300x118.jpg 300w\" sizes=\"(max-width: 590px) 100vw, 590px\" \/><\/p>\n<p>La gamme vivacit\u00e9 multicolore vous offre toute la diversit\u00e9 de la nature. La pr\u00e9sence de l\u2019aubier lui conf\u00e8re un aspect visuel harmonieux et multicolore.<\/p>\n<p>Caract\u00e9ristiques<\/p>\n<ul>\n<li>N\u0153uds<\/li>\n<li>Diff\u00e9rences de couleurs naturelles<\/li>\n<li>Les fentes mastiqu\u00e9es<\/li>\n<li>Aubier<\/li>\n<li>Veinure naturelle<\/li>\n<\/ul>\n<\/div>\n                <\/div>\n            <\/div>\n        <\/div>\n    <\/div>\n\n<div id=\"ep-block-2-cols-text-block_6f5f50c7bcdd4237096e143350e6599a\" class=\"ep-block-2-cols-text ep-block  chosen-\">\n            <div class=\"show-frontend\">\n            <div class=\"inner\">\n                                <div class=\"col-wrapper\">\n                    <div class=\"col-left col\"><p><img decoding=\"async\" class=\"alignnone wp-image-18163 size-full\" src=\"https:\/\/www.weitzer-parkett.com\/wp-content\/uploads\/2018\/01\/Wild_FR.jpg\" alt=\"\" width=\"590\" height=\"233\" srcset=\"\/\/www.weitzer-parkett.com\/wp-content\/uploads\/2018\/01\/Wild_FR.jpg 590w, \/\/www.weitzer-parkett.com\/wp-content\/uploads\/2018\/01\/Wild_FR-300x118.jpg 300w\" sizes=\"(max-width: 590px) 100vw, 590px\" \/><\/p>\n<p>Cette gamme dynamique laisse appara\u00eetre en toute transparence les anneaux de croissance des arbres et les processus de maturation du bois de ch\u00eane.<\/p>\n<p>Caract\u00e9ristiques<\/p>\n<ul>\n<li>Aucune limitation de grandeur des n\u0153uds<\/li>\n<li>N\u0153uds mastiqu\u00e9s et fissures fentes<\/li>\n<li>Grosses diff\u00e9rences de couleurs et de structure<\/li>\n<li>Sans aubier<\/li>\n<\/ul>\n<\/div>\n                    <div class=\"col-right col\"><p><img decoding=\"async\" class=\"alignnone wp-image-18167 size-full\" src=\"https:\/\/www.weitzer-parkett.com\/wp-content\/uploads\/2018\/01\/WildBunt_FR.jpg\" alt=\"\" width=\"590\" height=\"233\" srcset=\"\/\/www.weitzer-parkett.com\/wp-content\/uploads\/2018\/01\/WildBunt_FR.jpg 590w, \/\/www.weitzer-parkett.com\/wp-content\/uploads\/2018\/01\/WildBunt_FR-300x118.jpg 300w\" sizes=\"(max-width: 590px) 100vw, 590px\" \/><\/p>\n<p>La pr\u00e9sence de l\u2019aubier conf\u00e8re \u00e0 cette gamme un aspect visuel multicolore reproduisant toute l\u2019expressivit\u00e9 de l\u2019arbre. Elle pr\u00e9sente un caract\u00e8re marqu\u00e9 et permet \u00e0 l\u2019arbre de continuer \u00e0 vivre en tant qu\u2019\u00e9l\u00e9ment de la nature.<\/p>\n<p>Caract\u00e9ristiques<\/p>\n<ul>\n<li>Aucune limitation de grandeur des n\u0153uds<\/li>\n<li>N\u0153uds mastiqu\u00e9s et fissures fentes<\/li>\n<li>Aubier<\/li>\n<li>Veinure naturelle<\/li>\n<li>Grosses diff\u00e9rences de couleurs et de structure<\/li>\n<\/ul>\n<\/div>\n                <\/div>\n            <\/div>\n        <\/div>\n    <\/div>\n\n<div id=\"ep-block-spacer-block_b137e2ef3612d20d49beaf38f9aca9ee\" class=\"ep-block-spacer ep-block  chosen-\">\n            <div class=\"show-frontend\">\n                        <style>\n                #ep-spacer-k29rD {\n                    height: 100px;\n                }\n                @media (max-width: 767px) {\n                    #ep-spacer-k29rD {\n                        height: 40px;\n                    }\n                }\n                @media (min-width: 768px) and (max-width: 1023px) {\n                    #ep-spacer-k29rD {\n                        height: 60px;\n                    }\n                }\n            <\/style>\n            <div id=\"ep-spacer-k29rD\"><\/div>\n        <\/div>\n    <\/div>\n\n<div id=\"ep-block-image-title-text-link-block_10bb7f72b057596762dcf1a98015a666\" class=\"ep-block-image-title-text-link ep-block  chosen-\">\n            <div class=\"show-frontend\">\n            <div class=\"inner\">\n                <div class=\"holder\">\n                    <div class=\"text-wrapper\">\n                                                    <h2>Trouvez le partenaire Weitzer Parkett le plus proche de chez vous et ramenez<\/h2>\n                        \n                                                    <div class=\"text\"><p>chez vous un produit naturel r\u00e9ellement unique.<\/p>\n<\/div>\n                        \n                                                    <div class=\"btn-wrapper\">\n                                <a href=\"https:\/\/www.weitzer-parkett.com\/fr\/showrooms\/\" target=\"\" class=\"btn ghost\">Visitez Showrooms<\/a>\n                            <\/div>\n                                            <\/div>\n                                            <div class=\"image-wrapper\">\n                                                                                    \n                                                                                                                <picture class=\"post-image\">\n                                <source srcset=\"https:\/\/www.weitzer-parkett.com\/wp-content\/uploads\/2022\/04\/ParkettWelten-06_LowRes-582x388-c-center.jpg 1x\" media=\"(min-width: 1024px)\"\/>\n                                <source srcset=\"https:\/\/www.weitzer-parkett.com\/wp-content\/uploads\/2022\/04\/ParkettWelten-06_LowRes-582x388-c-center.jpg 1x\" media=\"(min-width: 768px)\"\/>\n                                <source srcset=\"https:\/\/www.weitzer-parkett.com\/wp-content\/uploads\/2022\/04\/ParkettWelten-06_LowRes-684x456-c-center.jpg 1x\" media=\"(max-width: 767px)\"\/>\n                                <img decoding=\"async\" src=\"https:\/\/www.weitzer-parkett.com\/wp-content\/uploads\/2022\/04\/ParkettWelten-06_LowRes-684x456-c-center.jpg\" alt=\"\" title=\"ParkettWelten 06_LowRes\"\/>\n                            <\/picture>\n                        <\/div>\n                                    <\/div>\n            <\/div>\n        <\/div>\n    <\/div>","protected":false},"excerpt":{"rendered":"","protected":false},"author":1,"featured_media":0,"parent":16401,"menu_order":0,"comment_status":"closed","ping_status":"closed","template":"","meta":{"_acf_changed":false,"footnotes":""},"class_list":["post-16412","page","type-page","status-publish","hentry"],"acf":[],"yoast_head":"<!-- This site is optimized with the Yoast SEO plugin v27.1.1 - https:\/\/yoast.com\/product\/yoast-seo-wordpress\/ -->\n<title>Gammes | Weitzer Parkett<\/title>\n<meta name=\"description\" content=\"Parquet \u00e0 l\u2019aspect naturel et rendant honneur \u00e0 la diversit\u00e9 des bois. Le parquet est un rev\u00eatement de plancher au caract\u00e8re unique.\" \/>\n<meta name=\"robots\" content=\"index, follow, max-snippet:-1, max-image-preview:large, max-video-preview:-1\" \/>\n<link rel=\"canonical\" href=\"https:\/\/www.weitzer-parkett.com\/fr\/pourquoi-weitzer-parkett-2\/gammes\/\" \/>\n<meta property=\"og:locale\" content=\"fr_FR\" \/>\n<meta property=\"og:type\" content=\"article\" \/>\n<meta property=\"og:title\" content=\"Gammes | Weitzer Parkett\" \/>\n<meta property=\"og:description\" content=\"Parquet \u00e0 l\u2019aspect naturel et rendant honneur \u00e0 la diversit\u00e9 des bois. Le parquet est un rev\u00eatement de plancher au caract\u00e8re unique.\" \/>\n<meta property=\"og:url\" content=\"https:\/\/www.weitzer-parkett.com\/fr\/pourquoi-weitzer-parkett-2\/gammes\/\" \/>\n<meta property=\"og:site_name\" content=\"Weitzer Parkett\" \/>\n<meta property=\"article:publisher\" content=\"http:\/\/www.facebook.com\/weitzerparkett\" \/>\n<meta property=\"article:modified_time\" content=\"2023-07-13T15:03:09+00:00\" \/>\n<meta property=\"og:image\" content=\"https:\/\/www.weitzer-parkett.com\/wp-content\/uploads\/2017\/08\/Weiz-Header-1.jpg\" \/>\n\t<meta property=\"og:image:width\" content=\"1200\" \/>\n\t<meta property=\"og:image:height\" content=\"450\" \/>\n\t<meta property=\"og:image:type\" content=\"image\/jpeg\" \/>\n<meta name=\"twitter:card\" content=\"summary_large_image\" \/>\n<meta name=\"twitter:site\" content=\"@weitzerparkett\" \/>\n<script type=\"application\/ld+json\" class=\"yoast-schema-graph\">{\"@context\":\"https:\/\/schema.org\",\"@graph\":[{\"@type\":\"WebPage\",\"@id\":\"https:\/\/www.weitzer-parkett.com\/fr\/pourquoi-weitzer-parkett-2\/gammes\/\",\"url\":\"https:\/\/www.weitzer-parkett.com\/fr\/pourquoi-weitzer-parkett-2\/gammes\/\",\"name\":\"Gammes | Weitzer Parkett\",\"isPartOf\":{\"@id\":\"https:\/\/www.weitzer-parkett.com\/fr\/#website\"},\"datePublished\":\"2017-10-25T12:14:00+00:00\",\"dateModified\":\"2023-07-13T15:03:09+00:00\",\"description\":\"Parquet \u00e0 l\u2019aspect naturel et rendant honneur \u00e0 la diversit\u00e9 des bois. Le parquet est un rev\u00eatement de plancher au caract\u00e8re unique.\",\"breadcrumb\":{\"@id\":\"https:\/\/www.weitzer-parkett.com\/fr\/pourquoi-weitzer-parkett-2\/gammes\/#breadcrumb\"},\"inLanguage\":\"fr-FR\",\"potentialAction\":[{\"@type\":\"ReadAction\",\"target\":[\"https:\/\/www.weitzer-parkett.com\/fr\/pourquoi-weitzer-parkett-2\/gammes\/\"]}]},{\"@type\":\"BreadcrumbList\",\"@id\":\"https:\/\/www.weitzer-parkett.com\/fr\/pourquoi-weitzer-parkett-2\/gammes\/#breadcrumb\",\"itemListElement\":[{\"@type\":\"ListItem\",\"position\":1,\"name\":\"Home\",\"item\":\"https:\/\/www.weitzer-parkett.com\/fr\/\"},{\"@type\":\"ListItem\",\"position\":2,\"name\":\"Pourquoi Weitzer Parkett\",\"item\":\"https:\/\/www.weitzer-parkett.com\/fr\/pourquoi-weitzer-parkett-2\/\"},{\"@type\":\"ListItem\",\"position\":3,\"name\":\"Gammes\"}]},{\"@type\":\"WebSite\",\"@id\":\"https:\/\/www.weitzer-parkett.com\/fr\/#website\",\"url\":\"https:\/\/www.weitzer-parkett.com\/fr\/\",\"name\":\"Weitzer Parkett\",\"description\":\"Intelligente Parkett- und Stiegenl\u00f6sungen\",\"publisher\":{\"@id\":\"https:\/\/www.weitzer-parkett.com\/fr\/#organization\"},\"potentialAction\":[{\"@type\":\"SearchAction\",\"target\":{\"@type\":\"EntryPoint\",\"urlTemplate\":\"https:\/\/www.weitzer-parkett.com\/fr\/?s={search_term_string}\"},\"query-input\":{\"@type\":\"PropertyValueSpecification\",\"valueRequired\":true,\"valueName\":\"search_term_string\"}}],\"inLanguage\":\"fr-FR\"},{\"@type\":\"Organization\",\"@id\":\"https:\/\/www.weitzer-parkett.com\/fr\/#organization\",\"name\":\"Weitzer Parkett\",\"url\":\"https:\/\/www.weitzer-parkett.com\/fr\/\",\"logo\":{\"@type\":\"ImageObject\",\"inLanguage\":\"fr-FR\",\"@id\":\"https:\/\/www.weitzer-parkett.com\/fr\/#\/schema\/logo\/image\/\",\"url\":\"https:\/\/www.weitzer-parkett.com\/wp-content\/uploads\/2018\/01\/weitzer-parkett-logo.png\",\"contentUrl\":\"https:\/\/www.weitzer-parkett.com\/wp-content\/uploads\/2018\/01\/weitzer-parkett-logo.png\",\"width\":253,\"height\":81,\"caption\":\"Weitzer Parkett\"},\"image\":{\"@id\":\"https:\/\/www.weitzer-parkett.com\/fr\/#\/schema\/logo\/image\/\"},\"sameAs\":[\"http:\/\/www.facebook.com\/weitzerparkett\",\"https:\/\/x.com\/weitzerparkett\",\"http:\/\/www.linkedin.com\/company\/weitzer-parkett\",\"https:\/\/www.pinterest.com\/weitzerparkett\/\",\"https:\/\/www.youtube.com\/user\/weitzerparkett\/\"]}]}<\/script>\n<!-- \/ Yoast SEO plugin. -->","yoast_head_json":{"title":"Gammes | Weitzer Parkett","description":"Parquet \u00e0 l\u2019aspect naturel et rendant honneur \u00e0 la diversit\u00e9 des bois. Le parquet est un rev\u00eatement de plancher au caract\u00e8re unique.","robots":{"index":"index","follow":"follow","max-snippet":"max-snippet:-1","max-image-preview":"max-image-preview:large","max-video-preview":"max-video-preview:-1"},"canonical":"https:\/\/www.weitzer-parkett.com\/fr\/pourquoi-weitzer-parkett-2\/gammes\/","og_locale":"fr_FR","og_type":"article","og_title":"Gammes | Weitzer Parkett","og_description":"Parquet \u00e0 l\u2019aspect naturel et rendant honneur \u00e0 la diversit\u00e9 des bois. Le parquet est un rev\u00eatement de plancher au caract\u00e8re unique.","og_url":"https:\/\/www.weitzer-parkett.com\/fr\/pourquoi-weitzer-parkett-2\/gammes\/","og_site_name":"Weitzer Parkett","article_publisher":"http:\/\/www.facebook.com\/weitzerparkett","article_modified_time":"2023-07-13T15:03:09+00:00","og_image":[{"width":1200,"height":450,"url":"https:\/\/www.weitzer-parkett.com\/wp-content\/uploads\/2017\/08\/Weiz-Header-1.jpg","type":"image\/jpeg"}],"twitter_card":"summary_large_image","twitter_site":"@weitzerparkett","schema":{"@context":"https:\/\/schema.org","@graph":[{"@type":"WebPage","@id":"https:\/\/www.weitzer-parkett.com\/fr\/pourquoi-weitzer-parkett-2\/gammes\/","url":"https:\/\/www.weitzer-parkett.com\/fr\/pourquoi-weitzer-parkett-2\/gammes\/","name":"Gammes | Weitzer Parkett","isPartOf":{"@id":"https:\/\/www.weitzer-parkett.com\/fr\/#website"},"datePublished":"2017-10-25T12:14:00+00:00","dateModified":"2023-07-13T15:03:09+00:00","description":"Parquet \u00e0 l\u2019aspect naturel et rendant honneur \u00e0 la diversit\u00e9 des bois. Le parquet est un rev\u00eatement de plancher au caract\u00e8re unique.","breadcrumb":{"@id":"https:\/\/www.weitzer-parkett.com\/fr\/pourquoi-weitzer-parkett-2\/gammes\/#breadcrumb"},"inLanguage":"fr-FR","potentialAction":[{"@type":"ReadAction","target":["https:\/\/www.weitzer-parkett.com\/fr\/pourquoi-weitzer-parkett-2\/gammes\/"]}]},{"@type":"BreadcrumbList","@id":"https:\/\/www.weitzer-parkett.com\/fr\/pourquoi-weitzer-parkett-2\/gammes\/#breadcrumb","itemListElement":[{"@type":"ListItem","position":1,"name":"Home","item":"https:\/\/www.weitzer-parkett.com\/fr\/"},{"@type":"ListItem","position":2,"name":"Pourquoi Weitzer Parkett","item":"https:\/\/www.weitzer-parkett.com\/fr\/pourquoi-weitzer-parkett-2\/"},{"@type":"ListItem","position":3,"name":"Gammes"}]},{"@type":"WebSite","@id":"https:\/\/www.weitzer-parkett.com\/fr\/#website","url":"https:\/\/www.weitzer-parkett.com\/fr\/","name":"Weitzer Parkett","description":"Intelligente Parkett- und Stiegenl\u00f6sungen","publisher":{"@id":"https:\/\/www.weitzer-parkett.com\/fr\/#organization"},"potentialAction":[{"@type":"SearchAction","target":{"@type":"EntryPoint","urlTemplate":"https:\/\/www.weitzer-parkett.com\/fr\/?s={search_term_string}"},"query-input":{"@type":"PropertyValueSpecification","valueRequired":true,"valueName":"search_term_string"}}],"inLanguage":"fr-FR"},{"@type":"Organization","@id":"https:\/\/www.weitzer-parkett.com\/fr\/#organization","name":"Weitzer Parkett","url":"https:\/\/www.weitzer-parkett.com\/fr\/","logo":{"@type":"ImageObject","inLanguage":"fr-FR","@id":"https:\/\/www.weitzer-parkett.com\/fr\/#\/schema\/logo\/image\/","url":"https:\/\/www.weitzer-parkett.com\/wp-content\/uploads\/2018\/01\/weitzer-parkett-logo.png","contentUrl":"https:\/\/www.weitzer-parkett.com\/wp-content\/uploads\/2018\/01\/weitzer-parkett-logo.png","width":253,"height":81,"caption":"Weitzer Parkett"},"image":{"@id":"https:\/\/www.weitzer-parkett.com\/fr\/#\/schema\/logo\/image\/"},"sameAs":["http:\/\/www.facebook.com\/weitzerparkett","https:\/\/x.com\/weitzerparkett","http:\/\/www.linkedin.com\/company\/weitzer-parkett","https:\/\/www.pinterest.com\/weitzerparkett\/","https:\/\/www.youtube.com\/user\/weitzerparkett\/"]}]}},"_links":{"self":[{"href":"https:\/\/www.weitzer-parkett.com\/fr\/wp-json\/wp\/v2\/pages\/16412","targetHints":{"allow":["GET"]}}],"collection":[{"href":"https:\/\/www.weitzer-parkett.com\/fr\/wp-json\/wp\/v2\/pages"}],"about":[{"href":"https:\/\/www.weitzer-parkett.com\/fr\/wp-json\/wp\/v2\/types\/page"}],"author":[{"embeddable":true,"href":"https:\/\/www.weitzer-parkett.com\/fr\/wp-json\/wp\/v2\/users\/1"}],"replies":[{"embeddable":true,"href":"https:\/\/www.weitzer-parkett.com\/fr\/wp-json\/wp\/v2\/comments?post=16412"}],"version-history":[{"count":5,"href":"https:\/\/www.weitzer-parkett.com\/fr\/wp-json\/wp\/v2\/pages\/16412\/revisions"}],"predecessor-version":[{"id":55977,"href":"https:\/\/www.weitzer-parkett.com\/fr\/wp-json\/wp\/v2\/pages\/16412\/revisions\/55977"}],"up":[{"embeddable":true,"href":"https:\/\/www.weitzer-parkett.com\/fr\/wp-json\/wp\/v2\/pages\/16401"}],"wp:attachment":[{"href":"https:\/\/www.weitzer-parkett.com\/fr\/wp-json\/wp\/v2\/media?parent=16412"}],"curies":[{"name":"wp","href":"https:\/\/api.w.org\/{rel}","templated":true}]}}