{"id":4715,"date":"2017-09-26T15:11:38","date_gmt":"2017-09-26T13:11:38","guid":{"rendered":"https:\/\/www.weitzer-parkett.com\/beschaffung\/"},"modified":"2022-04-01T12:05:13","modified_gmt":"2022-04-01T10:05:13","slug":"sourcing","status":"publish","type":"page","link":"https:\/\/www.weitzer-parkett.com\/en\/why-weitzer-parkett\/sourcing\/","title":{"rendered":"Sourcing"},"content":{"rendered":"<div id=\"ep-block-page-header-block_6246c973c3e91\" class=\"ep-block-page-header ep-block  chosen-bg-theme-beige type-1\">\n            <div class=\"show-frontend\">\n\n            \n                <div class=\"inner\">\n                    <div class=\"container mx-auto\">\n                        <div class=\"text-container\">\n\n                                                            <div class=\"breadcrumbs-wrapper\">\n                                    <span><span><a href=\"https:\/\/www.weitzer-parkett.com\/en\/\">Home<\/a><\/span><\/span>\n                                <\/div>\n                            \n                                                            <h1>The philosophy of our procurement<\/h1>\n                            \n                                                            <div class=\"text-wrapper\"><p>Weitzer Parkett contributes to a positive ecological balance all the way along its value-added chain. That\u2019s why we are so acutely aware of the origin of our wood when sourcing, and take care to ensure short transport routes.<\/p>\n<\/div>\n                            \n                            \n                        <\/div>\n                    <\/div>\n                <\/div>\n\n                                                        <div class=\"image-wrapper\">\n                        \n                        \n                                                                                                        \n                        \n                        \n                                                                        \n                        <picture class=\"image\">\n                            <source srcset=\"https:\/\/www.weitzer-parkett.com\/wp-content\/uploads\/2022\/01\/block_big_image_2-562x596-c-center.jpg 1x\" media=\"(min-resolution: 120dpi)\"\/>\n                            <source srcset=\"https:\/\/www.weitzer-parkett.com\/wp-content\/uploads\/2022\/01\/block_big_image_2-562x596-c-center.jpg 1x\" media=\"(min-width: 1024px)\"\/>\n                            <source srcset=\"https:\/\/www.weitzer-parkett.com\/wp-content\/uploads\/2022\/01\/block_big_image_2-978x598-c-center.jpg 1x\" media=\"(min-width: 768px)\"\/>\n                            <source srcset=\"https:\/\/www.weitzer-parkett.com\/wp-content\/uploads\/2022\/01\/block_big_image_2-356x258-c-center.jpg 1x\" media=\"(max-width: 767px)\"\/>\n                            <img decoding=\"async\" src=\"https:\/\/www.weitzer-parkett.com\/wp-content\/uploads\/2022\/01\/block_big_image_2-356x258-c-center.jpg\" alt=\"\" title=\"block_big_image_2\"\/>\n                        <\/picture>\n                    <\/div>\n\n                                    \n                    <\/div>\n    <\/div>\n\n\n<div id=\"ep-block-wysiwyg-block_6246c9edc3e93\" class=\"ep-block-wysiwyg ep-block  chosen-\">\n                        <div class=\"show-frontend\">\n                <div class=\"inner\">\n                    <div class=\"holder\"><h3>Sourcing regional wood species<\/h3>\n<p>Weitzer Parkett uses timber almost exclusively from European forests managed on a sustainable basis. Around 50% of this comes from regions within 250 km of Weitzer Parkett, while the company sources just 10% of its timber from forests further than 750 km away. Weitzer Parkett abstains completely from using any tropical timber in the manufacturing of its products. The owner family of Weitzer Parkett privately sponsors Greenpeace forestry protection projects. The conservation of the last remaining virgin forests in Romania is an environmental concern of utmost importance to our managing directors.<\/p>\n<\/div>\n                <\/div>\n            <\/div>\n            <\/div>\n\n<div id=\"ep-block-teaser-block_6246cae3c3e95\" class=\"ep-block-teaser ep-block  chosen-\">\n            <div class=\"show-frontend style-1\">\n            <div class=\"rectangle rectangle-1\"><\/div>\n            <div class=\"rectangle rectangle-2\"><\/div>\n            <div class=\"holder\">\n\n                                                \n                <div class=\"position-wrapper\">\n                                                                                                                                                                    <div class=\"image-wrapper\">                             <picture>\n                                <source srcset=\"https:\/\/www.weitzer-parkett.com\/wp-content\/uploads\/2022\/04\/beschaffung-holz-sourcing-582x388-c-center.jpg 1x\" media=\"(min-width: 1024px)\"\/>\n                                                                \n                                <img decoding=\"async\" src=\"https:\/\/www.weitzer-parkett.com\/wp-content\/uploads\/2022\/04\/beschaffung-holz-sourcing-582x388-c-center.jpg\" alt=\"\" title=\"beschaffung-holz-sourcing\"\/>\n                                \n                            <\/picture>\n                        <\/div>\n                    \n                    <div class=\"text-wrapper\">\n                                                    <h2>\n                                \n                                No to tropical woods, yes to domestic woods!\n                                \n                            <\/h2>\n                        \n                                                    <div class=\"text\"><p>Wood is a special raw material. It promotes well-being, contributes to a healthy room climate, and radiates warmth and comfort. Wood is not only the most environmentally-friendly floor covering there is, but it is the only construction material we have which grows back.<\/p>\n<\/div>\n                        \n                        \n                    <\/div>\n                <\/div>\n            <\/div>\n        <\/div>\n    <\/div>\n\n<div id=\"ep-block-wysiwyg-block_6246c9c5c3e92\" class=\"ep-block-wysiwyg ep-block  chosen-\">\n                        <div class=\"show-frontend\">\n                <div class=\"inner\">\n                    <div class=\"holder\"><h3>Konsequenter Verzicht auf Tropenholz<\/h3>\n<p>Die fortschreitende Abholzung der Tropenw\u00e4lder verursacht gr\u00f6\u00dfere Sch\u00e4den als der weltweite Stra\u00dfen-, Flug- und Schiffsverkehr. Darum sollte Parkett generell tropenholzfrei sein. Als einer der ersten gro\u00dfen Parketthersteller verzichten wir bereits seit Jahren g\u00e4nzlich auf Tropenholz. Setzen auch Sie ein Zeichen gegen Tropenholz!<\/p>\n<\/div>\n                <\/div>\n            <\/div>\n            <\/div>","protected":false},"excerpt":{"rendered":"","protected":false},"author":1,"featured_media":0,"parent":15594,"menu_order":0,"comment_status":"closed","ping_status":"closed","template":"","meta":{"_acf_changed":false,"footnotes":""},"class_list":["post-4715","page","type-page","status-publish","hentry"],"acf":[],"yoast_head":"<!-- This site is optimized with the Yoast SEO plugin v27.1.1 - https:\/\/yoast.com\/product\/yoast-seo-wordpress\/ -->\n<title>Sourcing - Domestic woods | Weitzer Parkett<\/title>\n<meta name=\"description\" content=\"No to tropical woods, yes to domestic woods! That\u2019s why we are aware of the origin of our wood when sourcing, and take care to ensure short transport routes.\" \/>\n<meta name=\"robots\" content=\"index, follow, max-snippet:-1, max-image-preview:large, max-video-preview:-1\" \/>\n<link rel=\"canonical\" href=\"https:\/\/www.weitzer-parkett.com\/en\/why-weitzer-parkett\/sourcing\/\" \/>\n<meta property=\"og:locale\" content=\"en_US\" \/>\n<meta property=\"og:type\" content=\"article\" \/>\n<meta property=\"og:title\" content=\"Sourcing - Domestic woods | Weitzer Parkett\" \/>\n<meta property=\"og:description\" content=\"No to tropical woods, yes to domestic woods! That\u2019s why we are aware of the origin of our wood when sourcing, and take care to ensure short transport routes.\" \/>\n<meta property=\"og:url\" content=\"https:\/\/www.weitzer-parkett.com\/en\/why-weitzer-parkett\/sourcing\/\" \/>\n<meta property=\"og:site_name\" content=\"Weitzer Parkett\" \/>\n<meta property=\"article:publisher\" content=\"http:\/\/www.facebook.com\/weitzerparkett\" \/>\n<meta property=\"article:modified_time\" content=\"2022-04-01T10:05:13+00:00\" \/>\n<meta property=\"og:image\" content=\"https:\/\/www.weitzer-parkett.com\/wp-content\/uploads\/2017\/08\/Weiz-Header-1.jpg\" \/>\n\t<meta property=\"og:image:width\" content=\"1200\" \/>\n\t<meta property=\"og:image:height\" content=\"450\" \/>\n\t<meta property=\"og:image:type\" content=\"image\/jpeg\" \/>\n<meta name=\"twitter:card\" content=\"summary_large_image\" \/>\n<meta name=\"twitter:site\" content=\"@weitzerparkett\" \/>\n<script type=\"application\/ld+json\" class=\"yoast-schema-graph\">{\"@context\":\"https:\/\/schema.org\",\"@graph\":[{\"@type\":\"WebPage\",\"@id\":\"https:\/\/www.weitzer-parkett.com\/en\/why-weitzer-parkett\/sourcing\/\",\"url\":\"https:\/\/www.weitzer-parkett.com\/en\/why-weitzer-parkett\/sourcing\/\",\"name\":\"Sourcing - Domestic woods | Weitzer Parkett\",\"isPartOf\":{\"@id\":\"https:\/\/www.weitzer-parkett.com\/en\/#website\"},\"datePublished\":\"2017-09-26T13:11:38+00:00\",\"dateModified\":\"2022-04-01T10:05:13+00:00\",\"description\":\"No to tropical woods, yes to domestic woods! That\u2019s why we are aware of the origin of our wood when sourcing, and take care to ensure short transport routes.\",\"breadcrumb\":{\"@id\":\"https:\/\/www.weitzer-parkett.com\/en\/why-weitzer-parkett\/sourcing\/#breadcrumb\"},\"inLanguage\":\"en-US\",\"potentialAction\":[{\"@type\":\"ReadAction\",\"target\":[\"https:\/\/www.weitzer-parkett.com\/en\/why-weitzer-parkett\/sourcing\/\"]}]},{\"@type\":\"BreadcrumbList\",\"@id\":\"https:\/\/www.weitzer-parkett.com\/en\/why-weitzer-parkett\/sourcing\/#breadcrumb\",\"itemListElement\":[{\"@type\":\"ListItem\",\"position\":1,\"name\":\"Home\",\"item\":\"https:\/\/www.weitzer-parkett.com\/en\/\"},{\"@type\":\"ListItem\",\"position\":2,\"name\":\"Why Weitzer Parkett\",\"item\":\"https:\/\/www.weitzer-parkett.com\/en\/why-weitzer-parkett\/\"},{\"@type\":\"ListItem\",\"position\":3,\"name\":\"Sourcing\"}]},{\"@type\":\"WebSite\",\"@id\":\"https:\/\/www.weitzer-parkett.com\/en\/#website\",\"url\":\"https:\/\/www.weitzer-parkett.com\/en\/\",\"name\":\"Weitzer Parkett\",\"description\":\"Intelligente Parkett- und Stiegenl\u00f6sungen\",\"publisher\":{\"@id\":\"https:\/\/www.weitzer-parkett.com\/en\/#organization\"},\"potentialAction\":[{\"@type\":\"SearchAction\",\"target\":{\"@type\":\"EntryPoint\",\"urlTemplate\":\"https:\/\/www.weitzer-parkett.com\/en\/?s={search_term_string}\"},\"query-input\":{\"@type\":\"PropertyValueSpecification\",\"valueRequired\":true,\"valueName\":\"search_term_string\"}}],\"inLanguage\":\"en-US\"},{\"@type\":\"Organization\",\"@id\":\"https:\/\/www.weitzer-parkett.com\/en\/#organization\",\"name\":\"Weitzer Parkett\",\"url\":\"https:\/\/www.weitzer-parkett.com\/en\/\",\"logo\":{\"@type\":\"ImageObject\",\"inLanguage\":\"en-US\",\"@id\":\"https:\/\/www.weitzer-parkett.com\/en\/#\/schema\/logo\/image\/\",\"url\":\"https:\/\/www.weitzer-parkett.com\/wp-content\/uploads\/2018\/01\/weitzer-parkett-logo.png\",\"contentUrl\":\"https:\/\/www.weitzer-parkett.com\/wp-content\/uploads\/2018\/01\/weitzer-parkett-logo.png\",\"width\":253,\"height\":81,\"caption\":\"Weitzer Parkett\"},\"image\":{\"@id\":\"https:\/\/www.weitzer-parkett.com\/en\/#\/schema\/logo\/image\/\"},\"sameAs\":[\"http:\/\/www.facebook.com\/weitzerparkett\",\"https:\/\/x.com\/weitzerparkett\",\"http:\/\/www.linkedin.com\/company\/weitzer-parkett\",\"https:\/\/www.pinterest.com\/weitzerparkett\/\",\"https:\/\/www.youtube.com\/user\/weitzerparkett\/\"]}]}<\/script>\n<!-- \/ Yoast SEO plugin. -->","yoast_head_json":{"title":"Sourcing - Domestic woods | Weitzer Parkett","description":"No to tropical woods, yes to domestic woods! That\u2019s why we are aware of the origin of our wood when sourcing, and take care to ensure short transport routes.","robots":{"index":"index","follow":"follow","max-snippet":"max-snippet:-1","max-image-preview":"max-image-preview:large","max-video-preview":"max-video-preview:-1"},"canonical":"https:\/\/www.weitzer-parkett.com\/en\/why-weitzer-parkett\/sourcing\/","og_locale":"en_US","og_type":"article","og_title":"Sourcing - Domestic woods | Weitzer Parkett","og_description":"No to tropical woods, yes to domestic woods! That\u2019s why we are aware of the origin of our wood when sourcing, and take care to ensure short transport routes.","og_url":"https:\/\/www.weitzer-parkett.com\/en\/why-weitzer-parkett\/sourcing\/","og_site_name":"Weitzer Parkett","article_publisher":"http:\/\/www.facebook.com\/weitzerparkett","article_modified_time":"2022-04-01T10:05:13+00:00","og_image":[{"width":1200,"height":450,"url":"https:\/\/www.weitzer-parkett.com\/wp-content\/uploads\/2017\/08\/Weiz-Header-1.jpg","type":"image\/jpeg"}],"twitter_card":"summary_large_image","twitter_site":"@weitzerparkett","schema":{"@context":"https:\/\/schema.org","@graph":[{"@type":"WebPage","@id":"https:\/\/www.weitzer-parkett.com\/en\/why-weitzer-parkett\/sourcing\/","url":"https:\/\/www.weitzer-parkett.com\/en\/why-weitzer-parkett\/sourcing\/","name":"Sourcing - Domestic woods | Weitzer Parkett","isPartOf":{"@id":"https:\/\/www.weitzer-parkett.com\/en\/#website"},"datePublished":"2017-09-26T13:11:38+00:00","dateModified":"2022-04-01T10:05:13+00:00","description":"No to tropical woods, yes to domestic woods! That\u2019s why we are aware of the origin of our wood when sourcing, and take care to ensure short transport routes.","breadcrumb":{"@id":"https:\/\/www.weitzer-parkett.com\/en\/why-weitzer-parkett\/sourcing\/#breadcrumb"},"inLanguage":"en-US","potentialAction":[{"@type":"ReadAction","target":["https:\/\/www.weitzer-parkett.com\/en\/why-weitzer-parkett\/sourcing\/"]}]},{"@type":"BreadcrumbList","@id":"https:\/\/www.weitzer-parkett.com\/en\/why-weitzer-parkett\/sourcing\/#breadcrumb","itemListElement":[{"@type":"ListItem","position":1,"name":"Home","item":"https:\/\/www.weitzer-parkett.com\/en\/"},{"@type":"ListItem","position":2,"name":"Why Weitzer Parkett","item":"https:\/\/www.weitzer-parkett.com\/en\/why-weitzer-parkett\/"},{"@type":"ListItem","position":3,"name":"Sourcing"}]},{"@type":"WebSite","@id":"https:\/\/www.weitzer-parkett.com\/en\/#website","url":"https:\/\/www.weitzer-parkett.com\/en\/","name":"Weitzer Parkett","description":"Intelligente Parkett- und Stiegenl\u00f6sungen","publisher":{"@id":"https:\/\/www.weitzer-parkett.com\/en\/#organization"},"potentialAction":[{"@type":"SearchAction","target":{"@type":"EntryPoint","urlTemplate":"https:\/\/www.weitzer-parkett.com\/en\/?s={search_term_string}"},"query-input":{"@type":"PropertyValueSpecification","valueRequired":true,"valueName":"search_term_string"}}],"inLanguage":"en-US"},{"@type":"Organization","@id":"https:\/\/www.weitzer-parkett.com\/en\/#organization","name":"Weitzer Parkett","url":"https:\/\/www.weitzer-parkett.com\/en\/","logo":{"@type":"ImageObject","inLanguage":"en-US","@id":"https:\/\/www.weitzer-parkett.com\/en\/#\/schema\/logo\/image\/","url":"https:\/\/www.weitzer-parkett.com\/wp-content\/uploads\/2018\/01\/weitzer-parkett-logo.png","contentUrl":"https:\/\/www.weitzer-parkett.com\/wp-content\/uploads\/2018\/01\/weitzer-parkett-logo.png","width":253,"height":81,"caption":"Weitzer Parkett"},"image":{"@id":"https:\/\/www.weitzer-parkett.com\/en\/#\/schema\/logo\/image\/"},"sameAs":["http:\/\/www.facebook.com\/weitzerparkett","https:\/\/x.com\/weitzerparkett","http:\/\/www.linkedin.com\/company\/weitzer-parkett","https:\/\/www.pinterest.com\/weitzerparkett\/","https:\/\/www.youtube.com\/user\/weitzerparkett\/"]}]}},"_links":{"self":[{"href":"https:\/\/www.weitzer-parkett.com\/en\/wp-json\/wp\/v2\/pages\/4715","targetHints":{"allow":["GET"]}}],"collection":[{"href":"https:\/\/www.weitzer-parkett.com\/en\/wp-json\/wp\/v2\/pages"}],"about":[{"href":"https:\/\/www.weitzer-parkett.com\/en\/wp-json\/wp\/v2\/types\/page"}],"author":[{"embeddable":true,"href":"https:\/\/www.weitzer-parkett.com\/en\/wp-json\/wp\/v2\/users\/1"}],"replies":[{"embeddable":true,"href":"https:\/\/www.weitzer-parkett.com\/en\/wp-json\/wp\/v2\/comments?post=4715"}],"version-history":[{"count":4,"href":"https:\/\/www.weitzer-parkett.com\/en\/wp-json\/wp\/v2\/pages\/4715\/revisions"}],"predecessor-version":[{"id":42623,"href":"https:\/\/www.weitzer-parkett.com\/en\/wp-json\/wp\/v2\/pages\/4715\/revisions\/42623"}],"up":[{"embeddable":true,"href":"https:\/\/www.weitzer-parkett.com\/en\/wp-json\/wp\/v2\/pages\/15594"}],"wp:attachment":[{"href":"https:\/\/www.weitzer-parkett.com\/en\/wp-json\/wp\/v2\/media?parent=4715"}],"curies":[{"name":"wp","href":"https:\/\/api.w.org\/{rel}","templated":true}]}}