{"id":27220,"date":"2018-06-12T14:19:09","date_gmt":"2018-06-12T12:19:09","guid":{"rendered":"https:\/\/www.weitzer-parkett.com\/danke-showroompartner-anfrage\/"},"modified":"2025-01-28T14:37:51","modified_gmt":"2025-01-28T13:37:51","slug":"thankyou-showroompartner-request","status":"publish","type":"page","link":"https:\/\/www.weitzer-parkett.com\/en\/thankyou-showroompartner-request\/","title":{"rendered":"Thank you Showroompartner Request"},"content":{"rendered":"<div id=\"ep-block-page-header-block_62612517632dd\" class=\"ep-block-page-header ep-block  chosen-bg-theme-beige type-4\">\n            <div class=\"show-frontend\">\n\n            \n                <div class=\"inner\">\n                    <div class=\"container mx-auto\">\n                        <div class=\"text-container\">\n\n                                                            <div class=\"breadcrumbs-wrapper\">\n                                    <span><span><a href=\"https:\/\/www.weitzer-parkett.com\/en\/\">Home<\/a><\/span><\/span>\n                                <\/div>\n                            \n                                                            <h1>Thank you for your interest!<\/h1>\n                            \n                            \n                            \n                        <\/div>\n                    <\/div>\n                <\/div>\n\n                \n                    <\/div>\n    <\/div>\n\n\n<div id=\"ep-block-wysiwyg-block_6261253e632de\" class=\"ep-block-wysiwyg ep-block  chosen-\">\n                        <div class=\"show-frontend\">\n                <div class=\"inner\">\n                    <div class=\"holder\"><p>Wir bearbeiten Ihre Anfrage schnellstm\u00f6glich.<\/p>\n<p>Kennen Sie schon untere <a href=\"https:\/\/www.weitzer-parkett.com\/topseller\/\"><strong>Top-Seller<\/strong><\/a>? Schauen Sie am besten gleich vorbei und lassen Sie sich von unseren vielf\u00e4ltigen Angeboten inspirieren. So wird die Wartezeit viel k\u00fcrzer und Sie sind Ihrem Traumparkett einen Schritt n\u00e4her!<\/p>\n<\/div>\n                <\/div>\n            <\/div>\n            <\/div>","protected":false},"excerpt":{"rendered":"","protected":false},"author":1,"featured_media":0,"parent":0,"menu_order":0,"comment_status":"closed","ping_status":"closed","template":"","meta":{"_acf_changed":false,"footnotes":""},"class_list":["post-27220","page","type-page","status-publish","hentry"],"acf":[],"yoast_head":"<!-- This site is optimized with the Yoast SEO plugin v27.1.1 - https:\/\/yoast.com\/product\/yoast-seo-wordpress\/ -->\n<title>Thank you Showroompartner Request | Weitzer Parkett<\/title>\n<meta name=\"robots\" content=\"index, follow, max-snippet:-1, max-image-preview:large, max-video-preview:-1\" \/>\n<link rel=\"canonical\" href=\"https:\/\/www.weitzer-parkett.com\/en\/thankyou-showroompartner-request\/\" \/>\n<meta property=\"og:locale\" content=\"en_US\" \/>\n<meta property=\"og:type\" content=\"article\" \/>\n<meta property=\"og:title\" content=\"Thank you Showroompartner Request | Weitzer Parkett\" \/>\n<meta property=\"og:url\" content=\"https:\/\/www.weitzer-parkett.com\/en\/thankyou-showroompartner-request\/\" \/>\n<meta property=\"og:site_name\" content=\"Weitzer Parkett\" \/>\n<meta property=\"article:publisher\" content=\"http:\/\/www.facebook.com\/weitzerparkett\" \/>\n<meta property=\"article:modified_time\" content=\"2025-01-28T13:37:51+00:00\" \/>\n<meta property=\"og:image\" content=\"https:\/\/www.weitzer-parkett.com\/wp-content\/uploads\/2017\/08\/Weiz-Header-1.jpg\" \/>\n\t<meta property=\"og:image:width\" content=\"1200\" \/>\n\t<meta property=\"og:image:height\" content=\"450\" \/>\n\t<meta property=\"og:image:type\" content=\"image\/jpeg\" \/>\n<meta name=\"twitter:card\" content=\"summary_large_image\" \/>\n<meta name=\"twitter:site\" content=\"@weitzerparkett\" \/>\n<script type=\"application\/ld+json\" class=\"yoast-schema-graph\">{\"@context\":\"https:\/\/schema.org\",\"@graph\":[{\"@type\":\"WebPage\",\"@id\":\"https:\/\/www.weitzer-parkett.com\/en\/thankyou-showroompartner-request\/\",\"url\":\"https:\/\/www.weitzer-parkett.com\/en\/thankyou-showroompartner-request\/\",\"name\":\"Thank you Showroompartner Request | Weitzer Parkett\",\"isPartOf\":{\"@id\":\"https:\/\/www.weitzer-parkett.com\/en\/#website\"},\"datePublished\":\"2018-06-12T12:19:09+00:00\",\"dateModified\":\"2025-01-28T13:37:51+00:00\",\"breadcrumb\":{\"@id\":\"https:\/\/www.weitzer-parkett.com\/en\/thankyou-showroompartner-request\/#breadcrumb\"},\"inLanguage\":\"en-US\",\"potentialAction\":[{\"@type\":\"ReadAction\",\"target\":[\"https:\/\/www.weitzer-parkett.com\/en\/thankyou-showroompartner-request\/\"]}]},{\"@type\":\"BreadcrumbList\",\"@id\":\"https:\/\/www.weitzer-parkett.com\/en\/thankyou-showroompartner-request\/#breadcrumb\",\"itemListElement\":[{\"@type\":\"ListItem\",\"position\":1,\"name\":\"Home\",\"item\":\"https:\/\/www.weitzer-parkett.com\/en\/\"},{\"@type\":\"ListItem\",\"position\":2,\"name\":\"Thank you Showroompartner Request\"}]},{\"@type\":\"WebSite\",\"@id\":\"https:\/\/www.weitzer-parkett.com\/en\/#website\",\"url\":\"https:\/\/www.weitzer-parkett.com\/en\/\",\"name\":\"Weitzer Parkett\",\"description\":\"Intelligente Parkett- und Stiegenl\u00f6sungen\",\"publisher\":{\"@id\":\"https:\/\/www.weitzer-parkett.com\/en\/#organization\"},\"potentialAction\":[{\"@type\":\"SearchAction\",\"target\":{\"@type\":\"EntryPoint\",\"urlTemplate\":\"https:\/\/www.weitzer-parkett.com\/en\/?s={search_term_string}\"},\"query-input\":{\"@type\":\"PropertyValueSpecification\",\"valueRequired\":true,\"valueName\":\"search_term_string\"}}],\"inLanguage\":\"en-US\"},{\"@type\":\"Organization\",\"@id\":\"https:\/\/www.weitzer-parkett.com\/en\/#organization\",\"name\":\"Weitzer Parkett\",\"url\":\"https:\/\/www.weitzer-parkett.com\/en\/\",\"logo\":{\"@type\":\"ImageObject\",\"inLanguage\":\"en-US\",\"@id\":\"https:\/\/www.weitzer-parkett.com\/en\/#\/schema\/logo\/image\/\",\"url\":\"https:\/\/www.weitzer-parkett.com\/wp-content\/uploads\/2018\/01\/weitzer-parkett-logo.png\",\"contentUrl\":\"https:\/\/www.weitzer-parkett.com\/wp-content\/uploads\/2018\/01\/weitzer-parkett-logo.png\",\"width\":253,\"height\":81,\"caption\":\"Weitzer Parkett\"},\"image\":{\"@id\":\"https:\/\/www.weitzer-parkett.com\/en\/#\/schema\/logo\/image\/\"},\"sameAs\":[\"http:\/\/www.facebook.com\/weitzerparkett\",\"https:\/\/x.com\/weitzerparkett\",\"http:\/\/www.linkedin.com\/company\/weitzer-parkett\",\"https:\/\/www.pinterest.com\/weitzerparkett\/\",\"https:\/\/www.youtube.com\/user\/weitzerparkett\/\"]}]}<\/script>\n<!-- \/ Yoast SEO plugin. -->","yoast_head_json":{"title":"Thank you Showroompartner Request | Weitzer Parkett","robots":{"index":"index","follow":"follow","max-snippet":"max-snippet:-1","max-image-preview":"max-image-preview:large","max-video-preview":"max-video-preview:-1"},"canonical":"https:\/\/www.weitzer-parkett.com\/en\/thankyou-showroompartner-request\/","og_locale":"en_US","og_type":"article","og_title":"Thank you Showroompartner Request | Weitzer Parkett","og_url":"https:\/\/www.weitzer-parkett.com\/en\/thankyou-showroompartner-request\/","og_site_name":"Weitzer Parkett","article_publisher":"http:\/\/www.facebook.com\/weitzerparkett","article_modified_time":"2025-01-28T13:37:51+00:00","og_image":[{"width":1200,"height":450,"url":"https:\/\/www.weitzer-parkett.com\/wp-content\/uploads\/2017\/08\/Weiz-Header-1.jpg","type":"image\/jpeg"}],"twitter_card":"summary_large_image","twitter_site":"@weitzerparkett","schema":{"@context":"https:\/\/schema.org","@graph":[{"@type":"WebPage","@id":"https:\/\/www.weitzer-parkett.com\/en\/thankyou-showroompartner-request\/","url":"https:\/\/www.weitzer-parkett.com\/en\/thankyou-showroompartner-request\/","name":"Thank you Showroompartner Request | Weitzer Parkett","isPartOf":{"@id":"https:\/\/www.weitzer-parkett.com\/en\/#website"},"datePublished":"2018-06-12T12:19:09+00:00","dateModified":"2025-01-28T13:37:51+00:00","breadcrumb":{"@id":"https:\/\/www.weitzer-parkett.com\/en\/thankyou-showroompartner-request\/#breadcrumb"},"inLanguage":"en-US","potentialAction":[{"@type":"ReadAction","target":["https:\/\/www.weitzer-parkett.com\/en\/thankyou-showroompartner-request\/"]}]},{"@type":"BreadcrumbList","@id":"https:\/\/www.weitzer-parkett.com\/en\/thankyou-showroompartner-request\/#breadcrumb","itemListElement":[{"@type":"ListItem","position":1,"name":"Home","item":"https:\/\/www.weitzer-parkett.com\/en\/"},{"@type":"ListItem","position":2,"name":"Thank you Showroompartner Request"}]},{"@type":"WebSite","@id":"https:\/\/www.weitzer-parkett.com\/en\/#website","url":"https:\/\/www.weitzer-parkett.com\/en\/","name":"Weitzer Parkett","description":"Intelligente Parkett- und Stiegenl\u00f6sungen","publisher":{"@id":"https:\/\/www.weitzer-parkett.com\/en\/#organization"},"potentialAction":[{"@type":"SearchAction","target":{"@type":"EntryPoint","urlTemplate":"https:\/\/www.weitzer-parkett.com\/en\/?s={search_term_string}"},"query-input":{"@type":"PropertyValueSpecification","valueRequired":true,"valueName":"search_term_string"}}],"inLanguage":"en-US"},{"@type":"Organization","@id":"https:\/\/www.weitzer-parkett.com\/en\/#organization","name":"Weitzer Parkett","url":"https:\/\/www.weitzer-parkett.com\/en\/","logo":{"@type":"ImageObject","inLanguage":"en-US","@id":"https:\/\/www.weitzer-parkett.com\/en\/#\/schema\/logo\/image\/","url":"https:\/\/www.weitzer-parkett.com\/wp-content\/uploads\/2018\/01\/weitzer-parkett-logo.png","contentUrl":"https:\/\/www.weitzer-parkett.com\/wp-content\/uploads\/2018\/01\/weitzer-parkett-logo.png","width":253,"height":81,"caption":"Weitzer Parkett"},"image":{"@id":"https:\/\/www.weitzer-parkett.com\/en\/#\/schema\/logo\/image\/"},"sameAs":["http:\/\/www.facebook.com\/weitzerparkett","https:\/\/x.com\/weitzerparkett","http:\/\/www.linkedin.com\/company\/weitzer-parkett","https:\/\/www.pinterest.com\/weitzerparkett\/","https:\/\/www.youtube.com\/user\/weitzerparkett\/"]}]}},"_links":{"self":[{"href":"https:\/\/www.weitzer-parkett.com\/en\/wp-json\/wp\/v2\/pages\/27220","targetHints":{"allow":["GET"]}}],"collection":[{"href":"https:\/\/www.weitzer-parkett.com\/en\/wp-json\/wp\/v2\/pages"}],"about":[{"href":"https:\/\/www.weitzer-parkett.com\/en\/wp-json\/wp\/v2\/types\/page"}],"author":[{"embeddable":true,"href":"https:\/\/www.weitzer-parkett.com\/en\/wp-json\/wp\/v2\/users\/1"}],"replies":[{"embeddable":true,"href":"https:\/\/www.weitzer-parkett.com\/en\/wp-json\/wp\/v2\/comments?post=27220"}],"version-history":[{"count":3,"href":"https:\/\/www.weitzer-parkett.com\/en\/wp-json\/wp\/v2\/pages\/27220\/revisions"}],"predecessor-version":[{"id":65069,"href":"https:\/\/www.weitzer-parkett.com\/en\/wp-json\/wp\/v2\/pages\/27220\/revisions\/65069"}],"wp:attachment":[{"href":"https:\/\/www.weitzer-parkett.com\/en\/wp-json\/wp\/v2\/media?parent=27220"}],"curies":[{"name":"wp","href":"https:\/\/api.w.org\/{rel}","templated":true}]}}